{"id":20903,"date":"2023-08-28T10:17:10","date_gmt":"2023-08-28T02:17:10","guid":{"rendered":"https:\/\/suncasesupply.com\/?post_type=product&#038;p=20903"},"modified":"2025-02-20T09:54:44","modified_gmt":"2025-02-20T01:54:44","slug":"aluminum-case-with-pluck-foam-interior-for-test-instruments-cameras-tools-parts-and-accessories-2","status":"publish","type":"product","link":"https:\/\/suncasesupply.com\/fr\/product\/aluminum-case-with-pluck-foam-interior-for-test-instruments-cameras-tools-parts-and-accessories-2\/","title":{"rendered":"\u00c9tui de microphone en aluminium dur avec mallette de rangement pour outils de transport en mousse"},"content":{"rendered":"<p>&nbsp;<\/p>\n<table width=\"774\">\n<tbody>\n<tr>\n<td width=\"177\">Article<\/td>\n<td width=\"597\">Bo\u00eetier en aluminium<\/td>\n<\/tr>\n<tr>\n<td>Dimension<\/td>\n<td>356 x 254 x 127 mm ou personnaliser<\/td>\n<\/tr>\n<tr>\n<td>Couleurs<\/td>\n<td>Comme le montrent les images ou personnaliser<\/td>\n<\/tr>\n<tr>\n<td>Mat\u00e9riaux<\/td>\n<td>Aluminium, panneau ABS, panneau MDF, doublure EVA\/mousse\/tissu\/PU, quincaillerie<\/td>\n<\/tr>\n<tr>\n<td>Logo<\/td>\n<td>Logo plaque m\u00e9tallique, logo imprim\u00e9, logo en relief, logo laser<\/td>\n<\/tr>\n<tr>\n<td>Temps d&#039;\u00e9chantillonnage<\/td>\n<td>7 jours<\/td>\n<\/tr>\n<tr>\n<td>Port d&#039;embarquement<\/td>\n<td>Canton, Shenzhen<\/td>\n<\/tr>\n<tr>\n<td>Conditions commerciales<\/td>\n<td>EXW, FOB, CIF, DDU, DDP<\/td>\n<\/tr>\n<tr>\n<td>M\u00e9thodes de payement<\/td>\n<td>T\/T, esp\u00e8ces, PayPal, carte de cr\u00e9dit<\/td>\n<\/tr>\n<\/tbody>\n<\/table>\n<p><span style=\"color: #003366;\">Caract\u00e9ristiques:<\/span><\/p>\n<p>Nous concevons cette mallette rigide pour stocker et transporter certains instruments pr\u00e9cis et pr\u00e9cieux, tels qu&#039;un microphone, une cam\u00e9ra, des objectifs, un pistolet, un pistolet, un produit \u00e9lectronique, etc.<br \/>\nDimensions internes : L 13,5&quot;XW 9,7&quot;XH 3&quot;, Dimensions externes : L 14&quot;XW 10,5&quot;XH 5,1&quot;, poids : 2,2 lbs<br \/>\nLa mousse a \u00e9t\u00e9 d\u00e9coup\u00e9e au pr\u00e9alable. Vous pouvez bricoler la taille appropri\u00e9e en fonction de la taille de l&#039;article et le mettre au milieu de l&#039;\u00e9ponge, la mousse prot\u00e8ge vos objets de valeur des chocs et des bosses de la route.<\/p>","protected":false},"excerpt":{"rendered":"<p>Mod\u00e8le : SC-0015<\/p>\n<p>Taille: 356 x 254 x 127 mm<\/p>\n<p>Quantit\u00e9 minimale de commande : 100 pi\u00e8ces<\/p>\n<p>D\u00e9lai de livraison : 15-25 jours<\/p>\n<p>\u00c9chantillon\u00a0: Disponible<\/p>","protected":false},"featured_media":20914,"template":"","meta":{"_gspb_post_css":""},"product_cat":[42,80],"product_tag":[],"featured_image_urls":{"full":["https:\/\/suncasesupply.com\/wp-content\/uploads\/2023\/08\/81rlkSidknL._AC_SL1500_.jpg",1459,1500,false],"thumbnail":["https:\/\/suncasesupply.com\/wp-content\/uploads\/2023\/08\/81rlkSidknL._AC_SL1500_-150x150.jpg",150,150,true],"medium":["https:\/\/suncasesupply.com\/wp-content\/uploads\/2023\/08\/81rlkSidknL._AC_SL1500_-292x300.jpg",292,300,true],"medium_large":["https:\/\/suncasesupply.com\/wp-content\/uploads\/2023\/08\/81rlkSidknL._AC_SL1500_-768x790.jpg",768,790,true],"large":["https:\/\/suncasesupply.com\/wp-content\/uploads\/2023\/08\/81rlkSidknL._AC_SL1500_-996x1024.jpg",996,1024,true],"1536x1536":["https:\/\/suncasesupply.com\/wp-content\/uploads\/2023\/08\/81rlkSidknL._AC_SL1500_.jpg",1459,1500,false],"2048x2048":["https:\/\/suncasesupply.com\/wp-content\/uploads\/2023\/08\/81rlkSidknL._AC_SL1500_.jpg",1459,1500,false],"trp-custom-language-flag":["https:\/\/suncasesupply.com\/wp-content\/uploads\/2023\/08\/81rlkSidknL._AC_SL1500_.jpg",12,12,false],"woocommerce_thumbnail":["https:\/\/suncasesupply.com\/wp-content\/uploads\/2023\/08\/81rlkSidknL._AC_SL1500_-300x300.jpg",300,300,true],"woocommerce_single":["https:\/\/suncasesupply.com\/wp-content\/uploads\/2023\/08\/81rlkSidknL._AC_SL1500_-600x617.jpg",600,617,true],"woocommerce_gallery_thumbnail":["https:\/\/suncasesupply.com\/wp-content\/uploads\/2023\/08\/81rlkSidknL._AC_SL1500_-100x100.jpg",100,100,true]},"post_excerpt_stackable":"<p>Model : SC-0015<\/p>\n<p>Size: \u00a0356 x 254 x 127mm<\/p>\n<p>MOQ: 100pcs<\/p>\n<p>Delivery Time : 15-25 Days<\/p>\n<p>Sample : Available<\/p>\n","category_list":"","author_info":{"name":"","url":""},"comments_num":"0 commentaire","_links":{"self":[{"href":"https:\/\/suncasesupply.com\/fr\/wp-json\/wp\/v2\/product\/20903"}],"collection":[{"href":"https:\/\/suncasesupply.com\/fr\/wp-json\/wp\/v2\/product"}],"about":[{"href":"https:\/\/suncasesupply.com\/fr\/wp-json\/wp\/v2\/types\/product"}],"wp:featuredmedia":[{"embeddable":true,"href":"https:\/\/suncasesupply.com\/fr\/wp-json\/wp\/v2\/media\/20914"}],"wp:attachment":[{"href":"https:\/\/suncasesupply.com\/fr\/wp-json\/wp\/v2\/media?parent=20903"}],"wp:term":[{"taxonomy":"product_cat","embeddable":true,"href":"https:\/\/suncasesupply.com\/fr\/wp-json\/wp\/v2\/product_cat?post=20903"},{"taxonomy":"product_tag","embeddable":true,"href":"https:\/\/suncasesupply.com\/fr\/wp-json\/wp\/v2\/product_tag?post=20903"}],"curies":[{"name":"wp","href":"https:\/\/api.w.org\/{rel}","templated":true}]}}