{"id":20892,"date":"2023-08-28T10:00:08","date_gmt":"2023-08-28T02:00:08","guid":{"rendered":"https:\/\/suncasesupply.com\/?post_type=product&#038;p=20892"},"modified":"2025-02-20T15:02:13","modified_gmt":"2025-02-20T07:02:13","slug":"aluminum-toolbox-with-tool-panel-hard-tool-case-with-foam-and-dividers","status":"publish","type":"product","link":"https:\/\/suncasesupply.com\/fr\/product\/aluminum-toolbox-with-tool-panel-hard-tool-case-with-foam-and-dividers\/","title":{"rendered":"Bo\u00eete \u00e0 outils en aluminium avec panneau \u00e0 outils, mallette \u00e0 outils rigide avec mousse et s\u00e9parateurs"},"content":{"rendered":"<p>&nbsp;<\/p>\n<table width=\"774\">\n<tbody>\n<tr>\n<td width=\"177\">Article<\/td>\n<td width=\"597\">Mallette \u00e0 outils en aluminium<\/td>\n<\/tr>\n<tr>\n<td>Dimension<\/td>\n<td>45 x 33 x 15 cm ou personnaliser<\/td>\n<\/tr>\n<tr>\n<td>Couleurs<\/td>\n<td>Comme le montrent les images ou personnaliser<\/td>\n<\/tr>\n<tr>\n<td>Mat\u00e9riaux<\/td>\n<td>Aluminium, panneau ABS, panneau MDF, doublure EVA\/mousse\/tissu\/PU, quincaillerie<\/td>\n<\/tr>\n<tr>\n<td>Logo<\/td>\n<td>Logo plaque m\u00e9tallique, logo imprim\u00e9, logo en relief, logo laser<\/td>\n<\/tr>\n<tr>\n<td>Temps d&#039;\u00e9chantillonnage<\/td>\n<td>7 jours<\/td>\n<\/tr>\n<tr>\n<td>Port d&#039;embarquement<\/td>\n<td>Canton, Shenzhen<\/td>\n<\/tr>\n<tr>\n<td>Conditions commerciales<\/td>\n<td>EXW, FOB, CIF, DDU, DDP<\/td>\n<\/tr>\n<tr>\n<td>M\u00e9thodes de payement<\/td>\n<td>T\/T, esp\u00e8ces, PayPal, carte de cr\u00e9dit<\/td>\n<\/tr>\n<\/tbody>\n<\/table>\n<p><span style=\"color: #003366;\">Caract\u00e9ristiques:<\/span><\/p>\n<p>La mallette de rangement en aluminium robuste offre une excellente protection pour les \u00e9quipements et fournitures co\u00fbteux pendant le transport.<br \/>\nLe est compos\u00e9 de panneaux MDF avec une couche ext\u00e9rieure de panneau ABS argent\u00e9 coll\u00e9e avec un cadre en aluminium.<br \/>\nL&#039;\u00e9tui de rangement robuste en aluminium pr\u00e9sente une surface textur\u00e9e pour r\u00e9sister aux dommages et aux rayures.<br \/>\nCoins arrondis pour plus de s\u00e9curit\u00e9.<br \/>\nPoign\u00e9e de transport avec loquets de verrouillage comprenant 2 cl\u00e9s pour plus de s\u00e9curit\u00e9.<\/p>","protected":false},"excerpt":{"rendered":"<p>Mod\u00e8le : BL-0004<\/p>\n<p>Taille: 45x33x15cm<\/p>\n<p>Quantit\u00e9 minimale de commande : 100 pi\u00e8ces<\/p>\n<p>D\u00e9lai de livraison : 15-25 jours<\/p>\n<p>\u00c9chantillon\u00a0: Disponible<\/p>","protected":false},"featured_media":20893,"template":"","meta":{"_gspb_post_css":""},"product_cat":[81],"product_tag":[],"featured_image_urls":{"full":["https:\/\/suncasesupply.com\/wp-content\/uploads\/2023\/08\/3-4-1.jpg",800,800,false],"thumbnail":["https:\/\/suncasesupply.com\/wp-content\/uploads\/2023\/08\/3-4-1-150x150.jpg",150,150,true],"medium":["https:\/\/suncasesupply.com\/wp-content\/uploads\/2023\/08\/3-4-1-300x300.jpg",300,300,true],"medium_large":["https:\/\/suncasesupply.com\/wp-content\/uploads\/2023\/08\/3-4-1-768x768.jpg",768,768,true],"large":["https:\/\/suncasesupply.com\/wp-content\/uploads\/2023\/08\/3-4-1.jpg",800,800,false],"1536x1536":["https:\/\/suncasesupply.com\/wp-content\/uploads\/2023\/08\/3-4-1.jpg",800,800,false],"2048x2048":["https:\/\/suncasesupply.com\/wp-content\/uploads\/2023\/08\/3-4-1.jpg",800,800,false],"trp-custom-language-flag":["https:\/\/suncasesupply.com\/wp-content\/uploads\/2023\/08\/3-4-1.jpg",12,12,false],"woocommerce_thumbnail":["https:\/\/suncasesupply.com\/wp-content\/uploads\/2023\/08\/3-4-1-300x300.jpg",300,300,true],"woocommerce_single":["https:\/\/suncasesupply.com\/wp-content\/uploads\/2023\/08\/3-4-1-600x600.jpg",600,600,true],"woocommerce_gallery_thumbnail":["https:\/\/suncasesupply.com\/wp-content\/uploads\/2023\/08\/3-4-1-100x100.jpg",100,100,true]},"post_excerpt_stackable":"<p>Model : BL-0004<\/p>\n<p>Size:\u00a0 45 x 33 x 15cm<\/p>\n<p>MOQ: 100pcs<\/p>\n<p>Delivery Time : 15-25 Days<\/p>\n<p>Sample : Available<\/p>\n","category_list":"","author_info":{"name":"","url":""},"comments_num":"0 commentaire","_links":{"self":[{"href":"https:\/\/suncasesupply.com\/fr\/wp-json\/wp\/v2\/product\/20892"}],"collection":[{"href":"https:\/\/suncasesupply.com\/fr\/wp-json\/wp\/v2\/product"}],"about":[{"href":"https:\/\/suncasesupply.com\/fr\/wp-json\/wp\/v2\/types\/product"}],"wp:featuredmedia":[{"embeddable":true,"href":"https:\/\/suncasesupply.com\/fr\/wp-json\/wp\/v2\/media\/20893"}],"wp:attachment":[{"href":"https:\/\/suncasesupply.com\/fr\/wp-json\/wp\/v2\/media?parent=20892"}],"wp:term":[{"taxonomy":"product_cat","embeddable":true,"href":"https:\/\/suncasesupply.com\/fr\/wp-json\/wp\/v2\/product_cat?post=20892"},{"taxonomy":"product_tag","embeddable":true,"href":"https:\/\/suncasesupply.com\/fr\/wp-json\/wp\/v2\/product_tag?post=20892"}],"curies":[{"name":"wp","href":"https:\/\/api.w.org\/{rel}","templated":true}]}}