{"id":20863,"date":"2023-08-28T09:03:17","date_gmt":"2023-08-28T01:03:17","guid":{"rendered":"https:\/\/suncasesupply.com\/?post_type=product&#038;p=20863"},"modified":"2025-02-20T09:56:17","modified_gmt":"2025-02-20T01:56:17","slug":"lightweight-aluminum-water-resistant-travel-carry-case-for-dji-mavic-air","status":"publish","type":"product","link":"https:\/\/suncasesupply.com\/fr\/product\/lightweight-aluminum-water-resistant-travel-carry-case-for-dji-mavic-air\/","title":{"rendered":"\u00c9tui de transport de voyage r\u00e9sistant \u00e0 l&#039;eau en aluminium l\u00e9ger pour DJI Mavic Air"},"content":{"rendered":"<p>&nbsp;<\/p>\n<table width=\"774\">\n<tbody>\n<tr>\n<td width=\"177\">Article<\/td>\n<td width=\"597\">Bo\u00eetier en aluminium<\/td>\n<\/tr>\n<tr>\n<td>Dimension<\/td>\n<td>41,6*36*19 cm ou personnaliser<\/td>\n<\/tr>\n<tr>\n<td>Couleurs<\/td>\n<td>Comme le montrent les images ou personnaliser<\/td>\n<\/tr>\n<tr>\n<td>Mat\u00e9riaux<\/td>\n<td>Aluminium, panneau ABS, panneau MDF, doublure EVA\/mousse\/tissu\/PU, quincaillerie<\/td>\n<\/tr>\n<tr>\n<td>Logo<\/td>\n<td>Logo plaque m\u00e9tallique, logo imprim\u00e9, logo en relief, logo laser<\/td>\n<\/tr>\n<tr>\n<td>Temps d&#039;\u00e9chantillonnage<\/td>\n<td>7 jours<\/td>\n<\/tr>\n<tr>\n<td>Port d&#039;embarquement<\/td>\n<td>Canton, Shenzhen<\/td>\n<\/tr>\n<tr>\n<td>Conditions commerciales<\/td>\n<td>EXW, FOB, CIF, DDU, DDP<\/td>\n<\/tr>\n<tr>\n<td>M\u00e9thodes de payement<\/td>\n<td>T\/T, esp\u00e8ces, PayPal, carte de cr\u00e9dit<\/td>\n<\/tr>\n<\/tbody>\n<\/table>\n<p><span style=\"color: #003366;\">Caract\u00e9ristiques:<\/span><\/p>\n<p>Emportez votre drone DJI Mavic Air en toute s\u00e9curit\u00e9 lors de vos d\u00e9placements gr\u00e2ce \u00e0 cet \u00e9tui de transport en aluminium r\u00e9sistant \u00e0 l&#039;eau ! Ce bo\u00eetier en aluminium pour DJI Mavic Air cr\u00e9e un joint herm\u00e9tique pour prot\u00e9ger votre drone et ses accessoires de la pluie, de la salet\u00e9 et autres d\u00e9bris. Les compartiments pour accessoires d\u00e9coup\u00e9s sur mesure comprennent tout l&#039;espace prot\u00e9g\u00e9 dont vous avez besoin pour l&#039;ensemble de votre kit de drone. L\u00e9ger et durable, emportez votre Mavic Air partout avec la certitude qu&#039;il reste en s\u00e9curit\u00e9 et en place. Fabriqu\u00e9 en aluminium durable de haute qualit\u00e9, cet \u00e9tui pour drone prot\u00e8ge votre drone sans ajouter de poids inutile.<\/p>","protected":false},"excerpt":{"rendered":"<p>Mod\u00e8le : SC-0013<\/p>\n<p>Taille: 41,6*36*19 cm<\/p>\n<p>Quantit\u00e9 minimale de commande : 100 pi\u00e8ces<\/p>\n<p>D\u00e9lai de livraison : 15-25 jours<\/p>\n<p>\u00c9chantillon\u00a0: Disponible<\/p>","protected":false},"featured_media":20872,"template":"","meta":{"_gspb_post_css":""},"product_cat":[42,80],"product_tag":[],"featured_image_urls":{"full":["https:\/\/suncasesupply.com\/wp-content\/uploads\/2023\/08\/3-26.jpg",1500,1481,false],"thumbnail":["https:\/\/suncasesupply.com\/wp-content\/uploads\/2023\/08\/3-26-150x150.jpg",150,150,true],"medium":["https:\/\/suncasesupply.com\/wp-content\/uploads\/2023\/08\/3-26-300x296.jpg",300,296,true],"medium_large":["https:\/\/suncasesupply.com\/wp-content\/uploads\/2023\/08\/3-26-768x758.jpg",768,758,true],"large":["https:\/\/suncasesupply.com\/wp-content\/uploads\/2023\/08\/3-26-1024x1011.jpg",1024,1011,true],"1536x1536":["https:\/\/suncasesupply.com\/wp-content\/uploads\/2023\/08\/3-26.jpg",1500,1481,false],"2048x2048":["https:\/\/suncasesupply.com\/wp-content\/uploads\/2023\/08\/3-26.jpg",1500,1481,false],"trp-custom-language-flag":["https:\/\/suncasesupply.com\/wp-content\/uploads\/2023\/08\/3-26.jpg",12,12,false],"woocommerce_thumbnail":["https:\/\/suncasesupply.com\/wp-content\/uploads\/2023\/08\/3-26-300x300.jpg",300,300,true],"woocommerce_single":["https:\/\/suncasesupply.com\/wp-content\/uploads\/2023\/08\/3-26-600x592.jpg",600,592,true],"woocommerce_gallery_thumbnail":["https:\/\/suncasesupply.com\/wp-content\/uploads\/2023\/08\/3-26-100x100.jpg",100,100,true]},"post_excerpt_stackable":"<p>Model : SC-0013<\/p>\n<p>Size: 41.6*36*19cm<\/p>\n<p>MOQ: 100pcs<\/p>\n<p>Delivery Time : 15-25 Days<\/p>\n<p>Sample : Available<\/p>\n","category_list":"","author_info":{"name":"","url":""},"comments_num":"0 commentaire","_links":{"self":[{"href":"https:\/\/suncasesupply.com\/fr\/wp-json\/wp\/v2\/product\/20863"}],"collection":[{"href":"https:\/\/suncasesupply.com\/fr\/wp-json\/wp\/v2\/product"}],"about":[{"href":"https:\/\/suncasesupply.com\/fr\/wp-json\/wp\/v2\/types\/product"}],"wp:featuredmedia":[{"embeddable":true,"href":"https:\/\/suncasesupply.com\/fr\/wp-json\/wp\/v2\/media\/20872"}],"wp:attachment":[{"href":"https:\/\/suncasesupply.com\/fr\/wp-json\/wp\/v2\/media?parent=20863"}],"wp:term":[{"taxonomy":"product_cat","embeddable":true,"href":"https:\/\/suncasesupply.com\/fr\/wp-json\/wp\/v2\/product_cat?post=20863"},{"taxonomy":"product_tag","embeddable":true,"href":"https:\/\/suncasesupply.com\/fr\/wp-json\/wp\/v2\/product_tag?post=20863"}],"curies":[{"name":"wp","href":"https:\/\/api.w.org\/{rel}","templated":true}]}}