{"id":20743,"date":"2023-08-25T15:17:00","date_gmt":"2023-08-25T07:17:00","guid":{"rendered":"https:\/\/suncasesupply.com\/?post_type=product&#038;p=20743"},"modified":"2025-02-26T11:28:34","modified_gmt":"2025-02-26T03:28:34","slug":"professional-trolley-cosmetic-case-lockable-vanity-case-with-wheels","status":"publish","type":"product","link":"https:\/\/suncasesupply.com\/fr\/product\/professional-trolley-cosmetic-case-lockable-vanity-case-with-wheels\/","title":{"rendered":"Valise \u00e0 cosm\u00e9tiques \u00e0 chariot professionnel, trousse de toilette verrouillable avec roulettes"},"content":{"rendered":"<p>&nbsp;<\/p>\n<table width=\"774\">\n<tbody>\n<tr>\n<td width=\"177\">Article<\/td>\n<td width=\"597\">Trousse de maquillage \u00e0 roulettes<\/td>\n<\/tr>\n<tr>\n<td>Dimension<\/td>\n<td>38 x 26 x 56 cm \/ Personnaliser<\/td>\n<\/tr>\n<tr>\n<td>Couleurs<\/td>\n<td>Comme le montrent les images ou personnaliser<\/td>\n<\/tr>\n<tr>\n<td>Mat\u00e9riaux<\/td>\n<td>Aluminium, panneau ABS, panneau MDF, doublure EVA\/mousse\/tissu\/PU, quincaillerie<\/td>\n<\/tr>\n<tr>\n<td>Logo<\/td>\n<td>Logo plaque m\u00e9tallique, logo imprim\u00e9, logo en relief, logo laser<\/td>\n<\/tr>\n<tr>\n<td>Temps d&#039;\u00e9chantillonnage<\/td>\n<td>7 jours<\/td>\n<\/tr>\n<tr>\n<td>Port d&#039;embarquement<\/td>\n<td>Canton, Shenzhen<\/td>\n<\/tr>\n<tr>\n<td>Conditions commerciales<\/td>\n<td>EXW, FOB, CIF, DDU, DDP<\/td>\n<\/tr>\n<tr>\n<td>M\u00e9thodes de payement<\/td>\n<td>T\/T, esp\u00e8ces, PayPal, carte de cr\u00e9dit<\/td>\n<\/tr>\n<\/tbody>\n<\/table>\n<p><span style=\"color: #003366;\">Caract\u00e9ristiques:<\/span><\/p>\n<div class=\"mb3\">\n<div class=\"dangerous-html mb3\">\n<ul class=\"a-unordered-list a-vertical a-spacing-mini\">\n<li class=\"a-spacing-mini\"><span class=\"a-list-item\">Bon mat\u00e9riau : mat\u00e9riau PVC de haute qualit\u00e9, cadre en alliage d&#039;aluminium, respectueux de l&#039;environnement, inodore, imperm\u00e9able et r\u00e9sistant \u00e0 l&#039;humidit\u00e9, r\u00e9sistant \u00e0 l&#039;usure et durable, pas facile \u00e0 d\u00e9former, durable.<\/span><\/li>\n<li class=\"a-spacing-mini\"><span class=\"a-list-item\">Dimensions du produit : 38 x 26 x 56 cm, hauteur du tirant 37 cm.<\/span><\/li>\n<li class=\"a-spacing-mini\"><span class=\"a-list-item\">Conception de verrouillage de s\u00e9curit\u00e9 : pour garantir un bo\u00eetier ext\u00e9rieur s\u00e9curis\u00e9, la conception de charni\u00e8re en m\u00e9tal et la charni\u00e8re en m\u00e9tal \u00e0 huit broches am\u00e9liorent la durabilit\u00e9 de la bo\u00eete de renfort durable.<\/span><\/li>\n<li class=\"a-spacing-mini\"><span class=\"a-list-item\">Tirant monobloc : il adopte une tige de traction t\u00e9lescopique \u00e0 trois sections et est en alliage. Il est \u00e9conomique, durable et poss\u00e8de une fonction de levage en douceur. Il peut \u00eatre ajust\u00e9 en fonction de la hauteur.<\/span><\/li>\n<li class=\"a-spacing-mini\"><span class=\"a-list-item\">Convient pour les sc\u00e8nes : coiffeurs professionnels, manucure, coiffeurs et autres bo\u00eetes de rangement professionnelles pour cosm\u00e9tiques. Pas besoin de compromettre vos outils, peu importe o\u00f9 vous allez, vous pouvez les emporter avec vous.<\/span><\/li>\n<\/ul>\n<\/div>\n<\/div>","protected":false},"excerpt":{"rendered":"<p>Mod\u00e8le : SC-RM0019<\/p>\n<p>Taille: 38x26x56 cm<\/p>\n<p>Quantit\u00e9 minimale de commande : 50 pi\u00e8ces<\/p>\n<p>D\u00e9lai de livraison : 15-25 jours<\/p>\n<p>\u00c9chantillon\u00a0: Disponible<\/p>","protected":false},"featured_media":20737,"template":"","meta":{"_gspb_post_css":""},"product_cat":[97],"product_tag":[],"featured_image_urls":{"full":["https:\/\/suncasesupply.com\/wp-content\/uploads\/2023\/08\/31dy7jNEjgL._SX300_SY300_QL70_ML2_.jpg",286,300,false],"thumbnail":["https:\/\/suncasesupply.com\/wp-content\/uploads\/2023\/08\/31dy7jNEjgL._SX300_SY300_QL70_ML2_-150x150.jpg",150,150,true],"medium":["https:\/\/suncasesupply.com\/wp-content\/uploads\/2023\/08\/31dy7jNEjgL._SX300_SY300_QL70_ML2_.jpg",286,300,false],"medium_large":["https:\/\/suncasesupply.com\/wp-content\/uploads\/2023\/08\/31dy7jNEjgL._SX300_SY300_QL70_ML2_.jpg",286,300,false],"large":["https:\/\/suncasesupply.com\/wp-content\/uploads\/2023\/08\/31dy7jNEjgL._SX300_SY300_QL70_ML2_.jpg",286,300,false],"1536x1536":["https:\/\/suncasesupply.com\/wp-content\/uploads\/2023\/08\/31dy7jNEjgL._SX300_SY300_QL70_ML2_.jpg",286,300,false],"2048x2048":["https:\/\/suncasesupply.com\/wp-content\/uploads\/2023\/08\/31dy7jNEjgL._SX300_SY300_QL70_ML2_.jpg",286,300,false],"trp-custom-language-flag":["https:\/\/suncasesupply.com\/wp-content\/uploads\/2023\/08\/31dy7jNEjgL._SX300_SY300_QL70_ML2_.jpg",11,12,false],"woocommerce_thumbnail":["https:\/\/suncasesupply.com\/wp-content\/uploads\/2023\/08\/31dy7jNEjgL._SX300_SY300_QL70_ML2_.jpg",286,300,false],"woocommerce_single":["https:\/\/suncasesupply.com\/wp-content\/uploads\/2023\/08\/31dy7jNEjgL._SX300_SY300_QL70_ML2_.jpg",286,300,false],"woocommerce_gallery_thumbnail":["https:\/\/suncasesupply.com\/wp-content\/uploads\/2023\/08\/31dy7jNEjgL._SX300_SY300_QL70_ML2_-100x100.jpg",100,100,true]},"post_excerpt_stackable":"<p>Model : SC-RM0019<\/p>\n<p>Size: \u00a038 x 26 x 56 cm<\/p>\n<p>MOQ: 50pcs<\/p>\n<p>Delivery Time : 15-25 Days<\/p>\n<p>Sample : Available<\/p>\n","category_list":"","author_info":{"name":"","url":""},"comments_num":"0 commentaire","_links":{"self":[{"href":"https:\/\/suncasesupply.com\/fr\/wp-json\/wp\/v2\/product\/20743"}],"collection":[{"href":"https:\/\/suncasesupply.com\/fr\/wp-json\/wp\/v2\/product"}],"about":[{"href":"https:\/\/suncasesupply.com\/fr\/wp-json\/wp\/v2\/types\/product"}],"wp:featuredmedia":[{"embeddable":true,"href":"https:\/\/suncasesupply.com\/fr\/wp-json\/wp\/v2\/media\/20737"}],"wp:attachment":[{"href":"https:\/\/suncasesupply.com\/fr\/wp-json\/wp\/v2\/media?parent=20743"}],"wp:term":[{"taxonomy":"product_cat","embeddable":true,"href":"https:\/\/suncasesupply.com\/fr\/wp-json\/wp\/v2\/product_cat?post=20743"},{"taxonomy":"product_tag","embeddable":true,"href":"https:\/\/suncasesupply.com\/fr\/wp-json\/wp\/v2\/product_tag?post=20743"}],"curies":[{"name":"wp","href":"https:\/\/api.w.org\/{rel}","templated":true}]}}