{"id":20722,"date":"2023-08-25T14:55:46","date_gmt":"2023-08-25T06:55:46","guid":{"rendered":"https:\/\/suncasesupply.com\/?post_type=product&#038;p=20722"},"modified":"2025-02-26T11:28:46","modified_gmt":"2025-02-26T03:28:46","slug":"professional-makeup-trolley-case-rolling-cosmetic-nail-storage-box","status":"publish","type":"product","link":"https:\/\/suncasesupply.com\/fr\/product\/professional-makeup-trolley-case-rolling-cosmetic-nail-storage-box\/","title":{"rendered":"Valise \u00e0 roulettes de maquillage professionnelle, bo\u00eete de rangement pour ongles cosm\u00e9tiques"},"content":{"rendered":"<p>&nbsp;<\/p>\n<table width=\"774\">\n<tbody>\n<tr>\n<td width=\"177\">Article<\/td>\n<td width=\"597\">Trousse de maquillage \u00e0 roulettes<\/td>\n<\/tr>\n<tr>\n<td>Dimension<\/td>\n<td>370*230*550mm\/Personnaliser<\/td>\n<\/tr>\n<tr>\n<td>Couleurs<\/td>\n<td>Comme le montrent les images ou personnaliser<\/td>\n<\/tr>\n<tr>\n<td>Mat\u00e9riaux<\/td>\n<td>Aluminium, panneau ABS, panneau MDF, doublure EVA\/mousse\/tissu\/PU, quincaillerie<\/td>\n<\/tr>\n<tr>\n<td>Logo<\/td>\n<td>Logo plaque m\u00e9tallique, logo imprim\u00e9, logo en relief, logo laser<\/td>\n<\/tr>\n<tr>\n<td>Temps d&#039;\u00e9chantillonnage<\/td>\n<td>7 jours<\/td>\n<\/tr>\n<tr>\n<td>Port d&#039;embarquement<\/td>\n<td>Canton, Shenzhen<\/td>\n<\/tr>\n<tr>\n<td>Conditions commerciales<\/td>\n<td>EXW, FOB, CIF, DDU, DDP<\/td>\n<\/tr>\n<tr>\n<td>M\u00e9thodes de payement<\/td>\n<td>T\/T, esp\u00e8ces, PayPal, carte de cr\u00e9dit<\/td>\n<\/tr>\n<\/tbody>\n<\/table>\n<p><span style=\"color: #003366;\">Caract\u00e9ristiques:<\/span><\/p>\n<div class=\"mb3\">\n<div class=\"dangerous-html mb3\">\n<p>Ce fabuleux chariot \u00e0 4 roues en aluminium est un incontournable pour les professionnels du maquillage. Il offre suffisamment d&#039;espace pour tout ce dont vous avez besoin pour emporter avec vous au travail. La large ouverture astucieuse avec des compartiments s\u00e9par\u00e9s le rend id\u00e9al comme station de maquillage portable. Il est dot\u00e9 d&#039;une poign\u00e9e t\u00e9lescopique qui permet de le d\u00e9placer facilement. Avec son design pratique et son look glamour, c&#039;est votre valise pr\u00eate \u00e0 aller au travail.<\/p>\n<\/div>\n<\/div>","protected":false},"excerpt":{"rendered":"<p>Mod\u00e8le : SC-RM0017<\/p>\n<p>Taille: 370*230*550mm<\/p>\n<p>Quantit\u00e9 minimale de commande : 50 pi\u00e8ces<\/p>\n<p>D\u00e9lai de livraison : 15-25 jours<\/p>\n<p>\u00c9chantillon\u00a0: Disponible<\/p>","protected":false},"featured_media":20723,"template":"","meta":{"_gspb_post_css":""},"product_cat":[97],"product_tag":[],"featured_image_urls":{"full":["https:\/\/suncasesupply.com\/wp-content\/uploads\/2023\/08\/9186530_R_Z002A.webp",1500,880,false],"thumbnail":["https:\/\/suncasesupply.com\/wp-content\/uploads\/2023\/08\/9186530_R_Z002A-150x150.webp",150,150,true],"medium":["https:\/\/suncasesupply.com\/wp-content\/uploads\/2023\/08\/9186530_R_Z002A-300x176.webp",300,176,true],"medium_large":["https:\/\/suncasesupply.com\/wp-content\/uploads\/2023\/08\/9186530_R_Z002A-768x451.webp",768,451,true],"large":["https:\/\/suncasesupply.com\/wp-content\/uploads\/2023\/08\/9186530_R_Z002A-1024x601.webp",1024,601,true],"1536x1536":["https:\/\/suncasesupply.com\/wp-content\/uploads\/2023\/08\/9186530_R_Z002A.webp",1500,880,false],"2048x2048":["https:\/\/suncasesupply.com\/wp-content\/uploads\/2023\/08\/9186530_R_Z002A.webp",1500,880,false],"trp-custom-language-flag":["https:\/\/suncasesupply.com\/wp-content\/uploads\/2023\/08\/9186530_R_Z002A.webp",18,12,false],"woocommerce_thumbnail":["https:\/\/suncasesupply.com\/wp-content\/uploads\/2023\/08\/9186530_R_Z002A-300x300.webp",300,300,true],"woocommerce_single":["https:\/\/suncasesupply.com\/wp-content\/uploads\/2023\/08\/9186530_R_Z002A-600x352.webp",600,352,true],"woocommerce_gallery_thumbnail":["https:\/\/suncasesupply.com\/wp-content\/uploads\/2023\/08\/9186530_R_Z002A-100x100.webp",100,100,true]},"post_excerpt_stackable":"<p>Model : SC-RM0017<\/p>\n<p>Size: 370*230*550mm<\/p>\n<p>MOQ: 50pcs<\/p>\n<p>Delivery Time : 15-25 Days<\/p>\n<p>Sample : Available<\/p>\n","category_list":"","author_info":{"name":"","url":""},"comments_num":"0 commentaire","_links":{"self":[{"href":"https:\/\/suncasesupply.com\/fr\/wp-json\/wp\/v2\/product\/20722"}],"collection":[{"href":"https:\/\/suncasesupply.com\/fr\/wp-json\/wp\/v2\/product"}],"about":[{"href":"https:\/\/suncasesupply.com\/fr\/wp-json\/wp\/v2\/types\/product"}],"wp:featuredmedia":[{"embeddable":true,"href":"https:\/\/suncasesupply.com\/fr\/wp-json\/wp\/v2\/media\/20723"}],"wp:attachment":[{"href":"https:\/\/suncasesupply.com\/fr\/wp-json\/wp\/v2\/media?parent=20722"}],"wp:term":[{"taxonomy":"product_cat","embeddable":true,"href":"https:\/\/suncasesupply.com\/fr\/wp-json\/wp\/v2\/product_cat?post=20722"},{"taxonomy":"product_tag","embeddable":true,"href":"https:\/\/suncasesupply.com\/fr\/wp-json\/wp\/v2\/product_tag?post=20722"}],"curies":[{"name":"wp","href":"https:\/\/api.w.org\/{rel}","templated":true}]}}