{"id":20715,"date":"2023-08-25T14:39:57","date_gmt":"2023-08-25T06:39:57","guid":{"rendered":"https:\/\/suncasesupply.com\/?post_type=product&#038;p=20715"},"modified":"2025-02-26T11:28:54","modified_gmt":"2025-02-26T03:28:54","slug":"professional-rolling-makeup-case-nail-case-trolley-traveling-cosmetic-train-case-with-drawers","status":"publish","type":"product","link":"https:\/\/suncasesupply.com\/fr\/product\/professional-rolling-makeup-case-nail-case-trolley-traveling-cosmetic-train-case-with-drawers\/","title":{"rendered":"Trousse de maquillage \u00e0 roulettes professionnelle, \u00e9tui \u00e0 ongles, chariot de voyage, trousse de Train cosm\u00e9tique avec tiroirs"},"content":{"rendered":"<p>&nbsp;<\/p>\n<table width=\"774\">\n<tbody>\n<tr>\n<td width=\"177\">Article<\/td>\n<td width=\"597\">Trousse de maquillage \u00e0 roulettes<\/td>\n<\/tr>\n<tr>\n<td>Dimension<\/td>\n<td>350*230*572mm\/Personnaliser<\/td>\n<\/tr>\n<tr>\n<td>Couleurs<\/td>\n<td>Comme le montrent les images ou personnaliser<\/td>\n<\/tr>\n<tr>\n<td>Mat\u00e9riaux<\/td>\n<td>Aluminium, panneau ABS, panneau MDF, doublure EVA\/mousse\/tissu\/PU, quincaillerie<\/td>\n<\/tr>\n<tr>\n<td>Logo<\/td>\n<td>Logo plaque m\u00e9tallique, logo imprim\u00e9, logo en relief, logo laser<\/td>\n<\/tr>\n<tr>\n<td>Temps d&#039;\u00e9chantillonnage<\/td>\n<td>7 jours<\/td>\n<\/tr>\n<tr>\n<td>Port d&#039;embarquement<\/td>\n<td>Canton, Shenzhen<\/td>\n<\/tr>\n<tr>\n<td>Conditions commerciales<\/td>\n<td>EXW, FOB, CIF, DDU, DDP<\/td>\n<\/tr>\n<tr>\n<td>M\u00e9thodes de payement<\/td>\n<td>T\/T, esp\u00e8ces, PayPal, carte de cr\u00e9dit<\/td>\n<\/tr>\n<\/tbody>\n<\/table>\n<p><span style=\"color: #003366;\">Caract\u00e9ristiques:<\/span><\/p>\n<div class=\"mb3\">\n<div class=\"dangerous-html mb3\">\n<p><span class=\"a-list-item\">Trousse de maquillage professionnelle \u00e0 roulettes en cuir noir : la trousse de maquillage est livr\u00e9e en cuir v\u00e9g\u00e9talien noir avec un cadre en aluminium noir sp\u00e9cialement con\u00e7u. Aluminium de qualit\u00e9 A durable et robuste sur tous les cadres et structure de haute qualit\u00e9 pour une durabilit\u00e9 et une protection suppl\u00e9mentaires. Sa surface en cuir noir imperm\u00e9able en fait une excellente trousse \u00e0 cosm\u00e9tiques d&#039;ext\u00e9rieur.<\/span><\/p>\n<\/div>\n<\/div>","protected":false},"excerpt":{"rendered":"<p>Mod\u00e8le : SC-RM0016<\/p>\n<p>Taille: 350*230*572mm<\/p>\n<p>Quantit\u00e9 minimale de commande : 50 pi\u00e8ces<\/p>\n<p>D\u00e9lai de livraison : 15-25 jours<\/p>\n<p>\u00c9chantillon\u00a0: Disponible<\/p>","protected":false},"featured_media":20716,"template":"","meta":{"_gspb_post_css":""},"product_cat":[97],"product_tag":[],"featured_image_urls":{"full":["https:\/\/suncasesupply.com\/wp-content\/uploads\/2023\/08\/71KUVKiN5aL._AC_SX679_.jpg",679,717,false],"thumbnail":["https:\/\/suncasesupply.com\/wp-content\/uploads\/2023\/08\/71KUVKiN5aL._AC_SX679_-150x150.jpg",150,150,true],"medium":["https:\/\/suncasesupply.com\/wp-content\/uploads\/2023\/08\/71KUVKiN5aL._AC_SX679_-284x300.jpg",284,300,true],"medium_large":["https:\/\/suncasesupply.com\/wp-content\/uploads\/2023\/08\/71KUVKiN5aL._AC_SX679_.jpg",679,717,false],"large":["https:\/\/suncasesupply.com\/wp-content\/uploads\/2023\/08\/71KUVKiN5aL._AC_SX679_.jpg",679,717,false],"1536x1536":["https:\/\/suncasesupply.com\/wp-content\/uploads\/2023\/08\/71KUVKiN5aL._AC_SX679_.jpg",679,717,false],"2048x2048":["https:\/\/suncasesupply.com\/wp-content\/uploads\/2023\/08\/71KUVKiN5aL._AC_SX679_.jpg",679,717,false],"trp-custom-language-flag":["https:\/\/suncasesupply.com\/wp-content\/uploads\/2023\/08\/71KUVKiN5aL._AC_SX679_.jpg",11,12,false],"woocommerce_thumbnail":["https:\/\/suncasesupply.com\/wp-content\/uploads\/2023\/08\/71KUVKiN5aL._AC_SX679_-300x300.jpg",300,300,true],"woocommerce_single":["https:\/\/suncasesupply.com\/wp-content\/uploads\/2023\/08\/71KUVKiN5aL._AC_SX679_-600x634.jpg",600,634,true],"woocommerce_gallery_thumbnail":["https:\/\/suncasesupply.com\/wp-content\/uploads\/2023\/08\/71KUVKiN5aL._AC_SX679_-100x100.jpg",100,100,true]},"post_excerpt_stackable":"<p>Model : SC-RM0016<\/p>\n<p>Size: 350*230*572mm<\/p>\n<p>MOQ: 50pcs<\/p>\n<p>Delivery Time : 15-25 Days<\/p>\n<p>Sample : Available<\/p>\n","category_list":"","author_info":{"name":"","url":""},"comments_num":"0 commentaire","_links":{"self":[{"href":"https:\/\/suncasesupply.com\/fr\/wp-json\/wp\/v2\/product\/20715"}],"collection":[{"href":"https:\/\/suncasesupply.com\/fr\/wp-json\/wp\/v2\/product"}],"about":[{"href":"https:\/\/suncasesupply.com\/fr\/wp-json\/wp\/v2\/types\/product"}],"wp:featuredmedia":[{"embeddable":true,"href":"https:\/\/suncasesupply.com\/fr\/wp-json\/wp\/v2\/media\/20716"}],"wp:attachment":[{"href":"https:\/\/suncasesupply.com\/fr\/wp-json\/wp\/v2\/media?parent=20715"}],"wp:term":[{"taxonomy":"product_cat","embeddable":true,"href":"https:\/\/suncasesupply.com\/fr\/wp-json\/wp\/v2\/product_cat?post=20715"},{"taxonomy":"product_tag","embeddable":true,"href":"https:\/\/suncasesupply.com\/fr\/wp-json\/wp\/v2\/product_tag?post=20715"}],"curies":[{"name":"wp","href":"https:\/\/api.w.org\/{rel}","templated":true}]}}