{"id":20685,"date":"2023-08-25T11:46:42","date_gmt":"2023-08-25T03:46:42","guid":{"rendered":"https:\/\/suncasesupply.com\/?post_type=product&#038;p=20685"},"modified":"2025-02-26T11:29:54","modified_gmt":"2025-02-26T03:29:54","slug":"aluminum-barber-case-cosmetic-train-case-for-hair-stylist-makeup-nail-tech-salon","status":"publish","type":"product","link":"https:\/\/suncasesupply.com\/fr\/product\/aluminum-barber-case-cosmetic-train-case-for-hair-stylist-makeup-nail-tech-salon\/","title":{"rendered":"Mallette de barbier en aluminium, valise de Train cosm\u00e9tique pour coiffeur, maquillage, Salon de technologie des ongles"},"content":{"rendered":"<p>&nbsp;<\/p>\n<table width=\"774\">\n<tbody>\n<tr>\n<td width=\"177\">Article<\/td>\n<td width=\"597\">Trousse de maquillage \u00e0 roulettes<\/td>\n<\/tr>\n<tr>\n<td>Dimension<\/td>\n<td>34*24*45 cm ou personnaliser<\/td>\n<\/tr>\n<tr>\n<td>Couleurs<\/td>\n<td>Comme le montrent les images ou personnaliser<\/td>\n<\/tr>\n<tr>\n<td>Mat\u00e9riaux<\/td>\n<td>Aluminium, panneau ABS, panneau MDF, doublure EVA\/mousse\/tissu\/PU, quincaillerie<\/td>\n<\/tr>\n<tr>\n<td>Logo<\/td>\n<td>Logo plaque m\u00e9tallique, logo imprim\u00e9, logo en relief, logo laser<\/td>\n<\/tr>\n<tr>\n<td>Temps d&#039;\u00e9chantillonnage<\/td>\n<td>7 jours<\/td>\n<\/tr>\n<tr>\n<td>Port d&#039;embarquement<\/td>\n<td>Canton, Shenzhen<\/td>\n<\/tr>\n<tr>\n<td>Conditions commerciales<\/td>\n<td>EXW, FOB, CIF, DDU, DDP<\/td>\n<\/tr>\n<tr>\n<td>M\u00e9thodes de payement<\/td>\n<td>T\/T, esp\u00e8ces, PayPal, carte de cr\u00e9dit<\/td>\n<\/tr>\n<\/tbody>\n<\/table>\n<p><span style=\"color: #003366;\">Caract\u00e9ristiques:<\/span><\/p>\n<div class=\"mb3\">\n<div class=\"dangerous-html mb3\">\n<p>L&#039;ext\u00e9rieur de notre trousse de toilette roulante pr\u00e9sente un aspect diamant noir unique. Ce chariot durable est compos\u00e9 d&#039;un bo\u00eetier ext\u00e9rieur en plastique de qualit\u00e9 sup\u00e9rieure, de panneaux ignifuges en aluminium et ABS de haute qualit\u00e9 avec bords et coins renforc\u00e9s et de raccords m\u00e9talliques robustes. Il peut changer la nuance de couleur lorsqu\u2019il capte la lumi\u00e8re sous diff\u00e9rents angles.<\/p>\n<\/div>\n<\/div>","protected":false},"excerpt":{"rendered":"<p>Mod\u00e8le : SC-RM0012<\/p>\n<p>Taille: 34*24*45 cm<\/p>\n<p>Quantit\u00e9 minimale de commande : 50 pi\u00e8ces<\/p>\n<p>D\u00e9lai de livraison : 15-25 jours<\/p>\n<p>\u00c9chantillon\u00a0: Disponible<\/p>","protected":false},"featured_media":20687,"template":"","meta":{"_gspb_post_css":""},"product_cat":[97],"product_tag":[],"featured_image_urls":{"full":["https:\/\/suncasesupply.com\/wp-content\/uploads\/2023\/08\/1-42-scaled.jpg",2560,2560,false],"thumbnail":["https:\/\/suncasesupply.com\/wp-content\/uploads\/2023\/08\/1-42-150x150.jpg",150,150,true],"medium":["https:\/\/suncasesupply.com\/wp-content\/uploads\/2023\/08\/1-42-300x300.jpg",300,300,true],"medium_large":["https:\/\/suncasesupply.com\/wp-content\/uploads\/2023\/08\/1-42-768x768.jpg",768,768,true],"large":["https:\/\/suncasesupply.com\/wp-content\/uploads\/2023\/08\/1-42-1024x1024.jpg",1024,1024,true],"1536x1536":["https:\/\/suncasesupply.com\/wp-content\/uploads\/2023\/08\/1-42-1536x1536.jpg",1536,1536,true],"2048x2048":["https:\/\/suncasesupply.com\/wp-content\/uploads\/2023\/08\/1-42-2048x2048.jpg",2048,2048,true],"trp-custom-language-flag":["https:\/\/suncasesupply.com\/wp-content\/uploads\/2023\/08\/1-42-scaled.jpg",12,12,false],"woocommerce_thumbnail":["https:\/\/suncasesupply.com\/wp-content\/uploads\/2023\/08\/1-42-300x300.jpg",300,300,true],"woocommerce_single":["https:\/\/suncasesupply.com\/wp-content\/uploads\/2023\/08\/1-42-600x600.jpg",600,600,true],"woocommerce_gallery_thumbnail":["https:\/\/suncasesupply.com\/wp-content\/uploads\/2023\/08\/1-42-100x100.jpg",100,100,true]},"post_excerpt_stackable":"<p>Model : SC-RM0012<\/p>\n<p>Size: 34*24*45cm<\/p>\n<p>MOQ: 50pcs<\/p>\n<p>Delivery Time : 15-25 Days<\/p>\n<p>Sample : Available<\/p>\n","category_list":"","author_info":{"name":"","url":""},"comments_num":"0 commentaire","_links":{"self":[{"href":"https:\/\/suncasesupply.com\/fr\/wp-json\/wp\/v2\/product\/20685"}],"collection":[{"href":"https:\/\/suncasesupply.com\/fr\/wp-json\/wp\/v2\/product"}],"about":[{"href":"https:\/\/suncasesupply.com\/fr\/wp-json\/wp\/v2\/types\/product"}],"wp:featuredmedia":[{"embeddable":true,"href":"https:\/\/suncasesupply.com\/fr\/wp-json\/wp\/v2\/media\/20687"}],"wp:attachment":[{"href":"https:\/\/suncasesupply.com\/fr\/wp-json\/wp\/v2\/media?parent=20685"}],"wp:term":[{"taxonomy":"product_cat","embeddable":true,"href":"https:\/\/suncasesupply.com\/fr\/wp-json\/wp\/v2\/product_cat?post=20685"},{"taxonomy":"product_tag","embeddable":true,"href":"https:\/\/suncasesupply.com\/fr\/wp-json\/wp\/v2\/product_tag?post=20685"}],"curies":[{"name":"wp","href":"https:\/\/api.w.org\/{rel}","templated":true}]}}