{"id":20675,"date":"2023-08-25T11:12:28","date_gmt":"2023-08-25T03:12:28","guid":{"rendered":"https:\/\/suncasesupply.com\/?post_type=product&#038;p=20675"},"modified":"2025-02-26T11:31:05","modified_gmt":"2025-02-26T03:31:05","slug":"professional-makeup-trolley-case-for-makeup-artist-black","status":"publish","type":"product","link":"https:\/\/suncasesupply.com\/fr\/product\/professional-makeup-trolley-case-for-makeup-artist-black\/","title":{"rendered":"TROUSSE \u00c0 CHARIOT DE MAQUILLAGE PROFESSIONNELLE POUR MAQUILLEUR NOIR"},"content":{"rendered":"<p>&nbsp;<\/p>\n<table width=\"774\">\n<tbody>\n<tr>\n<td width=\"177\">Article<\/td>\n<td width=\"597\">Trousse de maquillage \u00e0 roulettes<\/td>\n<\/tr>\n<tr>\n<td>Dimension<\/td>\n<td>34 x 24 x 41,5 cm ou personnaliser<\/td>\n<\/tr>\n<tr>\n<td>Couleurs<\/td>\n<td>Comme le montrent les images ou personnaliser<\/td>\n<\/tr>\n<tr>\n<td>Mat\u00e9riaux<\/td>\n<td>Aluminium, panneau ABS, panneau MDF, doublure EVA\/mousse\/tissu\/PU, quincaillerie<\/td>\n<\/tr>\n<tr>\n<td>Logo<\/td>\n<td>Logo plaque m\u00e9tallique, logo imprim\u00e9, logo en relief, logo laser<\/td>\n<\/tr>\n<tr>\n<td>Temps d&#039;\u00e9chantillonnage<\/td>\n<td>7 jours<\/td>\n<\/tr>\n<tr>\n<td>Port d&#039;embarquement<\/td>\n<td>Canton, Shenzhen<\/td>\n<\/tr>\n<tr>\n<td>Conditions commerciales<\/td>\n<td>EXW, FOB, CIF, DDU, DDP<\/td>\n<\/tr>\n<tr>\n<td>M\u00e9thodes de payement<\/td>\n<td>T\/T, esp\u00e8ces, PayPal, carte de cr\u00e9dit<\/td>\n<\/tr>\n<\/tbody>\n<\/table>\n<p><span style=\"color: #003366;\">Caract\u00e9ristiques:<\/span><\/p>\n<div class=\"mb3\">\n<div class=\"dangerous-html mb3\">\n<ul class=\"a-unordered-list a-vertical a-spacing-mini\">\n<li><span class=\"a-list-item\">\u3010Rail coulissant 4 plateaux\u3011 : le rail coulissant se dilate en douceur, ne glisse pas lorsqu&#039;il n&#039;est pas utilis\u00e9 et est fermement connect\u00e9. Le plateau \u00e0 4 niveaux vous aide \u00e0 organiser les outils de maquillage, les collections de rouges \u00e0 l\u00e8vres, les palettes et les pinceaux de maquillage.<\/span><\/li>\n<li><span class=\"a-list-item\">\u00c9tui \u00e0 roulettes de maquillage robuste : les bords et les coins renforc\u00e9s en aluminium et m\u00e9tal de qualit\u00e9 A offrent d&#039;excellentes performances en termes de r\u00e9sistance \u00e0 l&#039;abrasion et se caract\u00e9risent par leur l\u00e9g\u00e8ret\u00e9 et leur durabilit\u00e9. Les tiges de traction en aluminium offrent \u00e9galement un fonctionnement fluide et une r\u00e9sistance \u00e0 la corrosion. La surface noire imperm\u00e9able fait de cette trousse \u00e0 maquillage un excellent protecteur pour les cosm\u00e9tiques d&#039;ext\u00e9rieur.<\/span><\/li>\n<li><span class=\"a-list-item\">\u3010Chariot de rangement de grande capacit\u00e9\u3011 : il y a \u00e9galement un grand fond offrant un excellent rangement pour les outils de coiffure, les cosm\u00e9tiques et les outils pour les ongles. Parfait pour les maquilleurs professionnels, les coiffeurs, les manucures, les tatoueurs ou ceux qui ont une montagne de produits cosm\u00e9tiques.<\/span><\/li>\n<li><span class=\"a-list-item\">\u3010Chariot de maquillage avec roues pivotantes \u00e0 360\u00b0\u3011 \uff1a Cette valise de train est \u00e9quip\u00e9e de quatre roues pivotantes \u00e0 360 \u00b0 de haute qualit\u00e9 offrant un d\u00e9placement fluide et silencieux, permettant ainsi d&#039;\u00e9conomiser du travail. Les roues amovibles peuvent \u00eatre facilement retir\u00e9es ou remplac\u00e9es si n\u00e9cessaire.<\/span><\/li>\n<li><span class=\"a-list-item\">\u3010Cadeau exquis\u3011 \uff1a Le chariot de maquillage garde votre coiffeuse propre et bien rang\u00e9e. Il est assez \u00e9l\u00e9gant comme cadeau et conservera de nombreux bons souvenirs. Votre petite fille, petite amie ou personne bien-aim\u00e9e sera plus heureuse si vous recevez un si beau cadeau pour la Saint-Valentin, No\u00ebl, le Nouvel An, un anniversaire, un mariage, etc.<\/span><\/li>\n<\/ul>\n<\/div>\n<\/div>","protected":false},"excerpt":{"rendered":"<p>Mod\u00e8le : SC-RM0010<\/p>\n<p>Taille: 34 x 24 x 41,5 cm<\/p>\n<p>Quantit\u00e9 minimale de commande : 50 pi\u00e8ces<\/p>\n<p>D\u00e9lai de livraison : 15-25 jours<\/p>\n<p>\u00c9chantillon\u00a0: Disponible<\/p>","protected":false},"featured_media":20669,"template":"","meta":{"_gspb_post_css":""},"product_cat":[97],"product_tag":[],"featured_image_urls":{"full":["https:\/\/suncasesupply.com\/wp-content\/uploads\/2023\/08\/1-40-scaled.jpg",2560,2560,false],"thumbnail":["https:\/\/suncasesupply.com\/wp-content\/uploads\/2023\/08\/1-40-150x150.jpg",150,150,true],"medium":["https:\/\/suncasesupply.com\/wp-content\/uploads\/2023\/08\/1-40-300x300.jpg",300,300,true],"medium_large":["https:\/\/suncasesupply.com\/wp-content\/uploads\/2023\/08\/1-40-768x768.jpg",768,768,true],"large":["https:\/\/suncasesupply.com\/wp-content\/uploads\/2023\/08\/1-40-1024x1024.jpg",1024,1024,true],"1536x1536":["https:\/\/suncasesupply.com\/wp-content\/uploads\/2023\/08\/1-40-1536x1536.jpg",1536,1536,true],"2048x2048":["https:\/\/suncasesupply.com\/wp-content\/uploads\/2023\/08\/1-40-2048x2048.jpg",2048,2048,true],"trp-custom-language-flag":["https:\/\/suncasesupply.com\/wp-content\/uploads\/2023\/08\/1-40-scaled.jpg",12,12,false],"woocommerce_thumbnail":["https:\/\/suncasesupply.com\/wp-content\/uploads\/2023\/08\/1-40-300x300.jpg",300,300,true],"woocommerce_single":["https:\/\/suncasesupply.com\/wp-content\/uploads\/2023\/08\/1-40-600x600.jpg",600,600,true],"woocommerce_gallery_thumbnail":["https:\/\/suncasesupply.com\/wp-content\/uploads\/2023\/08\/1-40-100x100.jpg",100,100,true]},"post_excerpt_stackable":"<p>Model : SC-RM0010<\/p>\n<p>Size: 34 x 24 x 41.5cm<\/p>\n<p>MOQ: 50pcs<\/p>\n<p>Delivery Time : 15-25 Days<\/p>\n<p>Sample : Available<\/p>\n","category_list":"","author_info":{"name":"","url":""},"comments_num":"0 commentaire","_links":{"self":[{"href":"https:\/\/suncasesupply.com\/fr\/wp-json\/wp\/v2\/product\/20675"}],"collection":[{"href":"https:\/\/suncasesupply.com\/fr\/wp-json\/wp\/v2\/product"}],"about":[{"href":"https:\/\/suncasesupply.com\/fr\/wp-json\/wp\/v2\/types\/product"}],"wp:featuredmedia":[{"embeddable":true,"href":"https:\/\/suncasesupply.com\/fr\/wp-json\/wp\/v2\/media\/20669"}],"wp:attachment":[{"href":"https:\/\/suncasesupply.com\/fr\/wp-json\/wp\/v2\/media?parent=20675"}],"wp:term":[{"taxonomy":"product_cat","embeddable":true,"href":"https:\/\/suncasesupply.com\/fr\/wp-json\/wp\/v2\/product_cat?post=20675"},{"taxonomy":"product_tag","embeddable":true,"href":"https:\/\/suncasesupply.com\/fr\/wp-json\/wp\/v2\/product_tag?post=20675"}],"curies":[{"name":"wp","href":"https:\/\/api.w.org\/{rel}","templated":true}]}}