{"id":20631,"date":"2023-08-25T10:09:36","date_gmt":"2023-08-25T02:09:36","guid":{"rendered":"https:\/\/suncasesupply.com\/?post_type=product&#038;p=20631"},"modified":"2025-02-26T11:31:30","modified_gmt":"2025-02-26T03:31:30","slug":"rolling-aluminum-makeup-train-case-cosmetic-trolley-with-drawers","status":"publish","type":"product","link":"https:\/\/suncasesupply.com\/fr\/product\/rolling-aluminum-makeup-train-case-cosmetic-trolley-with-drawers\/","title":{"rendered":"Chariot \u00e0 cosm\u00e9tiques roulant en aluminium avec tiroirs, valise de train de maquillage"},"content":{"rendered":"<p>&nbsp;<\/p>\n<table width=\"774\">\n<tbody>\n<tr>\n<td width=\"177\">Article<\/td>\n<td width=\"597\">Trousse de maquillage \u00e0 roulettes<\/td>\n<\/tr>\n<tr>\n<td>Dimension<\/td>\n<td>342*241*559mm ou personnaliser<\/td>\n<\/tr>\n<tr>\n<td>Couleurs<\/td>\n<td>Comme le montrent les images ou personnaliser<\/td>\n<\/tr>\n<tr>\n<td>Mat\u00e9riaux<\/td>\n<td>Aluminium, panneau ABS, panneau MDF, doublure EVA\/mousse\/tissu\/PU, quincaillerie<\/td>\n<\/tr>\n<tr>\n<td>Logo<\/td>\n<td>Logo plaque m\u00e9tallique, logo imprim\u00e9, logo en relief, logo laser<\/td>\n<\/tr>\n<tr>\n<td>Temps d&#039;\u00e9chantillonnage<\/td>\n<td>7 jours<\/td>\n<\/tr>\n<tr>\n<td>Port d&#039;embarquement<\/td>\n<td>Canton, Shenzhen<\/td>\n<\/tr>\n<tr>\n<td>Conditions commerciales<\/td>\n<td>EXW, FOB, CIF, DDU, DDP<\/td>\n<\/tr>\n<tr>\n<td>M\u00e9thodes de payement<\/td>\n<td>T\/T, esp\u00e8ces, PayPal, carte de cr\u00e9dit<\/td>\n<\/tr>\n<\/tbody>\n<\/table>\n<p><span style=\"color: #003366;\">Caract\u00e9ristiques:<\/span><\/p>\n<div class=\"mb3\">\n<div class=\"dangerous-html mb3\">\n<p>Cette trousse de maquillage est fabriqu\u00e9e en placage de plastique ABS de qualit\u00e9 sup\u00e9rieure, avec des bords et des coins renforc\u00e9s en aluminium et en m\u00e9tal, une doublure en polyester 210D r\u00e9sistante \u00e0 l&#039;usure et du mat\u00e9riel m\u00e9tallique robuste. Des rails coulissants en aluminium et une poign\u00e9e de traction garantissent \u00e9galement un fonctionnement fluide et une r\u00e9sistance \u00e0 la rouille. Cette trousse de maquillage n&#039;est pas seulement un outil pratique mais aussi un accessoire de mode. L&#039;ABS imperm\u00e9able fait de cette trousse de maquillage sur roulettes un protecteur parfait pour vos cosm\u00e9tiques lorsqu&#039;elle est utilis\u00e9e \u00e0 l&#039;ext\u00e9rieur. Le placage ABS brillant et le motif en diamant en relief ajoutent une couche de beaut\u00e9 dimensionnelle \u00e0 cette trousse de maquillage. Cette trousse de maquillage adopte 4 roues amovibles de haute qualit\u00e9 pour un roulement silencieux et sans effort. Une poign\u00e9e de traction coulissante en douceur avec des tubes hexagonaux innovants assure une excellente stabilit\u00e9. Poign\u00e9e sur le dessus pour un transport pratique. Par rapport \u00e0 la tige t\u00e9lescopique circulaire traditionnelle, nous adoptons une tige t\u00e9lescopique hexagonale, beaucoup plus solide et durable. 4 tiroirs lat\u00e9raux coulissants sont con\u00e7us pour les petits objets comme le vernis, le rouge \u00e0 l\u00e8vres, les huiles essentielles, les \u00e9pingles \u00e0 cheveux, etc. 1 grand compartiment sup\u00e9rieur peut contenir un fer plat\/\u00e0 friser, des sprays, des palettes et d&#039;autres articles de taille relativement grande. Un tiroir inf\u00e9rieur peut garder les brosses \u00e0 cheveux et les bouteilles courtes \u00e0 port\u00e9e de main et bien rang\u00e9es. Les pochettes sup\u00e9rieures sont verrouillables pour plus de s\u00e9curit\u00e9\u00a0; 2 cl\u00e9s pour les serrures. Chaque coin de cette trousse de maquillage est bien prot\u00e9g\u00e9 avec du m\u00e9tal et du plastique pour plus de durabilit\u00e9 et de robustesse.<\/p>\n<\/div>\n<\/div>","protected":false},"excerpt":{"rendered":"<p>Mod\u00e8le : SC-RM0007<\/p>\n<p>Taille: 342*241*559mm<\/p>\n<p>Quantit\u00e9 minimale de commande : 50 pi\u00e8ces<\/p>\n<p>D\u00e9lai de livraison : 15-25 jours<\/p>\n<p>\u00c9chantillon\u00a0: Disponible<\/p>","protected":false},"featured_media":20633,"template":"","meta":{"_gspb_post_css":""},"product_cat":[97],"product_tag":[],"featured_image_urls":{"full":["https:\/\/suncasesupply.com\/wp-content\/uploads\/2023\/08\/d4bc0d8a-2bd6-4a04-a47c-765bd7da0f3c.93c56ac84285aff7e4077b006b6b8974.webp",1000,1000,false],"thumbnail":["https:\/\/suncasesupply.com\/wp-content\/uploads\/2023\/08\/d4bc0d8a-2bd6-4a04-a47c-765bd7da0f3c.93c56ac84285aff7e4077b006b6b8974-150x150.webp",150,150,true],"medium":["https:\/\/suncasesupply.com\/wp-content\/uploads\/2023\/08\/d4bc0d8a-2bd6-4a04-a47c-765bd7da0f3c.93c56ac84285aff7e4077b006b6b8974-300x300.webp",300,300,true],"medium_large":["https:\/\/suncasesupply.com\/wp-content\/uploads\/2023\/08\/d4bc0d8a-2bd6-4a04-a47c-765bd7da0f3c.93c56ac84285aff7e4077b006b6b8974-768x768.webp",768,768,true],"large":["https:\/\/suncasesupply.com\/wp-content\/uploads\/2023\/08\/d4bc0d8a-2bd6-4a04-a47c-765bd7da0f3c.93c56ac84285aff7e4077b006b6b8974.webp",1000,1000,false],"1536x1536":["https:\/\/suncasesupply.com\/wp-content\/uploads\/2023\/08\/d4bc0d8a-2bd6-4a04-a47c-765bd7da0f3c.93c56ac84285aff7e4077b006b6b8974.webp",1000,1000,false],"2048x2048":["https:\/\/suncasesupply.com\/wp-content\/uploads\/2023\/08\/d4bc0d8a-2bd6-4a04-a47c-765bd7da0f3c.93c56ac84285aff7e4077b006b6b8974.webp",1000,1000,false],"trp-custom-language-flag":["https:\/\/suncasesupply.com\/wp-content\/uploads\/2023\/08\/d4bc0d8a-2bd6-4a04-a47c-765bd7da0f3c.93c56ac84285aff7e4077b006b6b8974.webp",12,12,false],"woocommerce_thumbnail":["https:\/\/suncasesupply.com\/wp-content\/uploads\/2023\/08\/d4bc0d8a-2bd6-4a04-a47c-765bd7da0f3c.93c56ac84285aff7e4077b006b6b8974-300x300.webp",300,300,true],"woocommerce_single":["https:\/\/suncasesupply.com\/wp-content\/uploads\/2023\/08\/d4bc0d8a-2bd6-4a04-a47c-765bd7da0f3c.93c56ac84285aff7e4077b006b6b8974-600x600.webp",600,600,true],"woocommerce_gallery_thumbnail":["https:\/\/suncasesupply.com\/wp-content\/uploads\/2023\/08\/d4bc0d8a-2bd6-4a04-a47c-765bd7da0f3c.93c56ac84285aff7e4077b006b6b8974-100x100.webp",100,100,true]},"post_excerpt_stackable":"<p>Model : SC-RM0007<\/p>\n<p>Size: 342*241*559mm<\/p>\n<p>MOQ: 50pcs<\/p>\n<p>Delivery Time : 15-25 Days<\/p>\n<p>Sample : Available<\/p>\n","category_list":"","author_info":{"name":"","url":""},"comments_num":"0 commentaire","_links":{"self":[{"href":"https:\/\/suncasesupply.com\/fr\/wp-json\/wp\/v2\/product\/20631"}],"collection":[{"href":"https:\/\/suncasesupply.com\/fr\/wp-json\/wp\/v2\/product"}],"about":[{"href":"https:\/\/suncasesupply.com\/fr\/wp-json\/wp\/v2\/types\/product"}],"wp:featuredmedia":[{"embeddable":true,"href":"https:\/\/suncasesupply.com\/fr\/wp-json\/wp\/v2\/media\/20633"}],"wp:attachment":[{"href":"https:\/\/suncasesupply.com\/fr\/wp-json\/wp\/v2\/media?parent=20631"}],"wp:term":[{"taxonomy":"product_cat","embeddable":true,"href":"https:\/\/suncasesupply.com\/fr\/wp-json\/wp\/v2\/product_cat?post=20631"},{"taxonomy":"product_tag","embeddable":true,"href":"https:\/\/suncasesupply.com\/fr\/wp-json\/wp\/v2\/product_tag?post=20631"}],"curies":[{"name":"wp","href":"https:\/\/api.w.org\/{rel}","templated":true}]}}