{"id":20612,"date":"2023-08-25T09:22:26","date_gmt":"2023-08-25T01:22:26","guid":{"rendered":"https:\/\/suncasesupply.com\/?post_type=product&#038;p=20612"},"modified":"2025-02-26T11:09:27","modified_gmt":"2025-02-26T03:09:27","slug":"nail-polish-box-case-cosmetic-varnish-vanity-makeup-beauty-storage","status":"publish","type":"product","link":"https:\/\/suncasesupply.com\/fr\/product\/nail-polish-box-case-cosmetic-varnish-vanity-makeup-beauty-storage\/","title":{"rendered":"Bo\u00eete \u00e0 vernis \u00e0 ongles, \u00e9tui pour vernis cosm\u00e9tique, vanit\u00e9, maquillage, rangement de beaut\u00e9"},"content":{"rendered":"<p>&nbsp;<\/p>\n<table width=\"774\">\n<tbody>\n<tr>\n<td width=\"177\">Article<\/td>\n<td width=\"597\">Trousse de maquillage en aluminium<\/td>\n<\/tr>\n<tr>\n<td>Dimension<\/td>\n<td>Personnaliser<\/td>\n<\/tr>\n<tr>\n<td>Couleurs<\/td>\n<td>Comme le montrent les images ou personnaliser<\/td>\n<\/tr>\n<tr>\n<td>Mat\u00e9riaux<\/td>\n<td>Aluminium, panneau ABS, panneau MDF, doublure EVA\/mousse\/tissu\/PU, quincaillerie<\/td>\n<\/tr>\n<tr>\n<td>Logo<\/td>\n<td>Logo plaque m\u00e9tallique, logo imprim\u00e9, logo en relief, logo laser<\/td>\n<\/tr>\n<tr>\n<td>Temps d&#039;\u00e9chantillonnage<\/td>\n<td>7 jours<\/td>\n<\/tr>\n<tr>\n<td>Port d&#039;embarquement<\/td>\n<td>Canton, Shenzhen<\/td>\n<\/tr>\n<tr>\n<td>Conditions commerciales<\/td>\n<td>EXW, FOB, CIF, DDU, DDP<\/td>\n<\/tr>\n<tr>\n<td>M\u00e9thodes de payement<\/td>\n<td>T\/T, esp\u00e8ces, PayPal, carte de cr\u00e9dit<\/td>\n<\/tr>\n<\/tbody>\n<\/table>\n<p><span style=\"color: #003366;\">Caract\u00e9ristiques:<\/span><\/p>\n<ul id=\"bullets\">\n<li data-title=\"24 Removable nail polish compartments (NAIL POLISH NOT INCLUDED).\">24 compartiments amovibles pour vernis \u00e0 ongles (VERNIS \u00c0 ONGLES NON INCLUS).<\/li>\n<li data-title=\"8 Manicure tool\/file holders.\">8 porte-outils\/fichiers de manucure.<\/li>\n<li data-title=\"8 Manicure tool\/file holders.\">Tiroir coulissant profond pour un rangement g\u00e9n\u00e9reux pour les accessoires de nail art.<\/li>\n<li data-title=\"Made from robust aluminium.\">Fabriqu\u00e9 en aluminium robuste.<\/li>\n<li data-title=\"Faux leather trim handle for comfort and style.\">Poign\u00e9e en similicuir pour plus de confort et de style.<\/li>\n<li data-title=\"Removable nail polish compartments for flexible storage.\">Compartiments de vernis \u00e0 ongles amovibles pour un rangement flexible.<\/li>\n<li data-title=\"High quality robust locking clasps to keep your accessories safe and secure.\">Fermoirs de verrouillage robustes de haute qualit\u00e9 pour garder vos accessoires en s\u00e9curit\u00e9.<\/li>\n<li data-title=\"Faux leather trim handle for comfort and style.\">Poign\u00e9e en similicuir pour plus de confort et de style.<\/li>\n<li data-title=\"Other Beauty Cases are available - please see other listings.\">D\u2019autres Beauty Cases sont disponibles \u2013 veuillez consulter les autres annonces.<\/li>\n<li data-title=\"Nail polish not included.\">Vernis \u00e0 ongles non inclus.<\/li>\n<\/ul>","protected":false},"excerpt":{"rendered":"<p>Mod\u00e8le : SC-CM0021<\/p>\n<p>Taille\u00a0:\u00a0Adapt\u00e9 aux besoins du client<\/p>\n<p>Quantit\u00e9 minimale de commande : 100 pi\u00e8ces<\/p>\n<p>D\u00e9lai de livraison : 15-25 jours<\/p>\n<p>\u00c9chantillon\u00a0: Disponible<\/p>","protected":false},"featured_media":20613,"template":"","meta":{"_gspb_post_css":""},"product_cat":[96],"product_tag":[],"featured_image_urls":{"full":["https:\/\/suncasesupply.com\/wp-content\/uploads\/2023\/08\/1-38.jpg",1527,1600,false],"thumbnail":["https:\/\/suncasesupply.com\/wp-content\/uploads\/2023\/08\/1-38-150x150.jpg",150,150,true],"medium":["https:\/\/suncasesupply.com\/wp-content\/uploads\/2023\/08\/1-38-286x300.jpg",286,300,true],"medium_large":["https:\/\/suncasesupply.com\/wp-content\/uploads\/2023\/08\/1-38-768x805.jpg",768,805,true],"large":["https:\/\/suncasesupply.com\/wp-content\/uploads\/2023\/08\/1-38-977x1024.jpg",977,1024,true],"1536x1536":["https:\/\/suncasesupply.com\/wp-content\/uploads\/2023\/08\/1-38-1466x1536.jpg",1466,1536,true],"2048x2048":["https:\/\/suncasesupply.com\/wp-content\/uploads\/2023\/08\/1-38.jpg",1527,1600,false],"trp-custom-language-flag":["https:\/\/suncasesupply.com\/wp-content\/uploads\/2023\/08\/1-38.jpg",11,12,false],"woocommerce_thumbnail":["https:\/\/suncasesupply.com\/wp-content\/uploads\/2023\/08\/1-38-300x300.jpg",300,300,true],"woocommerce_single":["https:\/\/suncasesupply.com\/wp-content\/uploads\/2023\/08\/1-38-600x629.jpg",600,629,true],"woocommerce_gallery_thumbnail":["https:\/\/suncasesupply.com\/wp-content\/uploads\/2023\/08\/1-38-100x100.jpg",100,100,true]},"post_excerpt_stackable":"<p>Model : SC-CM0021<\/p>\n<p>Size: Customized<\/p>\n<p>MOQ: 100pcs<\/p>\n<p>Delivery Time : 15-25 Days<\/p>\n<p>Sample : Available<\/p>\n","category_list":"","author_info":{"name":"","url":""},"comments_num":"0 commentaire","_links":{"self":[{"href":"https:\/\/suncasesupply.com\/fr\/wp-json\/wp\/v2\/product\/20612"}],"collection":[{"href":"https:\/\/suncasesupply.com\/fr\/wp-json\/wp\/v2\/product"}],"about":[{"href":"https:\/\/suncasesupply.com\/fr\/wp-json\/wp\/v2\/types\/product"}],"wp:featuredmedia":[{"embeddable":true,"href":"https:\/\/suncasesupply.com\/fr\/wp-json\/wp\/v2\/media\/20613"}],"wp:attachment":[{"href":"https:\/\/suncasesupply.com\/fr\/wp-json\/wp\/v2\/media?parent=20612"}],"wp:term":[{"taxonomy":"product_cat","embeddable":true,"href":"https:\/\/suncasesupply.com\/fr\/wp-json\/wp\/v2\/product_cat?post=20612"},{"taxonomy":"product_tag","embeddable":true,"href":"https:\/\/suncasesupply.com\/fr\/wp-json\/wp\/v2\/product_tag?post=20612"}],"curies":[{"name":"wp","href":"https:\/\/api.w.org\/{rel}","templated":true}]}}