{"id":20604,"date":"2023-08-24T18:06:29","date_gmt":"2023-08-24T10:06:29","guid":{"rendered":"https:\/\/suncasesupply.com\/?post_type=product&#038;p=20604"},"modified":"2025-02-26T11:09:34","modified_gmt":"2025-02-26T03:09:34","slug":"portable-makeup-case-cosmetic-beauty-storage-box","status":"publish","type":"product","link":"https:\/\/suncasesupply.com\/fr\/product\/portable-makeup-case-cosmetic-beauty-storage-box\/","title":{"rendered":"\u00c9tui de maquillage portable, bo\u00eete de rangement de beaut\u00e9 cosm\u00e9tique"},"content":{"rendered":"<p>&nbsp;<\/p>\n<table width=\"774\">\n<tbody>\n<tr>\n<td width=\"177\">Article<\/td>\n<td width=\"597\">Trousse de maquillage en aluminium<\/td>\n<\/tr>\n<tr>\n<td>Dimension<\/td>\n<td>35 x 24,5 x 30 cm ou personnaliser<\/td>\n<\/tr>\n<tr>\n<td>Couleurs<\/td>\n<td>Comme le montrent les images ou personnaliser<\/td>\n<\/tr>\n<tr>\n<td>Mat\u00e9riaux<\/td>\n<td>Aluminium, panneau ABS, panneau MDF, doublure EVA\/mousse\/tissu\/PU, quincaillerie<\/td>\n<\/tr>\n<tr>\n<td>Logo<\/td>\n<td>Logo plaque m\u00e9tallique, logo imprim\u00e9, logo en relief, logo laser<\/td>\n<\/tr>\n<tr>\n<td>Temps d&#039;\u00e9chantillonnage<\/td>\n<td>7 jours<\/td>\n<\/tr>\n<tr>\n<td>Port d&#039;embarquement<\/td>\n<td>Canton, Shenzhen<\/td>\n<\/tr>\n<tr>\n<td>Conditions commerciales<\/td>\n<td>EXW, FOB, CIF, DDU, DDP<\/td>\n<\/tr>\n<tr>\n<td>M\u00e9thodes de payement<\/td>\n<td>T\/T, esp\u00e8ces, PayPal, carte de cr\u00e9dit<\/td>\n<\/tr>\n<\/tbody>\n<\/table>\n<p><span style=\"color: #003366;\">Caract\u00e9ristiques:<\/span><\/p>\n<p>Chaque styliste d&#039;ongles mobile peut transporter rapidement et facilement les produits n\u00e9cessaires pour\u00a0<strong>une manucure ou une p\u00e9dicure au gel UV.\u00a0<\/strong>Il suffit d&#039;obtenir un suppl\u00e9ment\u00a0<strong>trousse \u00e0 maquillage spacieuse !<\/strong>\u00a0Avec son aide, vous garderez vos vernis gel UV, vos outils et vos accessoires en ordre et en m\u00eame temps vous vous faciliterez la t\u00e2che.\u00a0<strong>magasin et transport<\/strong>\u00a0tout ce dont vous avez besoin pendant votre travail de styliste mobile.\u00a0<strong>Trousse \u00e0 maquillage noire<\/strong>\u00a0de NEONAIL est non seulement pratique mais aussi extr\u00eamement \u00e9l\u00e9gant\u00a0<strong>\u2013 un am\u00e9nagement \u00e9l\u00e9gant et design\u00a0<\/strong>signifie que ce produit peut \u00e9galement devenir un \u00e9l\u00e9ment d\u00e9coratif de votre int\u00e9rieur.<\/p>","protected":false},"excerpt":{"rendered":"<p>Mod\u00e8le : SC-CM0020<\/p>\n<p>Dimensions : 35 x 24,5 x 30 cm<\/p>\n<p>Quantit\u00e9 minimale de commande : 100 pi\u00e8ces<\/p>\n<p>D\u00e9lai de livraison : 15-25 jours<\/p>\n<p>\u00c9chantillon\u00a0: Disponible<\/p>","protected":false},"featured_media":20609,"template":"","meta":{"_gspb_post_css":""},"product_cat":[96],"product_tag":[],"featured_image_urls":{"full":["https:\/\/suncasesupply.com\/wp-content\/uploads\/2023\/08\/cosmetic-case-m.webp",750,750,false],"thumbnail":["https:\/\/suncasesupply.com\/wp-content\/uploads\/2023\/08\/cosmetic-case-m-150x150.webp",150,150,true],"medium":["https:\/\/suncasesupply.com\/wp-content\/uploads\/2023\/08\/cosmetic-case-m-300x300.webp",300,300,true],"medium_large":["https:\/\/suncasesupply.com\/wp-content\/uploads\/2023\/08\/cosmetic-case-m.webp",750,750,false],"large":["https:\/\/suncasesupply.com\/wp-content\/uploads\/2023\/08\/cosmetic-case-m.webp",750,750,false],"1536x1536":["https:\/\/suncasesupply.com\/wp-content\/uploads\/2023\/08\/cosmetic-case-m.webp",750,750,false],"2048x2048":["https:\/\/suncasesupply.com\/wp-content\/uploads\/2023\/08\/cosmetic-case-m.webp",750,750,false],"trp-custom-language-flag":["https:\/\/suncasesupply.com\/wp-content\/uploads\/2023\/08\/cosmetic-case-m.webp",12,12,false],"woocommerce_thumbnail":["https:\/\/suncasesupply.com\/wp-content\/uploads\/2023\/08\/cosmetic-case-m-300x300.webp",300,300,true],"woocommerce_single":["https:\/\/suncasesupply.com\/wp-content\/uploads\/2023\/08\/cosmetic-case-m-600x600.webp",600,600,true],"woocommerce_gallery_thumbnail":["https:\/\/suncasesupply.com\/wp-content\/uploads\/2023\/08\/cosmetic-case-m-100x100.webp",100,100,true]},"post_excerpt_stackable":"<p>Model : SC-CM0020<\/p>\n<p>Size: 35 x 24.5 x 30 cm<\/p>\n<p>MOQ: 100pcs<\/p>\n<p>Delivery Time : 15-25 Days<\/p>\n<p>Sample : Available<\/p>\n","category_list":"","author_info":{"name":"","url":""},"comments_num":"0 commentaire","_links":{"self":[{"href":"https:\/\/suncasesupply.com\/fr\/wp-json\/wp\/v2\/product\/20604"}],"collection":[{"href":"https:\/\/suncasesupply.com\/fr\/wp-json\/wp\/v2\/product"}],"about":[{"href":"https:\/\/suncasesupply.com\/fr\/wp-json\/wp\/v2\/types\/product"}],"wp:featuredmedia":[{"embeddable":true,"href":"https:\/\/suncasesupply.com\/fr\/wp-json\/wp\/v2\/media\/20609"}],"wp:attachment":[{"href":"https:\/\/suncasesupply.com\/fr\/wp-json\/wp\/v2\/media?parent=20604"}],"wp:term":[{"taxonomy":"product_cat","embeddable":true,"href":"https:\/\/suncasesupply.com\/fr\/wp-json\/wp\/v2\/product_cat?post=20604"},{"taxonomy":"product_tag","embeddable":true,"href":"https:\/\/suncasesupply.com\/fr\/wp-json\/wp\/v2\/product_tag?post=20604"}],"curies":[{"name":"wp","href":"https:\/\/api.w.org\/{rel}","templated":true}]}}