{"id":20597,"date":"2023-08-24T17:59:46","date_gmt":"2023-08-24T09:59:46","guid":{"rendered":"https:\/\/suncasesupply.com\/?post_type=product&#038;p=20597"},"modified":"2025-02-26T11:10:39","modified_gmt":"2025-02-26T03:10:39","slug":"carry-aluminum-nail-case-cosmetic-storage-case-for-nail-polish","status":"publish","type":"product","link":"https:\/\/suncasesupply.com\/fr\/product\/carry-aluminum-nail-case-cosmetic-storage-case-for-nail-polish\/","title":{"rendered":"\u00c9tui \u00e0 ongles en aluminium, mallette de rangement cosm\u00e9tique pour vernis \u00e0 ongles"},"content":{"rendered":"<p>&nbsp;<\/p>\n<table width=\"774\">\n<tbody>\n<tr>\n<td width=\"177\">Article<\/td>\n<td width=\"597\">Trousse de maquillage en aluminium<\/td>\n<\/tr>\n<tr>\n<td>Dimension<\/td>\n<td>35*25*40 cm ou personnaliser<\/td>\n<\/tr>\n<tr>\n<td>Couleurs<\/td>\n<td>Comme le montrent les images ou personnaliser<\/td>\n<\/tr>\n<tr>\n<td>Mat\u00e9riaux<\/td>\n<td>Aluminium, panneau ABS, panneau MDF, doublure EVA\/mousse\/tissu\/PU, quincaillerie<\/td>\n<\/tr>\n<tr>\n<td>Logo<\/td>\n<td>Logo plaque m\u00e9tallique, logo imprim\u00e9, logo en relief, logo laser<\/td>\n<\/tr>\n<tr>\n<td>Temps d&#039;\u00e9chantillonnage<\/td>\n<td>7 jours<\/td>\n<\/tr>\n<tr>\n<td>Port d&#039;embarquement<\/td>\n<td>Canton, Shenzhen<\/td>\n<\/tr>\n<tr>\n<td>Conditions commerciales<\/td>\n<td>EXW, FOB, CIF, DDU, DDP<\/td>\n<\/tr>\n<tr>\n<td>M\u00e9thodes de payement<\/td>\n<td>T\/T, esp\u00e8ces, PayPal, carte de cr\u00e9dit<\/td>\n<\/tr>\n<\/tbody>\n<\/table>\n<p><span style=\"color: #003366;\">Caract\u00e9ristiques:<\/span><\/p>\n<p><strong>Mallette cosm\u00e9tique\/coiffeur<\/strong>\u00a0id\u00e9al pour les stylistes d&#039;ongles, les esth\u00e9ticiennes, les maquilleurs travaillant sur le terrain ou pour ranger les produits cosm\u00e9tiques \u00e0 la maison. La taille du coffre solidement fabriqu\u00e9e, pliable et s\u00e9lectionn\u00e9e de mani\u00e8re optimale vous permet d&#039;ins\u00e9rer facilement une lampe UV et LED pleine grandeur \u00e0 l&#039;int\u00e9rieur.<\/p>\n<p><strong>tronc<\/strong>\u00a0ouvert des deux c\u00f4t\u00e9s, il dispose de 2 \u00e9tag\u00e8res coulissantes pour les petits ustensiles, tels que les vernis hybrides, les pinceaux, les petits et grands cosm\u00e9tiques.<\/p>\n<p>La taille du coffre solidement fabriqu\u00e9e, pliable et s\u00e9lectionn\u00e9e de mani\u00e8re optimale vous permet d&#039;ins\u00e9rer facilement une lampe UV et LED pleine grandeur \u00e0 l&#039;int\u00e9rieur. Le coffre double face est dot\u00e9 d&#039;\u00e9tag\u00e8res coulissantes et d&#039;une s\u00e9curit\u00e9 sous la forme de deux serrures avec cl\u00e9.<\/p>\n<p>Id\u00e9al pour les travaux sur le terrain gr\u00e2ce \u00e0 son faible poids. Une malle \u00e9l\u00e9gante pour pr\u00e9senter des produits lors de r\u00e9unions officielles, par exemple des r\u00e9unions d&#039;affaires. Cela fonctionnera dans toutes les situations !<\/p>\n<p><strong>deux pi\u00e8ces<\/strong>\u00a0\u2013 vous pouvez utiliser la totalit\u00e9 ou une seule partie d\u00e9tachable.<\/p>\n<p>Vous pouvez ranger des objets en toute s\u00e9curit\u00e9 dans le coffre, gr\u00e2ce \u00e0 deux verrous s\u00e9curisant le contenu. Le coffre est livr\u00e9 avec 2 cl\u00e9s.<\/p>\n<ul>\n<li class=\"active\">Parfait pour les esth\u00e9ticiennes et les stylistes.<\/li>\n<li>Ouverture double face.<\/li>\n<li>Verrouillable avec une cl\u00e9, 2 serrures.<\/li>\n<li>Design intemporel \u2013 extr\u00eamement exclusif et tendance.<\/li>\n<li>Facile \u00e0 nettoyer : la surface est enti\u00e8rement lavable.<\/li>\n<li>L&#039;int\u00e9rieur est doubl\u00e9 d&#039;une mati\u00e8re douce imitant le velours.<\/li>\n<li>Pratique \u2013 une malle facile \u00e0 transporter, id\u00e9ale pour ranger les produits cosm\u00e9tiques.<\/li>\n<li>1 grand compartiment en partie haute.<\/li>\n<li>1 grand compartiment en partie basse.<\/li>\n<li>Tr\u00e8s grande capacit\u00e9 pour lampe LED UV 48\/54 W<\/li>\n<li>Il contient des \u00e9ponges pour vernis.<\/li>\n<\/ul>","protected":false},"excerpt":{"rendered":"<p>Mod\u00e8le : SC-CM0019<\/p>\n<p>Taille: 35*25*40 cm<\/p>\n<p>Quantit\u00e9 minimale de commande : 100 pi\u00e8ces<\/p>\n<p>D\u00e9lai de livraison : 15-25 jours<\/p>\n<p>\u00c9chantillon\u00a0: Disponible<\/p>","protected":false},"featured_media":20598,"template":"","meta":{"_gspb_post_css":""},"product_cat":[96],"product_tag":[],"featured_image_urls":{"full":["https:\/\/suncasesupply.com\/wp-content\/uploads\/2023\/08\/cosmetic-case-l.webp",750,750,false],"thumbnail":["https:\/\/suncasesupply.com\/wp-content\/uploads\/2023\/08\/cosmetic-case-l-150x150.webp",150,150,true],"medium":["https:\/\/suncasesupply.com\/wp-content\/uploads\/2023\/08\/cosmetic-case-l-300x300.webp",300,300,true],"medium_large":["https:\/\/suncasesupply.com\/wp-content\/uploads\/2023\/08\/cosmetic-case-l.webp",750,750,false],"large":["https:\/\/suncasesupply.com\/wp-content\/uploads\/2023\/08\/cosmetic-case-l.webp",750,750,false],"1536x1536":["https:\/\/suncasesupply.com\/wp-content\/uploads\/2023\/08\/cosmetic-case-l.webp",750,750,false],"2048x2048":["https:\/\/suncasesupply.com\/wp-content\/uploads\/2023\/08\/cosmetic-case-l.webp",750,750,false],"trp-custom-language-flag":["https:\/\/suncasesupply.com\/wp-content\/uploads\/2023\/08\/cosmetic-case-l.webp",12,12,false],"woocommerce_thumbnail":["https:\/\/suncasesupply.com\/wp-content\/uploads\/2023\/08\/cosmetic-case-l-300x300.webp",300,300,true],"woocommerce_single":["https:\/\/suncasesupply.com\/wp-content\/uploads\/2023\/08\/cosmetic-case-l-600x600.webp",600,600,true],"woocommerce_gallery_thumbnail":["https:\/\/suncasesupply.com\/wp-content\/uploads\/2023\/08\/cosmetic-case-l-100x100.webp",100,100,true]},"post_excerpt_stackable":"<p>Model : SC-CM0019<\/p>\n<p>Size: 35*25*40 cm<\/p>\n<p>MOQ: 100pcs<\/p>\n<p>Delivery Time : 15-25 Days<\/p>\n<p>Sample : Available<\/p>\n","category_list":"","author_info":{"name":"","url":""},"comments_num":"0 commentaire","_links":{"self":[{"href":"https:\/\/suncasesupply.com\/fr\/wp-json\/wp\/v2\/product\/20597"}],"collection":[{"href":"https:\/\/suncasesupply.com\/fr\/wp-json\/wp\/v2\/product"}],"about":[{"href":"https:\/\/suncasesupply.com\/fr\/wp-json\/wp\/v2\/types\/product"}],"wp:featuredmedia":[{"embeddable":true,"href":"https:\/\/suncasesupply.com\/fr\/wp-json\/wp\/v2\/media\/20598"}],"wp:attachment":[{"href":"https:\/\/suncasesupply.com\/fr\/wp-json\/wp\/v2\/media?parent=20597"}],"wp:term":[{"taxonomy":"product_cat","embeddable":true,"href":"https:\/\/suncasesupply.com\/fr\/wp-json\/wp\/v2\/product_cat?post=20597"},{"taxonomy":"product_tag","embeddable":true,"href":"https:\/\/suncasesupply.com\/fr\/wp-json\/wp\/v2\/product_tag?post=20597"}],"curies":[{"name":"wp","href":"https:\/\/api.w.org\/{rel}","templated":true}]}}