{"id":20574,"date":"2023-08-24T17:29:09","date_gmt":"2023-08-24T09:29:09","guid":{"rendered":"https:\/\/suncasesupply.com\/?post_type=product&#038;p=20574"},"modified":"2025-02-26T11:10:58","modified_gmt":"2025-02-26T03:10:58","slug":"portable-aluminum-cosmetic-storage-box-profession-travel-train-beauty-case","status":"publish","type":"product","link":"https:\/\/suncasesupply.com\/fr\/product\/portable-aluminum-cosmetic-storage-box-profession-travel-train-beauty-case\/","title":{"rendered":"Bo\u00eete de rangement cosm\u00e9tique en aluminium Portable, \u00e9tui de beaut\u00e9 en Train de voyage professionnel"},"content":{"rendered":"<p>&nbsp;<\/p>\n<table width=\"774\">\n<tbody>\n<tr>\n<td width=\"177\">Article<\/td>\n<td width=\"597\">Trousse de maquillage en aluminium<\/td>\n<\/tr>\n<tr>\n<td>Dimension<\/td>\n<td>305*205*260 mm ou personnaliser<\/td>\n<\/tr>\n<tr>\n<td>Couleurs<\/td>\n<td>Comme le montrent les images ou personnaliser<\/td>\n<\/tr>\n<tr>\n<td>Mat\u00e9riaux<\/td>\n<td>Aluminium, panneau ABS, panneau MDF, doublure EVA\/mousse\/tissu\/PU, quincaillerie<\/td>\n<\/tr>\n<tr>\n<td>Logo<\/td>\n<td>Logo plaque m\u00e9tallique, logo imprim\u00e9, logo en relief, logo laser<\/td>\n<\/tr>\n<tr>\n<td>Temps d&#039;\u00e9chantillonnage<\/td>\n<td>7 jours<\/td>\n<\/tr>\n<tr>\n<td>Port d&#039;embarquement<\/td>\n<td>Canton, Shenzhen<\/td>\n<\/tr>\n<tr>\n<td>Conditions commerciales<\/td>\n<td>EXW, FOB, CIF, DDU, DDP<\/td>\n<\/tr>\n<tr>\n<td>M\u00e9thodes de payement<\/td>\n<td>T\/T, esp\u00e8ces, PayPal, carte de cr\u00e9dit<\/td>\n<\/tr>\n<\/tbody>\n<\/table>\n<p><span style=\"color: #003366;\">Caract\u00e9ristiques:<\/span><\/p>\n<p>Cette affaire m\u00e9rite certainement l\u2019attention. Pourquoi? Il suffit de regarder ces cristaux int\u00e9gr\u00e9s au bo\u00eetier pour en faire une telle royaut\u00e9. Cette mallette dispose de quatre plateaux extensibles pour vos essentiels de beaut\u00e9, les gardant ainsi organis\u00e9s \u00e0 tout moment. C&#039;est d\u00e9finitivement l&#039;une de vos trousses de maquillage en d\u00e9placement.<\/p>\n<ul>\n<li>Finition et construction en aluminium de haute qualit\u00e9 pour une durabilit\u00e9 accrue<\/li>\n<li>Belle nouvelle finition noire, rose et cristalline avec garniture en aluminium<\/li>\n<li>Int\u00e9rieur facile \u00e0 nettoyer<\/li>\n<li>Grand compartiment de rangement central<\/li>\n<li>Poign\u00e9e robuste pour plus de confort et d&#039;adh\u00e9rence<\/li>\n<li>Dimensions hors tout du bo\u00eetier (LxlxH) : 12\u2033 x 8\u2033 x 10,25\u2033<\/li>\n<li>Poids de l&#039;article : 8 kg.<\/li>\n<\/ul>","protected":false},"excerpt":{"rendered":"<p>Mod\u00e8le : SC-CM0016<\/p>\n<p>Taille: 305*205*260mm<\/p>\n<p>Quantit\u00e9 minimale de commande : 100 pi\u00e8ces<\/p>\n<p>D\u00e9lai de livraison : 15-25 jours<\/p>\n<p>\u00c9chantillon\u00a0: Disponible<\/p>","protected":false},"featured_media":20575,"template":"","meta":{"_gspb_post_css":""},"product_cat":[96],"product_tag":[],"featured_image_urls":{"full":["https:\/\/suncasesupply.com\/wp-content\/uploads\/2023\/08\/vp00943_a3_2000x.webp",2000,2000,false],"thumbnail":["https:\/\/suncasesupply.com\/wp-content\/uploads\/2023\/08\/vp00943_a3_2000x-150x150.webp",150,150,true],"medium":["https:\/\/suncasesupply.com\/wp-content\/uploads\/2023\/08\/vp00943_a3_2000x-300x300.webp",300,300,true],"medium_large":["https:\/\/suncasesupply.com\/wp-content\/uploads\/2023\/08\/vp00943_a3_2000x-768x768.webp",768,768,true],"large":["https:\/\/suncasesupply.com\/wp-content\/uploads\/2023\/08\/vp00943_a3_2000x-1024x1024.webp",1024,1024,true],"1536x1536":["https:\/\/suncasesupply.com\/wp-content\/uploads\/2023\/08\/vp00943_a3_2000x-1536x1536.webp",1536,1536,true],"2048x2048":["https:\/\/suncasesupply.com\/wp-content\/uploads\/2023\/08\/vp00943_a3_2000x.webp",2000,2000,false],"trp-custom-language-flag":["https:\/\/suncasesupply.com\/wp-content\/uploads\/2023\/08\/vp00943_a3_2000x.webp",12,12,false],"woocommerce_thumbnail":["https:\/\/suncasesupply.com\/wp-content\/uploads\/2023\/08\/vp00943_a3_2000x-300x300.webp",300,300,true],"woocommerce_single":["https:\/\/suncasesupply.com\/wp-content\/uploads\/2023\/08\/vp00943_a3_2000x-600x600.webp",600,600,true],"woocommerce_gallery_thumbnail":["https:\/\/suncasesupply.com\/wp-content\/uploads\/2023\/08\/vp00943_a3_2000x-100x100.webp",100,100,true]},"post_excerpt_stackable":"<p>Model : SC-CM0016<\/p>\n<p>Size: 305*205 *260 mm<\/p>\n<p>MOQ: 100pcs<\/p>\n<p>Delivery Time : 15-25 Days<\/p>\n<p>Sample : Available<\/p>\n","category_list":"","author_info":{"name":"","url":""},"comments_num":"0 commentaire","_links":{"self":[{"href":"https:\/\/suncasesupply.com\/fr\/wp-json\/wp\/v2\/product\/20574"}],"collection":[{"href":"https:\/\/suncasesupply.com\/fr\/wp-json\/wp\/v2\/product"}],"about":[{"href":"https:\/\/suncasesupply.com\/fr\/wp-json\/wp\/v2\/types\/product"}],"wp:featuredmedia":[{"embeddable":true,"href":"https:\/\/suncasesupply.com\/fr\/wp-json\/wp\/v2\/media\/20575"}],"wp:attachment":[{"href":"https:\/\/suncasesupply.com\/fr\/wp-json\/wp\/v2\/media?parent=20574"}],"wp:term":[{"taxonomy":"product_cat","embeddable":true,"href":"https:\/\/suncasesupply.com\/fr\/wp-json\/wp\/v2\/product_cat?post=20574"},{"taxonomy":"product_tag","embeddable":true,"href":"https:\/\/suncasesupply.com\/fr\/wp-json\/wp\/v2\/product_tag?post=20574"}],"curies":[{"name":"wp","href":"https:\/\/api.w.org\/{rel}","templated":true}]}}