{"id":20564,"date":"2023-08-24T17:09:20","date_gmt":"2023-08-24T09:09:20","guid":{"rendered":"https:\/\/suncasesupply.com\/?post_type=product&#038;p=20564"},"modified":"2025-02-26T11:11:24","modified_gmt":"2025-02-26T03:11:24","slug":"aluminum-cosmetic-organizer-storage-case-with-mirror-makeup-travel-organizer-jewelry-box","status":"publish","type":"product","link":"https:\/\/suncasesupply.com\/fr\/product\/aluminum-cosmetic-organizer-storage-case-with-mirror-makeup-travel-organizer-jewelry-box\/","title":{"rendered":"Mallette de rangement pour organisateur de cosm\u00e9tiques en aluminium avec miroir, bo\u00eete \u00e0 bijoux pour organisateur de voyage de maquillage"},"content":{"rendered":"<p>&nbsp;<\/p>\n<table width=\"774\">\n<tbody>\n<tr>\n<td width=\"177\">Article<\/td>\n<td width=\"597\">Trousse de maquillage en aluminium<\/td>\n<\/tr>\n<tr>\n<td>Dimension<\/td>\n<td>23 x 15 x 15 cm ou personnaliser<\/td>\n<\/tr>\n<tr>\n<td>Couleurs<\/td>\n<td>Comme le montrent les images ou personnaliser<\/td>\n<\/tr>\n<tr>\n<td>Mat\u00e9riaux<\/td>\n<td>Aluminium, panneau ABS, panneau MDF, doublure EVA\/mousse\/tissu\/PU, quincaillerie<\/td>\n<\/tr>\n<tr>\n<td>Logo<\/td>\n<td>Logo plaque m\u00e9tallique, logo imprim\u00e9, logo en relief, logo laser<\/td>\n<\/tr>\n<tr>\n<td>Temps d&#039;\u00e9chantillonnage<\/td>\n<td>7 jours<\/td>\n<\/tr>\n<tr>\n<td>Port d&#039;embarquement<\/td>\n<td>Canton, Shenzhen<\/td>\n<\/tr>\n<tr>\n<td>Conditions commerciales<\/td>\n<td>EXW, FOB, CIF, DDU, DDP<\/td>\n<\/tr>\n<tr>\n<td>M\u00e9thodes de payement<\/td>\n<td>T\/T, esp\u00e8ces, PayPal, carte de cr\u00e9dit<\/td>\n<\/tr>\n<\/tbody>\n<\/table>\n<p><span style=\"color: #003366;\">Caract\u00e9ristiques:<\/span><\/p>\n<p>Il y a plusieurs s\u00e9parateurs qui peuvent \u00eatre plac\u00e9s dans la trousse de maquillage, des plateaux r\u00e9tractables et un rangement central amovible, qui vous aident \u00e0 organiser vos produits cosm\u00e9tiques de mani\u00e8re plus organis\u00e9e et plus soign\u00e9e. Et ajustez-les \u00e0 diff\u00e9rentes longueurs pour des maquillages de diff\u00e9rentes tailles afin qu&#039;ils ne se renversent pas. Les grands compartiments sup\u00e9rieur et inf\u00e9rieur sans s\u00e9parateurs peuvent stocker des fers \u00e0 lisser, des sprays, des sacs \u00e0 brosses et d&#039;autres articles de taille relativement grande. De plus, il dispose \u00e9galement d&#039;un miroir int\u00e9gr\u00e9, qui peut \u00eatre d\u00e9pli\u00e9 en position verticale pour des applications de maquillage faciles en d\u00e9placement.<\/p>","protected":false},"excerpt":{"rendered":"<p>Mod\u00e8le : SC-CM00113<\/p>\n<p>Taille: 23x15x15cm<\/p>\n<p>Quantit\u00e9 minimale de commande : 100 pi\u00e8ces<br \/>\nD\u00e9lai de livraison : 15-25 jours<\/p>\n<p>\u00c9chantillon\u00a0: Disponible<\/p>","protected":false},"featured_media":20557,"template":"","meta":{"_gspb_post_css":""},"product_cat":[96],"product_tag":[],"featured_image_urls":{"full":["https:\/\/suncasesupply.com\/wp-content\/uploads\/2023\/08\/5_a3cb2c29-d40a-4daf-905a-f09c588bfc3a_2048x.webp",612,612,false],"thumbnail":["https:\/\/suncasesupply.com\/wp-content\/uploads\/2023\/08\/5_a3cb2c29-d40a-4daf-905a-f09c588bfc3a_2048x-150x150.webp",150,150,true],"medium":["https:\/\/suncasesupply.com\/wp-content\/uploads\/2023\/08\/5_a3cb2c29-d40a-4daf-905a-f09c588bfc3a_2048x-300x300.webp",300,300,true],"medium_large":["https:\/\/suncasesupply.com\/wp-content\/uploads\/2023\/08\/5_a3cb2c29-d40a-4daf-905a-f09c588bfc3a_2048x.webp",612,612,false],"large":["https:\/\/suncasesupply.com\/wp-content\/uploads\/2023\/08\/5_a3cb2c29-d40a-4daf-905a-f09c588bfc3a_2048x.webp",612,612,false],"1536x1536":["https:\/\/suncasesupply.com\/wp-content\/uploads\/2023\/08\/5_a3cb2c29-d40a-4daf-905a-f09c588bfc3a_2048x.webp",612,612,false],"2048x2048":["https:\/\/suncasesupply.com\/wp-content\/uploads\/2023\/08\/5_a3cb2c29-d40a-4daf-905a-f09c588bfc3a_2048x.webp",612,612,false],"trp-custom-language-flag":["https:\/\/suncasesupply.com\/wp-content\/uploads\/2023\/08\/5_a3cb2c29-d40a-4daf-905a-f09c588bfc3a_2048x.webp",12,12,false],"woocommerce_thumbnail":["https:\/\/suncasesupply.com\/wp-content\/uploads\/2023\/08\/5_a3cb2c29-d40a-4daf-905a-f09c588bfc3a_2048x-300x300.webp",300,300,true],"woocommerce_single":["https:\/\/suncasesupply.com\/wp-content\/uploads\/2023\/08\/5_a3cb2c29-d40a-4daf-905a-f09c588bfc3a_2048x-600x600.webp",600,600,true],"woocommerce_gallery_thumbnail":["https:\/\/suncasesupply.com\/wp-content\/uploads\/2023\/08\/5_a3cb2c29-d40a-4daf-905a-f09c588bfc3a_2048x-100x100.webp",100,100,true]},"post_excerpt_stackable":"<p>Model : SC-CM00113<\/p>\n<p>Size: 23 x 15 x 15cm<\/p>\n<p>MOQ: 100pcs<br \/>\nDelivery Time : 15-25 Days<\/p>\n<p>Sample : Available<\/p>\n","category_list":"","author_info":{"name":"","url":""},"comments_num":"0 commentaire","_links":{"self":[{"href":"https:\/\/suncasesupply.com\/fr\/wp-json\/wp\/v2\/product\/20564"}],"collection":[{"href":"https:\/\/suncasesupply.com\/fr\/wp-json\/wp\/v2\/product"}],"about":[{"href":"https:\/\/suncasesupply.com\/fr\/wp-json\/wp\/v2\/types\/product"}],"wp:featuredmedia":[{"embeddable":true,"href":"https:\/\/suncasesupply.com\/fr\/wp-json\/wp\/v2\/media\/20557"}],"wp:attachment":[{"href":"https:\/\/suncasesupply.com\/fr\/wp-json\/wp\/v2\/media?parent=20564"}],"wp:term":[{"taxonomy":"product_cat","embeddable":true,"href":"https:\/\/suncasesupply.com\/fr\/wp-json\/wp\/v2\/product_cat?post=20564"},{"taxonomy":"product_tag","embeddable":true,"href":"https:\/\/suncasesupply.com\/fr\/wp-json\/wp\/v2\/product_tag?post=20564"}],"curies":[{"name":"wp","href":"https:\/\/api.w.org\/{rel}","templated":true}]}}