{"id":20549,"date":"2023-08-24T17:00:44","date_gmt":"2023-08-24T09:00:44","guid":{"rendered":"https:\/\/suncasesupply.com\/?post_type=product&#038;p=20549"},"modified":"2025-02-26T11:11:31","modified_gmt":"2025-02-26T03:11:31","slug":"professional-beauty-box-makeup-case-cosmetic-case-with-adjustable-dividers","status":"publish","type":"product","link":"https:\/\/suncasesupply.com\/fr\/product\/professional-beauty-box-makeup-case-cosmetic-case-with-adjustable-dividers\/","title":{"rendered":"Bo\u00eete de beaut\u00e9 professionnelle, \u00e9tui de maquillage, \u00e9tui \u00e0 cosm\u00e9tiques avec s\u00e9parateurs r\u00e9glables"},"content":{"rendered":"<p>&nbsp;<\/p>\n<table width=\"774\">\n<tbody>\n<tr>\n<td width=\"177\">Article<\/td>\n<td width=\"597\">Trousse de maquillage en aluminium<\/td>\n<\/tr>\n<tr>\n<td>Dimension<\/td>\n<td>348*220*249 mm ou personnaliser<\/td>\n<\/tr>\n<tr>\n<td>Couleurs<\/td>\n<td>Comme le montrent les images ou personnaliser<\/td>\n<\/tr>\n<tr>\n<td>Mat\u00e9riaux<\/td>\n<td>Aluminium, panneau ABS, panneau MDF, doublure EVA\/mousse\/tissu\/PU, quincaillerie<\/td>\n<\/tr>\n<tr>\n<td>Logo<\/td>\n<td>Logo plaque m\u00e9tallique, logo imprim\u00e9, logo en relief, logo laser<\/td>\n<\/tr>\n<tr>\n<td>Temps d&#039;\u00e9chantillonnage<\/td>\n<td>7 jours<\/td>\n<\/tr>\n<tr>\n<td>Port d&#039;embarquement<\/td>\n<td>Canton, Shenzhen<\/td>\n<\/tr>\n<tr>\n<td>Conditions commerciales<\/td>\n<td>EXW, FOB, CIF, DDU, DDP<\/td>\n<\/tr>\n<tr>\n<td>M\u00e9thodes de payement<\/td>\n<td>T\/T, esp\u00e8ces, PayPal, carte de cr\u00e9dit<\/td>\n<\/tr>\n<\/tbody>\n<\/table>\n<p><span style=\"color: #003366;\">Caract\u00e9ristiques:<\/span><\/p>\n<p>Plateaux avec s\u00e9parateurs : 4 plateaux extensibles disposent de 8 s\u00e9parateurs r\u00e9glables\/amovibles pour personnaliser les compartiments selon vos besoins, rendant vos cosm\u00e9tiques propres et bien rang\u00e9s. un travail exquis refl\u00e8te une qualit\u00e9 haut de gamme, tr\u00e8s \u00e0 la mode et \u00e9l\u00e9gant, adapt\u00e9 \u00e0 la fois aux voyages et \u00e0 un usage domestique quotidien<\/p>","protected":false},"excerpt":{"rendered":"<p>Mod\u00e8le : SC-CM0012<\/p>\n<p>Taille: 348*220*249mm<\/p>\n<p>Quantit\u00e9 minimale de commande : 100 pi\u00e8ces<\/p>\n<p>D\u00e9lai de livraison : 15-25 jours<\/p>\n<p>\u00c9chantillon\u00a0: Disponible<\/p>","protected":false},"featured_media":20550,"template":"","meta":{"_gspb_post_css":""},"product_cat":[96],"product_tag":[],"featured_image_urls":{"full":["https:\/\/suncasesupply.com\/wp-content\/uploads\/2023\/08\/9e92f732-090e-485c-adfa-077ed72d3a42_1.04d36f6287404caf6529b7269288ec0e.webp",600,600,false],"thumbnail":["https:\/\/suncasesupply.com\/wp-content\/uploads\/2023\/08\/9e92f732-090e-485c-adfa-077ed72d3a42_1.04d36f6287404caf6529b7269288ec0e-150x150.webp",150,150,true],"medium":["https:\/\/suncasesupply.com\/wp-content\/uploads\/2023\/08\/9e92f732-090e-485c-adfa-077ed72d3a42_1.04d36f6287404caf6529b7269288ec0e-300x300.webp",300,300,true],"medium_large":["https:\/\/suncasesupply.com\/wp-content\/uploads\/2023\/08\/9e92f732-090e-485c-adfa-077ed72d3a42_1.04d36f6287404caf6529b7269288ec0e.webp",600,600,false],"large":["https:\/\/suncasesupply.com\/wp-content\/uploads\/2023\/08\/9e92f732-090e-485c-adfa-077ed72d3a42_1.04d36f6287404caf6529b7269288ec0e.webp",600,600,false],"1536x1536":["https:\/\/suncasesupply.com\/wp-content\/uploads\/2023\/08\/9e92f732-090e-485c-adfa-077ed72d3a42_1.04d36f6287404caf6529b7269288ec0e.webp",600,600,false],"2048x2048":["https:\/\/suncasesupply.com\/wp-content\/uploads\/2023\/08\/9e92f732-090e-485c-adfa-077ed72d3a42_1.04d36f6287404caf6529b7269288ec0e.webp",600,600,false],"trp-custom-language-flag":["https:\/\/suncasesupply.com\/wp-content\/uploads\/2023\/08\/9e92f732-090e-485c-adfa-077ed72d3a42_1.04d36f6287404caf6529b7269288ec0e.webp",12,12,false],"woocommerce_thumbnail":["https:\/\/suncasesupply.com\/wp-content\/uploads\/2023\/08\/9e92f732-090e-485c-adfa-077ed72d3a42_1.04d36f6287404caf6529b7269288ec0e-300x300.webp",300,300,true],"woocommerce_single":["https:\/\/suncasesupply.com\/wp-content\/uploads\/2023\/08\/9e92f732-090e-485c-adfa-077ed72d3a42_1.04d36f6287404caf6529b7269288ec0e.webp",600,600,false],"woocommerce_gallery_thumbnail":["https:\/\/suncasesupply.com\/wp-content\/uploads\/2023\/08\/9e92f732-090e-485c-adfa-077ed72d3a42_1.04d36f6287404caf6529b7269288ec0e-100x100.webp",100,100,true]},"post_excerpt_stackable":"<p>Model : SC-CM0012<\/p>\n<p>Size: \u00a0348*220 *249 mm<\/p>\n<p>MOQ: 100pcs<\/p>\n<p>Delivery Time : 15-25 Days<\/p>\n<p>Sample : Available<\/p>\n","category_list":"","author_info":{"name":"","url":""},"comments_num":"0 commentaire","_links":{"self":[{"href":"https:\/\/suncasesupply.com\/fr\/wp-json\/wp\/v2\/product\/20549"}],"collection":[{"href":"https:\/\/suncasesupply.com\/fr\/wp-json\/wp\/v2\/product"}],"about":[{"href":"https:\/\/suncasesupply.com\/fr\/wp-json\/wp\/v2\/types\/product"}],"wp:featuredmedia":[{"embeddable":true,"href":"https:\/\/suncasesupply.com\/fr\/wp-json\/wp\/v2\/media\/20550"}],"wp:attachment":[{"href":"https:\/\/suncasesupply.com\/fr\/wp-json\/wp\/v2\/media?parent=20549"}],"wp:term":[{"taxonomy":"product_cat","embeddable":true,"href":"https:\/\/suncasesupply.com\/fr\/wp-json\/wp\/v2\/product_cat?post=20549"},{"taxonomy":"product_tag","embeddable":true,"href":"https:\/\/suncasesupply.com\/fr\/wp-json\/wp\/v2\/product_tag?post=20549"}],"curies":[{"name":"wp","href":"https:\/\/api.w.org\/{rel}","templated":true}]}}