{"id":20533,"date":"2023-08-24T16:14:37","date_gmt":"2023-08-24T08:14:37","guid":{"rendered":"https:\/\/suncasesupply.com\/?post_type=product&#038;p=20533"},"modified":"2026-03-17T01:38:53","modified_gmt":"2026-03-16T17:38:53","slug":"12-vinyl-record-case-aluminum-carry-lp-box-50-lps","status":"publish","type":"product","link":"https:\/\/suncasesupply.com\/fr\/product\/12-vinyl-record-case-aluminum-carry-lp-box-50-lps\/","title":{"rendered":"Bo\u00eete de transport en aluminium pour disque vinyle 12\u2033 (50 LP)"},"content":{"rendered":"<h4><span style=\"color: #003366;\">Caract\u00e9ristiques:<\/span><\/h4>\n<ul>\n<li><strong>Mat\u00e9riaux robustes<\/strong>\u00a0 Ce coffret de rangement vintage pour disques vinyles 33 tours (12 pouces) est con\u00e7u pour ranger des disques de 30 cm (12 pouces). Fabriqu\u00e9 en aluminium robuste, avec un panneau en ABS, une plaque de MDF, une doublure en EVA et des accessoires m\u00e9talliques solides, il prot\u00e8ge efficacement vos disques.<\/li>\n<li><strong>Grand espace de rangement<\/strong>\u00a0 La taille de la bo\u00eete de rangement pour 12 disques vinyles est enti\u00e8rement adapt\u00e9e aux disques de 30 cm (12 pouces) et peut contenir jusqu&#039;\u00e0 50 disques. C&#039;est le choix id\u00e9al pour les collectionneurs de disques.<\/li>\n<li><strong>Stockage s\u00fbr et fiable<\/strong>\u00a0 L&#039;int\u00e9rieur de l&#039;\u00e9tui est dot\u00e9 d&#039;une doublure en EVA souple pour prot\u00e9ger les disques contre les dommages, et le verrou peut bien prot\u00e9ger votre collection de disques contre le vol, ce qui est extr\u00eamement s\u00fbr.<\/li>\n<\/ul>\n<h4><span style=\"color: #003366;\">D\u00e9tails du produit :<\/span><\/h4>\n<div style=\"display: flex; gap: 20px;\">\n<p><!-- \u7b2c\u4e00\u680f --><\/p>\n<div style=\"flex: 1; text-align: center;\">\n<p><img decoding=\"async\" style=\"max-width: 100%; height: auto; margin-bottom: 10px;\" src=\"https:\/\/suncasesupply.com\/wp-content\/uploads\/2025\/03\/corners.png\" alt=\"coins\" \/><\/p>\n<p style=\"font-weight: bold; margin: 5px 0;\">Coins robustes<\/p>\n<p style=\"margin: 0;\">Les coins m\u00e9talliques robustes offrent une protection suppl\u00e9mentaire, emp\u00eachant la bo\u00eete d&#039;\u00eatre endommag\u00e9e par les chocs pendant le transport et prot\u00e9geant ainsi les disques vinyles \u00e0 l&#039;int\u00e9rieur de vos bo\u00eetes de rangement.<\/p>\n<\/div>\n<p><!-- \u7b2c\u4e8c\u680f --><\/p>\n<div style=\"flex: 1; text-align: center;\">\n<p><img decoding=\"async\" style=\"max-width: 100%; height: auto; margin-bottom: 10px;\" src=\"https:\/\/suncasesupply.com\/wp-content\/uploads\/2025\/03\/handle.png\" alt=\"poign\u00e9e\" \/><\/p>\n<p style=\"font-weight: bold; margin: 5px 0;\">Poign\u00e9e robuste<\/p>\n<p style=\"margin: 0;\">La poign\u00e9e, en m\u00e9tal et caoutchouc, est \u00e0 la fois robuste et antid\u00e9rapante. Sa base m\u00e9tallique augmente consid\u00e9rablement la capacit\u00e9 de charge de cette bo\u00eete de rangement pour disques vinyles, tandis que son rev\u00eatement en caoutchouc facilite le transport.<\/p>\n<\/div>\n<p><!-- \u7b2c\u4e09\u680f --><\/p>\n<div style=\"flex: 1; text-align: center;\">\n<p><img decoding=\"async\" style=\"max-width: 100%; height: auto; margin-bottom: 10px;\" src=\"https:\/\/suncasesupply.com\/wp-content\/uploads\/2025\/03\/hinge.png\" alt=\"charni\u00e8re\" \/><\/p>\n<p style=\"font-weight: bold; margin: 5px 0;\">Charni\u00e8res de bonne qualit\u00e9<\/p>\n<p style=\"margin: 0;\">La charni\u00e8re est fabriqu\u00e9e en m\u00e9tal haute r\u00e9sistance afin de garantir que le couvercle soit solidement fix\u00e9 au corps de la bo\u00eete et qu&#039;il ne soit pas sujet au desserrage ou aux dommages apr\u00e8s une utilisation prolong\u00e9e\u00a0; sa conception raisonnable permet au couvercle de s&#039;ouvrir et de se fermer librement sans aucun blocage, ce qui est parfait pour vos bo\u00eetes de rangement pour disques vinyles.<\/p>\n<\/div>\n<p><!-- \u7b2c\u56db\u680f --><\/p>\n<div style=\"flex: 1; text-align: center;\">\n<p><img decoding=\"async\" style=\"max-width: 100%; height: auto; margin-bottom: 10px;\" src=\"https:\/\/suncasesupply.com\/wp-content\/uploads\/2025\/03\/lock.png\" alt=\"verrouillage\" \/><\/p>\n<p style=\"font-weight: bold; margin: 5px 0;\">Serrures fiables<\/p>\n<p style=\"margin: 0;\">La serrure est munie d&#039;une cl\u00e9. Une fois verrouill\u00e9e, la bo\u00eete prot\u00e8ge efficacement votre collection de disques contre le vol, offrant une s\u00e9curit\u00e9 et une fiabilit\u00e9 optimales pour le rangement de vos 12 disques vinyles.<\/p>\n<\/div>\n<\/div>\n<div style=\"background-color: #29599a; padding: 40px 20px; text-align: center; color: #ffffff; border-radius: 10px; margin: 40px auto; max-width: 960px;\">\n<h2 style=\"font-size: 22px; margin-bottom: 20px; font-weight: bold;\"><span style=\"color: #ffffff;\">Commandez d\u00e8s maintenant votre \u00e9tui de rangement et de transport Sun Case pour disques vinyles 12 pouces vintage, quantit\u00e9 minimale de commande\u00a0: 100.<\/span><\/h2>\n<p><a style=\"display: inline-block; padding: 12px 28px; background-color: #ffffff; color: #29599a; text-decoration: none; border-radius: 6px; font-weight: bold;\" href=\"https:\/\/suncasesupply.com\/fr\/contact-us\/\" target=\"_blank\" rel=\"noopener\">Obtenez un devis aujourd&#039;hui<br \/>\n<\/a><\/p>\n<\/div>\n<h4><span style=\"color: #003366;\">Processus de fabrication d&#039;un bo\u00eetier de disque vinyle en aluminium :<\/span><\/h4>\n<p><img decoding=\"async\" style=\"max-width: 100%; height: auto; margin-bottom: 10px;\" src=\"https:\/\/suncasesupply.com\/wp-content\/uploads\/2025\/07\/Manufacturing-Process.png\" alt=\"Processus de fabrication de Suncase\" \/><\/p>\n<div style=\"display: flex; gap: 20px;\"><\/div>\n<div style=\"display: flex; gap: 20px;\">\n<div style=\"flex: 1; text-align: center;\">\n<p style=\"font-weight: bold; margin: 5px 0;\">\n<\/div>\n<\/div>\n<h4><span style=\"color: #003366;\">Informations utiles pour les acheteurs en gros\u00a0:<\/span><\/h4>\n<ul>\n<li><a href=\"https:\/\/suncasesupply.com\/fr\/blog\/size-of-the-vinyl-record-case\/\">Quelle est la taille du bo\u00eetier du disque vinyle ?<\/a><\/li>\n<li><a href=\"https:\/\/suncasesupply.com\/fr\/blog\/what-vinyl-record-case-made-of\/\">De quoi sont faits les bo\u00eetiers de disques vinyles ?<\/a><\/li>\n<li><a href=\"https:\/\/suncasesupply.com\/fr\/blog\/custom-aluminum-case\/aluminum-storage-box-for-organization\/\">Comment stocker des disques vinyles avec un bo\u00eetier en aluminium ?<\/a><\/li>\n<\/ul>","protected":false},"excerpt":{"rendered":"<p>Mod\u00e8le : SC-LP0023<\/p>\n<p>Dimensions : 336 x 18 x 36 cm<\/p>\n<p>Capacit\u00e9 : 70 LP 12\u2033<\/p>\n<p>Quantit\u00e9 minimale de commande : 100 pi\u00e8ces<\/p>\n<p>D\u00e9lai de livraison : 15-25 jours<\/p>\n<p>\u00c9chantillon\u00a0: Disponible<\/p>","protected":false},"featured_media":20534,"template":"","meta":{"_gspb_post_css":""},"product_cat":[83],"product_tag":[],"featured_image_urls":{"full":["https:\/\/suncasesupply.com\/wp-content\/uploads\/2023\/08\/2-vinyl-case-12-record-case-50-lps-silver-silver.webp",970,970,false],"thumbnail":["https:\/\/suncasesupply.com\/wp-content\/uploads\/2023\/08\/2-vinyl-case-12-record-case-50-lps-silver-silver-150x150.webp",150,150,true],"medium":["https:\/\/suncasesupply.com\/wp-content\/uploads\/2023\/08\/2-vinyl-case-12-record-case-50-lps-silver-silver-300x300.webp",300,300,true],"medium_large":["https:\/\/suncasesupply.com\/wp-content\/uploads\/2023\/08\/2-vinyl-case-12-record-case-50-lps-silver-silver-768x768.webp",768,768,true],"large":["https:\/\/suncasesupply.com\/wp-content\/uploads\/2023\/08\/2-vinyl-case-12-record-case-50-lps-silver-silver.webp",970,970,false],"1536x1536":["https:\/\/suncasesupply.com\/wp-content\/uploads\/2023\/08\/2-vinyl-case-12-record-case-50-lps-silver-silver.webp",970,970,false],"2048x2048":["https:\/\/suncasesupply.com\/wp-content\/uploads\/2023\/08\/2-vinyl-case-12-record-case-50-lps-silver-silver.webp",970,970,false],"trp-custom-language-flag":["https:\/\/suncasesupply.com\/wp-content\/uploads\/2023\/08\/2-vinyl-case-12-record-case-50-lps-silver-silver.webp",12,12,false],"woocommerce_thumbnail":["https:\/\/suncasesupply.com\/wp-content\/uploads\/2023\/08\/2-vinyl-case-12-record-case-50-lps-silver-silver-300x300.webp",300,300,true],"woocommerce_single":["https:\/\/suncasesupply.com\/wp-content\/uploads\/2023\/08\/2-vinyl-case-12-record-case-50-lps-silver-silver-600x600.webp",600,600,true],"woocommerce_gallery_thumbnail":["https:\/\/suncasesupply.com\/wp-content\/uploads\/2023\/08\/2-vinyl-case-12-record-case-50-lps-silver-silver-100x100.webp",100,100,true]},"post_excerpt_stackable":"<p>Model : SC-LP0023<\/p>\n<p>Size: 336 x 18 x 36 cm<\/p>\n<p>Capacity: 70 12&#8243; LPs<\/p>\n<p>MOQ: 100pcs<\/p>\n<p>Delivery Time : 15-25 Days<\/p>\n<p>Sample : Available<\/p>\n","category_list":"","author_info":{"name":"","url":""},"comments_num":"0 commentaire","_links":{"self":[{"href":"https:\/\/suncasesupply.com\/fr\/wp-json\/wp\/v2\/product\/20533"}],"collection":[{"href":"https:\/\/suncasesupply.com\/fr\/wp-json\/wp\/v2\/product"}],"about":[{"href":"https:\/\/suncasesupply.com\/fr\/wp-json\/wp\/v2\/types\/product"}],"wp:featuredmedia":[{"embeddable":true,"href":"https:\/\/suncasesupply.com\/fr\/wp-json\/wp\/v2\/media\/20534"}],"wp:attachment":[{"href":"https:\/\/suncasesupply.com\/fr\/wp-json\/wp\/v2\/media?parent=20533"}],"wp:term":[{"taxonomy":"product_cat","embeddable":true,"href":"https:\/\/suncasesupply.com\/fr\/wp-json\/wp\/v2\/product_cat?post=20533"},{"taxonomy":"product_tag","embeddable":true,"href":"https:\/\/suncasesupply.com\/fr\/wp-json\/wp\/v2\/product_tag?post=20533"}],"curies":[{"name":"wp","href":"https:\/\/api.w.org\/{rel}","templated":true}]}}