{"id":20525,"date":"2023-08-24T16:08:23","date_gmt":"2023-08-24T08:08:23","guid":{"rendered":"https:\/\/suncasesupply.com\/?post_type=product&#038;p=20525"},"modified":"2025-02-20T14:37:03","modified_gmt":"2025-02-20T06:37:03","slug":"carrying-aluminum-lp-storage-case-portable-vinyl-record-case-25-lps","status":"publish","type":"product","link":"https:\/\/suncasesupply.com\/fr\/product\/carrying-aluminum-lp-storage-case-portable-vinyl-record-case-25-lps\/","title":{"rendered":"Mallette de rangement en aluminium pour disques vinyles portables (25 LP)"},"content":{"rendered":"<p>&nbsp;<\/p>\n<table width=\"774\">\n<tbody>\n<tr>\n<td width=\"177\">Article<\/td>\n<td width=\"597\">Bo\u00eetier en aluminium<\/td>\n<\/tr>\n<tr>\n<td>Dimension<\/td>\n<td>36 x 12 x 36 cm ou personnaliser<\/td>\n<\/tr>\n<tr>\n<td>Couleurs<\/td>\n<td>Comme le montrent les images ou personnaliser<\/td>\n<\/tr>\n<tr>\n<td>Mat\u00e9riaux<\/td>\n<td>Aluminium, panneau ABS, panneau MDF, doublure EVA\/mousse\/tissu\/PU, quincaillerie<\/td>\n<\/tr>\n<tr>\n<td>Logo<\/td>\n<td>Logo plaque m\u00e9tallique, logo imprim\u00e9, logo en relief, logo laser<\/td>\n<\/tr>\n<tr>\n<td>Temps d&#039;\u00e9chantillonnage<\/td>\n<td>7 jours<\/td>\n<\/tr>\n<tr>\n<td>Port d&#039;embarquement<\/td>\n<td>Canton, Shenzhen<\/td>\n<\/tr>\n<tr>\n<td>Conditions commerciales<\/td>\n<td>EXW, FOB, CIF, DDU, DDP<\/td>\n<\/tr>\n<tr>\n<td>M\u00e9thodes de payement<\/td>\n<td>T\/T, esp\u00e8ces, PayPal, carte de cr\u00e9dit<\/td>\n<\/tr>\n<\/tbody>\n<\/table>\n<p><span style=\"color: #003366;\">Caract\u00e9ristiques:<\/span><\/p>\n<p>Ce Record Case 12\u2033 est con\u00e7u pour archiver et transporter un maximum de 25 LP de 12 pouces. Ce format est la solution la plus compacte de la s\u00e9rie et est id\u00e9al pour stocker des raret\u00e9s. Le couvercle du Record Case est fermement install\u00e9 sur deux charni\u00e8res m\u00e9talliques et un verrou \u00e0 pression avec cl\u00e9 prot\u00e8ge contre le vol des disques individuels.<\/p>\n<p>Malgr\u00e9 sa conception robuste, le bo\u00eetier du disque a un faible poids mort et la poign\u00e9e du bo\u00eetier mont\u00e9e en surface rend la bo\u00eete facilement empilable. La construction en aluminium, panneaux MDF plastifi\u00e9s, rivets et rembourrage doux \u00e0 l&#039;int\u00e9rieur assurent une protection optimale des disques. Le coffret pour disque DJ est disponible en trois variantes de couleurs : argent\/argent, argent\/noir et noir\/noir.<\/p>\n<p>D\u00e9tails techniques:<br \/>\n\u2022 Mallette d&#039;une capacit\u00e9 maximale de 25 pi\u00e8ces. Disques 12\u2033.<br \/>\n\u2022 Couvercle fixe, fermeture \u00e0 pression<br \/>\n\u2022 Mat\u00e9riau : aluminium, panneaux MDF plastifi\u00e9s<br \/>\n\u2022 Coins de protection en m\u00e9tal prot\u00e9geant des chocs et de l&#039;usure<br \/>\n\u2022 Pieds en caoutchouc antid\u00e9rapants<br \/>\n\u2022 Disponible en trois couleurs : Argent\/argent, argent\/noir ; noir noir<br \/>\n\u2022 Dimensions (LxlxH) : 36 x 12 x 36 cm<br \/>\n\u2022 Poids 2 kg<\/p>","protected":false},"excerpt":{"rendered":"<p>Mod\u00e8le : SC-LP0022<\/p>\n<p>Taille: 36x12x36 cm<\/p>\n<p>Capacit\u00e9 : 70 LP 12\u2033<\/p>\n<p>Quantit\u00e9 minimale de commande : 100 pi\u00e8ces<\/p>\n<p>D\u00e9lai de livraison : 15-25 jours<\/p>\n<p>\u00c9chantillon\u00a0: Disponible<\/p>","protected":false},"featured_media":20526,"template":"","meta":{"_gspb_post_css":""},"product_cat":[83],"product_tag":[],"featured_image_urls":{"full":["https:\/\/suncasesupply.com\/wp-content\/uploads\/2023\/08\/3-vinyl-case-12-record-case-25-lps-silver-silver.webp",970,970,false],"thumbnail":["https:\/\/suncasesupply.com\/wp-content\/uploads\/2023\/08\/3-vinyl-case-12-record-case-25-lps-silver-silver-150x150.webp",150,150,true],"medium":["https:\/\/suncasesupply.com\/wp-content\/uploads\/2023\/08\/3-vinyl-case-12-record-case-25-lps-silver-silver-300x300.webp",300,300,true],"medium_large":["https:\/\/suncasesupply.com\/wp-content\/uploads\/2023\/08\/3-vinyl-case-12-record-case-25-lps-silver-silver-768x768.webp",768,768,true],"large":["https:\/\/suncasesupply.com\/wp-content\/uploads\/2023\/08\/3-vinyl-case-12-record-case-25-lps-silver-silver.webp",970,970,false],"1536x1536":["https:\/\/suncasesupply.com\/wp-content\/uploads\/2023\/08\/3-vinyl-case-12-record-case-25-lps-silver-silver.webp",970,970,false],"2048x2048":["https:\/\/suncasesupply.com\/wp-content\/uploads\/2023\/08\/3-vinyl-case-12-record-case-25-lps-silver-silver.webp",970,970,false],"trp-custom-language-flag":["https:\/\/suncasesupply.com\/wp-content\/uploads\/2023\/08\/3-vinyl-case-12-record-case-25-lps-silver-silver.webp",12,12,false],"woocommerce_thumbnail":["https:\/\/suncasesupply.com\/wp-content\/uploads\/2023\/08\/3-vinyl-case-12-record-case-25-lps-silver-silver-300x300.webp",300,300,true],"woocommerce_single":["https:\/\/suncasesupply.com\/wp-content\/uploads\/2023\/08\/3-vinyl-case-12-record-case-25-lps-silver-silver-600x600.webp",600,600,true],"woocommerce_gallery_thumbnail":["https:\/\/suncasesupply.com\/wp-content\/uploads\/2023\/08\/3-vinyl-case-12-record-case-25-lps-silver-silver-100x100.webp",100,100,true]},"post_excerpt_stackable":"<p>Model : SC-LP0022<\/p>\n<p>Size: 36 x 12 x 36 cm<\/p>\n<p>Capacity: 70 12&#8243; LPs<\/p>\n<p>MOQ: 100pcs<\/p>\n<p>Delivery Time : 15-25 Days<\/p>\n<p>Sample : Available<\/p>\n","category_list":"","author_info":{"name":"","url":""},"comments_num":"0 commentaire","_links":{"self":[{"href":"https:\/\/suncasesupply.com\/fr\/wp-json\/wp\/v2\/product\/20525"}],"collection":[{"href":"https:\/\/suncasesupply.com\/fr\/wp-json\/wp\/v2\/product"}],"about":[{"href":"https:\/\/suncasesupply.com\/fr\/wp-json\/wp\/v2\/types\/product"}],"wp:featuredmedia":[{"embeddable":true,"href":"https:\/\/suncasesupply.com\/fr\/wp-json\/wp\/v2\/media\/20526"}],"wp:attachment":[{"href":"https:\/\/suncasesupply.com\/fr\/wp-json\/wp\/v2\/media?parent=20525"}],"wp:term":[{"taxonomy":"product_cat","embeddable":true,"href":"https:\/\/suncasesupply.com\/fr\/wp-json\/wp\/v2\/product_cat?post=20525"},{"taxonomy":"product_tag","embeddable":true,"href":"https:\/\/suncasesupply.com\/fr\/wp-json\/wp\/v2\/product_tag?post=20525"}],"curies":[{"name":"wp","href":"https:\/\/api.w.org\/{rel}","templated":true}]}}