{"id":20502,"date":"2023-08-24T15:30:02","date_gmt":"2023-08-24T07:30:02","guid":{"rendered":"https:\/\/suncasesupply.com\/?post_type=product&#038;p=20502"},"modified":"2025-07-14T16:17:24","modified_gmt":"2025-07-14T08:17:24","slug":"leather-portable-record-carrying-case-for-30-vinyl-albums-vinyl-record-storage-box","status":"publish","type":"product","link":"https:\/\/suncasesupply.com\/fr\/product\/leather-portable-record-carrying-case-for-30-vinyl-albums-vinyl-record-storage-box\/","title":{"rendered":"\u00c9tui de transport de disques vinyles Portable en cuir pour plus de 30 Albums vinyles, bo\u00eete de rangement de disques vinyles"},"content":{"rendered":"<h4><span style=\"color: #003366;\">Caract\u00e9ristiques:<\/span><\/h4>\n<p>Cet \u00e9tui vintage en PU est la solution de stockage et de collection parfaite pour tous vos pr\u00e9cieux vinyles 12\u2033. Il a un design \u00e9l\u00e9gant avec du cuir rouge \u00e0 l&#039;ext\u00e9rieur et une doublure noire \u00e0 l&#039;int\u00e9rieur, \u00e9galement une tr\u00e8s belle d\u00e9coration dans votre maison et un bon choix comme cadeau.<\/p>\n<p>Il a une capacit\u00e9 tr\u00e8s parfaite pour 30 \u00e0 50 vinyles 12\u2033. L&#039;int\u00e9rieur enti\u00e8rement doubl\u00e9 prot\u00e8ge votre vinyle des dommages.<\/p>\n<h4><span style=\"color: #003366;\">D\u00e9tails du produit :<\/span><\/h4>\n<div style=\"display: flex; gap: 20px;\">\n<div style=\"flex: 1; text-align: center;\">\n<p><img decoding=\"async\" style=\"max-width: 100%; height: auto; margin-bottom: 10px;\" src=\"https:\/\/suncasesupply.com\/wp-content\/uploads\/2025\/03\/stylish-surface.png\" alt=\"Surface \u00e9l\u00e9gante\" \/><\/p>\n<p style=\"font-weight: bold; margin: 5px 0;\">Surface \u00e9l\u00e9gante<\/p>\n<p style=\"margin: 0;\">Con\u00e7u en cuir PU \u00e9l\u00e9gant, tr\u00e8s imperm\u00e9able et facile \u00e0 nettoyer, il constitue non seulement un excellent rangement pour vos disques, mais aussi une belle d\u00e9coration pour votre int\u00e9rieur.<\/p>\n<\/div>\n<p><!-- \u7b2c\u4e8c\u680f --><\/p>\n<div style=\"flex: 1; text-align: center;\">\n<p><img decoding=\"async\" style=\"max-width: 100%; height: auto; margin-bottom: 10px;\" src=\"https:\/\/suncasesupply.com\/wp-content\/uploads\/2025\/03\/solid-hardware.png\" alt=\"mat\u00e9riel solide\" \/><\/p>\n<p style=\"font-weight: bold; margin: 5px 0;\">Mat\u00e9riel solide<\/p>\n<p style=\"margin: 0;\">Cet \u00e9tui \u00e0 disques est fabriqu\u00e9 en aluminium et en bois, avec des coins m\u00e9talliques renforc\u00e9s pour une durabilit\u00e9 accrue. Il est \u00e9galement dot\u00e9 d&#039;un verrou pour prot\u00e9ger vos disques. Sa poign\u00e9e robuste et ergonomique facilite le transport de vos vinyles.<\/p>\n<\/div>\n<p><!-- \u7b2c\u4e09\u680f --><\/p>\n<div style=\"flex: 1; text-align: center;\">\n<p><img decoding=\"async\" style=\"max-width: 100%; height: auto; margin-bottom: 10px;\" src=\"https:\/\/suncasesupply.com\/wp-content\/uploads\/2025\/03\/Fully-lined-interior.png\" alt=\"Int\u00e9rieur enti\u00e8rement doubl\u00e9\" \/><\/p>\n<p style=\"font-weight: bold; margin: 5px 0;\">Int\u00e9rieur enti\u00e8rement doubl\u00e9<\/p>\n<p style=\"margin: 0;\">Cet \u00e9tui pour vinyles est enti\u00e8rement doubl\u00e9 de velours, offrant une protection suppl\u00e9mentaire \u00e0 vos disques. Vous pouvez choisir parmi de nombreuses couleurs de doublure.<\/p>\n<\/div>\n<p><!-- \u7b2c\u56db\u680f --><\/p>\n<div style=\"flex: 1; text-align: center;\">\n<p><img decoding=\"async\" style=\"max-width: 100%; height: auto; margin-bottom: 10px;\" src=\"https:\/\/suncasesupply.com\/wp-content\/uploads\/2025\/03\/feet-1.png\" alt=\"pieds\" \/><\/p>\n<p style=\"font-weight: bold; margin: 5px 0;\">Pieds antifriction<\/p>\n<p style=\"margin: 0;\">Il y a 4 pieds install\u00e9s \u00e0 l&#039;arri\u00e8re de la bo\u00eete, ce qui peut \u00e9viter les frottements et prot\u00e9ger la bo\u00eete lorsque vous la posez sur la table ou sur le sol, la rendant plus durable.<\/p>\n<\/div>\n<\/div>\n<h4><span style=\"color: #003366;\">Processus de fabrication du bo\u00eetier PU LP :<\/span><\/h4>\n<p><img decoding=\"async\" style=\"max-width: 100%; height: auto; margin-bottom: 10px;\" src=\"https:\/\/suncasesupply.com\/wp-content\/uploads\/2025\/07\/Manufacturing-Process.png\" alt=\"Processus de fabrication de Suncase\" \/><\/p>\n<div style=\"display: flex; gap: 20px;\">\n<p><!-- \u7b2c\u4e00\u680f \u6d41\u7a0b1--><\/p>\n<div style=\"flex: 1; text-align: center;\"><\/div>\n<\/div>\n<div style=\"display: flex; gap: 20px;\">\n<div style=\"flex: 1; text-align: center;\">\n<p style=\"font-weight: bold; margin: 5px 0;\">\n<\/div>\n<\/div>\n<h4><span style=\"color: #003366;\">Informations utiles pour les acheteurs en gros\u00a0:<\/span><\/h4>\n<ul>\n<li class=\"page-title\" title=\"Qu\u2019est-ce qui rend les cartes de sport si pr\u00e9cieuses ?\">\n<p class=\"page-title\" title=\"Quelle est la taille du bo\u00eetier du disque vinyle ?\"><a href=\"https:\/\/suncasesupply.com\/fr\/blog\/size-of-the-vinyl-record-case\/\">Quelle est la taille du bo\u00eetier pour disque vinyle &gt;&gt;<\/a><\/p>\n<\/li>\n<li title=\"Qu\u2019est-ce qui rend les cartes de sport si pr\u00e9cieuses ?\"><a href=\"https:\/\/suncasesupply.com\/fr\/blog\/what-vinyl-record-case-made-of\/\">De quoi sont faits les bo\u00eetiers de disques vinyles ?<\/a><\/li>\n<li title=\"Qu\u2019est-ce qui rend les cartes de sport si pr\u00e9cieuses ?\"><a href=\"https:\/\/suncasesupply.com\/fr\/blog\/custom-aluminum-case\/aluminum-storage-box-for-organization\/\">Comment stocker des disques vinyles avec un bo\u00eetier en aluminium ?<\/a><\/li>\n<\/ul>\n<p>&nbsp;<\/p>","protected":false},"excerpt":{"rendered":"<p>Mod\u00e8le : SC-LP0019<\/p>\n<p>Taille: 34x16x36cm<\/p>\n<p>Capacit\u00e9 : 50 LP 12\u2033<\/p>\n<p>Quantit\u00e9 minimale de commande : 100 pi\u00e8ces<\/p>\n<p>D\u00e9lai de livraison : 15-25 jours<\/p>\n<p>\u00c9chantillon\u00a0: Disponible<\/p>","protected":false},"featured_media":20508,"template":"","meta":{"_gspb_post_css":""},"product_cat":[83],"product_tag":[],"featured_image_urls":{"full":["https:\/\/suncasesupply.com\/wp-content\/uploads\/2023\/08\/7-9-scaled.jpg",2560,2560,false],"thumbnail":["https:\/\/suncasesupply.com\/wp-content\/uploads\/2023\/08\/7-9-150x150.jpg",150,150,true],"medium":["https:\/\/suncasesupply.com\/wp-content\/uploads\/2023\/08\/7-9-300x300.jpg",300,300,true],"medium_large":["https:\/\/suncasesupply.com\/wp-content\/uploads\/2023\/08\/7-9-768x768.jpg",768,768,true],"large":["https:\/\/suncasesupply.com\/wp-content\/uploads\/2023\/08\/7-9-1024x1024.jpg",1024,1024,true],"1536x1536":["https:\/\/suncasesupply.com\/wp-content\/uploads\/2023\/08\/7-9-1536x1536.jpg",1536,1536,true],"2048x2048":["https:\/\/suncasesupply.com\/wp-content\/uploads\/2023\/08\/7-9-2048x2048.jpg",2048,2048,true],"trp-custom-language-flag":["https:\/\/suncasesupply.com\/wp-content\/uploads\/2023\/08\/7-9-scaled.jpg",12,12,false],"woocommerce_thumbnail":["https:\/\/suncasesupply.com\/wp-content\/uploads\/2023\/08\/7-9-300x300.jpg",300,300,true],"woocommerce_single":["https:\/\/suncasesupply.com\/wp-content\/uploads\/2023\/08\/7-9-600x600.jpg",600,600,true],"woocommerce_gallery_thumbnail":["https:\/\/suncasesupply.com\/wp-content\/uploads\/2023\/08\/7-9-100x100.jpg",100,100,true]},"post_excerpt_stackable":"<p>Model : SC-LP0019<\/p>\n<p>Size: 34 x 16 x 36cm<\/p>\n<p>Capacity: 50 12&#8243; LPs<\/p>\n<p>MOQ: 100pcs<\/p>\n<p>Delivery Time : 15-25 Days<\/p>\n<p>Sample : Available<\/p>\n","category_list":"","author_info":{"name":"","url":""},"comments_num":"0 commentaire","_links":{"self":[{"href":"https:\/\/suncasesupply.com\/fr\/wp-json\/wp\/v2\/product\/20502"}],"collection":[{"href":"https:\/\/suncasesupply.com\/fr\/wp-json\/wp\/v2\/product"}],"about":[{"href":"https:\/\/suncasesupply.com\/fr\/wp-json\/wp\/v2\/types\/product"}],"wp:featuredmedia":[{"embeddable":true,"href":"https:\/\/suncasesupply.com\/fr\/wp-json\/wp\/v2\/media\/20508"}],"wp:attachment":[{"href":"https:\/\/suncasesupply.com\/fr\/wp-json\/wp\/v2\/media?parent=20502"}],"wp:term":[{"taxonomy":"product_cat","embeddable":true,"href":"https:\/\/suncasesupply.com\/fr\/wp-json\/wp\/v2\/product_cat?post=20502"},{"taxonomy":"product_tag","embeddable":true,"href":"https:\/\/suncasesupply.com\/fr\/wp-json\/wp\/v2\/product_tag?post=20502"}],"curies":[{"name":"wp","href":"https:\/\/api.w.org\/{rel}","templated":true}]}}