{"id":20467,"date":"2023-08-24T14:19:32","date_gmt":"2023-08-24T06:19:32","guid":{"rendered":"https:\/\/suncasesupply.com\/?post_type=product&#038;p=20467"},"modified":"2025-02-20T14:40:37","modified_gmt":"2025-02-20T06:40:37","slug":"aluminum-lp-case-euro-style-album-case-holds-70-records","status":"publish","type":"product","link":"https:\/\/suncasesupply.com\/fr\/product\/aluminum-lp-case-euro-style-album-case-holds-70-records\/","title":{"rendered":"\u00c9tui en aluminium pour album de style europ\u00e9en pouvant contenir 70 disques."},"content":{"rendered":"<p>&nbsp;<\/p>\n<table width=\"774\">\n<tbody>\n<tr>\n<td width=\"177\">Article<\/td>\n<td width=\"597\">Bo\u00eetier en aluminium<\/td>\n<\/tr>\n<tr>\n<td>Dimension<\/td>\n<td>36*27*36 cm ou personnaliser<\/td>\n<\/tr>\n<tr>\n<td>Couleurs<\/td>\n<td>Comme le montrent les images ou personnaliser<\/td>\n<\/tr>\n<tr>\n<td>Mat\u00e9riaux<\/td>\n<td>Aluminium, panneau ABS, panneau MDF, doublure EVA\/mousse\/tissu\/PU, quincaillerie<\/td>\n<\/tr>\n<tr>\n<td>Logo<\/td>\n<td>Logo plaque m\u00e9tallique, logo imprim\u00e9, logo en relief, logo laser<\/td>\n<\/tr>\n<tr>\n<td>Temps d&#039;\u00e9chantillonnage<\/td>\n<td>7 jours<\/td>\n<\/tr>\n<tr>\n<td>Port d&#039;embarquement<\/td>\n<td>Canton, Shenzhen<\/td>\n<\/tr>\n<tr>\n<td>Conditions commerciales<\/td>\n<td>EXW, FOB, CIF, DDU, DDP<\/td>\n<\/tr>\n<tr>\n<td>M\u00e9thodes de payement<\/td>\n<td>T\/T, esp\u00e8ces, PayPal, carte de cr\u00e9dit<\/td>\n<\/tr>\n<\/tbody>\n<\/table>\n<p><span style=\"color: #003366;\">Caract\u00e9ristiques:<\/span><\/p>\n<p>Ce porte-disques de 12\u2033 peut contenir environ 70 disques dans son compartiment int\u00e9rieur enti\u00e8rement doubl\u00e9 de mousse. L&#039;ext\u00e9rieur \u00e9l\u00e9gant comprend un couvercle enti\u00e8rement amovible et un loquet papillon verrouillable, et est con\u00e7u avec quatre pieds inf\u00e9rieurs en caoutchouc et une poign\u00e9e \u00e0 ressort robuste encastr\u00e9e qui sont essentiels pour un empilage s\u00e9curis\u00e9 du bas du bo\u00eetier sur le dessus du couvercle. ou un bo\u00eetier KLP2 superpos\u00e9 \u00e0 un autre<\/p>","protected":false},"excerpt":{"rendered":"<p>Mod\u00e8le : SC-LP0013<\/p>\n<p>Taille: 36*27*36 cm<\/p>\n<p>Capacit\u00e9 : 70 LP 12\u2033<\/p>\n<p>Quantit\u00e9 minimale de commande : 100 pi\u00e8ces<\/p>\n<p>D\u00e9lai de livraison : 15-25 jours<\/p>\n<p>\u00c9chantillon\u00a0: Disponible<\/p>","protected":false},"featured_media":20468,"template":"","meta":{"_gspb_post_css":""},"product_cat":[83],"product_tag":[],"featured_image_urls":{"full":["https:\/\/suncasesupply.com\/wp-content\/uploads\/2023\/08\/6-6-scaled.jpg",2560,2560,false],"thumbnail":["https:\/\/suncasesupply.com\/wp-content\/uploads\/2023\/08\/6-6-150x150.jpg",150,150,true],"medium":["https:\/\/suncasesupply.com\/wp-content\/uploads\/2023\/08\/6-6-300x300.jpg",300,300,true],"medium_large":["https:\/\/suncasesupply.com\/wp-content\/uploads\/2023\/08\/6-6-768x768.jpg",768,768,true],"large":["https:\/\/suncasesupply.com\/wp-content\/uploads\/2023\/08\/6-6-1024x1024.jpg",1024,1024,true],"1536x1536":["https:\/\/suncasesupply.com\/wp-content\/uploads\/2023\/08\/6-6-1536x1536.jpg",1536,1536,true],"2048x2048":["https:\/\/suncasesupply.com\/wp-content\/uploads\/2023\/08\/6-6-2048x2048.jpg",2048,2048,true],"trp-custom-language-flag":["https:\/\/suncasesupply.com\/wp-content\/uploads\/2023\/08\/6-6-scaled.jpg",12,12,false],"woocommerce_thumbnail":["https:\/\/suncasesupply.com\/wp-content\/uploads\/2023\/08\/6-6-300x300.jpg",300,300,true],"woocommerce_single":["https:\/\/suncasesupply.com\/wp-content\/uploads\/2023\/08\/6-6-600x600.jpg",600,600,true],"woocommerce_gallery_thumbnail":["https:\/\/suncasesupply.com\/wp-content\/uploads\/2023\/08\/6-6-100x100.jpg",100,100,true]},"post_excerpt_stackable":"<p>Model : SC-LP0013<\/p>\n<p>Size: 36*27*36cm<\/p>\n<p>Capacity: 70 12&#8243; LPs<\/p>\n<p>MOQ: 100pcs<\/p>\n<p>Delivery Time : 15-25 Days<\/p>\n<p>Sample : Available<\/p>\n","category_list":"","author_info":{"name":"","url":""},"comments_num":"0 commentaire","_links":{"self":[{"href":"https:\/\/suncasesupply.com\/fr\/wp-json\/wp\/v2\/product\/20467"}],"collection":[{"href":"https:\/\/suncasesupply.com\/fr\/wp-json\/wp\/v2\/product"}],"about":[{"href":"https:\/\/suncasesupply.com\/fr\/wp-json\/wp\/v2\/types\/product"}],"wp:featuredmedia":[{"embeddable":true,"href":"https:\/\/suncasesupply.com\/fr\/wp-json\/wp\/v2\/media\/20468"}],"wp:attachment":[{"href":"https:\/\/suncasesupply.com\/fr\/wp-json\/wp\/v2\/media?parent=20467"}],"wp:term":[{"taxonomy":"product_cat","embeddable":true,"href":"https:\/\/suncasesupply.com\/fr\/wp-json\/wp\/v2\/product_cat?post=20467"},{"taxonomy":"product_tag","embeddable":true,"href":"https:\/\/suncasesupply.com\/fr\/wp-json\/wp\/v2\/product_tag?post=20467"}],"curies":[{"name":"wp","href":"https:\/\/api.w.org\/{rel}","templated":true}]}}