{"id":20395,"date":"2023-08-24T11:15:30","date_gmt":"2023-08-24T03:15:30","guid":{"rendered":"https:\/\/suncasesupply.com\/?post_type=product&#038;p=20395"},"modified":"2025-02-20T11:17:38","modified_gmt":"2025-02-20T03:17:38","slug":"portable-carrying-tool-case-aluminum-gun-pistol-case","status":"publish","type":"product","link":"https:\/\/suncasesupply.com\/fr\/product\/portable-carrying-tool-case-aluminum-gun-pistol-case\/","title":{"rendered":"Mallette \u00e0 outils de transport portable Mallette \u00e0 pistolet en aluminium"},"content":{"rendered":"<p>&nbsp;<\/p>\n<table width=\"774\">\n<tbody>\n<tr>\n<td width=\"177\">Article<\/td>\n<td width=\"597\">Mallette pour pistolet en aluminium<\/td>\n<\/tr>\n<tr>\n<td>Dimension<\/td>\n<td>616 x 372 x 108 mm ou personnaliser<\/td>\n<\/tr>\n<tr>\n<td>Couleurs<\/td>\n<td>Comme le montrent les images ou personnaliser<\/td>\n<\/tr>\n<tr>\n<td>Mat\u00e9riaux<\/td>\n<td>Aluminium, panneau ABS, panneau MDF, doublure EVA\/mousse\/tissu\/PU, quincaillerie<\/td>\n<\/tr>\n<tr>\n<td>Logo<\/td>\n<td>Logo plaque m\u00e9tallique, logo imprim\u00e9, logo en relief, logo laser<\/td>\n<\/tr>\n<tr>\n<td>Temps d&#039;\u00e9chantillonnage<\/td>\n<td>7 jours<\/td>\n<\/tr>\n<tr>\n<td>Port d&#039;embarquement<\/td>\n<td>Canton, Shenzhen<\/td>\n<\/tr>\n<tr>\n<td>Conditions commerciales<\/td>\n<td>EXW, FOB, CIF, DDU, DDP<\/td>\n<\/tr>\n<tr>\n<td>M\u00e9thodes de payement<\/td>\n<td>T\/T, esp\u00e8ces, PayPal, carte de cr\u00e9dit<\/td>\n<\/tr>\n<\/tbody>\n<\/table>\n<p><span style=\"color: #003366;\">Caract\u00e9ristiques:<\/span><\/p>\n<ul class=\"v_features\">\n<li>\u00c9tui pour 6 pistolets<\/li>\n<li>Panneaux d&#039;extr\u00e9mit\u00e9 en polypropyl\u00e8ne moul\u00e9<\/li>\n<li>Cadre en aluminium<\/li>\n<li>Coins m\u00e9talliques renforc\u00e9s<\/li>\n<li>Finition ABS r\u00e9sistante aux rayures<\/li>\n<li>Une poign\u00e9e en caoutchouc<\/li>\n<li>Loquets \u00e0 deux serrures \u00e0 cl\u00e9 avec ports cadenassables<\/li>\n<li>Deux charni\u00e8res de maintien du couvercle<\/li>\n<li>Quatre charni\u00e8res arri\u00e8re<\/li>\n<li>Mousse alv\u00e9ol\u00e9e fix\u00e9e dans le couvercle<\/li>\n<li>Deux couches de mousse amovible (alv\u00e9ol\u00e9e et Pick-n-Pluck) dans la base du bo\u00eetier<\/li>\n<li><\/li>\n<\/ul>","protected":false},"excerpt":{"rendered":"<p>Mod\u00e8le : GC-0004<\/p>\n<p>Taille : 616 x 372 x 108 mm<\/p>\n<p>Quantit\u00e9 minimale de commande : 100 pi\u00e8ces<\/p>\n<p>D\u00e9lai de livraison : 15-25 jours<\/p>\n<p>\u00c9chantillon\u00a0: Disponible<\/p>","protected":false},"featured_media":20398,"template":"","meta":{"_gspb_post_css":""},"product_cat":[85],"product_tag":[],"featured_image_urls":{"full":["https:\/\/suncasesupply.com\/wp-content\/uploads\/2023\/08\/tzm0025bdopen-md.jpg",450,450,false],"thumbnail":["https:\/\/suncasesupply.com\/wp-content\/uploads\/2023\/08\/tzm0025bdopen-md-150x150.jpg",150,150,true],"medium":["https:\/\/suncasesupply.com\/wp-content\/uploads\/2023\/08\/tzm0025bdopen-md-300x300.jpg",300,300,true],"medium_large":["https:\/\/suncasesupply.com\/wp-content\/uploads\/2023\/08\/tzm0025bdopen-md.jpg",450,450,false],"large":["https:\/\/suncasesupply.com\/wp-content\/uploads\/2023\/08\/tzm0025bdopen-md.jpg",450,450,false],"1536x1536":["https:\/\/suncasesupply.com\/wp-content\/uploads\/2023\/08\/tzm0025bdopen-md.jpg",450,450,false],"2048x2048":["https:\/\/suncasesupply.com\/wp-content\/uploads\/2023\/08\/tzm0025bdopen-md.jpg",450,450,false],"trp-custom-language-flag":["https:\/\/suncasesupply.com\/wp-content\/uploads\/2023\/08\/tzm0025bdopen-md.jpg",12,12,false],"woocommerce_thumbnail":["https:\/\/suncasesupply.com\/wp-content\/uploads\/2023\/08\/tzm0025bdopen-md-300x300.jpg",300,300,true],"woocommerce_single":["https:\/\/suncasesupply.com\/wp-content\/uploads\/2023\/08\/tzm0025bdopen-md.jpg",450,450,false],"woocommerce_gallery_thumbnail":["https:\/\/suncasesupply.com\/wp-content\/uploads\/2023\/08\/tzm0025bdopen-md-100x100.jpg",100,100,true]},"post_excerpt_stackable":"<p>Model : GC-0004<\/p>\n<p>Size: 616 x 372 x 108\u00a0mm<\/p>\n<p>MOQ: 100pcs<\/p>\n<p>Delivery Time : 15-25 Days<\/p>\n<p>Sample : Available<\/p>\n","category_list":"","author_info":{"name":"","url":""},"comments_num":"0 commentaire","_links":{"self":[{"href":"https:\/\/suncasesupply.com\/fr\/wp-json\/wp\/v2\/product\/20395"}],"collection":[{"href":"https:\/\/suncasesupply.com\/fr\/wp-json\/wp\/v2\/product"}],"about":[{"href":"https:\/\/suncasesupply.com\/fr\/wp-json\/wp\/v2\/types\/product"}],"wp:featuredmedia":[{"embeddable":true,"href":"https:\/\/suncasesupply.com\/fr\/wp-json\/wp\/v2\/media\/20398"}],"wp:attachment":[{"href":"https:\/\/suncasesupply.com\/fr\/wp-json\/wp\/v2\/media?parent=20395"}],"wp:term":[{"taxonomy":"product_cat","embeddable":true,"href":"https:\/\/suncasesupply.com\/fr\/wp-json\/wp\/v2\/product_cat?post=20395"},{"taxonomy":"product_tag","embeddable":true,"href":"https:\/\/suncasesupply.com\/fr\/wp-json\/wp\/v2\/product_tag?post=20395"}],"curies":[{"name":"wp","href":"https:\/\/api.w.org\/{rel}","templated":true}]}}