{"id":20387,"date":"2023-08-24T10:40:07","date_gmt":"2023-08-24T02:40:07","guid":{"rendered":"https:\/\/suncasesupply.com\/?post_type=product&#038;p=20387"},"modified":"2026-02-04T22:16:28","modified_gmt":"2026-02-04T14:16:28","slug":"double-aluminum-gun-case-carrying-pistol-storage-case","status":"publish","type":"product","link":"https:\/\/suncasesupply.com\/fr\/product\/double-aluminum-gun-case-carrying-pistol-storage-case\/","title":{"rendered":"\u00c9tui \u00e0 pistolet double en aluminium, \u00e9tui de transport pour pistolet"},"content":{"rendered":"<p>&nbsp;<\/p>\n<table width=\"774\">\n<tbody>\n<tr>\n<td width=\"177\">Article<\/td>\n<td width=\"597\">Mallette pour pistolet en aluminium<\/td>\n<\/tr>\n<tr>\n<td>Dimension<\/td>\n<td>318 mm x 229 mm x 178 mm ou sur mesure<\/td>\n<\/tr>\n<tr>\n<td>Couleurs<\/td>\n<td>Comme le montrent les images ou personnaliser<\/td>\n<\/tr>\n<tr>\n<td>Mat\u00e9riaux<\/td>\n<td>Aluminium, panneau ABS, panneau MDF, doublure EVA\/mousse\/tissu\/PU, quincaillerie<\/td>\n<\/tr>\n<tr>\n<td>Logo<\/td>\n<td>Logo plaque m\u00e9tallique, logo imprim\u00e9, logo en relief, logo laser<\/td>\n<\/tr>\n<tr>\n<td>Temps d&#039;\u00e9chantillonnage<\/td>\n<td>7 jours<\/td>\n<\/tr>\n<tr>\n<td>Port d&#039;embarquement<\/td>\n<td>Canton, Shenzhen<\/td>\n<\/tr>\n<tr>\n<td>Conditions commerciales<\/td>\n<td>EXW, FOB, CIF, DDU, DDP<\/td>\n<\/tr>\n<tr>\n<td>M\u00e9thodes de payement<\/td>\n<td>T\/T, esp\u00e8ces, PayPal, carte de cr\u00e9dit<\/td>\n<\/tr>\n<\/tbody>\n<\/table>\n<p><span style=\"color: #003366;\">Caract\u00e9ristiques:<\/span><\/p>\n<ul class=\"v_features\">\n<li>\u00c9tui pour pistolet Duelly<\/li>\n<li>Panneaux d&#039;extr\u00e9mit\u00e9 en polypropyl\u00e8ne moul\u00e9<\/li>\n<li>Cadre en aluminium<\/li>\n<li>Finition ABS r\u00e9sistante aux rayures<\/li>\n<li>Une poign\u00e9e<\/li>\n<li>Deux serrures \u00e0 combinaison<\/li>\n<li>Une charni\u00e8re de maintien du couvercle de chaque c\u00f4t\u00e9<\/li>\n<li>Charni\u00e8res arri\u00e8re piano<\/li>\n<li>Bretelles<\/li>\n<li>Mousse alv\u00e9ol\u00e9e fix\u00e9e dans le couvercle<\/li>\n<li>Deux couches de mousse amovible (alv\u00e9ol\u00e9e et Pick-n-Pluck) dans la base du bo\u00eetier<\/li>\n<\/ul>","protected":false},"excerpt":{"rendered":"<p>Mod\u00e8le : GC-0003<\/p>\n<p>Dimensions : 318 mm x 229 mm x 178 mm<\/p>\n<p>Quantit\u00e9 minimale de commande : 100 pi\u00e8ces<\/p>\n<p>D\u00e9lai de livraison : 15-25 jours<\/p>\n<p>\u00c9chantillon\u00a0: Disponible<\/p>","protected":false},"featured_media":20388,"template":"","meta":{"_gspb_post_css":""},"product_cat":[85],"product_tag":[],"featured_image_urls":{"full":["https:\/\/suncasesupply.com\/wp-content\/uploads\/2023\/08\/tzm0012bd-md.jpg",450,450,false],"thumbnail":["https:\/\/suncasesupply.com\/wp-content\/uploads\/2023\/08\/tzm0012bd-md-150x150.jpg",150,150,true],"medium":["https:\/\/suncasesupply.com\/wp-content\/uploads\/2023\/08\/tzm0012bd-md-300x300.jpg",300,300,true],"medium_large":["https:\/\/suncasesupply.com\/wp-content\/uploads\/2023\/08\/tzm0012bd-md.jpg",450,450,false],"large":["https:\/\/suncasesupply.com\/wp-content\/uploads\/2023\/08\/tzm0012bd-md.jpg",450,450,false],"1536x1536":["https:\/\/suncasesupply.com\/wp-content\/uploads\/2023\/08\/tzm0012bd-md.jpg",450,450,false],"2048x2048":["https:\/\/suncasesupply.com\/wp-content\/uploads\/2023\/08\/tzm0012bd-md.jpg",450,450,false],"trp-custom-language-flag":["https:\/\/suncasesupply.com\/wp-content\/uploads\/2023\/08\/tzm0012bd-md.jpg",12,12,false],"woocommerce_thumbnail":["https:\/\/suncasesupply.com\/wp-content\/uploads\/2023\/08\/tzm0012bd-md-300x300.jpg",300,300,true],"woocommerce_single":["https:\/\/suncasesupply.com\/wp-content\/uploads\/2023\/08\/tzm0012bd-md.jpg",450,450,false],"woocommerce_gallery_thumbnail":["https:\/\/suncasesupply.com\/wp-content\/uploads\/2023\/08\/tzm0012bd-md-100x100.jpg",100,100,true]},"post_excerpt_stackable":"<p>Model : GC-0003<\/p>\n<p>Size: 318mm x 229mm x 178mm<\/p>\n<p>MOQ: 100pcs<\/p>\n<p>Delivery Time : 15-25 Days<\/p>\n<p>Sample : Available<\/p>\n","category_list":"","author_info":{"name":"","url":""},"comments_num":"0 commentaire","_links":{"self":[{"href":"https:\/\/suncasesupply.com\/fr\/wp-json\/wp\/v2\/product\/20387"}],"collection":[{"href":"https:\/\/suncasesupply.com\/fr\/wp-json\/wp\/v2\/product"}],"about":[{"href":"https:\/\/suncasesupply.com\/fr\/wp-json\/wp\/v2\/types\/product"}],"wp:featuredmedia":[{"embeddable":true,"href":"https:\/\/suncasesupply.com\/fr\/wp-json\/wp\/v2\/media\/20388"}],"wp:attachment":[{"href":"https:\/\/suncasesupply.com\/fr\/wp-json\/wp\/v2\/media?parent=20387"}],"wp:term":[{"taxonomy":"product_cat","embeddable":true,"href":"https:\/\/suncasesupply.com\/fr\/wp-json\/wp\/v2\/product_cat?post=20387"},{"taxonomy":"product_tag","embeddable":true,"href":"https:\/\/suncasesupply.com\/fr\/wp-json\/wp\/v2\/product_tag?post=20387"}],"curies":[{"name":"wp","href":"https:\/\/api.w.org\/{rel}","templated":true}]}}