{"id":20269,"date":"2023-08-23T16:42:26","date_gmt":"2023-08-23T08:42:26","guid":{"rendered":"https:\/\/suncasesupply.com\/?post_type=product&#038;p=20269"},"modified":"2025-02-20T15:04:08","modified_gmt":"2025-02-20T07:04:08","slug":"extra-large-dj-controller-mixer-media-player-case","status":"publish","type":"product","link":"https:\/\/suncasesupply.com\/fr\/product\/extra-large-dj-controller-mixer-media-player-case\/","title":{"rendered":"\u00c9tui pour lecteur multim\u00e9dia de mixage de contr\u00f4leur DJ extra large"},"content":{"rendered":"<p>&nbsp;<\/p>\n<table width=\"774\">\n<tbody>\n<tr>\n<td width=\"177\">Article<\/td>\n<td width=\"597\">Sac EVA<\/td>\n<\/tr>\n<tr>\n<td>Dimension<\/td>\n<td>58,42*39,37*20,32 cm ou personnaliser<\/td>\n<\/tr>\n<tr>\n<td>Couleurs<\/td>\n<td>Comme le montrent les images ou personnaliser<\/td>\n<\/tr>\n<tr>\n<td>Mat\u00e9riaux<\/td>\n<td>oxford\/PU, fermetures \u00e9clair plastique\/m\u00e9tal, EVA, PVC, Nylon\u2026<\/td>\n<\/tr>\n<tr>\n<td>Logo<\/td>\n<td>Logo plaque m\u00e9tallique, logo imprim\u00e9, logo en relief, logo laser<\/td>\n<\/tr>\n<tr>\n<td>Temps d&#039;\u00e9chantillonnage<\/td>\n<td>7 jours<\/td>\n<\/tr>\n<tr>\n<td>Port d&#039;embarquement<\/td>\n<td>Canton, Shenzhen<\/td>\n<\/tr>\n<tr>\n<td>Conditions commerciales<\/td>\n<td>EXW, FOB, CIF, DDU, DDP<\/td>\n<\/tr>\n<tr>\n<td>M\u00e9thodes de payement<\/td>\n<td>T\/T, esp\u00e8ces, PayPal, carte de cr\u00e9dit<\/td>\n<\/tr>\n<\/tbody>\n<\/table>\n<p><span style=\"color: #003366;\">Caract\u00e9ristiques:<\/span><\/p>\n<div>Le bo\u00eetier, des bo\u00eetiers de pointe pour les DJ \/ Remixeurs \/ Producteurs nomades d&#039;aujourd&#039;hui. Chaque design vous donne non seulement une belle apparence, mais il vous fait aussi vous sentir bien. La mallette Redline\u2122 Digital XLE vous permet d&#039;emporter une grande vari\u00e9t\u00e9 de votre \u00e9quipement essentiel pour votre installation num\u00e9rique d&#039;un concert \u00e0 l&#039;autre. Dans le compartiment principal se trouvent des inserts en mousse uniques qui peuvent \u00eatre facilement reconfigur\u00e9s ou retir\u00e9s afin que vous puissiez ranger en toute s\u00e9curit\u00e9 tout ce que votre concert exige, comme des mixeurs et des lecteurs multim\u00e9dias de table grand format, ou des contr\u00f4leurs num\u00e9riques tels que le Denon DN-MC4000, le Traktor Kontrol. S4 MK2, Numark Mixtrack PRO 3 et NVII, ou Pioneer DDJ-RB. Il dispose de suffisamment de poches pour ranger tous vos accessoires et est enti\u00e8rement rembourr\u00e9 aux bons endroits avec un renfort de cadre en acier pour une protection ultime en mati\u00e8re d&#039;\u00e9quipement num\u00e9rique.<\/div>","protected":false},"excerpt":{"rendered":"<p>Mod\u00e8le : SC-EC0003<\/p>\n<p>Taille: 58,42*39,37*20,32 cm<\/p>\n<p>Quantit\u00e9 minimale de commande : 500 pi\u00e8ces<\/p>\n<p>D\u00e9lai de livraison : 15-25 jours<\/p>\n<p>\u00c9chantillon\u00a0: Disponible<\/p>","protected":false},"featured_media":20271,"template":"","meta":{"_gspb_post_css":""},"product_cat":[37],"product_tag":[],"featured_image_urls":{"full":["https:\/\/suncasesupply.com\/wp-content\/uploads\/2023\/08\/brldigitalxle_02.webp",1500,1500,false],"thumbnail":["https:\/\/suncasesupply.com\/wp-content\/uploads\/2023\/08\/brldigitalxle_02-150x150.webp",150,150,true],"medium":["https:\/\/suncasesupply.com\/wp-content\/uploads\/2023\/08\/brldigitalxle_02-300x300.webp",300,300,true],"medium_large":["https:\/\/suncasesupply.com\/wp-content\/uploads\/2023\/08\/brldigitalxle_02-768x768.webp",768,768,true],"large":["https:\/\/suncasesupply.com\/wp-content\/uploads\/2023\/08\/brldigitalxle_02-1024x1024.webp",1024,1024,true],"1536x1536":["https:\/\/suncasesupply.com\/wp-content\/uploads\/2023\/08\/brldigitalxle_02.webp",1500,1500,false],"2048x2048":["https:\/\/suncasesupply.com\/wp-content\/uploads\/2023\/08\/brldigitalxle_02.webp",1500,1500,false],"trp-custom-language-flag":["https:\/\/suncasesupply.com\/wp-content\/uploads\/2023\/08\/brldigitalxle_02.webp",12,12,false],"woocommerce_thumbnail":["https:\/\/suncasesupply.com\/wp-content\/uploads\/2023\/08\/brldigitalxle_02-300x300.webp",300,300,true],"woocommerce_single":["https:\/\/suncasesupply.com\/wp-content\/uploads\/2023\/08\/brldigitalxle_02-600x600.webp",600,600,true],"woocommerce_gallery_thumbnail":["https:\/\/suncasesupply.com\/wp-content\/uploads\/2023\/08\/brldigitalxle_02-100x100.webp",100,100,true]},"post_excerpt_stackable":"<p>Model : SC-EC0003<\/p>\n<p>Size: \u00a058.42*39.37*20.32cm<\/p>\n<p>MOQ: 500pcs<\/p>\n<p>Delivery Time : 15-25 Days<\/p>\n<p>Sample : Available<\/p>\n","category_list":"","author_info":{"name":"","url":""},"comments_num":"0 commentaire","_links":{"self":[{"href":"https:\/\/suncasesupply.com\/fr\/wp-json\/wp\/v2\/product\/20269"}],"collection":[{"href":"https:\/\/suncasesupply.com\/fr\/wp-json\/wp\/v2\/product"}],"about":[{"href":"https:\/\/suncasesupply.com\/fr\/wp-json\/wp\/v2\/types\/product"}],"wp:featuredmedia":[{"embeddable":true,"href":"https:\/\/suncasesupply.com\/fr\/wp-json\/wp\/v2\/media\/20271"}],"wp:attachment":[{"href":"https:\/\/suncasesupply.com\/fr\/wp-json\/wp\/v2\/media?parent=20269"}],"wp:term":[{"taxonomy":"product_cat","embeddable":true,"href":"https:\/\/suncasesupply.com\/fr\/wp-json\/wp\/v2\/product_cat?post=20269"},{"taxonomy":"product_tag","embeddable":true,"href":"https:\/\/suncasesupply.com\/fr\/wp-json\/wp\/v2\/product_tag?post=20269"}],"curies":[{"name":"wp","href":"https:\/\/api.w.org\/{rel}","templated":true}]}}