{"id":20262,"date":"2023-08-23T16:35:04","date_gmt":"2023-08-23T08:35:04","guid":{"rendered":"https:\/\/suncasesupply.com\/?post_type=product&#038;p=20262"},"modified":"2025-02-20T15:04:31","modified_gmt":"2025-02-20T07:04:31","slug":"eva-molded-soft-case-for-music-equipment","status":"publish","type":"product","link":"https:\/\/suncasesupply.com\/fr\/product\/eva-molded-soft-case-for-music-equipment\/","title":{"rendered":"\u00c9tui souple moul\u00e9 en EVA pour \u00e9quipement de musique"},"content":{"rendered":"<p>&nbsp;<\/p>\n<table width=\"774\">\n<tbody>\n<tr>\n<td width=\"177\">Article<\/td>\n<td width=\"597\">Sac EVA<\/td>\n<\/tr>\n<tr>\n<td>Dimension<\/td>\n<td>83,8*43,2*15,9 cm ou personnaliser<\/td>\n<\/tr>\n<tr>\n<td>Couleurs<\/td>\n<td>Comme le montrent les images ou personnaliser<\/td>\n<\/tr>\n<tr>\n<td>Mat\u00e9riaux<\/td>\n<td>oxford\/PU, fermetures \u00e9clair plastique\/m\u00e9tal, EVA, PVC, Nylon\u2026<\/td>\n<\/tr>\n<tr>\n<td>Logo<\/td>\n<td>Logo plaque m\u00e9tallique, logo imprim\u00e9, logo en relief, logo laser<\/td>\n<\/tr>\n<tr>\n<td>Temps d&#039;\u00e9chantillonnage<\/td>\n<td>7 jours<\/td>\n<\/tr>\n<tr>\n<td>Port d&#039;embarquement<\/td>\n<td>Canton, Shenzhen<\/td>\n<\/tr>\n<tr>\n<td>Conditions commerciales<\/td>\n<td>EXW, FOB, CIF, DDU, DDP<\/td>\n<\/tr>\n<tr>\n<td>M\u00e9thodes de payement<\/td>\n<td>T\/T, esp\u00e8ces, PayPal, carte de cr\u00e9dit<\/td>\n<\/tr>\n<\/tbody>\n<\/table>\n<p><span style=\"color: #003366;\">Caract\u00e9ristiques:<\/span><\/p>\n<div>Pour la s\u00e9curit\u00e9 de votre \u00e9quipement, des \u00e9tuis\/pochettes de protection appropri\u00e9s pour chaque \u00e9quipement individuel (ordinateurs portables, tablettes, supports pliables pour ordinateur portable\/\u00e9quipement, sources d&#039;alimentation et c\u00e2bles, etc. sont n\u00e9cessaires lors du transport ensemble dans le m\u00eame compartiment. Restez dans l&#039;\u00e9tui moul\u00e9. capacit\u00e9 \u00e0 assurer la meilleure protection pour votre \u00e9quipement.<\/div>","protected":false},"excerpt":{"rendered":"<p>Mod\u00e8le : SC-EC0002<\/p>\n<p>Taille: 83,8*43,2*15,9 cm<\/p>\n<p>Quantit\u00e9 minimale de commande : 200 pi\u00e8ces<\/p>\n<p>D\u00e9lai de livraison : 15-25 jours<\/p>\n<p>\u00c9chantillon\u00a0: Disponible<\/p>","protected":false},"featured_media":20263,"template":"","meta":{"_gspb_post_css":""},"product_cat":[37],"product_tag":[],"featured_image_urls":{"full":["https:\/\/suncasesupply.com\/wp-content\/uploads\/2023\/08\/1-23.jpg",1500,1500,false],"thumbnail":["https:\/\/suncasesupply.com\/wp-content\/uploads\/2023\/08\/1-23-150x150.jpg",150,150,true],"medium":["https:\/\/suncasesupply.com\/wp-content\/uploads\/2023\/08\/1-23-300x300.jpg",300,300,true],"medium_large":["https:\/\/suncasesupply.com\/wp-content\/uploads\/2023\/08\/1-23-768x768.jpg",768,768,true],"large":["https:\/\/suncasesupply.com\/wp-content\/uploads\/2023\/08\/1-23-1024x1024.jpg",1024,1024,true],"1536x1536":["https:\/\/suncasesupply.com\/wp-content\/uploads\/2023\/08\/1-23.jpg",1500,1500,false],"2048x2048":["https:\/\/suncasesupply.com\/wp-content\/uploads\/2023\/08\/1-23.jpg",1500,1500,false],"trp-custom-language-flag":["https:\/\/suncasesupply.com\/wp-content\/uploads\/2023\/08\/1-23.jpg",12,12,false],"woocommerce_thumbnail":["https:\/\/suncasesupply.com\/wp-content\/uploads\/2023\/08\/1-23-300x300.jpg",300,300,true],"woocommerce_single":["https:\/\/suncasesupply.com\/wp-content\/uploads\/2023\/08\/1-23-600x600.jpg",600,600,true],"woocommerce_gallery_thumbnail":["https:\/\/suncasesupply.com\/wp-content\/uploads\/2023\/08\/1-23-100x100.jpg",100,100,true]},"post_excerpt_stackable":"<p>Model : SC-EC0002<\/p>\n<p>Size: 83.8*43.2*15.9cm<\/p>\n<p>MOQ: 200pcs<\/p>\n<p>Delivery Time : 15-25 Days<\/p>\n<p>Sample : Available<\/p>\n","category_list":"","author_info":{"name":"","url":""},"comments_num":"0 commentaire","_links":{"self":[{"href":"https:\/\/suncasesupply.com\/fr\/wp-json\/wp\/v2\/product\/20262"}],"collection":[{"href":"https:\/\/suncasesupply.com\/fr\/wp-json\/wp\/v2\/product"}],"about":[{"href":"https:\/\/suncasesupply.com\/fr\/wp-json\/wp\/v2\/types\/product"}],"wp:featuredmedia":[{"embeddable":true,"href":"https:\/\/suncasesupply.com\/fr\/wp-json\/wp\/v2\/media\/20263"}],"wp:attachment":[{"href":"https:\/\/suncasesupply.com\/fr\/wp-json\/wp\/v2\/media?parent=20262"}],"wp:term":[{"taxonomy":"product_cat","embeddable":true,"href":"https:\/\/suncasesupply.com\/fr\/wp-json\/wp\/v2\/product_cat?post=20262"},{"taxonomy":"product_tag","embeddable":true,"href":"https:\/\/suncasesupply.com\/fr\/wp-json\/wp\/v2\/product_tag?post=20262"}],"curies":[{"name":"wp","href":"https:\/\/api.w.org\/{rel}","templated":true}]}}