{"id":20252,"date":"2023-08-23T16:19:12","date_gmt":"2023-08-23T08:19:12","guid":{"rendered":"https:\/\/suncasesupply.com\/?post_type=product&#038;p=20252"},"modified":"2025-02-20T15:04:49","modified_gmt":"2025-02-20T07:04:49","slug":"eva-molded-case-custom-fit-for-the-pioneer-djm-a9","status":"publish","type":"product","link":"https:\/\/suncasesupply.com\/fr\/product\/eva-molded-case-custom-fit-for-the-pioneer-djm-a9\/","title":{"rendered":"\u00c9tui moul\u00e9 en EVA adapt\u00e9 sur mesure pour le Pioneer DJM-A9"},"content":{"rendered":"<p>&nbsp;<\/p>\n<table width=\"774\">\n<tbody>\n<tr>\n<td width=\"177\">Article<\/td>\n<td width=\"597\">\u00a0Sac EVA<\/td>\n<\/tr>\n<tr>\n<td>Dimension<\/td>\n<td>58,5*50,8*15,3 cm ou personnaliser<\/td>\n<\/tr>\n<tr>\n<td>Couleurs<\/td>\n<td>Comme le montrent les images ou personnaliser<\/td>\n<\/tr>\n<tr>\n<td>Mat\u00e9riaux<\/td>\n<td>oxford\/PU, fermetures \u00e9clair plastique\/m\u00e9tal, EVA, PVC, Nylon\u2026<\/td>\n<\/tr>\n<tr>\n<td>Logo<\/td>\n<td>Logo plaque m\u00e9tallique, logo imprim\u00e9, logo en relief, logo laser<\/td>\n<\/tr>\n<tr>\n<td>Temps d&#039;\u00e9chantillonnage<\/td>\n<td>7 jours<\/td>\n<\/tr>\n<tr>\n<td>Port d&#039;embarquement<\/td>\n<td>Canton, Shenzhen<\/td>\n<\/tr>\n<tr>\n<td>Conditions commerciales<\/td>\n<td>EXW, FOB, CIF, DDU, DDP<\/td>\n<\/tr>\n<tr>\n<td>M\u00e9thodes de payement<\/td>\n<td>T\/T, esp\u00e8ces, PayPal, carte de cr\u00e9dit<\/td>\n<\/tr>\n<\/tbody>\n<\/table>\n<p><span style=\"color: #003366;\">Caract\u00e9ristiques:<\/span><\/p>\n<div><strong>Environ. Dimensions ext\u00e9rieures\u00a0:<\/strong>\u00a023\u2033 L x 20\u2033 P x 6\u2033 H<\/div>\n<div><strong>Environ. Poids:<\/strong>\u00a06 livres<\/div>\n<div><strong>Environ. Dimensions d&#039;exp\u00e9dition\u00a0:<\/strong>\u00a024\u2033 x 21,5\u2033 x 6,75\u2033<\/div>\n<div><strong>Environ. Poids d&#039;exp\u00e9dition\u00a0:<\/strong>\u00a07,75 livres<\/div>\n<div><strong>Environ. Mesures du compartiment \u00e0 engrenages\u00a0:<\/strong>\u00a016\u2033 x 16,75\u2033<\/div>","protected":false},"excerpt":{"rendered":"<p>Mod\u00e8le : SC-EC0001<\/p>\n<p>Taille: 58,5*50,8*15,3 cm<\/p>\n<p>Quantit\u00e9 minimale de commande : 200 pi\u00e8ces<\/p>\n<p>D\u00e9lai de livraison : 15-25 jours<\/p>\n<p>\u00c9chantillon\u00a0: Disponible<\/p>","protected":false},"featured_media":20258,"template":"","meta":{"_gspb_post_css":""},"product_cat":[37],"product_tag":[],"featured_image_urls":{"full":["https:\/\/suncasesupply.com\/wp-content\/uploads\/2023\/08\/1-22.jpg",1500,1500,false],"thumbnail":["https:\/\/suncasesupply.com\/wp-content\/uploads\/2023\/08\/1-22-150x150.jpg",150,150,true],"medium":["https:\/\/suncasesupply.com\/wp-content\/uploads\/2023\/08\/1-22-300x300.jpg",300,300,true],"medium_large":["https:\/\/suncasesupply.com\/wp-content\/uploads\/2023\/08\/1-22-768x768.jpg",768,768,true],"large":["https:\/\/suncasesupply.com\/wp-content\/uploads\/2023\/08\/1-22-1024x1024.jpg",1024,1024,true],"1536x1536":["https:\/\/suncasesupply.com\/wp-content\/uploads\/2023\/08\/1-22.jpg",1500,1500,false],"2048x2048":["https:\/\/suncasesupply.com\/wp-content\/uploads\/2023\/08\/1-22.jpg",1500,1500,false],"trp-custom-language-flag":["https:\/\/suncasesupply.com\/wp-content\/uploads\/2023\/08\/1-22.jpg",12,12,false],"woocommerce_thumbnail":["https:\/\/suncasesupply.com\/wp-content\/uploads\/2023\/08\/1-22-300x300.jpg",300,300,true],"woocommerce_single":["https:\/\/suncasesupply.com\/wp-content\/uploads\/2023\/08\/1-22-600x600.jpg",600,600,true],"woocommerce_gallery_thumbnail":["https:\/\/suncasesupply.com\/wp-content\/uploads\/2023\/08\/1-22-100x100.jpg",100,100,true]},"post_excerpt_stackable":"<p>Model : SC-EC0001<\/p>\n<p>Size: 58.5*50.8*15.3cm<\/p>\n<p>MOQ: 200pcs<\/p>\n<p>Delivery Time : 15-25 Days<\/p>\n<p>Sample : Available<\/p>\n","category_list":"","author_info":{"name":"","url":""},"comments_num":"0 commentaire","_links":{"self":[{"href":"https:\/\/suncasesupply.com\/fr\/wp-json\/wp\/v2\/product\/20252"}],"collection":[{"href":"https:\/\/suncasesupply.com\/fr\/wp-json\/wp\/v2\/product"}],"about":[{"href":"https:\/\/suncasesupply.com\/fr\/wp-json\/wp\/v2\/types\/product"}],"wp:featuredmedia":[{"embeddable":true,"href":"https:\/\/suncasesupply.com\/fr\/wp-json\/wp\/v2\/media\/20258"}],"wp:attachment":[{"href":"https:\/\/suncasesupply.com\/fr\/wp-json\/wp\/v2\/media?parent=20252"}],"wp:term":[{"taxonomy":"product_cat","embeddable":true,"href":"https:\/\/suncasesupply.com\/fr\/wp-json\/wp\/v2\/product_cat?post=20252"},{"taxonomy":"product_tag","embeddable":true,"href":"https:\/\/suncasesupply.com\/fr\/wp-json\/wp\/v2\/product_tag?post=20252"}],"curies":[{"name":"wp","href":"https:\/\/api.w.org\/{rel}","templated":true}]}}