{"id":20177,"date":"2023-08-23T14:03:39","date_gmt":"2023-08-23T06:03:39","guid":{"rendered":"https:\/\/suncasesupply.com\/?post_type=product&#038;p=20177"},"modified":"2025-02-26T11:35:30","modified_gmt":"2025-02-26T03:35:30","slug":"flight-road-case-with-dividers-tray-transport-trunk-flight-cable","status":"publish","type":"product","link":"https:\/\/suncasesupply.com\/fr\/product\/flight-road-case-with-dividers-tray-transport-trunk-flight-cable\/","title":{"rendered":"Flight Road Case avec s\u00e9parateurs plateau coffre de transport c\u00e2ble de vol"},"content":{"rendered":"<p>&nbsp;<\/p>\n<table width=\"774\">\n<tbody>\n<tr>\n<td width=\"177\">Article<\/td>\n<td width=\"597\">Flight-case<\/td>\n<\/tr>\n<tr>\n<td>Dimension<\/td>\n<td>Personnaliser<\/td>\n<\/tr>\n<tr>\n<td>Couleurs<\/td>\n<td>Comme le montrent les images ou personnaliser<\/td>\n<\/tr>\n<tr>\n<td>Mat\u00e9riaux<\/td>\n<td>Aluminium, contreplaqu\u00e9, doublure EVA\/mousse\/tissu\/PU, quincaillerie<\/td>\n<\/tr>\n<tr>\n<td>Logo<\/td>\n<td>Logo plaque m\u00e9tallique, logo imprim\u00e9, logo en relief, logo laser<\/td>\n<\/tr>\n<tr>\n<td>Temps d&#039;\u00e9chantillonnage<\/td>\n<td>7 jours<\/td>\n<\/tr>\n<tr>\n<td>Port d&#039;embarquement<\/td>\n<td>Canton, Shenzhen<\/td>\n<\/tr>\n<tr>\n<td>Conditions commerciales<\/td>\n<td>EXW, FOB, CIF, DDU, DDP<\/td>\n<\/tr>\n<tr>\n<td>M\u00e9thodes de payement<\/td>\n<td>T\/T, esp\u00e8ces, PayPal, carte de cr\u00e9dit<\/td>\n<\/tr>\n<\/tbody>\n<\/table>\n<p><span style=\"color: #003366;\">Caract\u00e9ristiques:<\/span><\/p>\n<p>Le bo\u00eetier est \u00e9quip\u00e9 de charni\u00e8res de couvercle \u00ab\u00a0maintenant ouvertes\u00a0\u00bb pour plus de commodit\u00e9 et de s\u00e9curit\u00e9. Il comprend un plateau utilitaire amovible et des s\u00e9parateurs pour organiser votre \u00e9quipement. Il est \u00e9galement \u00e9quip\u00e9 de plats \u00e0 roulettes empilables et d&#039;un insert d&#039;\u00e9tiquette effa\u00e7able \u00e0 sec. Cette valise de route robuste est con\u00e7ue pour durer toute une vie*, avec sa construction robuste et ses mat\u00e9riaux et sa fabrication de haute qualit\u00e9 pour vous offrir la s\u00e9curit\u00e9 ultime pour votre \u00e9quipement.<\/p>","protected":false},"excerpt":{"rendered":"<p>Mod\u00e8le : SC-FL0004<\/p>\n<p>Taille : 153,7*76,2*61 cm\/personnalis\u00e9<\/p>\n<p>Quantit\u00e9 minimale de commande : 5 pi\u00e8ces<\/p>\n<p>D\u00e9lai de livraison : 15-25 jours<\/p>\n<p>\u00c9chantillon\u00a0: Disponible<\/p>","protected":false},"featured_media":20178,"template":"","meta":{"_gspb_post_css":""},"product_cat":[39,91],"product_tag":[],"featured_image_urls":{"full":["https:\/\/suncasesupply.com\/wp-content\/uploads\/2023\/08\/1-16-scaled.jpg",2560,2560,false],"thumbnail":["https:\/\/suncasesupply.com\/wp-content\/uploads\/2023\/08\/1-16-150x150.jpg",150,150,true],"medium":["https:\/\/suncasesupply.com\/wp-content\/uploads\/2023\/08\/1-16-300x300.jpg",300,300,true],"medium_large":["https:\/\/suncasesupply.com\/wp-content\/uploads\/2023\/08\/1-16-768x768.jpg",768,768,true],"large":["https:\/\/suncasesupply.com\/wp-content\/uploads\/2023\/08\/1-16-1024x1024.jpg",1024,1024,true],"1536x1536":["https:\/\/suncasesupply.com\/wp-content\/uploads\/2023\/08\/1-16-1536x1536.jpg",1536,1536,true],"2048x2048":["https:\/\/suncasesupply.com\/wp-content\/uploads\/2023\/08\/1-16-2048x2048.jpg",2048,2048,true],"trp-custom-language-flag":["https:\/\/suncasesupply.com\/wp-content\/uploads\/2023\/08\/1-16-scaled.jpg",12,12,false],"woocommerce_thumbnail":["https:\/\/suncasesupply.com\/wp-content\/uploads\/2023\/08\/1-16-300x300.jpg",300,300,true],"woocommerce_single":["https:\/\/suncasesupply.com\/wp-content\/uploads\/2023\/08\/1-16-600x600.jpg",600,600,true],"woocommerce_gallery_thumbnail":["https:\/\/suncasesupply.com\/wp-content\/uploads\/2023\/08\/1-16-100x100.jpg",100,100,true]},"post_excerpt_stackable":"<p>Model : SC-FL0004<\/p>\n<p>Size: 153.7*76.2*61cm \/ Customized<\/p>\n<p>MOQ: 5pcs<\/p>\n<p>Delivery Time : 15-25 Days<\/p>\n<p>Sample : Available<\/p>\n","category_list":"","author_info":{"name":"","url":""},"comments_num":"0 commentaire","_links":{"self":[{"href":"https:\/\/suncasesupply.com\/fr\/wp-json\/wp\/v2\/product\/20177"}],"collection":[{"href":"https:\/\/suncasesupply.com\/fr\/wp-json\/wp\/v2\/product"}],"about":[{"href":"https:\/\/suncasesupply.com\/fr\/wp-json\/wp\/v2\/types\/product"}],"wp:featuredmedia":[{"embeddable":true,"href":"https:\/\/suncasesupply.com\/fr\/wp-json\/wp\/v2\/media\/20178"}],"wp:attachment":[{"href":"https:\/\/suncasesupply.com\/fr\/wp-json\/wp\/v2\/media?parent=20177"}],"wp:term":[{"taxonomy":"product_cat","embeddable":true,"href":"https:\/\/suncasesupply.com\/fr\/wp-json\/wp\/v2\/product_cat?post=20177"},{"taxonomy":"product_tag","embeddable":true,"href":"https:\/\/suncasesupply.com\/fr\/wp-json\/wp\/v2\/product_tag?post=20177"}],"curies":[{"name":"wp","href":"https:\/\/api.w.org\/{rel}","templated":true}]}}