{"id":20139,"date":"2023-08-23T11:03:14","date_gmt":"2023-08-23T03:03:14","guid":{"rendered":"https:\/\/suncasesupply.com\/?post_type=product&#038;p=20139"},"modified":"2025-02-26T11:24:07","modified_gmt":"2025-02-26T03:24:07","slug":"double-layer-nail-polish-storage-and-nail-dryer-case-holds-30-bottles","status":"publish","type":"product","link":"https:\/\/suncasesupply.com\/fr\/product\/double-layer-nail-polish-storage-and-nail-dryer-case-holds-30-bottles\/","title":{"rendered":"\u00c9tui de rangement pour vernis \u00e0 ongles et s\u00e8che-ongles \u00e0 double couche pouvant contenir 30 bouteilles"},"content":{"rendered":"<p>&nbsp;<\/p>\n<table width=\"774\">\n<tbody>\n<tr>\n<td width=\"177\">Article<\/td>\n<td width=\"597\">Trousse de maquillage<\/td>\n<\/tr>\n<tr>\n<td>Dimension<\/td>\n<td>24*20*24 cm ou personnaliser<\/td>\n<\/tr>\n<tr>\n<td>Couleurs<\/td>\n<td>Comme le montrent les images ou personnaliser<\/td>\n<\/tr>\n<tr>\n<td>Mat\u00e9riaux<\/td>\n<td>oxford\/PU, fermetures \u00e9clair plastique\/m\u00e9tal, EVA, PVC, Nylon\u2026<\/td>\n<\/tr>\n<tr>\n<td>Logo<\/td>\n<td>Logo plaque m\u00e9tallique, logo imprim\u00e9, logo en relief, logo laser<\/td>\n<\/tr>\n<tr>\n<td>Temps d&#039;\u00e9chantillonnage<\/td>\n<td>7 jours<\/td>\n<\/tr>\n<tr>\n<td>Port d&#039;embarquement<\/td>\n<td>Canton, Shenzhen<\/td>\n<\/tr>\n<tr>\n<td>Conditions commerciales<\/td>\n<td>EXW, FOB, CIF, DDU, DDP<\/td>\n<\/tr>\n<tr>\n<td>M\u00e9thodes de payement<\/td>\n<td>T\/T, esp\u00e8ces, PayPal, carte de cr\u00e9dit<\/td>\n<\/tr>\n<\/tbody>\n<\/table>\n<p><span style=\"color: #003366;\">Caract\u00e9ristiques:<\/span><\/p>\n<p>Capacit\u00e9 maximale 30, peut stocker 26 bouteilles de vernis \u00e0 ongles de 15 ml et les poches d&#039;angle peuvent contenir 4 petits vernis \u00e0 ongles.<br \/>\nOrganisateur de rangement pour vernis \u00e0 ongles et outils de manucure \u00e0 double compartiment. Fabriqu\u00e9 \u00e0 partir de mat\u00e9riaux robustes pour des performances durables. La coque ext\u00e9rieure bien rembourr\u00e9e offre une superbe protection aux flacons de vernis \u00e0 ongles. Ce r\u00e9cipient organisateur de vernis \u00e0 ongles robuste est id\u00e9al pour les professionnels et les amateurs d&#039;ongles.<br \/>\nLe compartiment inf\u00e9rieur offre un grand espace de rangement pour les bouteilles de vernis \u00e0 ongles de 15 ml, capacit\u00e9 maximale de 30. Les s\u00e9parateurs souples offrent une flexibilit\u00e9 maximale dans l&#039;organisation des bouteilles de diff\u00e9rentes tailles. Ils prot\u00e8gent \u00e9galement les bouteilles de l&#039;\u00e9crasement les unes contre les autres.<br \/>\nLe compartiment sup\u00e9rieur offre suffisamment d&#039;espace de rangement pour la lampe \u00e0 ongles et d&#039;autres outils de manucure comme les limes, la perceuse \u00e0 ongles, le dissolvant pour vernis \u00e0 ongles, les tampons de coton, etc.<\/p>","protected":false},"excerpt":{"rendered":"<p>Mod\u00e8le : SC-MB0013<\/p>\n<p>Taille: 24*20*24 cm<\/p>\n<p>Quantit\u00e9 minimale de commande : 100 pi\u00e8ces<\/p>\n<p>D\u00e9lai de livraison : 15-25 jours<\/p>\n<p>\u00c9chantillon\u00a0: Disponible<\/p>","protected":false},"featured_media":20147,"template":"","meta":{"_gspb_post_css":""},"product_cat":[95],"product_tag":[],"featured_image_urls":{"full":["https:\/\/suncasesupply.com\/wp-content\/uploads\/2023\/08\/1-13-scaled.jpg",2560,2560,false],"thumbnail":["https:\/\/suncasesupply.com\/wp-content\/uploads\/2023\/08\/1-13-150x150.jpg",150,150,true],"medium":["https:\/\/suncasesupply.com\/wp-content\/uploads\/2023\/08\/1-13-300x300.jpg",300,300,true],"medium_large":["https:\/\/suncasesupply.com\/wp-content\/uploads\/2023\/08\/1-13-768x768.jpg",768,768,true],"large":["https:\/\/suncasesupply.com\/wp-content\/uploads\/2023\/08\/1-13-1024x1024.jpg",1024,1024,true],"1536x1536":["https:\/\/suncasesupply.com\/wp-content\/uploads\/2023\/08\/1-13-1536x1536.jpg",1536,1536,true],"2048x2048":["https:\/\/suncasesupply.com\/wp-content\/uploads\/2023\/08\/1-13-2048x2048.jpg",2048,2048,true],"trp-custom-language-flag":["https:\/\/suncasesupply.com\/wp-content\/uploads\/2023\/08\/1-13-scaled.jpg",12,12,false],"woocommerce_thumbnail":["https:\/\/suncasesupply.com\/wp-content\/uploads\/2023\/08\/1-13-300x300.jpg",300,300,true],"woocommerce_single":["https:\/\/suncasesupply.com\/wp-content\/uploads\/2023\/08\/1-13-600x600.jpg",600,600,true],"woocommerce_gallery_thumbnail":["https:\/\/suncasesupply.com\/wp-content\/uploads\/2023\/08\/1-13-100x100.jpg",100,100,true]},"post_excerpt_stackable":"<p>Model : SC-MB0013<\/p>\n<p>Size: 24*20*24cm<\/p>\n<p>MOQ: 100pcs<\/p>\n<p>Delivery Time : 15-25 Days<\/p>\n<p>Sample : Available<\/p>\n","category_list":"","author_info":{"name":"","url":""},"comments_num":"0 commentaire","_links":{"self":[{"href":"https:\/\/suncasesupply.com\/fr\/wp-json\/wp\/v2\/product\/20139"}],"collection":[{"href":"https:\/\/suncasesupply.com\/fr\/wp-json\/wp\/v2\/product"}],"about":[{"href":"https:\/\/suncasesupply.com\/fr\/wp-json\/wp\/v2\/types\/product"}],"wp:featuredmedia":[{"embeddable":true,"href":"https:\/\/suncasesupply.com\/fr\/wp-json\/wp\/v2\/media\/20147"}],"wp:attachment":[{"href":"https:\/\/suncasesupply.com\/fr\/wp-json\/wp\/v2\/media?parent=20139"}],"wp:term":[{"taxonomy":"product_cat","embeddable":true,"href":"https:\/\/suncasesupply.com\/fr\/wp-json\/wp\/v2\/product_cat?post=20139"},{"taxonomy":"product_tag","embeddable":true,"href":"https:\/\/suncasesupply.com\/fr\/wp-json\/wp\/v2\/product_tag?post=20139"}],"curies":[{"name":"wp","href":"https:\/\/api.w.org\/{rel}","templated":true}]}}