{"id":20132,"date":"2023-08-23T10:57:02","date_gmt":"2023-08-23T02:57:02","guid":{"rendered":"https:\/\/suncasesupply.com\/?post_type=product&#038;p=20132"},"modified":"2025-02-26T11:24:16","modified_gmt":"2025-02-26T03:24:16","slug":"nail-polish-carrying-bag-case-holds-24-bottles-15ml-0-5-fl-oz","status":"publish","type":"product","link":"https:\/\/suncasesupply.com\/fr\/product\/nail-polish-carrying-bag-case-holds-24-bottles-15ml-0-5-fl-oz\/","title":{"rendered":"\u00c9tui de transport pour vernis \u00e0 ongles pouvant contenir 24 bouteilles (15 ml\/0,5 fl.oz)"},"content":{"rendered":"<p>&nbsp;<\/p>\n<table width=\"774\">\n<tbody>\n<tr>\n<td width=\"177\">Article<\/td>\n<td width=\"597\">Trousse de maquillage<\/td>\n<\/tr>\n<tr>\n<td>Dimension<\/td>\n<td>27*18*9.4 cm ou personnaliser<\/td>\n<\/tr>\n<tr>\n<td>Couleurs<\/td>\n<td>Comme le montrent les images ou personnaliser<\/td>\n<\/tr>\n<tr>\n<td>Mat\u00e9riaux<\/td>\n<td>oxford\/PU, fermetures \u00e9clair plastique\/m\u00e9tal, EVA, PVC, Nylon\u2026<\/td>\n<\/tr>\n<tr>\n<td>Logo<\/td>\n<td>Logo plaque m\u00e9tallique, logo imprim\u00e9, logo en relief, logo laser<\/td>\n<\/tr>\n<tr>\n<td>Temps d&#039;\u00e9chantillonnage<\/td>\n<td>7 jours<\/td>\n<\/tr>\n<tr>\n<td>Port d&#039;embarquement<\/td>\n<td>Canton, Shenzhen<\/td>\n<\/tr>\n<tr>\n<td>Conditions commerciales<\/td>\n<td>EXW, FOB, CIF, DDU, DDP<\/td>\n<\/tr>\n<tr>\n<td>M\u00e9thodes de payement<\/td>\n<td>T\/T, esp\u00e8ces, PayPal, carte de cr\u00e9dit<\/td>\n<\/tr>\n<\/tbody>\n<\/table>\n<p><span style=\"color: #003366;\">Caract\u00e9ristiques:<\/span><\/p>\n<p>La conception bien rembourr\u00e9e aide \u00e0 conserver la forme du sac et offre une excellente protection aux vernis \u00e0 ongles. Le mat\u00e9riau en polyester hydrofuge le maintient \u00e0 l&#039;\u00e9cart de la poussi\u00e8re et des liquides. (SAC UNIQUEMENT)<br \/>\nLe compartiment principal avec s\u00e9parateur de bouteille r\u00e9glable peut contenir 24 bouteilles de vernis \u00e0 ongles (15 ml\/0,5 fl.oz) (jusqu&#039;\u00e0 3,6\u2033 de hauteur). 1 poches transparentes \u00e0 fermeture \u00e9clair pour ranger les outils de pointage, les pinceaux, les limes, les autocollants et autres accessoires de manucure.<\/p>","protected":false},"excerpt":{"rendered":"<p>Mod\u00e8le : SC-MB0012<\/p>\n<p>Taille: 27*18*9.4 cm<\/p>\n<p>Quantit\u00e9 minimale de commande : 100 pi\u00e8ces<\/p>\n<p>D\u00e9lai de livraison : 15-25 jours<\/p>\n<p>\u00c9chantillon\u00a0: Disponible<\/p>","protected":false},"featured_media":20133,"template":"","meta":{"_gspb_post_css":""},"product_cat":[95],"product_tag":[],"featured_image_urls":{"full":["https:\/\/suncasesupply.com\/wp-content\/uploads\/2023\/08\/71aGYOG6LzL._SL1500_-1.jpg",1500,1500,false],"thumbnail":["https:\/\/suncasesupply.com\/wp-content\/uploads\/2023\/08\/71aGYOG6LzL._SL1500_-1-150x150.jpg",150,150,true],"medium":["https:\/\/suncasesupply.com\/wp-content\/uploads\/2023\/08\/71aGYOG6LzL._SL1500_-1-300x300.jpg",300,300,true],"medium_large":["https:\/\/suncasesupply.com\/wp-content\/uploads\/2023\/08\/71aGYOG6LzL._SL1500_-1-768x768.jpg",768,768,true],"large":["https:\/\/suncasesupply.com\/wp-content\/uploads\/2023\/08\/71aGYOG6LzL._SL1500_-1-1024x1024.jpg",1024,1024,true],"1536x1536":["https:\/\/suncasesupply.com\/wp-content\/uploads\/2023\/08\/71aGYOG6LzL._SL1500_-1.jpg",1500,1500,false],"2048x2048":["https:\/\/suncasesupply.com\/wp-content\/uploads\/2023\/08\/71aGYOG6LzL._SL1500_-1.jpg",1500,1500,false],"trp-custom-language-flag":["https:\/\/suncasesupply.com\/wp-content\/uploads\/2023\/08\/71aGYOG6LzL._SL1500_-1.jpg",12,12,false],"woocommerce_thumbnail":["https:\/\/suncasesupply.com\/wp-content\/uploads\/2023\/08\/71aGYOG6LzL._SL1500_-1-300x300.jpg",300,300,true],"woocommerce_single":["https:\/\/suncasesupply.com\/wp-content\/uploads\/2023\/08\/71aGYOG6LzL._SL1500_-1-600x600.jpg",600,600,true],"woocommerce_gallery_thumbnail":["https:\/\/suncasesupply.com\/wp-content\/uploads\/2023\/08\/71aGYOG6LzL._SL1500_-1-100x100.jpg",100,100,true]},"post_excerpt_stackable":"<p>Model : SC-MB0012<\/p>\n<p>Size: 27*18*9.4cm<\/p>\n<p>MOQ: 100pcs<\/p>\n<p>Delivery Time : 15-25 Days<\/p>\n<p>Sample : Available<\/p>\n","category_list":"","author_info":{"name":"","url":""},"comments_num":"0 commentaire","_links":{"self":[{"href":"https:\/\/suncasesupply.com\/fr\/wp-json\/wp\/v2\/product\/20132"}],"collection":[{"href":"https:\/\/suncasesupply.com\/fr\/wp-json\/wp\/v2\/product"}],"about":[{"href":"https:\/\/suncasesupply.com\/fr\/wp-json\/wp\/v2\/types\/product"}],"wp:featuredmedia":[{"embeddable":true,"href":"https:\/\/suncasesupply.com\/fr\/wp-json\/wp\/v2\/media\/20133"}],"wp:attachment":[{"href":"https:\/\/suncasesupply.com\/fr\/wp-json\/wp\/v2\/media?parent=20132"}],"wp:term":[{"taxonomy":"product_cat","embeddable":true,"href":"https:\/\/suncasesupply.com\/fr\/wp-json\/wp\/v2\/product_cat?post=20132"},{"taxonomy":"product_tag","embeddable":true,"href":"https:\/\/suncasesupply.com\/fr\/wp-json\/wp\/v2\/product_tag?post=20132"}],"curies":[{"name":"wp","href":"https:\/\/api.w.org\/{rel}","templated":true}]}}