{"id":20131,"date":"2023-08-23T10:51:37","date_gmt":"2023-08-23T02:51:37","guid":{"rendered":"https:\/\/suncasesupply.com\/?post_type=product&#038;p=20131"},"modified":"2025-02-26T11:24:27","modified_gmt":"2025-02-26T03:24:27","slug":"professional-makeup-case-carrying-portable-cosmetic-with-shoulder-strap-and-dividers","status":"publish","type":"product","link":"https:\/\/suncasesupply.com\/fr\/product\/professional-makeup-case-carrying-portable-cosmetic-with-shoulder-strap-and-dividers\/","title":{"rendered":"Trousse de maquillage professionnelle transportant des cosm\u00e9tiques portables avec bandouli\u00e8re et s\u00e9parateurs"},"content":{"rendered":"<p>&nbsp;<\/p>\n<table width=\"774\">\n<tbody>\n<tr>\n<td width=\"177\">Article<\/td>\n<td width=\"597\">Trousse de maquillage<\/td>\n<\/tr>\n<tr>\n<td>Dimension<\/td>\n<td>34*23*12 cm ou personnaliser<\/td>\n<\/tr>\n<tr>\n<td>Couleurs<\/td>\n<td>Comme le montrent les images ou personnaliser<\/td>\n<\/tr>\n<tr>\n<td>Mat\u00e9riaux<\/td>\n<td>oxford\/PU, fermetures \u00e9clair plastique\/m\u00e9tal, EVA, PVC, Nylon\u2026<\/td>\n<\/tr>\n<tr>\n<td>Logo<\/td>\n<td>Logo plaque m\u00e9tallique, logo imprim\u00e9, logo en relief, logo laser<\/td>\n<\/tr>\n<tr>\n<td>Temps d&#039;\u00e9chantillonnage<\/td>\n<td>7 jours<\/td>\n<\/tr>\n<tr>\n<td>Port d&#039;embarquement<\/td>\n<td>Canton, Shenzhen<\/td>\n<\/tr>\n<tr>\n<td>Conditions commerciales<\/td>\n<td>EXW, FOB, CIF, DDU, DDP<\/td>\n<\/tr>\n<tr>\n<td>M\u00e9thodes de payement<\/td>\n<td>T\/T, esp\u00e8ces, PayPal, carte de cr\u00e9dit<\/td>\n<\/tr>\n<\/tbody>\n<\/table>\n<p><span style=\"color: #003366;\">Caract\u00e9ristiques:<\/span><\/p>\n<p>Cette trousse \u00e0 cosm\u00e9tiques dispose de suffisamment d&#039;espace pour ranger vos produits cosm\u00e9tiques, tels que des rouges \u00e0 l\u00e8vres, des pinceaux de maquillage, une plaque d&#039;ombres \u00e0 paupi\u00e8res, du fond de teint, des accessoires de bijoux, des accessoires num\u00e9riques, etc.<\/p>\n<p>Cette trousse \u00e0 cosm\u00e9tiques convient aux courts voyages et peut facilement accueillir une vari\u00e9t\u00e9 de produits cosm\u00e9tiques. Il peut rendre la classification de vos cosm\u00e9tiques claire, ordonn\u00e9e et ordonn\u00e9e.<\/p>","protected":false},"excerpt":{"rendered":"<p>Mod\u00e8le : SC-MB0011<\/p>\n<p>Taille: 34*23*12 cm<\/p>\n<p>Quantit\u00e9 minimale de commande : 100 pi\u00e8ces<\/p>\n<p>D\u00e9lai de livraison : 15-25 jours<\/p>\n<p>\u00c9chantillon\u00a0: Disponible<\/p>","protected":false},"featured_media":20128,"template":"","meta":{"_gspb_post_css":""},"product_cat":[95],"product_tag":[],"featured_image_urls":{"full":["https:\/\/suncasesupply.com\/wp-content\/uploads\/2023\/08\/medmucase-1.jpg",1600,1067,false],"thumbnail":["https:\/\/suncasesupply.com\/wp-content\/uploads\/2023\/08\/medmucase-1-150x150.jpg",150,150,true],"medium":["https:\/\/suncasesupply.com\/wp-content\/uploads\/2023\/08\/medmucase-1-300x200.jpg",300,200,true],"medium_large":["https:\/\/suncasesupply.com\/wp-content\/uploads\/2023\/08\/medmucase-1-768x512.jpg",768,512,true],"large":["https:\/\/suncasesupply.com\/wp-content\/uploads\/2023\/08\/medmucase-1-1024x683.jpg",1024,683,true],"1536x1536":["https:\/\/suncasesupply.com\/wp-content\/uploads\/2023\/08\/medmucase-1-1536x1024.jpg",1536,1024,true],"2048x2048":["https:\/\/suncasesupply.com\/wp-content\/uploads\/2023\/08\/medmucase-1.jpg",1600,1067,false],"trp-custom-language-flag":["https:\/\/suncasesupply.com\/wp-content\/uploads\/2023\/08\/medmucase-1.jpg",18,12,false],"woocommerce_thumbnail":["https:\/\/suncasesupply.com\/wp-content\/uploads\/2023\/08\/medmucase-1-300x300.jpg",300,300,true],"woocommerce_single":["https:\/\/suncasesupply.com\/wp-content\/uploads\/2023\/08\/medmucase-1-600x400.jpg",600,400,true],"woocommerce_gallery_thumbnail":["https:\/\/suncasesupply.com\/wp-content\/uploads\/2023\/08\/medmucase-1-100x100.jpg",100,100,true]},"post_excerpt_stackable":"<p>Model : SC-MB0011<\/p>\n<p>Size:\u00a0 34*23*12cm<\/p>\n<p>MOQ: 100pcs<\/p>\n<p>Delivery Time : 15-25 Days<\/p>\n<p>Sample : Available<\/p>\n","category_list":"","author_info":{"name":"","url":""},"comments_num":"0 commentaire","_links":{"self":[{"href":"https:\/\/suncasesupply.com\/fr\/wp-json\/wp\/v2\/product\/20131"}],"collection":[{"href":"https:\/\/suncasesupply.com\/fr\/wp-json\/wp\/v2\/product"}],"about":[{"href":"https:\/\/suncasesupply.com\/fr\/wp-json\/wp\/v2\/types\/product"}],"wp:featuredmedia":[{"embeddable":true,"href":"https:\/\/suncasesupply.com\/fr\/wp-json\/wp\/v2\/media\/20128"}],"wp:attachment":[{"href":"https:\/\/suncasesupply.com\/fr\/wp-json\/wp\/v2\/media?parent=20131"}],"wp:term":[{"taxonomy":"product_cat","embeddable":true,"href":"https:\/\/suncasesupply.com\/fr\/wp-json\/wp\/v2\/product_cat?post=20131"},{"taxonomy":"product_tag","embeddable":true,"href":"https:\/\/suncasesupply.com\/fr\/wp-json\/wp\/v2\/product_tag?post=20131"}],"curies":[{"name":"wp","href":"https:\/\/api.w.org\/{rel}","templated":true}]}}