{"id":20095,"date":"2023-08-23T09:56:22","date_gmt":"2023-08-23T01:56:22","guid":{"rendered":"https:\/\/suncasesupply.com\/?post_type=product&#038;p=20095"},"modified":"2025-02-26T11:25:17","modified_gmt":"2025-02-26T03:25:17","slug":"travel-makeup-bag-with-adjustable-dividers-cosmetic-train-storage-case-organizer","status":"publish","type":"product","link":"https:\/\/suncasesupply.com\/fr\/product\/travel-makeup-bag-with-adjustable-dividers-cosmetic-train-storage-case-organizer\/","title":{"rendered":"Trousse de maquillage de voyage avec s\u00e9parateurs r\u00e9glables, \u00e9tui de rangement pour train cosm\u00e9tique, organisateur"},"content":{"rendered":"<p>&nbsp;<\/p>\n<table width=\"774\">\n<tbody>\n<tr>\n<td width=\"177\">Article<\/td>\n<td width=\"597\">Trousse de maquillage<\/td>\n<\/tr>\n<tr>\n<td>Dimension<\/td>\n<td>26*21*10 cm ou personnaliser<\/td>\n<\/tr>\n<tr>\n<td>Couleurs<\/td>\n<td>Comme le montrent les images ou personnaliser<\/td>\n<\/tr>\n<tr>\n<td>Mat\u00e9riaux<\/td>\n<td>oxford\/PU, fermetures \u00e9clair plastique\/m\u00e9tal, EVA, PVC, Nylon\u2026<\/td>\n<\/tr>\n<tr>\n<td>Logo<\/td>\n<td>Logo plaque m\u00e9tallique, logo imprim\u00e9, logo en relief, logo laser<\/td>\n<\/tr>\n<tr>\n<td>Temps d&#039;\u00e9chantillonnage<\/td>\n<td>7 jours<\/td>\n<\/tr>\n<tr>\n<td>Port d&#039;embarquement<\/td>\n<td>Canton, Shenzhen<\/td>\n<\/tr>\n<tr>\n<td>Conditions commerciales<\/td>\n<td>EXW, FOB, CIF, DDU, DDP<\/td>\n<\/tr>\n<tr>\n<td>M\u00e9thodes de payement<\/td>\n<td>T\/T, esp\u00e8ces, PayPal, carte de cr\u00e9dit<\/td>\n<\/tr>\n<\/tbody>\n<\/table>\n<p><span style=\"color: #003366;\">Caract\u00e9ristiques:<\/span><\/p>\n<p>Cette trousse de maquillage est en cuir PU. Il est facile \u00e0 nettoyer et imperm\u00e9able, ce qui peut l&#039;emp\u00eacher d&#039;\u00eatre ray\u00e9 ou press\u00e9 et de provoquer une d\u00e9formation pendant le voyage.<\/p>\n<p>Cette trousse \u00e0 cosm\u00e9tiques dispose de suffisamment d&#039;espace pour ranger vos produits cosm\u00e9tiques, tels que des rouges \u00e0 l\u00e8vres, des pinceaux de maquillage, une plaque d&#039;ombres \u00e0 paupi\u00e8res, du fond de teint, des accessoires de bijoux, des accessoires num\u00e9riques, etc.<\/p>\n<p>Cette trousse \u00e0 cosm\u00e9tiques convient aux courts voyages et peut facilement accueillir une vari\u00e9t\u00e9 de produits cosm\u00e9tiques. Il peut rendre la classification de vos cosm\u00e9tiques claire, ordonn\u00e9e et ordonn\u00e9e.<\/p>","protected":false},"excerpt":{"rendered":"<p>Mod\u00e8le : SC-MB0007<\/p>\n<p>Taille: 26*21*10 cm<\/p>\n<p>Quantit\u00e9 minimale de commande : 100 pi\u00e8ces<\/p>\n<p>D\u00e9lai de livraison : 15-25 jours<\/p>\n<p>\u00c9chantillon\u00a0: Disponible<\/p>","protected":false},"featured_media":20096,"template":"","meta":{"_gspb_post_css":""},"product_cat":[95],"product_tag":[],"featured_image_urls":{"full":["https:\/\/suncasesupply.com\/wp-content\/uploads\/2023\/08\/81H2h3yv4WL._AC_UX679_.jpg",679,732,false],"thumbnail":["https:\/\/suncasesupply.com\/wp-content\/uploads\/2023\/08\/81H2h3yv4WL._AC_UX679_-150x150.jpg",150,150,true],"medium":["https:\/\/suncasesupply.com\/wp-content\/uploads\/2023\/08\/81H2h3yv4WL._AC_UX679_-278x300.jpg",278,300,true],"medium_large":["https:\/\/suncasesupply.com\/wp-content\/uploads\/2023\/08\/81H2h3yv4WL._AC_UX679_.jpg",679,732,false],"large":["https:\/\/suncasesupply.com\/wp-content\/uploads\/2023\/08\/81H2h3yv4WL._AC_UX679_.jpg",679,732,false],"1536x1536":["https:\/\/suncasesupply.com\/wp-content\/uploads\/2023\/08\/81H2h3yv4WL._AC_UX679_.jpg",679,732,false],"2048x2048":["https:\/\/suncasesupply.com\/wp-content\/uploads\/2023\/08\/81H2h3yv4WL._AC_UX679_.jpg",679,732,false],"trp-custom-language-flag":["https:\/\/suncasesupply.com\/wp-content\/uploads\/2023\/08\/81H2h3yv4WL._AC_UX679_.jpg",11,12,false],"woocommerce_thumbnail":["https:\/\/suncasesupply.com\/wp-content\/uploads\/2023\/08\/81H2h3yv4WL._AC_UX679_-300x300.jpg",300,300,true],"woocommerce_single":["https:\/\/suncasesupply.com\/wp-content\/uploads\/2023\/08\/81H2h3yv4WL._AC_UX679_-600x647.jpg",600,647,true],"woocommerce_gallery_thumbnail":["https:\/\/suncasesupply.com\/wp-content\/uploads\/2023\/08\/81H2h3yv4WL._AC_UX679_-100x100.jpg",100,100,true]},"post_excerpt_stackable":"<p>Model : SC-MB0007<\/p>\n<p>Size:\u00a0 26*21*10cm<\/p>\n<p>MOQ: 100pcs<\/p>\n<p>Delivery Time : 15-25 Days<\/p>\n<p>Sample : Available<\/p>\n","category_list":"","author_info":{"name":"","url":""},"comments_num":"0 commentaire","_links":{"self":[{"href":"https:\/\/suncasesupply.com\/fr\/wp-json\/wp\/v2\/product\/20095"}],"collection":[{"href":"https:\/\/suncasesupply.com\/fr\/wp-json\/wp\/v2\/product"}],"about":[{"href":"https:\/\/suncasesupply.com\/fr\/wp-json\/wp\/v2\/types\/product"}],"wp:featuredmedia":[{"embeddable":true,"href":"https:\/\/suncasesupply.com\/fr\/wp-json\/wp\/v2\/media\/20096"}],"wp:attachment":[{"href":"https:\/\/suncasesupply.com\/fr\/wp-json\/wp\/v2\/media?parent=20095"}],"wp:term":[{"taxonomy":"product_cat","embeddable":true,"href":"https:\/\/suncasesupply.com\/fr\/wp-json\/wp\/v2\/product_cat?post=20095"},{"taxonomy":"product_tag","embeddable":true,"href":"https:\/\/suncasesupply.com\/fr\/wp-json\/wp\/v2\/product_tag?post=20095"}],"curies":[{"name":"wp","href":"https:\/\/api.w.org\/{rel}","templated":true}]}}