{"id":20088,"date":"2023-08-23T09:48:28","date_gmt":"2023-08-23T01:48:28","guid":{"rendered":"https:\/\/suncasesupply.com\/?post_type=product&#038;p=20088"},"modified":"2025-02-26T11:25:24","modified_gmt":"2025-02-26T03:25:24","slug":"travel-makeup-train-case-professional-large-makeup-case-portable-artist-storage-bag-with-mirror","status":"publish","type":"product","link":"https:\/\/suncasesupply.com\/fr\/product\/travel-makeup-train-case-professional-large-makeup-case-portable-artist-storage-bag-with-mirror\/","title":{"rendered":"Trousse de maquillage de voyage, grande trousse de maquillage professionnelle, sac de rangement d&#039;artiste Portable avec miroir"},"content":{"rendered":"<p>&nbsp;<\/p>\n<table width=\"774\">\n<tbody>\n<tr>\n<td width=\"177\">Article<\/td>\n<td width=\"597\">Trousse de maquillage<\/td>\n<\/tr>\n<tr>\n<td>Dimension<\/td>\n<td>40*28*14 cm ou personnaliser<\/td>\n<\/tr>\n<tr>\n<td>Couleurs<\/td>\n<td>Comme le montrent les images ou personnaliser<\/td>\n<\/tr>\n<tr>\n<td>Mat\u00e9riaux<\/td>\n<td>oxford\/PU, fermetures \u00e9clair plastique\/m\u00e9tal, EVA, PVC, Nylon\u2026<\/td>\n<\/tr>\n<tr>\n<td>Logo<\/td>\n<td>Logo plaque m\u00e9tallique, logo imprim\u00e9, logo en relief, logo laser<\/td>\n<\/tr>\n<tr>\n<td>Temps d&#039;\u00e9chantillonnage<\/td>\n<td>7 jours<\/td>\n<\/tr>\n<tr>\n<td>Port d&#039;embarquement<\/td>\n<td>Canton, Shenzhen<\/td>\n<\/tr>\n<tr>\n<td>Conditions commerciales<\/td>\n<td>EXW, FOB, CIF, DDU, DDP<\/td>\n<\/tr>\n<tr>\n<td>M\u00e9thodes de payement<\/td>\n<td>T\/T, esp\u00e8ces, PayPal, carte de cr\u00e9dit<\/td>\n<\/tr>\n<\/tbody>\n<\/table>\n<p><span style=\"color: #003366;\">Caract\u00e9ristiques:<\/span><\/p>\n<p>L&#039;ext\u00e9rieur de cette trousse \u00e0 maquillage professionnelle est fabriqu\u00e9 en tissu Oxford de haute qualit\u00e9, tandis que l&#039;int\u00e9rieur est doubl\u00e9 d&#039;une \u00e9ponge en mousse EVA imperm\u00e9able, r\u00e9sistante \u00e0 la salet\u00e9, anti-extrusion et difficile \u00e0 d\u00e9former. La t\u00eate de la cha\u00eene de la fermeture \u00e9clair est galvanis\u00e9e pour garantir la r\u00e9sistance \u00e0 la corrosion et \u00e9viter la d\u00e9coloration.<br \/>\nCette trousse \u00e0 maquillage est \u00e9quip\u00e9e de bretelles qui lui permettent d&#039;\u00eatre utilis\u00e9e comme sac \u00e0 bandouli\u00e8re ou sac \u00e0 dos. Il peut \u00e9galement \u00eatre fix\u00e9 sur une valise trolley pour un transport encore plus facile. Cela le rend parfait pour les voyages d\u2019affaires ou toute autre situation o\u00f9 vous devez pouvoir emporter votre maquillage avec vous.<\/p>","protected":false},"excerpt":{"rendered":"<p>Mod\u00e8le : SC-MB0006<\/p>\n<p>Taille: 40*28*14 cm<\/p>\n<p>Quantit\u00e9 minimale de commande : 100 pi\u00e8ces<\/p>\n<p>D\u00e9lai de livraison : 15-25 jours<\/p>\n<p>\u00c9chantillon\u00a0: Disponible<\/p>","protected":false},"featured_media":20089,"template":"","meta":{"_gspb_post_css":""},"product_cat":[95],"product_tag":[],"featured_image_urls":{"full":["https:\/\/suncasesupply.com\/wp-content\/uploads\/2023\/08\/519qo0YCVZL._AC_.jpg",679,679,false],"thumbnail":["https:\/\/suncasesupply.com\/wp-content\/uploads\/2023\/08\/519qo0YCVZL._AC_-150x150.jpg",150,150,true],"medium":["https:\/\/suncasesupply.com\/wp-content\/uploads\/2023\/08\/519qo0YCVZL._AC_-300x300.jpg",300,300,true],"medium_large":["https:\/\/suncasesupply.com\/wp-content\/uploads\/2023\/08\/519qo0YCVZL._AC_.jpg",679,679,false],"large":["https:\/\/suncasesupply.com\/wp-content\/uploads\/2023\/08\/519qo0YCVZL._AC_.jpg",679,679,false],"1536x1536":["https:\/\/suncasesupply.com\/wp-content\/uploads\/2023\/08\/519qo0YCVZL._AC_.jpg",679,679,false],"2048x2048":["https:\/\/suncasesupply.com\/wp-content\/uploads\/2023\/08\/519qo0YCVZL._AC_.jpg",679,679,false],"trp-custom-language-flag":["https:\/\/suncasesupply.com\/wp-content\/uploads\/2023\/08\/519qo0YCVZL._AC_.jpg",12,12,false],"woocommerce_thumbnail":["https:\/\/suncasesupply.com\/wp-content\/uploads\/2023\/08\/519qo0YCVZL._AC_-300x300.jpg",300,300,true],"woocommerce_single":["https:\/\/suncasesupply.com\/wp-content\/uploads\/2023\/08\/519qo0YCVZL._AC_-600x600.jpg",600,600,true],"woocommerce_gallery_thumbnail":["https:\/\/suncasesupply.com\/wp-content\/uploads\/2023\/08\/519qo0YCVZL._AC_-100x100.jpg",100,100,true]},"post_excerpt_stackable":"<p>Model : SC-MB0006<\/p>\n<p>Size:\u00a0 40*28*14cm<\/p>\n<p>MOQ: 100pcs<\/p>\n<p>Delivery Time : 15-25 Days<\/p>\n<p>Sample : Available<\/p>\n","category_list":"","author_info":{"name":"","url":""},"comments_num":"0 commentaire","_links":{"self":[{"href":"https:\/\/suncasesupply.com\/fr\/wp-json\/wp\/v2\/product\/20088"}],"collection":[{"href":"https:\/\/suncasesupply.com\/fr\/wp-json\/wp\/v2\/product"}],"about":[{"href":"https:\/\/suncasesupply.com\/fr\/wp-json\/wp\/v2\/types\/product"}],"wp:featuredmedia":[{"embeddable":true,"href":"https:\/\/suncasesupply.com\/fr\/wp-json\/wp\/v2\/media\/20089"}],"wp:attachment":[{"href":"https:\/\/suncasesupply.com\/fr\/wp-json\/wp\/v2\/media?parent=20088"}],"wp:term":[{"taxonomy":"product_cat","embeddable":true,"href":"https:\/\/suncasesupply.com\/fr\/wp-json\/wp\/v2\/product_cat?post=20088"},{"taxonomy":"product_tag","embeddable":true,"href":"https:\/\/suncasesupply.com\/fr\/wp-json\/wp\/v2\/product_tag?post=20088"}],"curies":[{"name":"wp","href":"https:\/\/api.w.org\/{rel}","templated":true}]}}