{"id":20081,"date":"2023-08-23T09:32:47","date_gmt":"2023-08-23T01:32:47","guid":{"rendered":"https:\/\/suncasesupply.com\/?post_type=product&#038;p=20081"},"modified":"2025-02-26T11:26:08","modified_gmt":"2025-02-26T03:26:08","slug":"portable-pu-leather-cosmetics-bag-for-woman-waterproof-travel-make-up-organizer","status":"publish","type":"product","link":"https:\/\/suncasesupply.com\/fr\/product\/portable-pu-leather-cosmetics-bag-for-woman-waterproof-travel-make-up-organizer\/","title":{"rendered":"Sac \u00e0 cosm\u00e9tiques Portable en cuir PU pour femme, organisateur de maquillage de voyage \u00e9tanche"},"content":{"rendered":"<p>&nbsp;<\/p>\n<table width=\"774\">\n<tbody>\n<tr>\n<td width=\"177\">Article<\/td>\n<td width=\"597\">Trousse de maquillage<\/td>\n<\/tr>\n<tr>\n<td>Dimension<\/td>\n<td>25,4*12*11,5 cm ou personnaliser<\/td>\n<\/tr>\n<tr>\n<td>Couleurs<\/td>\n<td>Comme le montrent les images ou personnaliser<\/td>\n<\/tr>\n<tr>\n<td>Mat\u00e9riaux<\/td>\n<td>oxford\/PU, fermetures \u00e9clair plastique\/m\u00e9tal, EVA, PVC, Nylon\u2026<\/td>\n<\/tr>\n<tr>\n<td>Logo<\/td>\n<td>Logo plaque m\u00e9tallique, logo imprim\u00e9, logo en relief, logo laser<\/td>\n<\/tr>\n<tr>\n<td>Temps d&#039;\u00e9chantillonnage<\/td>\n<td>7 jours<\/td>\n<\/tr>\n<tr>\n<td>Port d&#039;embarquement<\/td>\n<td>Canton, Shenzhen<\/td>\n<\/tr>\n<tr>\n<td>Conditions commerciales<\/td>\n<td>EXW, FOB, CIF, DDU, DDP<\/td>\n<\/tr>\n<tr>\n<td>M\u00e9thodes de payement<\/td>\n<td>T\/T, esp\u00e8ces, PayPal, carte de cr\u00e9dit<\/td>\n<\/tr>\n<\/tbody>\n<\/table>\n<p><span style=\"color: #003366;\">Caract\u00e9ristiques:<\/span><\/p>\n<p>Cette pochette de trousse de maquillage de voyage de grande capacit\u00e9 est faite de tissu en cuir PU, facile \u00e0 nettoyer, surface imperm\u00e9able sp\u00e9ciale pour emp\u00eacher les produits internes de se mouiller. Bon pour les environnements humides.<\/p>\n<p>Gardez votre maquillage n\u00e9cessaire organis\u00e9 lorsque vous voyagez et \u00e9conomisez de la place lors de vos bagages. Ce sac de voyage cosm\u00e9tique est de taille id\u00e9ale pour contenir tous vos articles, mais pas trop grand pour prendre trop de place dans votre sac de voyage.<\/p>","protected":false},"excerpt":{"rendered":"<p>Mod\u00e8le : SC-MB0004<\/p>\n<p>Taille: 25,4*12*11,5 cm<\/p>\n<p>Quantit\u00e9 minimale de commande : 100 pi\u00e8ces<\/p>\n<p>D\u00e9lai de livraison : 15-25 jours<\/p>\n<p>\u00c9chantillon\u00a0: Disponible<\/p>","protected":false},"featured_media":20082,"template":"","meta":{"_gspb_post_css":""},"product_cat":[95],"product_tag":[],"featured_image_urls":{"full":["https:\/\/suncasesupply.com\/wp-content\/uploads\/2023\/08\/3-2-1.jpg",1500,1408,false],"thumbnail":["https:\/\/suncasesupply.com\/wp-content\/uploads\/2023\/08\/3-2-1-150x150.jpg",150,150,true],"medium":["https:\/\/suncasesupply.com\/wp-content\/uploads\/2023\/08\/3-2-1-300x282.jpg",300,282,true],"medium_large":["https:\/\/suncasesupply.com\/wp-content\/uploads\/2023\/08\/3-2-1-768x721.jpg",768,721,true],"large":["https:\/\/suncasesupply.com\/wp-content\/uploads\/2023\/08\/3-2-1-1024x961.jpg",1024,961,true],"1536x1536":["https:\/\/suncasesupply.com\/wp-content\/uploads\/2023\/08\/3-2-1.jpg",1500,1408,false],"2048x2048":["https:\/\/suncasesupply.com\/wp-content\/uploads\/2023\/08\/3-2-1.jpg",1500,1408,false],"trp-custom-language-flag":["https:\/\/suncasesupply.com\/wp-content\/uploads\/2023\/08\/3-2-1.jpg",13,12,false],"woocommerce_thumbnail":["https:\/\/suncasesupply.com\/wp-content\/uploads\/2023\/08\/3-2-1-300x300.jpg",300,300,true],"woocommerce_single":["https:\/\/suncasesupply.com\/wp-content\/uploads\/2023\/08\/3-2-1-600x563.jpg",600,563,true],"woocommerce_gallery_thumbnail":["https:\/\/suncasesupply.com\/wp-content\/uploads\/2023\/08\/3-2-1-100x100.jpg",100,100,true]},"post_excerpt_stackable":"<p>Model : SC-MB0004<\/p>\n<p>Size: 25.4*12*11.5cm<\/p>\n<p>MOQ: 100pcs<\/p>\n<p>Delivery Time : 15-25 Days<\/p>\n<p>Sample : Available<\/p>\n","category_list":"","author_info":{"name":"","url":""},"comments_num":"0 commentaire","_links":{"self":[{"href":"https:\/\/suncasesupply.com\/fr\/wp-json\/wp\/v2\/product\/20081"}],"collection":[{"href":"https:\/\/suncasesupply.com\/fr\/wp-json\/wp\/v2\/product"}],"about":[{"href":"https:\/\/suncasesupply.com\/fr\/wp-json\/wp\/v2\/types\/product"}],"wp:featuredmedia":[{"embeddable":true,"href":"https:\/\/suncasesupply.com\/fr\/wp-json\/wp\/v2\/media\/20082"}],"wp:attachment":[{"href":"https:\/\/suncasesupply.com\/fr\/wp-json\/wp\/v2\/media?parent=20081"}],"wp:term":[{"taxonomy":"product_cat","embeddable":true,"href":"https:\/\/suncasesupply.com\/fr\/wp-json\/wp\/v2\/product_cat?post=20081"},{"taxonomy":"product_tag","embeddable":true,"href":"https:\/\/suncasesupply.com\/fr\/wp-json\/wp\/v2\/product_tag?post=20081"}],"curies":[{"name":"wp","href":"https:\/\/api.w.org\/{rel}","templated":true}]}}