{"id":20051,"date":"2023-08-22T17:29:57","date_gmt":"2023-08-22T09:29:57","guid":{"rendered":"https:\/\/suncasesupply.com\/?post_type=product&#038;p=20051"},"modified":"2025-02-20T11:09:59","modified_gmt":"2025-02-20T03:09:59","slug":"aluminum-hard-grooming-case-horse-beauty-case","status":"publish","type":"product","link":"https:\/\/suncasesupply.com\/fr\/product\/aluminum-hard-grooming-case-horse-beauty-case\/","title":{"rendered":"Mallette de toilettage rigide en aluminium, mallette de beaut\u00e9 pour chevaux"},"content":{"rendered":"<p>&nbsp;<\/p>\n<table width=\"774\">\n<tbody>\n<tr>\n<td width=\"177\">Article<\/td>\n<td width=\"597\">Mallette de toilettage en aluminium<\/td>\n<\/tr>\n<tr>\n<td>Dimension<\/td>\n<td>38 x 28 x 30 cm ou personnaliser<\/td>\n<\/tr>\n<tr>\n<td>Couleurs<\/td>\n<td>Comme le montrent les images ou personnaliser<\/td>\n<\/tr>\n<tr>\n<td>Mat\u00e9riaux<\/td>\n<td>Aluminium, panneau ABS, panneau MDF, doublure EVA\/mousse\/tissu\/PU, quincaillerie<\/td>\n<\/tr>\n<tr>\n<td>Logo<\/td>\n<td>Logo plaque m\u00e9tallique, logo imprim\u00e9, logo en relief, logo laser<\/td>\n<\/tr>\n<tr>\n<td>Temps d&#039;\u00e9chantillonnage<\/td>\n<td>7 jours<\/td>\n<\/tr>\n<tr>\n<td>Port d&#039;embarquement<\/td>\n<td>Canton, Shenzhen<\/td>\n<\/tr>\n<tr>\n<td>Conditions commerciales<\/td>\n<td>EXW, FOB, CIF, DDU, DDP<\/td>\n<\/tr>\n<tr>\n<td>M\u00e9thodes de payement<\/td>\n<td>T\/T, esp\u00e8ces, PayPal, carte de cr\u00e9dit<\/td>\n<\/tr>\n<\/tbody>\n<\/table>\n<p><span style=\"color: #003366;\">Caract\u00e9ristiques:<\/span><\/p>\n<ul>\n<li>Beaucoup d&#039;espace de rangement \u2013 la bo\u00eete de toilettage est extr\u00eamement spacieuse et permet de ranger facilement tous les kits de toilettage. Vous pouvez m\u00eame tenir de grandes bouteilles \u00e0 la verticale.<\/li>\n<li>Tout est en ordre car la bo\u00eete dispose de deux s\u00e9parateurs variables et d&#039;une \u00e9tag\u00e8re pour les petits objets tels que des cure-pieds, des caoutchoucs pour crini\u00e8re, des \u00e9ponges.<\/li>\n<li>Toujours s\u00fbr et stable \u2013 Le cadre en aluminium prot\u00e8ge le contenu et deux verrous garantissent une fermeture s\u00e9curis\u00e9e afin que rien ne soit perdu.<\/li>\n<li>Super confortable \u00e0 transporter, gr\u00e2ce \u00e0 la poign\u00e9e renforc\u00e9e, la bo\u00eete de toilettage peut \u00eatre transport\u00e9e facilement et confortablement<\/li>\n<li>Taille: 38x28x30 cm<\/li>\n<\/ul>","protected":false},"excerpt":{"rendered":"<p>Mod\u00e8le : SC-GC0004<\/p>\n<p>Taille: 38x28x30 cm<\/p>\n<p>Quantit\u00e9 minimale de commande : 100 pi\u00e8ces<\/p>\n<p>D\u00e9lai de livraison : 15-25 jours<\/p>\n<p>\u00c9chantillon\u00a0: Disponible<\/p>","protected":false},"featured_media":20052,"template":"","meta":{"_gspb_post_css":""},"product_cat":[86],"product_tag":[],"featured_image_urls":{"full":["https:\/\/suncasesupply.com\/wp-content\/uploads\/2023\/08\/horsegroomingbox_64bf9a49-0b1d-45a2-9eb5-a576e2c24e3f_1800x1800.webp",600,513,false],"thumbnail":["https:\/\/suncasesupply.com\/wp-content\/uploads\/2023\/08\/horsegroomingbox_64bf9a49-0b1d-45a2-9eb5-a576e2c24e3f_1800x1800-150x150.webp",150,150,true],"medium":["https:\/\/suncasesupply.com\/wp-content\/uploads\/2023\/08\/horsegroomingbox_64bf9a49-0b1d-45a2-9eb5-a576e2c24e3f_1800x1800-300x257.webp",300,257,true],"medium_large":["https:\/\/suncasesupply.com\/wp-content\/uploads\/2023\/08\/horsegroomingbox_64bf9a49-0b1d-45a2-9eb5-a576e2c24e3f_1800x1800.webp",600,513,false],"large":["https:\/\/suncasesupply.com\/wp-content\/uploads\/2023\/08\/horsegroomingbox_64bf9a49-0b1d-45a2-9eb5-a576e2c24e3f_1800x1800.webp",600,513,false],"1536x1536":["https:\/\/suncasesupply.com\/wp-content\/uploads\/2023\/08\/horsegroomingbox_64bf9a49-0b1d-45a2-9eb5-a576e2c24e3f_1800x1800.webp",600,513,false],"2048x2048":["https:\/\/suncasesupply.com\/wp-content\/uploads\/2023\/08\/horsegroomingbox_64bf9a49-0b1d-45a2-9eb5-a576e2c24e3f_1800x1800.webp",600,513,false],"trp-custom-language-flag":["https:\/\/suncasesupply.com\/wp-content\/uploads\/2023\/08\/horsegroomingbox_64bf9a49-0b1d-45a2-9eb5-a576e2c24e3f_1800x1800.webp",14,12,false],"woocommerce_thumbnail":["https:\/\/suncasesupply.com\/wp-content\/uploads\/2023\/08\/horsegroomingbox_64bf9a49-0b1d-45a2-9eb5-a576e2c24e3f_1800x1800-300x300.webp",300,300,true],"woocommerce_single":["https:\/\/suncasesupply.com\/wp-content\/uploads\/2023\/08\/horsegroomingbox_64bf9a49-0b1d-45a2-9eb5-a576e2c24e3f_1800x1800.webp",600,513,false],"woocommerce_gallery_thumbnail":["https:\/\/suncasesupply.com\/wp-content\/uploads\/2023\/08\/horsegroomingbox_64bf9a49-0b1d-45a2-9eb5-a576e2c24e3f_1800x1800-100x100.webp",100,100,true]},"post_excerpt_stackable":"<p>Model : SC-GC0004<\/p>\n<p>Size: 38 x 28 x 30 cm<\/p>\n<p>MOQ: 100pcs<\/p>\n<p>Delivery Time : 15-25 Days<\/p>\n<p>Sample : Available<\/p>\n","category_list":"","author_info":{"name":"","url":""},"comments_num":"0 commentaire","_links":{"self":[{"href":"https:\/\/suncasesupply.com\/fr\/wp-json\/wp\/v2\/product\/20051"}],"collection":[{"href":"https:\/\/suncasesupply.com\/fr\/wp-json\/wp\/v2\/product"}],"about":[{"href":"https:\/\/suncasesupply.com\/fr\/wp-json\/wp\/v2\/types\/product"}],"wp:featuredmedia":[{"embeddable":true,"href":"https:\/\/suncasesupply.com\/fr\/wp-json\/wp\/v2\/media\/20052"}],"wp:attachment":[{"href":"https:\/\/suncasesupply.com\/fr\/wp-json\/wp\/v2\/media?parent=20051"}],"wp:term":[{"taxonomy":"product_cat","embeddable":true,"href":"https:\/\/suncasesupply.com\/fr\/wp-json\/wp\/v2\/product_cat?post=20051"},{"taxonomy":"product_tag","embeddable":true,"href":"https:\/\/suncasesupply.com\/fr\/wp-json\/wp\/v2\/product_tag?post=20051"}],"curies":[{"name":"wp","href":"https:\/\/api.w.org\/{rel}","templated":true}]}}