{"id":20020,"date":"2023-08-22T16:50:26","date_gmt":"2023-08-22T08:50:26","guid":{"rendered":"https:\/\/suncasesupply.com\/?post_type=product&#038;p=20020"},"modified":"2025-02-20T14:49:01","modified_gmt":"2025-02-20T06:49:01","slug":"aluminum-lp-storage-case-carry-hard-vinyl-record-case-12-100-lps","status":"publish","type":"product","link":"https:\/\/suncasesupply.com\/fr\/product\/aluminum-lp-storage-case-carry-hard-vinyl-record-case-12-100-lps\/","title":{"rendered":"Mallette de rangement en aluminium pour disques vinyles rigides 12\u2033 100 LP"},"content":{"rendered":"<p>&nbsp;<\/p>\n<table width=\"774\">\n<tbody>\n<tr>\n<td width=\"177\">Article<\/td>\n<td width=\"597\">Bo\u00eetier en aluminium<\/td>\n<\/tr>\n<tr>\n<td>Dimension<\/td>\n<td>36*36*36 cm ou personnaliser<\/td>\n<\/tr>\n<tr>\n<td>Couleurs<\/td>\n<td>Comme le montrent les images ou personnaliser<\/td>\n<\/tr>\n<tr>\n<td>Mat\u00e9riaux<\/td>\n<td>Aluminium, panneau ABS, panneau MDF, doublure EVA\/mousse\/tissu\/PU, quincaillerie<\/td>\n<\/tr>\n<tr>\n<td>Logo<\/td>\n<td>Logo plaque m\u00e9tallique, logo imprim\u00e9, logo en relief, logo laser<\/td>\n<\/tr>\n<tr>\n<td>Temps d&#039;\u00e9chantillonnage<\/td>\n<td>7 jours<\/td>\n<\/tr>\n<tr>\n<td>Port d&#039;embarquement<\/td>\n<td>Canton, Shenzhen<\/td>\n<\/tr>\n<tr>\n<td>Conditions commerciales<\/td>\n<td>EXW, FOB, CIF, DDU, DDP<\/td>\n<\/tr>\n<tr>\n<td>M\u00e9thodes de payement<\/td>\n<td>T\/T, esp\u00e8ces, PayPal, carte de cr\u00e9dit<\/td>\n<\/tr>\n<\/tbody>\n<\/table>\n<p><span style=\"color: #003366;\">Caract\u00e9ristiques:<\/span><\/p>\n<p>Ce coffret disque 12\u2033 est un split box 50\/50 qui offre les fonctionnalit\u00e9s id\u00e9ales pour un DJ set r\u00e9ussi. Le couvercle du bo\u00eetier de disque DJ peut \u00eatre facilement retir\u00e9 et utilis\u00e9 comme deuxi\u00e8me bo\u00eete de registre lors du DJing. Le couvercle est \u00e9galement \u00e9quip\u00e9 de pieds antid\u00e9rapants qui assurent un maintien s\u00fbr.<\/p>\n<p>La serrure papillon robuste prot\u00e8ge contre le vol. Gr\u00e2ce \u00e0 une construction de haute qualit\u00e9 du bo\u00eetier de disque en aluminium, des panneaux MDF plastifi\u00e9s et des rivets, les chocs, la chaleur et la lumi\u00e8re sont prot\u00e9g\u00e9s des disques. Un rembourrage int\u00e9rieur doux offre une protection suppl\u00e9mentaire contre les chocs. La poign\u00e9e du coffret \u00e0 disques est encastr\u00e9e, c&#039;est pourquoi les coffrets \u00e0 disques en aluminium peuvent \u00eatre empil\u00e9s<\/p>","protected":false},"excerpt":{"rendered":"<p>Mod\u00e8le : SC-LP0007<\/p>\n<p>Taille: 36*36*36 cm<\/p>\n<p>Capacit\u00e9 : 100 LP 12\u2033<\/p>\n<p>Quantit\u00e9 minimale de commande : 100 pi\u00e8ces<\/p>\n<p>D\u00e9lai de livraison : 15-25 jours<\/p>\n<p>\u00c9chantillon\u00a0: Disponible<\/p>","protected":false},"featured_media":20021,"template":"","meta":{"_gspb_post_css":""},"product_cat":[83],"product_tag":[],"featured_image_urls":{"full":["https:\/\/suncasesupply.com\/wp-content\/uploads\/2023\/08\/1-vinyl-case-12-record-case-100-lps-silver-black-1.webp",970,970,false],"thumbnail":["https:\/\/suncasesupply.com\/wp-content\/uploads\/2023\/08\/1-vinyl-case-12-record-case-100-lps-silver-black-1-150x150.webp",150,150,true],"medium":["https:\/\/suncasesupply.com\/wp-content\/uploads\/2023\/08\/1-vinyl-case-12-record-case-100-lps-silver-black-1-300x300.webp",300,300,true],"medium_large":["https:\/\/suncasesupply.com\/wp-content\/uploads\/2023\/08\/1-vinyl-case-12-record-case-100-lps-silver-black-1-768x768.webp",768,768,true],"large":["https:\/\/suncasesupply.com\/wp-content\/uploads\/2023\/08\/1-vinyl-case-12-record-case-100-lps-silver-black-1.webp",970,970,false],"1536x1536":["https:\/\/suncasesupply.com\/wp-content\/uploads\/2023\/08\/1-vinyl-case-12-record-case-100-lps-silver-black-1.webp",970,970,false],"2048x2048":["https:\/\/suncasesupply.com\/wp-content\/uploads\/2023\/08\/1-vinyl-case-12-record-case-100-lps-silver-black-1.webp",970,970,false],"trp-custom-language-flag":["https:\/\/suncasesupply.com\/wp-content\/uploads\/2023\/08\/1-vinyl-case-12-record-case-100-lps-silver-black-1.webp",12,12,false],"woocommerce_thumbnail":["https:\/\/suncasesupply.com\/wp-content\/uploads\/2023\/08\/1-vinyl-case-12-record-case-100-lps-silver-black-1-300x300.webp",300,300,true],"woocommerce_single":["https:\/\/suncasesupply.com\/wp-content\/uploads\/2023\/08\/1-vinyl-case-12-record-case-100-lps-silver-black-1-600x600.webp",600,600,true],"woocommerce_gallery_thumbnail":["https:\/\/suncasesupply.com\/wp-content\/uploads\/2023\/08\/1-vinyl-case-12-record-case-100-lps-silver-black-1-100x100.webp",100,100,true]},"post_excerpt_stackable":"<p>Model : SC-LP0007<\/p>\n<p>Size: 36*36*36cm<\/p>\n<p>Capacity: 100 12&#8243; LPs<\/p>\n<p>MOQ: 100pcs<\/p>\n<p>Delivery Time : 15-25 Days<\/p>\n<p>Sample : Available<\/p>\n","category_list":"","author_info":{"name":"","url":""},"comments_num":"0 commentaire","_links":{"self":[{"href":"https:\/\/suncasesupply.com\/fr\/wp-json\/wp\/v2\/product\/20020"}],"collection":[{"href":"https:\/\/suncasesupply.com\/fr\/wp-json\/wp\/v2\/product"}],"about":[{"href":"https:\/\/suncasesupply.com\/fr\/wp-json\/wp\/v2\/types\/product"}],"wp:featuredmedia":[{"embeddable":true,"href":"https:\/\/suncasesupply.com\/fr\/wp-json\/wp\/v2\/media\/20021"}],"wp:attachment":[{"href":"https:\/\/suncasesupply.com\/fr\/wp-json\/wp\/v2\/media?parent=20020"}],"wp:term":[{"taxonomy":"product_cat","embeddable":true,"href":"https:\/\/suncasesupply.com\/fr\/wp-json\/wp\/v2\/product_cat?post=20020"},{"taxonomy":"product_tag","embeddable":true,"href":"https:\/\/suncasesupply.com\/fr\/wp-json\/wp\/v2\/product_tag?post=20020"}],"curies":[{"name":"wp","href":"https:\/\/api.w.org\/{rel}","templated":true}]}}