{"id":19998,"date":"2023-08-22T16:33:17","date_gmt":"2023-08-22T08:33:17","guid":{"rendered":"https:\/\/suncasesupply.com\/?post_type=product&#038;p=19998"},"modified":"2025-02-20T14:50:07","modified_gmt":"2025-02-20T06:50:07","slug":"7-vinyl-record-case-aluminum-lp-storage-box-50-singles","status":"publish","type":"product","link":"https:\/\/suncasesupply.com\/fr\/product\/7-vinyl-record-case-aluminum-lp-storage-box-50-singles\/","title":{"rendered":"Bo\u00eete de rangement en aluminium pour disque vinyle 7\u2033 (50 singles)"},"content":{"rendered":"<p>&nbsp;<\/p>\n<table width=\"774\">\n<tbody>\n<tr>\n<td width=\"177\">Article<\/td>\n<td width=\"597\">Bo\u00eetier LP en aluminium<\/td>\n<\/tr>\n<tr>\n<td>Dimension<\/td>\n<td>20,5 x 18 x 25 cm ou personnaliser<\/td>\n<\/tr>\n<tr>\n<td>Couleurs<\/td>\n<td>Comme le montrent les images ou personnaliser<\/td>\n<\/tr>\n<tr>\n<td>Mat\u00e9riaux<\/td>\n<td>Aluminium, panneau ABS, panneau MDF, doublure EVA\/mousse\/tissu\/PU, quincaillerie<\/td>\n<\/tr>\n<tr>\n<td>Logo<\/td>\n<td>Logo plaque m\u00e9tallique, logo imprim\u00e9, logo en relief, logo laser<\/td>\n<\/tr>\n<tr>\n<td>Temps d&#039;\u00e9chantillonnage<\/td>\n<td>7 jours<\/td>\n<\/tr>\n<tr>\n<td>Port d&#039;embarquement<\/td>\n<td>Canton, Shenzhen<\/td>\n<\/tr>\n<tr>\n<td>Conditions commerciales<\/td>\n<td>EXW, FOB, CIF, DDU, DDP<\/td>\n<\/tr>\n<tr>\n<td>M\u00e9thodes de payement<\/td>\n<td>T\/T, esp\u00e8ces, PayPal, carte de cr\u00e9dit<\/td>\n<\/tr>\n<\/tbody>\n<\/table>\n<p><span style=\"color: #003366;\">Caract\u00e9ristiques:<\/span><\/p>\n<p>D&#039;une capacit\u00e9 maximale de 50 singles, le bo\u00eetier du disque de 7 pouces offre un format que les amateurs de vinyle ont souvent recherch\u00e9 en vain. La petite bo\u00eete peut \u00eatre transport\u00e9e sans effort et est tr\u00e8s l\u00e9g\u00e8re malgr\u00e9 sa stabilit\u00e9. Le Record Case est compos\u00e9 d&#039;aluminium, de panneaux MDF plastifi\u00e9s et de rivets et est recouvert d&#039;un rembourrage en mousse souple \u00e0 l&#039;int\u00e9rieur. Les c\u00e9libataires dans la bo\u00eete sont ainsi parfaitement prot\u00e9g\u00e9s des chocs, de la chaleur et de la lumi\u00e8re. Le couvercle du bo\u00eetier pour disque vinyle est install\u00e9 de mani\u00e8re permanente et la bo\u00eete est \u00e9quip\u00e9e d&#039;un fermoir \u00e0 pression. Le bo\u00eetier pour disque vinyle est disponible en trois couleurs : argent\/argent, argent\/noir et noir\/noir.<\/p>","protected":false},"excerpt":{"rendered":"<p>Mod\u00e8le : SC-LP0004<\/p>\n<p>Dimensions : 20,5 x 18 x 25 cm<\/p>\n<p>Capacit\u00e9 : 50 LP 7\u2033<\/p>\n<p>Quantit\u00e9 minimale de commande : 100 pi\u00e8ces<\/p>\n<p>D\u00e9lai de livraison : 15-25 jours<\/p>\n<p>\u00c9chantillon\u00a0: Disponible<\/p>","protected":false},"featured_media":19999,"template":"","meta":{"_gspb_post_css":""},"product_cat":[83],"product_tag":[],"featured_image_urls":{"full":["https:\/\/suncasesupply.com\/wp-content\/uploads\/2023\/08\/1-vinyl-case-7-record-case-50-singles-silver-black.webp",970,970,false],"thumbnail":["https:\/\/suncasesupply.com\/wp-content\/uploads\/2023\/08\/1-vinyl-case-7-record-case-50-singles-silver-black-150x150.webp",150,150,true],"medium":["https:\/\/suncasesupply.com\/wp-content\/uploads\/2023\/08\/1-vinyl-case-7-record-case-50-singles-silver-black-300x300.webp",300,300,true],"medium_large":["https:\/\/suncasesupply.com\/wp-content\/uploads\/2023\/08\/1-vinyl-case-7-record-case-50-singles-silver-black-768x768.webp",768,768,true],"large":["https:\/\/suncasesupply.com\/wp-content\/uploads\/2023\/08\/1-vinyl-case-7-record-case-50-singles-silver-black.webp",970,970,false],"1536x1536":["https:\/\/suncasesupply.com\/wp-content\/uploads\/2023\/08\/1-vinyl-case-7-record-case-50-singles-silver-black.webp",970,970,false],"2048x2048":["https:\/\/suncasesupply.com\/wp-content\/uploads\/2023\/08\/1-vinyl-case-7-record-case-50-singles-silver-black.webp",970,970,false],"trp-custom-language-flag":["https:\/\/suncasesupply.com\/wp-content\/uploads\/2023\/08\/1-vinyl-case-7-record-case-50-singles-silver-black.webp",12,12,false],"woocommerce_thumbnail":["https:\/\/suncasesupply.com\/wp-content\/uploads\/2023\/08\/1-vinyl-case-7-record-case-50-singles-silver-black-300x300.webp",300,300,true],"woocommerce_single":["https:\/\/suncasesupply.com\/wp-content\/uploads\/2023\/08\/1-vinyl-case-7-record-case-50-singles-silver-black-600x600.webp",600,600,true],"woocommerce_gallery_thumbnail":["https:\/\/suncasesupply.com\/wp-content\/uploads\/2023\/08\/1-vinyl-case-7-record-case-50-singles-silver-black-100x100.webp",100,100,true]},"post_excerpt_stackable":"<p>Model : SC-LP0004<\/p>\n<p>Size: 20,5 x 18 x 25 cm<\/p>\n<p>Capacity: 50 7&#8243; LPs<\/p>\n<p>MOQ: 100pcs<\/p>\n<p>Delivery Time : 15-25 Days<\/p>\n<p>Sample : Available<\/p>\n","category_list":"","author_info":{"name":"","url":""},"comments_num":"0 commentaire","_links":{"self":[{"href":"https:\/\/suncasesupply.com\/fr\/wp-json\/wp\/v2\/product\/19998"}],"collection":[{"href":"https:\/\/suncasesupply.com\/fr\/wp-json\/wp\/v2\/product"}],"about":[{"href":"https:\/\/suncasesupply.com\/fr\/wp-json\/wp\/v2\/types\/product"}],"wp:featuredmedia":[{"embeddable":true,"href":"https:\/\/suncasesupply.com\/fr\/wp-json\/wp\/v2\/media\/19999"}],"wp:attachment":[{"href":"https:\/\/suncasesupply.com\/fr\/wp-json\/wp\/v2\/media?parent=19998"}],"wp:term":[{"taxonomy":"product_cat","embeddable":true,"href":"https:\/\/suncasesupply.com\/fr\/wp-json\/wp\/v2\/product_cat?post=19998"},{"taxonomy":"product_tag","embeddable":true,"href":"https:\/\/suncasesupply.com\/fr\/wp-json\/wp\/v2\/product_tag?post=19998"}],"curies":[{"name":"wp","href":"https:\/\/api.w.org\/{rel}","templated":true}]}}