{"id":19990,"date":"2023-08-22T16:25:08","date_gmt":"2023-08-22T08:25:08","guid":{"rendered":"https:\/\/suncasesupply.com\/?post_type=product&#038;p=19990"},"modified":"2025-02-20T14:50:32","modified_gmt":"2025-02-20T06:50:32","slug":"aluminum-lp-storage-case-12-record-case-50-lps","status":"publish","type":"product","link":"https:\/\/suncasesupply.com\/fr\/product\/aluminum-lp-storage-case-12-record-case-50-lps\/","title":{"rendered":"Mallette de rangement en aluminium pour disques vinyles 12\u2033 (50 LP)"},"content":{"rendered":"<p>&nbsp;<\/p>\n<table width=\"774\">\n<tbody>\n<tr>\n<td width=\"177\">Article<\/td>\n<td width=\"597\">Bo\u00eetier LP en aluminium<\/td>\n<\/tr>\n<tr>\n<td>Dimension<\/td>\n<td>36 x 18 x 36 cm ou personnaliser<\/td>\n<\/tr>\n<tr>\n<td>Couleurs<\/td>\n<td>Comme le montrent les images ou personnaliser<\/td>\n<\/tr>\n<tr>\n<td>Mat\u00e9riaux<\/td>\n<td>Aluminium, panneau ABS, panneau MDF, doublure EVA\/mousse\/tissu\/PU, quincaillerie<\/td>\n<\/tr>\n<tr>\n<td>Logo<\/td>\n<td>Logo plaque m\u00e9tallique, logo imprim\u00e9, logo en relief, logo laser<\/td>\n<\/tr>\n<tr>\n<td>Temps d&#039;\u00e9chantillonnage<\/td>\n<td>7 jours<\/td>\n<\/tr>\n<tr>\n<td>Port d&#039;embarquement<\/td>\n<td>Canton, Shenzhen<\/td>\n<\/tr>\n<tr>\n<td>Conditions commerciales<\/td>\n<td>EXW, FOB, CIF, DDU, DDP<\/td>\n<\/tr>\n<tr>\n<td>M\u00e9thodes de payement<\/td>\n<td>T\/T, esp\u00e8ces, PayPal, carte de cr\u00e9dit<\/td>\n<\/tr>\n<\/tbody>\n<\/table>\n<p><span style=\"color: #003366;\">Caract\u00e9ristiques:<\/span><\/p>\n<p>Le Record Case 12\u2033 est con\u00e7u pour stocker et transporter jusqu\u2019\u00e0 50 disques 12\u2033. Avec sa construction stable compos\u00e9e de profil\u00e9s en aluminium, de panneaux MDF plastifi\u00e9s, de rivets et d&#039;une doublure en mousse souple, le porte-disque offre une protection optimale contre les chocs, la lumi\u00e8re et la chaleur.<\/p>\n<p>Le couvercle du LP Record Case est fermement install\u00e9 sur 2 charni\u00e8res m\u00e9talliques robustes. Un verrou \u00e0 pression offre une protection fiable contre le vol. Gr\u00e2ce \u00e0 son faible poids propre et \u00e0 sa construction stable, la mallette pour disques en aluminium est une mallette pour disques DJ id\u00e9ale qui peut \u00e9galement \u00eatre transport\u00e9e r\u00e9guli\u00e8rement sans probl\u00e8me. La bo\u00eete est disponible en trois variantes de couleurs : argent\/argent, argent\/noir et noir\/noir.<\/p>","protected":false},"excerpt":{"rendered":"<p>Mod\u00e8le : SC-LP0003<\/p>\n<p>Taille: 36x18x36 cm<\/p>\n<p>Capacit\u00e9 : 50 LP 12\u2033<\/p>\n<p>Quantit\u00e9 minimale de commande : 100 pi\u00e8ces<\/p>\n<p>D\u00e9lai de livraison : 15-25 jours<\/p>\n<p>\u00c9chantillon\u00a0: Disponible<\/p>","protected":false},"featured_media":19991,"template":"","meta":{"_gspb_post_css":""},"product_cat":[83],"product_tag":[],"featured_image_urls":{"full":["https:\/\/suncasesupply.com\/wp-content\/uploads\/2023\/08\/2-vinyl-case-12-record-case-50-lps-silver-black.webp",970,970,false],"thumbnail":["https:\/\/suncasesupply.com\/wp-content\/uploads\/2023\/08\/2-vinyl-case-12-record-case-50-lps-silver-black-150x150.webp",150,150,true],"medium":["https:\/\/suncasesupply.com\/wp-content\/uploads\/2023\/08\/2-vinyl-case-12-record-case-50-lps-silver-black-300x300.webp",300,300,true],"medium_large":["https:\/\/suncasesupply.com\/wp-content\/uploads\/2023\/08\/2-vinyl-case-12-record-case-50-lps-silver-black-768x768.webp",768,768,true],"large":["https:\/\/suncasesupply.com\/wp-content\/uploads\/2023\/08\/2-vinyl-case-12-record-case-50-lps-silver-black.webp",970,970,false],"1536x1536":["https:\/\/suncasesupply.com\/wp-content\/uploads\/2023\/08\/2-vinyl-case-12-record-case-50-lps-silver-black.webp",970,970,false],"2048x2048":["https:\/\/suncasesupply.com\/wp-content\/uploads\/2023\/08\/2-vinyl-case-12-record-case-50-lps-silver-black.webp",970,970,false],"trp-custom-language-flag":["https:\/\/suncasesupply.com\/wp-content\/uploads\/2023\/08\/2-vinyl-case-12-record-case-50-lps-silver-black.webp",12,12,false],"woocommerce_thumbnail":["https:\/\/suncasesupply.com\/wp-content\/uploads\/2023\/08\/2-vinyl-case-12-record-case-50-lps-silver-black-300x300.webp",300,300,true],"woocommerce_single":["https:\/\/suncasesupply.com\/wp-content\/uploads\/2023\/08\/2-vinyl-case-12-record-case-50-lps-silver-black-600x600.webp",600,600,true],"woocommerce_gallery_thumbnail":["https:\/\/suncasesupply.com\/wp-content\/uploads\/2023\/08\/2-vinyl-case-12-record-case-50-lps-silver-black-100x100.webp",100,100,true]},"post_excerpt_stackable":"<p>Model : SC-LP0003<\/p>\n<p>Size: 36 x 18 x 36 cm<\/p>\n<p>Capacity: 50 12&#8243; LPs<\/p>\n<p>MOQ: 100pcs<\/p>\n<p>Delivery Time : 15-25 Days<\/p>\n<p>Sample : Available<\/p>\n","category_list":"","author_info":{"name":"","url":""},"comments_num":"0 commentaire","_links":{"self":[{"href":"https:\/\/suncasesupply.com\/fr\/wp-json\/wp\/v2\/product\/19990"}],"collection":[{"href":"https:\/\/suncasesupply.com\/fr\/wp-json\/wp\/v2\/product"}],"about":[{"href":"https:\/\/suncasesupply.com\/fr\/wp-json\/wp\/v2\/types\/product"}],"wp:featuredmedia":[{"embeddable":true,"href":"https:\/\/suncasesupply.com\/fr\/wp-json\/wp\/v2\/media\/19991"}],"wp:attachment":[{"href":"https:\/\/suncasesupply.com\/fr\/wp-json\/wp\/v2\/media?parent=19990"}],"wp:term":[{"taxonomy":"product_cat","embeddable":true,"href":"https:\/\/suncasesupply.com\/fr\/wp-json\/wp\/v2\/product_cat?post=19990"},{"taxonomy":"product_tag","embeddable":true,"href":"https:\/\/suncasesupply.com\/fr\/wp-json\/wp\/v2\/product_tag?post=19990"}],"curies":[{"name":"wp","href":"https:\/\/api.w.org\/{rel}","templated":true}]}}