{"id":19968,"date":"2023-08-22T15:47:48","date_gmt":"2023-08-22T07:47:48","guid":{"rendered":"https:\/\/suncasesupply.com\/?post_type=product&#038;p=19968"},"modified":"2025-02-20T10:49:55","modified_gmt":"2025-02-20T02:49:55","slug":"aluminum-coin-slab-case-coin-storage-box-to-hold-ngc-pcgs","status":"publish","type":"product","link":"https:\/\/suncasesupply.com\/fr\/product\/aluminum-coin-slab-case-coin-storage-box-to-hold-ngc-pcgs\/","title":{"rendered":"Bo\u00eete de rangement de pi\u00e8ces de monnaie en aluminium, pour contenir NGC, PCGS"},"content":{"rendered":"<p>&nbsp;<\/p>\n<table width=\"774\">\n<tbody>\n<tr>\n<td width=\"177\">Article<\/td>\n<td width=\"597\">\u00c9tui \u00e0 monnaie en aluminium<\/td>\n<\/tr>\n<tr>\n<td>Dimension<\/td>\n<td>31*8.3*11.5 cm ou personnaliser<\/td>\n<\/tr>\n<tr>\n<td>Couleurs<\/td>\n<td>Comme le montrent les images ou personnaliser<\/td>\n<\/tr>\n<tr>\n<td>Mat\u00e9riaux<\/td>\n<td>Aluminium, panneau ABS, panneau MDF, doublure EVA\/mousse\/tissu\/PU, quincaillerie<\/td>\n<\/tr>\n<tr>\n<td>Logo<\/td>\n<td>Logo plaque m\u00e9tallique, logo imprim\u00e9, logo en relief, logo laser<\/td>\n<\/tr>\n<tr>\n<td>Temps d&#039;\u00e9chantillonnage<\/td>\n<td>7 jours<\/td>\n<\/tr>\n<tr>\n<td>Port d&#039;embarquement<\/td>\n<td>Canton, Shenzhen<\/td>\n<\/tr>\n<tr>\n<td>Conditions commerciales<\/td>\n<td>EXW, FOB, CIF, DDU, DDP<\/td>\n<\/tr>\n<tr>\n<td>M\u00e9thodes de payement<\/td>\n<td>T\/T, esp\u00e8ces, PayPal, carte de cr\u00e9dit<\/td>\n<\/tr>\n<\/tbody>\n<\/table>\n<p><span style=\"color: #003366;\">Caract\u00e9ristiques:<\/span><\/p>\n<p>Cette bo\u00eete en aluminium \u00e9l\u00e9gante et spectaculaire contient des pi\u00e8ces certifi\u00e9es dans des supports de taille standard provenant de l&#039;un des principaux services de classement ou dans des supports de style certifi\u00e9s de diff\u00e9rentes marques. Construite avec des mat\u00e9riaux robustes, cette bo\u00eete robuste est con\u00e7ue avec des accessoires ext\u00e9rieurs attrayants et des inserts en mousse pour une manipulation plus facile des porte-monnaie. Les caisses en dalles d&#039;aluminium sont parfaites pour le stockage et en voyage.<\/p>\n<p>Peut contenir 20 pi\u00e8ces certifi\u00e9es ou pi\u00e8ces dans des porte-monnaie de style certifi\u00e9, en les fixant dans des inserts de protection en mousse \u00e0 m\u00e9moire de forme<br \/>\nDalles de pi\u00e8ces certifi\u00e9es\u00a0: NGC, PCGS, ANACS plus r\u00e9cent et plus<br \/>\nD\u00e9tenteurs de style certifi\u00e9\u00a0: Premier, Lighthouse, Ursae Minoris Elites et plus<br \/>\nConstruction robuste en aluminium avec panneaux caoutchout\u00e9s \u00e9l\u00e9gants et color\u00e9s pour une r\u00e9sistance aux bosses et aux rayures.<br \/>\nAucune pi\u00e8ce ou lingot inclus avec cet article<\/p>","protected":false},"excerpt":{"rendered":"<p>Mod\u00e8le : SC-CC0005<\/p>\n<p>Taille: 31*8,3*11,5 cm<\/p>\n<p>Capacit\u00e9\u00a0: 100 dalles de pi\u00e8ces de monnaie<\/p>\n<p>Quantit\u00e9 minimale de commande : 100 pi\u00e8ces<\/p>\n<p>D\u00e9lai de livraison : 15-25 jours<\/p>\n<p>\u00c9chantillon\u00a0: Disponible<\/p>","protected":false},"featured_media":19970,"template":"","meta":{"_gspb_post_css":""},"product_cat":[84],"product_tag":[],"featured_image_urls":{"full":["https:\/\/suncasesupply.com\/wp-content\/uploads\/2023\/08\/1-9-scaled.jpg",2560,2560,false],"thumbnail":["https:\/\/suncasesupply.com\/wp-content\/uploads\/2023\/08\/1-9-150x150.jpg",150,150,true],"medium":["https:\/\/suncasesupply.com\/wp-content\/uploads\/2023\/08\/1-9-300x300.jpg",300,300,true],"medium_large":["https:\/\/suncasesupply.com\/wp-content\/uploads\/2023\/08\/1-9-768x768.jpg",768,768,true],"large":["https:\/\/suncasesupply.com\/wp-content\/uploads\/2023\/08\/1-9-1024x1024.jpg",1024,1024,true],"1536x1536":["https:\/\/suncasesupply.com\/wp-content\/uploads\/2023\/08\/1-9-1536x1536.jpg",1536,1536,true],"2048x2048":["https:\/\/suncasesupply.com\/wp-content\/uploads\/2023\/08\/1-9-2048x2048.jpg",2048,2048,true],"trp-custom-language-flag":["https:\/\/suncasesupply.com\/wp-content\/uploads\/2023\/08\/1-9-scaled.jpg",12,12,false],"woocommerce_thumbnail":["https:\/\/suncasesupply.com\/wp-content\/uploads\/2023\/08\/1-9-300x300.jpg",300,300,true],"woocommerce_single":["https:\/\/suncasesupply.com\/wp-content\/uploads\/2023\/08\/1-9-600x600.jpg",600,600,true],"woocommerce_gallery_thumbnail":["https:\/\/suncasesupply.com\/wp-content\/uploads\/2023\/08\/1-9-100x100.jpg",100,100,true]},"post_excerpt_stackable":"<p>Model : SC-CC0005<\/p>\n<p>Size: 31*8.3*11.5cm<\/p>\n<p>Capacity: 100 Coin slabs<\/p>\n<p>MOQ: 100pcs<\/p>\n<p>Delivery Time : 15-25 Days<\/p>\n<p>Sample : Available<\/p>\n","category_list":"","author_info":{"name":"","url":""},"comments_num":"0 commentaire","_links":{"self":[{"href":"https:\/\/suncasesupply.com\/fr\/wp-json\/wp\/v2\/product\/19968"}],"collection":[{"href":"https:\/\/suncasesupply.com\/fr\/wp-json\/wp\/v2\/product"}],"about":[{"href":"https:\/\/suncasesupply.com\/fr\/wp-json\/wp\/v2\/types\/product"}],"wp:featuredmedia":[{"embeddable":true,"href":"https:\/\/suncasesupply.com\/fr\/wp-json\/wp\/v2\/media\/19970"}],"wp:attachment":[{"href":"https:\/\/suncasesupply.com\/fr\/wp-json\/wp\/v2\/media?parent=19968"}],"wp:term":[{"taxonomy":"product_cat","embeddable":true,"href":"https:\/\/suncasesupply.com\/fr\/wp-json\/wp\/v2\/product_cat?post=19968"},{"taxonomy":"product_tag","embeddable":true,"href":"https:\/\/suncasesupply.com\/fr\/wp-json\/wp\/v2\/product_tag?post=19968"}],"curies":[{"name":"wp","href":"https:\/\/api.w.org\/{rel}","templated":true}]}}