{"id":19938,"date":"2023-08-22T14:54:52","date_gmt":"2023-08-22T06:54:52","guid":{"rendered":"https:\/\/suncasesupply.com\/?post_type=product&#038;p=19938"},"modified":"2025-02-26T11:31:48","modified_gmt":"2025-02-26T03:31:48","slug":"rolling-makeup-train-case-large-storage-cosmetic-salon-barber-case","status":"publish","type":"product","link":"https:\/\/suncasesupply.com\/fr\/product\/rolling-makeup-train-case-large-storage-cosmetic-salon-barber-case\/","title":{"rendered":"Valise de train de maquillage roulante, grande mallette de rangement pour Salon de coiffure et cosm\u00e9tiques"},"content":{"rendered":"<p>&nbsp;<\/p>\n<table width=\"774\">\n<tbody>\n<tr>\n<td width=\"177\">Article<\/td>\n<td width=\"597\">Trousse de maquillage \u00e0 roulettes<\/td>\n<\/tr>\n<tr>\n<td>Dimension<\/td>\n<td>34,3*24*52 cm ou personnaliser<\/td>\n<\/tr>\n<tr>\n<td>Couleurs<\/td>\n<td>Comme le montrent les images ou personnaliser<\/td>\n<\/tr>\n<tr>\n<td>Mat\u00e9riaux<\/td>\n<td>Aluminium, panneau ABS, panneau MDF, doublure EVA\/mousse\/tissu\/PU, quincaillerie<\/td>\n<\/tr>\n<tr>\n<td>Logo<\/td>\n<td>Logo plaque m\u00e9tallique, logo imprim\u00e9, logo en relief, logo laser<\/td>\n<\/tr>\n<tr>\n<td>Temps d&#039;\u00e9chantillonnage<\/td>\n<td>7 jours<\/td>\n<\/tr>\n<tr>\n<td>Port d&#039;embarquement<\/td>\n<td>Canton, Shenzhen<\/td>\n<\/tr>\n<tr>\n<td>Conditions commerciales<\/td>\n<td>EXW, FOB, CIF, DDU, DDP<\/td>\n<\/tr>\n<tr>\n<td>M\u00e9thodes de payement<\/td>\n<td>T\/T, esp\u00e8ces, PayPal, carte de cr\u00e9dit<\/td>\n<\/tr>\n<\/tbody>\n<\/table>\n<p><span style=\"color: #003366;\">Caract\u00e9ristiques:<\/span><\/p>\n<p>Ce chariot durable est construit avec un bo\u00eetier ext\u00e9rieur en plastique de qualit\u00e9 sup\u00e9rieure, des bords et des coins renforc\u00e9s en aluminium et en m\u00e9tal de qualit\u00e9 A, ainsi qu&#039;une quincaillerie m\u00e9tallique robuste. Il peut changer avec les nuances de couleur lorsqu\u2019il capte la lumi\u00e8re sous diff\u00e9rents angles.<\/p>\n<p>La glissi\u00e8re est facile \u00e0 \u00e9tendre et \u00e0 fermer, alors qu&#039;elle ne glissera pas lorsqu&#039;elle n&#039;est pas utilis\u00e9e car la connexion est stable. Les plateaux \u00e0 3 niveaux avec rouleaux d&#039;anneaux et s\u00e9parateur en croix vous aident \u00e0 organiser les accessoires de bijoux, la collection de rouges \u00e0 l\u00e8vres, la petite palette et les pinceaux. Le plateau s\u00e9par\u00e9 est dot\u00e9 d&#039;une \u00e9ponge amovible qui peut maintenir le vernis \u00e0 ongles \u00e0 la verticale ou stocker des pots de lotion avec l&#039;\u00e9ponge retir\u00e9e.<br \/>\nLe plateau central s\u00e9par\u00e9 avec d\u00e9flecteur amovible Smart Match. Selon la taille diff\u00e9rente du gadget, vous pouvez organiser<\/p>\n<p>Espace, non seulement des objets soigneusement plac\u00e9s et peut \u00eatre fix\u00e9 pour \u00e9viter les secousses et les chutes. Il y a \u00e9galement un grand fond offrant un excellent rangement pour les outils de coiffure, les cosm\u00e9tiques et les outils pour les ongles. Parfait pour les maquilleurs professionnels, les coiffeurs, les manucures, les tatoueurs ou ceux qui ont une montagne de produits cosm\u00e9tiques.<\/p>","protected":false},"excerpt":{"rendered":"<p>Mod\u00e8le : SC-RM0005<\/p>\n<p>Taille: 34,3*24*52 cm<\/p>\n<p>Quantit\u00e9 minimale de commande : 50 pi\u00e8ces<\/p>\n<p>D\u00e9lai de livraison : 15-25 jours<\/p>\n<p>\u00c9chantillon\u00a0: Disponible<\/p>","protected":false},"featured_media":19939,"template":"","meta":{"_gspb_post_css":""},"product_cat":[34,97],"product_tag":[],"featured_image_urls":{"full":["https:\/\/suncasesupply.com\/wp-content\/uploads\/2023\/08\/71iJz0vIfkL._AC_UX679_.jpg",679,658,false],"thumbnail":["https:\/\/suncasesupply.com\/wp-content\/uploads\/2023\/08\/71iJz0vIfkL._AC_UX679_-150x150.jpg",150,150,true],"medium":["https:\/\/suncasesupply.com\/wp-content\/uploads\/2023\/08\/71iJz0vIfkL._AC_UX679_-300x291.jpg",300,291,true],"medium_large":["https:\/\/suncasesupply.com\/wp-content\/uploads\/2023\/08\/71iJz0vIfkL._AC_UX679_.jpg",679,658,false],"large":["https:\/\/suncasesupply.com\/wp-content\/uploads\/2023\/08\/71iJz0vIfkL._AC_UX679_.jpg",679,658,false],"1536x1536":["https:\/\/suncasesupply.com\/wp-content\/uploads\/2023\/08\/71iJz0vIfkL._AC_UX679_.jpg",679,658,false],"2048x2048":["https:\/\/suncasesupply.com\/wp-content\/uploads\/2023\/08\/71iJz0vIfkL._AC_UX679_.jpg",679,658,false],"trp-custom-language-flag":["https:\/\/suncasesupply.com\/wp-content\/uploads\/2023\/08\/71iJz0vIfkL._AC_UX679_.jpg",12,12,false],"woocommerce_thumbnail":["https:\/\/suncasesupply.com\/wp-content\/uploads\/2023\/08\/71iJz0vIfkL._AC_UX679_-300x300.jpg",300,300,true],"woocommerce_single":["https:\/\/suncasesupply.com\/wp-content\/uploads\/2023\/08\/71iJz0vIfkL._AC_UX679_-600x581.jpg",600,581,true],"woocommerce_gallery_thumbnail":["https:\/\/suncasesupply.com\/wp-content\/uploads\/2023\/08\/71iJz0vIfkL._AC_UX679_-100x100.jpg",100,100,true]},"post_excerpt_stackable":"<p>Model : SC-RM0005<\/p>\n<p>Size: 34.3*24*52cm<\/p>\n<p>MOQ: 50pcs<\/p>\n<p>Delivery Time : 15-25 Days<\/p>\n<p>Sample : Available<\/p>\n","category_list":"","author_info":{"name":"","url":""},"comments_num":"0 commentaire","_links":{"self":[{"href":"https:\/\/suncasesupply.com\/fr\/wp-json\/wp\/v2\/product\/19938"}],"collection":[{"href":"https:\/\/suncasesupply.com\/fr\/wp-json\/wp\/v2\/product"}],"about":[{"href":"https:\/\/suncasesupply.com\/fr\/wp-json\/wp\/v2\/types\/product"}],"wp:featuredmedia":[{"embeddable":true,"href":"https:\/\/suncasesupply.com\/fr\/wp-json\/wp\/v2\/media\/19939"}],"wp:attachment":[{"href":"https:\/\/suncasesupply.com\/fr\/wp-json\/wp\/v2\/media?parent=19938"}],"wp:term":[{"taxonomy":"product_cat","embeddable":true,"href":"https:\/\/suncasesupply.com\/fr\/wp-json\/wp\/v2\/product_cat?post=19938"},{"taxonomy":"product_tag","embeddable":true,"href":"https:\/\/suncasesupply.com\/fr\/wp-json\/wp\/v2\/product_tag?post=19938"}],"curies":[{"name":"wp","href":"https:\/\/api.w.org\/{rel}","templated":true}]}}