{"id":19934,"date":"2023-08-22T14:48:05","date_gmt":"2023-08-22T06:48:05","guid":{"rendered":"https:\/\/suncasesupply.com\/?post_type=product&#038;p=19934"},"modified":"2025-02-26T11:31:56","modified_gmt":"2025-02-26T03:31:56","slug":"4-in-1-rolling-makeup-beauty-case-trolley-hairdressing-nail-case-silver","status":"publish","type":"product","link":"https:\/\/suncasesupply.com\/fr\/product\/4-in-1-rolling-makeup-beauty-case-trolley-hairdressing-nail-case-silver\/","title":{"rendered":"4 en 1 trousse de maquillage \u00e0 roulettes trousse de beaut\u00e9 chariot de coiffure \u00e9tui \u00e0 ongles argent"},"content":{"rendered":"<p>&nbsp;<\/p>\n<table width=\"774\">\n<tbody>\n<tr>\n<td width=\"177\">Article<\/td>\n<td width=\"597\">Trousse de maquillage \u00e0 roulettes<\/td>\n<\/tr>\n<tr>\n<td>Dimension<\/td>\n<td>35*25*75 cm ou personnaliser<\/td>\n<\/tr>\n<tr>\n<td>Couleurs<\/td>\n<td>Comme le montrent les images ou personnaliser<\/td>\n<\/tr>\n<tr>\n<td>Mat\u00e9riaux<\/td>\n<td>Aluminium, panneau ABS, panneau MDF, doublure EVA\/mousse\/tissu\/PU, quincaillerie<\/td>\n<\/tr>\n<tr>\n<td>Logo<\/td>\n<td>Logo plaque m\u00e9tallique, logo imprim\u00e9, logo en relief, logo laser<\/td>\n<\/tr>\n<tr>\n<td>Temps d&#039;\u00e9chantillonnage<\/td>\n<td>7 jours<\/td>\n<\/tr>\n<tr>\n<td>Port d&#039;embarquement<\/td>\n<td>Canton, Shenzhen<\/td>\n<\/tr>\n<tr>\n<td>Conditions commerciales<\/td>\n<td>EXW, FOB, CIF, DDU, DDP<\/td>\n<\/tr>\n<tr>\n<td>M\u00e9thodes de payement<\/td>\n<td>T\/T, esp\u00e8ces, PayPal, carte de cr\u00e9dit<\/td>\n<\/tr>\n<\/tbody>\n<\/table>\n<p><span style=\"color: #003366;\">Caract\u00e9ristiques:<\/span><\/p>\n<p>Fonctionnel\u00a0<strong>bo\u00eete \u00e0 cosm\u00e9tiques<\/strong>\u00a0Parfait pour les stylistes d&#039;ongles, les esth\u00e9ticiennes, les maquilleurs travaillant sur le terrain ou pour ranger des produits cosm\u00e9tiques \u00e0 la maison.<\/p>\n<p>Il est \u00e9quip\u00e9 de 4 compartiments dont deux d\u00e9montables pour r\u00e9duire sa hauteur et sa capacit\u00e9. L&#039;int\u00e9rieur est doubl\u00e9 d&#039;une mati\u00e8re agr\u00e9able semblable au velours, et dans les compartiments individuels se trouvent des entretoises amovibles pour ranger les vernis (debout) ou autres petits objets.<\/p>\n<p>Un mat\u00e9riau robuste, avec des bords arrondis pour plus de s\u00e9curit\u00e9 et des roues simples stables vous permettent de stocker m\u00eame des objets lourds.<\/p>\n<p><strong>Le coffre<\/strong>\u00a0il dispose d&#039;une poign\u00e9e t\u00e9lescopique qui permet de le guider et de roues \u00e0 360 degr\u00e9s capables de faire face \u00e0 toutes les surfaces, m\u00eame extr\u00eamement probl\u00e9matiques.<\/p>\n<p>Les supports-entretoises amovibles pour vernis contiennent 120 hybrides, tandis que dans le compartiment inf\u00e9rieur, le plus grand, se trouvent des objets de grande taille tels que des lampes UV\/LED, des nettoyants d&#039;une capacit\u00e9 de 1 litre, etc. La mallette contient \u00e9galement de petites \u00e9tag\u00e8res pour les pinceaux et autres petits objets.<\/p>\n<p>Chaque compartiment est ferm\u00e9 par une serrure. Le coffret est livr\u00e9 avec 4 cl\u00e9s identiques pour chaque compartiment. N&#039;oubliez pas de ne pas tous les emporter avec vous et d&#039;en avoir un de rechange \u00e0 la maison.<\/p>","protected":false},"excerpt":{"rendered":"<p>Mod\u00e8le : SC-RM0004<\/p>\n<p>Taille: 35*25*70 cm<\/p>\n<p>Quantit\u00e9 minimale de commande : 50 pi\u00e8ces<\/p>\n<p>D\u00e9lai de livraison : 15-25 jours<\/p>\n<p>\u00c9chantillon\u00a0: Disponible<\/p>","protected":false},"featured_media":19935,"template":"","meta":{"_gspb_post_css":""},"product_cat":[34,97],"product_tag":[],"featured_image_urls":{"full":["https:\/\/suncasesupply.com\/wp-content\/uploads\/2023\/08\/500x500_product_media_31001-32000_Kuferek_kosmetyczny_XXXL_4w1_walizka_kosmetyczna_na_kolkach_obrotowych_360_Diamond_3D_srebrny_ze_srebrnymi_okuciami_6-j.webp",500,500,false],"thumbnail":["https:\/\/suncasesupply.com\/wp-content\/uploads\/2023\/08\/500x500_product_media_31001-32000_Kuferek_kosmetyczny_XXXL_4w1_walizka_kosmetyczna_na_kolkach_obrotowych_360_Diamond_3D_srebrny_ze_srebrnymi_okuciami_6-j-150x150.webp",150,150,true],"medium":["https:\/\/suncasesupply.com\/wp-content\/uploads\/2023\/08\/500x500_product_media_31001-32000_Kuferek_kosmetyczny_XXXL_4w1_walizka_kosmetyczna_na_kolkach_obrotowych_360_Diamond_3D_srebrny_ze_srebrnymi_okuciami_6-j-300x300.webp",300,300,true],"medium_large":["https:\/\/suncasesupply.com\/wp-content\/uploads\/2023\/08\/500x500_product_media_31001-32000_Kuferek_kosmetyczny_XXXL_4w1_walizka_kosmetyczna_na_kolkach_obrotowych_360_Diamond_3D_srebrny_ze_srebrnymi_okuciami_6-j.webp",500,500,false],"large":["https:\/\/suncasesupply.com\/wp-content\/uploads\/2023\/08\/500x500_product_media_31001-32000_Kuferek_kosmetyczny_XXXL_4w1_walizka_kosmetyczna_na_kolkach_obrotowych_360_Diamond_3D_srebrny_ze_srebrnymi_okuciami_6-j.webp",500,500,false],"1536x1536":["https:\/\/suncasesupply.com\/wp-content\/uploads\/2023\/08\/500x500_product_media_31001-32000_Kuferek_kosmetyczny_XXXL_4w1_walizka_kosmetyczna_na_kolkach_obrotowych_360_Diamond_3D_srebrny_ze_srebrnymi_okuciami_6-j.webp",500,500,false],"2048x2048":["https:\/\/suncasesupply.com\/wp-content\/uploads\/2023\/08\/500x500_product_media_31001-32000_Kuferek_kosmetyczny_XXXL_4w1_walizka_kosmetyczna_na_kolkach_obrotowych_360_Diamond_3D_srebrny_ze_srebrnymi_okuciami_6-j.webp",500,500,false],"trp-custom-language-flag":["https:\/\/suncasesupply.com\/wp-content\/uploads\/2023\/08\/500x500_product_media_31001-32000_Kuferek_kosmetyczny_XXXL_4w1_walizka_kosmetyczna_na_kolkach_obrotowych_360_Diamond_3D_srebrny_ze_srebrnymi_okuciami_6-j.webp",12,12,false],"woocommerce_thumbnail":["https:\/\/suncasesupply.com\/wp-content\/uploads\/2023\/08\/500x500_product_media_31001-32000_Kuferek_kosmetyczny_XXXL_4w1_walizka_kosmetyczna_na_kolkach_obrotowych_360_Diamond_3D_srebrny_ze_srebrnymi_okuciami_6-j-300x300.webp",300,300,true],"woocommerce_single":["https:\/\/suncasesupply.com\/wp-content\/uploads\/2023\/08\/500x500_product_media_31001-32000_Kuferek_kosmetyczny_XXXL_4w1_walizka_kosmetyczna_na_kolkach_obrotowych_360_Diamond_3D_srebrny_ze_srebrnymi_okuciami_6-j.webp",500,500,false],"woocommerce_gallery_thumbnail":["https:\/\/suncasesupply.com\/wp-content\/uploads\/2023\/08\/500x500_product_media_31001-32000_Kuferek_kosmetyczny_XXXL_4w1_walizka_kosmetyczna_na_kolkach_obrotowych_360_Diamond_3D_srebrny_ze_srebrnymi_okuciami_6-j-100x100.webp",100,100,true]},"post_excerpt_stackable":"<p>Model : SC-RM0004<\/p>\n<p>Size: 35*25*70 cm<\/p>\n<p>MOQ: 50pcs<\/p>\n<p>Delivery Time : 15-25 Days<\/p>\n<p>Sample : Available<\/p>\n","category_list":"","author_info":{"name":"","url":""},"comments_num":"0 commentaire","_links":{"self":[{"href":"https:\/\/suncasesupply.com\/fr\/wp-json\/wp\/v2\/product\/19934"}],"collection":[{"href":"https:\/\/suncasesupply.com\/fr\/wp-json\/wp\/v2\/product"}],"about":[{"href":"https:\/\/suncasesupply.com\/fr\/wp-json\/wp\/v2\/types\/product"}],"wp:featuredmedia":[{"embeddable":true,"href":"https:\/\/suncasesupply.com\/fr\/wp-json\/wp\/v2\/media\/19935"}],"wp:attachment":[{"href":"https:\/\/suncasesupply.com\/fr\/wp-json\/wp\/v2\/media?parent=19934"}],"wp:term":[{"taxonomy":"product_cat","embeddable":true,"href":"https:\/\/suncasesupply.com\/fr\/wp-json\/wp\/v2\/product_cat?post=19934"},{"taxonomy":"product_tag","embeddable":true,"href":"https:\/\/suncasesupply.com\/fr\/wp-json\/wp\/v2\/product_tag?post=19934"}],"curies":[{"name":"wp","href":"https:\/\/api.w.org\/{rel}","templated":true}]}}