{"id":19914,"date":"2023-08-22T14:24:59","date_gmt":"2023-08-22T06:24:59","guid":{"rendered":"https:\/\/suncasesupply.com\/?post_type=product&#038;p=19914"},"modified":"2023-08-22T14:27:01","modified_gmt":"2023-08-22T06:27:01","slug":"aluminum-hairdressing-tools-case-leather-pu-barber-case-brown","status":"publish","type":"product","link":"https:\/\/suncasesupply.com\/fr\/product\/aluminum-hairdressing-tools-case-leather-pu-barber-case-brown\/","title":{"rendered":"\u00c9tui \u00e0 outils de coiffure en aluminium, \u00e9tui en cuir PU pour barbier marron"},"content":{"rendered":"<p>&nbsp;<\/p>\n<table width=\"774\">\n<tbody>\n<tr>\n<td width=\"177\">Article<\/td>\n<td width=\"597\">Cas de barbier<\/td>\n<\/tr>\n<tr>\n<td>Dimension<\/td>\n<td>40*34*14.5cm ou personnaliser<\/td>\n<\/tr>\n<tr>\n<td>Couleurs<\/td>\n<td>Comme le montrent les images ou personnaliser<\/td>\n<\/tr>\n<tr>\n<td>Mat\u00e9riaux<\/td>\n<td>Aluminium, panneau ABS, panneau MDF, doublure EVA\/mousse\/tissu\/PU, quincaillerie<\/td>\n<\/tr>\n<tr>\n<td>Logo<\/td>\n<td>Logo plaque m\u00e9tallique, logo imprim\u00e9, logo en relief, logo laser<\/td>\n<\/tr>\n<tr>\n<td>Temps d&#039;\u00e9chantillonnage<\/td>\n<td>7 jours<\/td>\n<\/tr>\n<tr>\n<td>Port d&#039;embarquement<\/td>\n<td>Canton, Shenzhen<\/td>\n<\/tr>\n<tr>\n<td>Conditions commerciales<\/td>\n<td>EXW, FOB, CIF, DDU, DDP<\/td>\n<\/tr>\n<tr>\n<td>M\u00e9thodes de payement<\/td>\n<td>T\/T, esp\u00e8ces, PayPal, carte de cr\u00e9dit<\/td>\n<\/tr>\n<\/tbody>\n<\/table>\n<p><span style=\"color: #003366;\">Caract\u00e9ristiques:<\/span><\/p>\n<p>Valise de barbier \u00e9l\u00e9gante avec double serrure \u00e0 combinaison et poign\u00e9e confortable. La valise peut accueillir divers accessoires et outils de coiffure \u2013 ciseaux, peignes, brosses \u00e0 cheveux, s\u00e8che-cheveux, tondeuses, etc.<\/p>","protected":false},"excerpt":{"rendered":"<p>Mod\u00e8le : SC-BC0003<\/p>\n<p>Taille: 40*34*14.5 cm<\/p>\n<p>MOQ\u00a0: Faible MOQ acceptable<\/p>\n<p>D\u00e9lai de livraison : 15-25 jours<\/p>\n<p>\u00c9chantillon\u00a0: Disponible<\/p>","protected":false},"featured_media":19910,"template":"","meta":{"_gspb_post_css":""},"product_cat":[41],"product_tag":[],"featured_image_urls":{"full":["https:\/\/suncasesupply.com\/wp-content\/uploads\/2023\/08\/1200x1200_product_media_32001-33000_WALIZKA_FRYZJERSKA_BARBERSKA_BRAZOWA4-j.webp",1200,1200,false],"thumbnail":["https:\/\/suncasesupply.com\/wp-content\/uploads\/2023\/08\/1200x1200_product_media_32001-33000_WALIZKA_FRYZJERSKA_BARBERSKA_BRAZOWA4-j-150x150.webp",150,150,true],"medium":["https:\/\/suncasesupply.com\/wp-content\/uploads\/2023\/08\/1200x1200_product_media_32001-33000_WALIZKA_FRYZJERSKA_BARBERSKA_BRAZOWA4-j-300x300.webp",300,300,true],"medium_large":["https:\/\/suncasesupply.com\/wp-content\/uploads\/2023\/08\/1200x1200_product_media_32001-33000_WALIZKA_FRYZJERSKA_BARBERSKA_BRAZOWA4-j-768x768.webp",768,768,true],"large":["https:\/\/suncasesupply.com\/wp-content\/uploads\/2023\/08\/1200x1200_product_media_32001-33000_WALIZKA_FRYZJERSKA_BARBERSKA_BRAZOWA4-j-1024x1024.webp",1024,1024,true],"1536x1536":["https:\/\/suncasesupply.com\/wp-content\/uploads\/2023\/08\/1200x1200_product_media_32001-33000_WALIZKA_FRYZJERSKA_BARBERSKA_BRAZOWA4-j.webp",1200,1200,false],"2048x2048":["https:\/\/suncasesupply.com\/wp-content\/uploads\/2023\/08\/1200x1200_product_media_32001-33000_WALIZKA_FRYZJERSKA_BARBERSKA_BRAZOWA4-j.webp",1200,1200,false],"trp-custom-language-flag":["https:\/\/suncasesupply.com\/wp-content\/uploads\/2023\/08\/1200x1200_product_media_32001-33000_WALIZKA_FRYZJERSKA_BARBERSKA_BRAZOWA4-j.webp",12,12,false],"woocommerce_thumbnail":["https:\/\/suncasesupply.com\/wp-content\/uploads\/2023\/08\/1200x1200_product_media_32001-33000_WALIZKA_FRYZJERSKA_BARBERSKA_BRAZOWA4-j-300x300.webp",300,300,true],"woocommerce_single":["https:\/\/suncasesupply.com\/wp-content\/uploads\/2023\/08\/1200x1200_product_media_32001-33000_WALIZKA_FRYZJERSKA_BARBERSKA_BRAZOWA4-j-600x600.webp",600,600,true],"woocommerce_gallery_thumbnail":["https:\/\/suncasesupply.com\/wp-content\/uploads\/2023\/08\/1200x1200_product_media_32001-33000_WALIZKA_FRYZJERSKA_BARBERSKA_BRAZOWA4-j-100x100.webp",100,100,true]},"post_excerpt_stackable":"<p>Model : SC-BC0003<\/p>\n<p>Size:\u00a0 40*34*14.5cm<\/p>\n<p>MOQ: Low MOQ acceptable<\/p>\n<p>Delivery Time : 15-25 Days<\/p>\n<p>Sample : Available<\/p>\n","category_list":"","author_info":{"name":"","url":""},"comments_num":"0 commentaire","_links":{"self":[{"href":"https:\/\/suncasesupply.com\/fr\/wp-json\/wp\/v2\/product\/19914"}],"collection":[{"href":"https:\/\/suncasesupply.com\/fr\/wp-json\/wp\/v2\/product"}],"about":[{"href":"https:\/\/suncasesupply.com\/fr\/wp-json\/wp\/v2\/types\/product"}],"wp:featuredmedia":[{"embeddable":true,"href":"https:\/\/suncasesupply.com\/fr\/wp-json\/wp\/v2\/media\/19910"}],"wp:attachment":[{"href":"https:\/\/suncasesupply.com\/fr\/wp-json\/wp\/v2\/media?parent=19914"}],"wp:term":[{"taxonomy":"product_cat","embeddable":true,"href":"https:\/\/suncasesupply.com\/fr\/wp-json\/wp\/v2\/product_cat?post=19914"},{"taxonomy":"product_tag","embeddable":true,"href":"https:\/\/suncasesupply.com\/fr\/wp-json\/wp\/v2\/product_tag?post=19914"}],"curies":[{"name":"wp","href":"https:\/\/api.w.org\/{rel}","templated":true}]}}