{"id":19880,"date":"2023-08-22T11:57:12","date_gmt":"2023-08-22T03:57:12","guid":{"rendered":"https:\/\/suncasesupply.com\/?post_type=product&#038;p=19880"},"modified":"2025-02-26T11:14:24","modified_gmt":"2025-02-26T03:14:24","slug":"golden-diamond-cosmetic-case-for-nail-stylists-hairdressing-lamp-storage-makeup-box","status":"publish","type":"product","link":"https:\/\/suncasesupply.com\/fr\/product\/golden-diamond-cosmetic-case-for-nail-stylists-hairdressing-lamp-storage-makeup-box\/","title":{"rendered":"\u00c9tui \u00e0 cosm\u00e9tiques en diamant dor\u00e9 pour stylistes d&#039;ongles, lampe de coiffure, bo\u00eete de rangement de maquillage"},"content":{"rendered":"<p>&nbsp;<\/p>\n<table width=\"774\">\n<tbody>\n<tr>\n<td width=\"177\">Article<\/td>\n<td width=\"597\">Trousse de maquillage en aluminium<\/td>\n<\/tr>\n<tr>\n<td>Dimension<\/td>\n<td>26*21*32 cm ou personnaliser<\/td>\n<\/tr>\n<tr>\n<td>Couleurs<\/td>\n<td>Comme le montrent les images ou personnaliser<\/td>\n<\/tr>\n<tr>\n<td>Mat\u00e9riaux<\/td>\n<td>Aluminium, panneau ABS, panneau MDF, doublure EVA\/mousse\/tissu\/PU, quincaillerie<\/td>\n<\/tr>\n<tr>\n<td>Logo<\/td>\n<td>Logo plaque m\u00e9tallique, logo imprim\u00e9, logo en relief, logo laser<\/td>\n<\/tr>\n<tr>\n<td>Temps d&#039;\u00e9chantillonnage<\/td>\n<td>7 jours<\/td>\n<\/tr>\n<tr>\n<td>Port d&#039;embarquement<\/td>\n<td>Canton, Shenzhen<\/td>\n<\/tr>\n<tr>\n<td>Conditions commerciales<\/td>\n<td>EXW, FOB, CIF, DDU, DDP<\/td>\n<\/tr>\n<tr>\n<td>M\u00e9thodes de payement<\/td>\n<td>T\/T, esp\u00e8ces, PayPal, carte de cr\u00e9dit<\/td>\n<\/tr>\n<\/tbody>\n<\/table>\n<p><span style=\"color: #003366;\">Caract\u00e9ristiques:<\/span><\/p>\n<p>Parfait pour les stylistes d&#039;ongles, les esth\u00e9ticiennes, les maquilleurs travaillant sur le terrain ou pour ranger des produits cosm\u00e9tiques \u00e0 la maison. Le coffre solide, pliable et de taille optimale permet d&#039;ins\u00e9rer facilement une lampe UV et LED pleine grandeur \u00e0 l&#039;int\u00e9rieur.<\/p>\n<p><strong>Le coffre<\/strong>\u00a0ouvert des deux c\u00f4t\u00e9s, il dispose de 2 \u00e9tag\u00e8res coulissantes pour les petits ustensiles, comme les vernis hybrides, les pinceaux, les cosm\u00e9tiques de petit et grand format. Compartiment inf\u00e9rieur pour les objets plus gros, comme une lampe LED et une fraiseuse. Tr\u00e8s solidement r\u00e9alis\u00e9 avec coins renforc\u00e9s et poutres sur les bords ext\u00e9rieurs pour garantir la s\u00e9curit\u00e9 du 100%.<\/p>\n<p>Vous pouvez ranger des objets en toute s\u00e9curit\u00e9 dans le coffre gr\u00e2ce \u00e0 deux verrous s\u00e9curisant le contenu. Deux cl\u00e9s sont attach\u00e9es au bo\u00eetier.<\/p>\n<ul>\n<li class=\"active\">Parfait pour les esth\u00e9ticiennes et les stylistes.<\/li>\n<li>Il peut \u00eatre ouvert des deux c\u00f4t\u00e9s.<\/li>\n<li>Il abrite des lampes pont.<\/li>\n<li>Verrouillable avec une cl\u00e9, 2 serrures.<\/li>\n<li>Design intemporel \u2013 extr\u00eamement exclusif et tendance.<\/li>\n<li>Facile \u00e0 nettoyer : la surface est enti\u00e8rement lavable.<\/li>\n<li>L&#039;int\u00e9rieur est doubl\u00e9 d&#039;une mati\u00e8re douce imitant le velours.<\/li>\n<li>Pratique \u2013 mallette facile \u00e0 transporter, parfaite pour ranger les produits cosm\u00e9tiques.<\/li>\n<li>Il contient des \u00e9ponges pour vernis.<\/li>\n<\/ul>","protected":false},"excerpt":{"rendered":"<p>Mod\u00e8le : SC-CM0006<\/p>\n<p>Taille: 26*21*32 cm<\/p>\n<p>Quantit\u00e9 minimale de commande : 100 pi\u00e8ces<\/p>\n<p>D\u00e9lai de livraison : 15-25 jours<\/p>\n<p>\u00c9chantillon\u00a0: Disponible<\/p>","protected":false},"featured_media":19881,"template":"","meta":{"_gspb_post_css":""},"product_cat":[34,96],"product_tag":[],"featured_image_urls":{"full":["https:\/\/suncasesupply.com\/wp-content\/uploads\/2023\/08\/716x716_product_media_32001-33000_kuferek_kosmetyczny_l_fryzjerski_na_lampe_k105_7h_rose_golden_okucia_31-j.webp",716,716,false],"thumbnail":["https:\/\/suncasesupply.com\/wp-content\/uploads\/2023\/08\/716x716_product_media_32001-33000_kuferek_kosmetyczny_l_fryzjerski_na_lampe_k105_7h_rose_golden_okucia_31-j-150x150.webp",150,150,true],"medium":["https:\/\/suncasesupply.com\/wp-content\/uploads\/2023\/08\/716x716_product_media_32001-33000_kuferek_kosmetyczny_l_fryzjerski_na_lampe_k105_7h_rose_golden_okucia_31-j-300x300.webp",300,300,true],"medium_large":["https:\/\/suncasesupply.com\/wp-content\/uploads\/2023\/08\/716x716_product_media_32001-33000_kuferek_kosmetyczny_l_fryzjerski_na_lampe_k105_7h_rose_golden_okucia_31-j.webp",716,716,false],"large":["https:\/\/suncasesupply.com\/wp-content\/uploads\/2023\/08\/716x716_product_media_32001-33000_kuferek_kosmetyczny_l_fryzjerski_na_lampe_k105_7h_rose_golden_okucia_31-j.webp",716,716,false],"1536x1536":["https:\/\/suncasesupply.com\/wp-content\/uploads\/2023\/08\/716x716_product_media_32001-33000_kuferek_kosmetyczny_l_fryzjerski_na_lampe_k105_7h_rose_golden_okucia_31-j.webp",716,716,false],"2048x2048":["https:\/\/suncasesupply.com\/wp-content\/uploads\/2023\/08\/716x716_product_media_32001-33000_kuferek_kosmetyczny_l_fryzjerski_na_lampe_k105_7h_rose_golden_okucia_31-j.webp",716,716,false],"trp-custom-language-flag":["https:\/\/suncasesupply.com\/wp-content\/uploads\/2023\/08\/716x716_product_media_32001-33000_kuferek_kosmetyczny_l_fryzjerski_na_lampe_k105_7h_rose_golden_okucia_31-j.webp",12,12,false],"woocommerce_thumbnail":["https:\/\/suncasesupply.com\/wp-content\/uploads\/2023\/08\/716x716_product_media_32001-33000_kuferek_kosmetyczny_l_fryzjerski_na_lampe_k105_7h_rose_golden_okucia_31-j-300x300.webp",300,300,true],"woocommerce_single":["https:\/\/suncasesupply.com\/wp-content\/uploads\/2023\/08\/716x716_product_media_32001-33000_kuferek_kosmetyczny_l_fryzjerski_na_lampe_k105_7h_rose_golden_okucia_31-j-600x600.webp",600,600,true],"woocommerce_gallery_thumbnail":["https:\/\/suncasesupply.com\/wp-content\/uploads\/2023\/08\/716x716_product_media_32001-33000_kuferek_kosmetyczny_l_fryzjerski_na_lampe_k105_7h_rose_golden_okucia_31-j-100x100.webp",100,100,true]},"post_excerpt_stackable":"<p>Model : SC-CM0006<\/p>\n<p>Size: 26*21*32 cm<\/p>\n<p>MOQ: 100pcs<\/p>\n<p>Delivery Time : 15-25 Days<\/p>\n<p>Sample : Available<\/p>\n","category_list":"","author_info":{"name":"","url":""},"comments_num":"0 commentaire","_links":{"self":[{"href":"https:\/\/suncasesupply.com\/fr\/wp-json\/wp\/v2\/product\/19880"}],"collection":[{"href":"https:\/\/suncasesupply.com\/fr\/wp-json\/wp\/v2\/product"}],"about":[{"href":"https:\/\/suncasesupply.com\/fr\/wp-json\/wp\/v2\/types\/product"}],"wp:featuredmedia":[{"embeddable":true,"href":"https:\/\/suncasesupply.com\/fr\/wp-json\/wp\/v2\/media\/19881"}],"wp:attachment":[{"href":"https:\/\/suncasesupply.com\/fr\/wp-json\/wp\/v2\/media?parent=19880"}],"wp:term":[{"taxonomy":"product_cat","embeddable":true,"href":"https:\/\/suncasesupply.com\/fr\/wp-json\/wp\/v2\/product_cat?post=19880"},{"taxonomy":"product_tag","embeddable":true,"href":"https:\/\/suncasesupply.com\/fr\/wp-json\/wp\/v2\/product_tag?post=19880"}],"curies":[{"name":"wp","href":"https:\/\/api.w.org\/{rel}","templated":true}]}}