{"id":19804,"date":"2023-08-21T17:42:15","date_gmt":"2023-08-21T09:42:15","guid":{"rendered":"https:\/\/suncasesupply.com\/?post_type=product&#038;p=19804"},"modified":"2026-03-17T00:51:58","modified_gmt":"2026-03-16T16:51:58","slug":"graded-card-storage-box-premium-trading-card-case-carbon-fiber-slab-case","status":"publish","type":"product","link":"https:\/\/suncasesupply.com\/fr\/product\/graded-card-storage-box-premium-trading-card-case-carbon-fiber-slab-case\/","title":{"rendered":"Bo\u00eete de rangement pour cartes class\u00e9es, \u00e9tui pour cartes \u00e0 collectionner Premium, \u00e9tui en dalle de Fiber de carbone"},"content":{"rendered":"<h4><span style=\"color: #003366;\">Caract\u00e9ristiques:<\/span><\/h4>\n<ul>\n<li><strong>Transport facile<\/strong>Gr\u00e2ce \u00e0 sa poign\u00e9e robuste et confortable, l&#039;\u00e9tui est facile \u00e0 transporter et tr\u00e8s l\u00e9ger. Ainsi, cette bo\u00eete de rangement pour cartes en aluminium est id\u00e9ale pour ranger vos cartes en magasin ou \u00e0 la maison, et vous permet de les emporter partout avec vous.<\/li>\n<li><strong>Construction durable<\/strong>Fabriqu\u00e9 avec des panneaux de bois robustes et une structure en aluminium, ce coffret de rangement pour cartes grad\u00e9es allie style et s\u00e9curit\u00e9. Les \u00e9l\u00e9ments m\u00e9talliques, tels que la poign\u00e9e, les serrures et les coins, lui conf\u00e8rent une grande solidit\u00e9 et une excellente durabilit\u00e9.<\/li>\n<li><strong>Fonction de stockage universelle<\/strong>Cet \u00e9tui peut contenir tous types de cartes \u00e0 collectionner grad\u00e9es, comme celles de marques PSA, BSG et autres. Sa bo\u00eete de rangement en carton est dot\u00e9e de compartiments amovibles qui maintiennent les cartes en place et les emp\u00eachent de glisser.<\/li>\n<\/ul>\n<h4><span style=\"color: #003366;\">D\u00e9tails du produit :<\/span><\/h4>\n<div style=\"display: flex; gap: 20px;\">\n<p><!-- \u7b2c\u4e00\u680f --><\/p>\n<div style=\"flex: 1; text-align: center;\">\n<p><img decoding=\"async\" style=\"max-width: 100%; height: auto; margin-bottom: 10px;\" src=\"https:\/\/suncasesupply.com\/wp-content\/uploads\/2025\/03\/Strong-handle.png\" alt=\"Poign\u00e9e solide\" \/><\/p>\n<p style=\"font-weight: bold; margin: 5px 0;\">Poign\u00e9e solide<\/p>\n<p style=\"margin: 0;\">Dot\u00e9 d&#039;une poign\u00e9e l\u00e9g\u00e8re en caoutchouc souple et d&#039;une base en m\u00e9tal robuste, il est \u00e0 la fois robuste et confortable. Ainsi, ce porte-cartes en aluminium est non seulement id\u00e9al pour ranger vos cartes en magasin ou \u00e0 la maison, mais aussi facile \u00e0 transporter et \u00e0 utiliser en d\u00e9placement.<\/p>\n<\/div>\n<p><!-- \u7b2c\u4e8c\u680f --><\/p>\n<div style=\"flex: 1; text-align: center;\">\n<p><img decoding=\"async\" style=\"max-width: 100%; height: auto; margin-bottom: 10px;\" src=\"https:\/\/suncasesupply.com\/wp-content\/uploads\/2025\/03\/Protective-Foam.png\" alt=\"Mousse protectrice\" \/><\/p>\n<p style=\"font-weight: bold; margin: 5px 0;\">Mousse protectrice<\/p>\n<p style=\"margin: 0;\">Le couvercle est recouvert d&#039;une mousse alv\u00e9ol\u00e9e souple, tr\u00e8s r\u00e9sistante aux chocs et aux impacts, qui prot\u00e8ge efficacement vos cartes. Cet \u00e9tui de rangement pour cartes gradu\u00e9es emp\u00eache vos cartes de bouger ou de s&#039;ab\u00eemer pendant le transport.<\/p>\n<\/div>\n<p><!-- \u7b2c\u4e09\u680f --><\/p>\n<div style=\"flex: 1; text-align: center;\">\n<p><img decoding=\"async\" style=\"max-width: 100%; height: auto; margin-bottom: 10px;\" src=\"https:\/\/suncasesupply.com\/wp-content\/uploads\/2025\/03\/EVA-dividers.png\" alt=\"S\u00e9parateurs EVA\" \/><\/p>\n<p style=\"font-weight: bold; margin: 5px 0;\">Machines \u00e0 sous int\u00e9rieures<\/p>\n<p style=\"margin: 0;\">Les compartiments int\u00e9rieurs sont personnalisables pour vos cartes PSA, BSG et autres, et chaque compartiment est dot\u00e9 d&#039;une plaque amovible pour une organisation optimale. Ces bo\u00eetes de rangement pour cartes grad\u00e9es sont con\u00e7ues en EVA souple, un mat\u00e9riau qui prot\u00e8ge vos pr\u00e9cieuses collections.<\/p>\n<\/div>\n<div style=\"flex: 1; text-align: center;\">\n<p><img decoding=\"async\" style=\"max-width: 100%; height: auto; margin-bottom: 10px;\" src=\"https:\/\/suncasesupply.com\/wp-content\/uploads\/2025\/03\/Combination-Locks.png\" alt=\"Serrures \u00e0 combinaison\" \/><\/p>\n<p style=\"font-weight: bold; margin: 5px 0;\">Serrures \u00e0 combinaison<\/p>\n<p style=\"margin: 0;\">Le cadenas \u00e0 combinaison assure la s\u00e9curit\u00e9 de la bo\u00eete et ne n\u00e9cessite aucune cl\u00e9 suppl\u00e9mentaire. Il offre s\u00e9curit\u00e9 et praticit\u00e9 lors du transport de votre bo\u00eete de rangement pour cartes de sport grad\u00e9es.<\/p>\n<\/div>\n<\/div>\n<div style=\"background-color: #29599a; padding: 40px 20px; text-align: center; color: #ffffff; border-radius: 10px; margin: 40px auto; max-width: 960px;\">\n<h2 style=\"font-size: 22px; margin-bottom: 20px; font-weight: bold;\"><span style=\"color: #ffffff;\">Obtenez des bo\u00eetes de rangement de cartes grad\u00e9es haut de gamme chez Sun Case, \u00e0 partir de 100 pi\u00e8ces !<\/span><\/h2>\n<p><a style=\"display: inline-block; padding: 12px 28px; background-color: #ffffff; color: #29599a; text-decoration: none; border-radius: 6px; font-weight: bold;\" href=\"https:\/\/suncasesupply.com\/fr\/contact-us\/\" target=\"_blank\" rel=\"noopener\">Obtenir un devis<br \/>\n<\/a><\/p>\n<\/div>\n<h4><span style=\"color: #003366;\">Processus de fabrication d&#039;un \u00e9tui de rangement pour cartes gradu\u00e9es :<\/span><\/h4>\n<p><img decoding=\"async\" style=\"max-width: 100%; height: auto; margin-bottom: 10px;\" src=\"https:\/\/suncasesupply.com\/wp-content\/uploads\/2025\/07\/Manufacturing-Process.png\" alt=\"Processus de fabrication de Suncase\" \/><\/p>\n<div style=\"display: flex; gap: 20px;\">\n<p><!-- \u7b2c\u4e00\u680f \u6d41\u7a0b1--><\/p>\n<div style=\"flex: 1; text-align: center;\"><\/div>\n<\/div>\n<div style=\"display: flex; gap: 20px;\">\n<div style=\"flex: 1; text-align: center;\">\n<p style=\"font-weight: bold; margin: 5px 0;\">\n<\/div>\n<\/div>\n<h4><span style=\"color: #003366;\">Informations utiles pour les acheteurs en gros\u00a0:<\/span><\/h4>\n<ol>\n<li>\n<p class=\"page-title\" title=\"Qu\u2019est-ce qui rend les cartes de sport si pr\u00e9cieuses ?\"><a href=\"https:\/\/suncasesupply.com\/fr\/blog\/custom-aluminum-case\/commercial-value-of-sports-cards\/\">Pourquoi les cartes de sport sont pr\u00e9cieuses et les bo\u00eetes de rangement pour cartes de sport &gt;&gt;<\/a><\/p>\n<\/li>\n<li>\n<p class=\"page-title\" title=\"Qu\u2019est-ce qui rend les cartes de sport si pr\u00e9cieuses ?\"><a href=\"https:\/\/suncasesupply.com\/fr\/blog\/how-protect-trading-cards-collection\/\">Comment prot\u00e9ger votre collection de cartes \u00e0 collectionner &gt;&gt;<\/a><\/p>\n<\/li>\n<li title=\"Comment prot\u00e9ger votre collection de cartes \u00e0 collectionner\">\n<p class=\"page-title\" title=\"Bo\u00eetes de rangement pour cartes de sport\u00a0: la meilleure fa\u00e7on de stocker les cartes de sport\"><a href=\"https:\/\/suncasesupply.com\/fr\/blog\/custom-aluminum-case\/how-to-store-sports-cards\/\">Bo\u00eetes de rangement pour cartes de sport : la meilleure fa\u00e7on de stocker des cartes de sport &gt;&gt;<\/a><\/p>\n<\/li>\n<\/ol>\n<p>&nbsp;<\/p>","protected":false},"excerpt":{"rendered":"<p>Mod\u00e8le : SC-CC0002<\/p>\n<p>Taille: 34,3*29,3*18,4 cmcm<\/p>\n<p>Quantit\u00e9 minimale de commande : 100 pi\u00e8ces<\/p>\n<p>D\u00e9lai de livraison : 15-25 jours<\/p>\n<p>\u00c9chantillon\u00a0: Disponible<\/p>","protected":false},"featured_media":19794,"template":"","meta":{"_gspb_post_css":""},"product_cat":[42,87],"product_tag":[],"featured_image_urls":{"full":["https:\/\/suncasesupply.com\/wp-content\/uploads\/2023\/08\/1-1-scaled.jpg",2560,2560,false],"thumbnail":["https:\/\/suncasesupply.com\/wp-content\/uploads\/2023\/08\/1-1-150x150.jpg",150,150,true],"medium":["https:\/\/suncasesupply.com\/wp-content\/uploads\/2023\/08\/1-1-300x300.jpg",300,300,true],"medium_large":["https:\/\/suncasesupply.com\/wp-content\/uploads\/2023\/08\/1-1-768x768.jpg",768,768,true],"large":["https:\/\/suncasesupply.com\/wp-content\/uploads\/2023\/08\/1-1-1024x1024.jpg",1024,1024,true],"1536x1536":["https:\/\/suncasesupply.com\/wp-content\/uploads\/2023\/08\/1-1-1536x1536.jpg",1536,1536,true],"2048x2048":["https:\/\/suncasesupply.com\/wp-content\/uploads\/2023\/08\/1-1-2048x2048.jpg",2048,2048,true],"trp-custom-language-flag":["https:\/\/suncasesupply.com\/wp-content\/uploads\/2023\/08\/1-1-scaled.jpg",12,12,false],"woocommerce_thumbnail":["https:\/\/suncasesupply.com\/wp-content\/uploads\/2023\/08\/1-1-300x300.jpg",300,300,true],"woocommerce_single":["https:\/\/suncasesupply.com\/wp-content\/uploads\/2023\/08\/1-1-600x600.jpg",600,600,true],"woocommerce_gallery_thumbnail":["https:\/\/suncasesupply.com\/wp-content\/uploads\/2023\/08\/1-1-100x100.jpg",100,100,true]},"post_excerpt_stackable":"<p>Model : SC-CC0002<\/p>\n<p>Size: 34.3*29.3*18.4cmcm<\/p>\n<p>MOQ: 100pcs<\/p>\n<p>Delivery Time : 15-25 Days<\/p>\n<p>Sample : Available<\/p>\n","category_list":"","author_info":{"name":"","url":""},"comments_num":"0 commentaire","_links":{"self":[{"href":"https:\/\/suncasesupply.com\/fr\/wp-json\/wp\/v2\/product\/19804"}],"collection":[{"href":"https:\/\/suncasesupply.com\/fr\/wp-json\/wp\/v2\/product"}],"about":[{"href":"https:\/\/suncasesupply.com\/fr\/wp-json\/wp\/v2\/types\/product"}],"wp:featuredmedia":[{"embeddable":true,"href":"https:\/\/suncasesupply.com\/fr\/wp-json\/wp\/v2\/media\/19794"}],"wp:attachment":[{"href":"https:\/\/suncasesupply.com\/fr\/wp-json\/wp\/v2\/media?parent=19804"}],"wp:term":[{"taxonomy":"product_cat","embeddable":true,"href":"https:\/\/suncasesupply.com\/fr\/wp-json\/wp\/v2\/product_cat?post=19804"},{"taxonomy":"product_tag","embeddable":true,"href":"https:\/\/suncasesupply.com\/fr\/wp-json\/wp\/v2\/product_tag?post=19804"}],"curies":[{"name":"wp","href":"https:\/\/api.w.org\/{rel}","templated":true}]}}