{"id":19793,"date":"2023-08-21T17:27:06","date_gmt":"2023-08-21T09:27:06","guid":{"rendered":"https:\/\/suncasesupply.com\/?post_type=product&#038;p=19793"},"modified":"2025-02-20T11:30:07","modified_gmt":"2025-02-20T03:30:07","slug":"sports-card-storage-boxes-graded-sports-card-aluminum-case","status":"publish","type":"product","link":"https:\/\/suncasesupply.com\/fr\/product\/sports-card-storage-boxes-graded-sports-card-aluminum-case\/","title":{"rendered":"Bo\u00eetes de rangement pour cartes de sport, \u00e9tui en aluminium pour cartes de sport"},"content":{"rendered":"<p>&nbsp;<\/p>\n<table width=\"774\">\n<tbody>\n<tr>\n<td width=\"177\">Article<\/td>\n<td width=\"597\">\u00c9tui \u00e0 cartes sport en aluminium<\/td>\n<\/tr>\n<tr>\n<td>Dimension<\/td>\n<td>34,4*25,7*18,4 cm ou personnaliser<\/td>\n<\/tr>\n<tr>\n<td>Couleurs<\/td>\n<td>Comme le montrent les images ou personnaliser<\/td>\n<\/tr>\n<tr>\n<td>Mat\u00e9riaux<\/td>\n<td>Aluminium, panneau ABS, panneau MDF, doublure EVA\/mousse\/tissu\/PU, quincaillerie<\/td>\n<\/tr>\n<tr>\n<td>Logo<\/td>\n<td>Logo plaque m\u00e9tallique, logo imprim\u00e9, logo en relief, logo laser<\/td>\n<\/tr>\n<tr>\n<td>Temps d&#039;\u00e9chantillonnage<\/td>\n<td>7 jours<\/td>\n<\/tr>\n<tr>\n<td>Port d&#039;embarquement<\/td>\n<td>Canton, Shenzhen<\/td>\n<\/tr>\n<tr>\n<td>Conditions commerciales<\/td>\n<td>EXW, FOB, CIF, DDU, DDP<\/td>\n<\/tr>\n<tr>\n<td>M\u00e9thodes de payement<\/td>\n<td>T\/T, esp\u00e8ces, PayPal, carte de cr\u00e9dit<\/td>\n<\/tr>\n<\/tbody>\n<\/table>\n<p><span style=\"color: #003366;\">Caract\u00e9ristiques:<\/span><\/p>\n<p>Que vous soyez un collectionneur exp\u00e9riment\u00e9 ou que vous commenciez tout juste \u00e0 vous lancer dans ce hobby, une mallette de rangement est indispensable !<\/p>\n<p>En tant que grands collectionneurs de cartes, nous comprenons comment\u00a0<span class=\"a-text-bold\">IMPORTANT\u00a0<\/span>c&#039;est pour prot\u00e9ger vos pr\u00e9cieuses cartes.<\/p>\n<p>Apr\u00e8s des recherches interminables et sans avoir trouv\u00e9 le type de protection que nous recherchions, nous SUN CASE avons con\u00e7u un \u00e9tui de rangement moderne et \u00e9l\u00e9gant rien que pour vous !<\/p>","protected":false},"excerpt":{"rendered":"<p>Mod\u00e8le : SC-CC0001<\/p>\n<p>Taille: 34,4*25,7*18,4 cm<\/p>\n<p>Quantit\u00e9 minimale de commande : 100 pi\u00e8ces<\/p>\n<p>D\u00e9lai de livraison : 15-25 jours<\/p>\n<p>\u00c9chantillon\u00a0: Disponible<\/p>","protected":false},"featured_media":19803,"template":"","meta":{"_gspb_post_css":""},"product_cat":[42,87],"product_tag":[],"featured_image_urls":{"full":["https:\/\/suncasesupply.com\/wp-content\/uploads\/2023\/08\/\u672a\u6807\u9898-1-\u6062\u590d\u7684-scaled.jpg",2560,2560,false],"thumbnail":["https:\/\/suncasesupply.com\/wp-content\/uploads\/2023\/08\/\u672a\u6807\u9898-1-\u6062\u590d\u7684-150x150.jpg",150,150,true],"medium":["https:\/\/suncasesupply.com\/wp-content\/uploads\/2023\/08\/\u672a\u6807\u9898-1-\u6062\u590d\u7684-300x300.jpg",300,300,true],"medium_large":["https:\/\/suncasesupply.com\/wp-content\/uploads\/2023\/08\/\u672a\u6807\u9898-1-\u6062\u590d\u7684-768x768.jpg",768,768,true],"large":["https:\/\/suncasesupply.com\/wp-content\/uploads\/2023\/08\/\u672a\u6807\u9898-1-\u6062\u590d\u7684-1024x1024.jpg",1024,1024,true],"1536x1536":["https:\/\/suncasesupply.com\/wp-content\/uploads\/2023\/08\/\u672a\u6807\u9898-1-\u6062\u590d\u7684-1536x1536.jpg",1536,1536,true],"2048x2048":["https:\/\/suncasesupply.com\/wp-content\/uploads\/2023\/08\/\u672a\u6807\u9898-1-\u6062\u590d\u7684-2048x2048.jpg",2048,2048,true],"trp-custom-language-flag":["https:\/\/suncasesupply.com\/wp-content\/uploads\/2023\/08\/\u672a\u6807\u9898-1-\u6062\u590d\u7684-scaled.jpg",12,12,false],"woocommerce_thumbnail":["https:\/\/suncasesupply.com\/wp-content\/uploads\/2023\/08\/\u672a\u6807\u9898-1-\u6062\u590d\u7684-300x300.jpg",300,300,true],"woocommerce_single":["https:\/\/suncasesupply.com\/wp-content\/uploads\/2023\/08\/\u672a\u6807\u9898-1-\u6062\u590d\u7684-600x600.jpg",600,600,true],"woocommerce_gallery_thumbnail":["https:\/\/suncasesupply.com\/wp-content\/uploads\/2023\/08\/\u672a\u6807\u9898-1-\u6062\u590d\u7684-100x100.jpg",100,100,true]},"post_excerpt_stackable":"<p>Model : SC-CC0001<\/p>\n<p>Size: 34.4*25.7*18.4cm<\/p>\n<p>MOQ: 100pcs<\/p>\n<p>Delivery Time : 15-25 Days<\/p>\n<p>Sample : Available<\/p>\n","category_list":"","author_info":{"name":"","url":""},"comments_num":"0 commentaire","_links":{"self":[{"href":"https:\/\/suncasesupply.com\/fr\/wp-json\/wp\/v2\/product\/19793"}],"collection":[{"href":"https:\/\/suncasesupply.com\/fr\/wp-json\/wp\/v2\/product"}],"about":[{"href":"https:\/\/suncasesupply.com\/fr\/wp-json\/wp\/v2\/types\/product"}],"wp:featuredmedia":[{"embeddable":true,"href":"https:\/\/suncasesupply.com\/fr\/wp-json\/wp\/v2\/media\/19803"}],"wp:attachment":[{"href":"https:\/\/suncasesupply.com\/fr\/wp-json\/wp\/v2\/media?parent=19793"}],"wp:term":[{"taxonomy":"product_cat","embeddable":true,"href":"https:\/\/suncasesupply.com\/fr\/wp-json\/wp\/v2\/product_cat?post=19793"},{"taxonomy":"product_tag","embeddable":true,"href":"https:\/\/suncasesupply.com\/fr\/wp-json\/wp\/v2\/product_tag?post=19793"}],"curies":[{"name":"wp","href":"https:\/\/api.w.org\/{rel}","templated":true}]}}