{"id":19784,"date":"2023-08-21T16:53:20","date_gmt":"2023-08-21T08:53:20","guid":{"rendered":"https:\/\/suncasesupply.com\/?post_type=product&#038;p=19784"},"modified":"2025-02-26T11:26:28","modified_gmt":"2025-02-26T03:26:28","slug":"portable-makeup-bag-with-light-up-mirror-travel-train-case","status":"publish","type":"product","link":"https:\/\/suncasesupply.com\/fr\/product\/portable-makeup-bag-with-light-up-mirror-travel-train-case\/","title":{"rendered":"Trousse de maquillage portable avec \u00e9tui de train de voyage miroir lumineux"},"content":{"rendered":"<p>&nbsp;<\/p>\n<table width=\"774\">\n<tbody>\n<tr>\n<td width=\"177\">Article<\/td>\n<td width=\"597\">Trousse de maquillage<\/td>\n<\/tr>\n<tr>\n<td>Dimension<\/td>\n<td>26*21*10 cm ou personnaliser<\/td>\n<\/tr>\n<tr>\n<td>Couleurs<\/td>\n<td>Comme le montrent les images ou personnaliser<\/td>\n<\/tr>\n<tr>\n<td>Mat\u00e9riaux<\/td>\n<td>oxford\/PU, fermetures \u00e9clair plastique\/m\u00e9tal, EVA, PVC, Nylon\u2026<\/td>\n<\/tr>\n<tr>\n<td>Logo<\/td>\n<td>Logo plaque m\u00e9tallique, logo imprim\u00e9, logo en relief, logo laser<\/td>\n<\/tr>\n<tr>\n<td>Temps d&#039;\u00e9chantillonnage<\/td>\n<td>7 jours<\/td>\n<\/tr>\n<tr>\n<td>Port d&#039;embarquement<\/td>\n<td>Canton, Shenzhen<\/td>\n<\/tr>\n<tr>\n<td>Conditions commerciales<\/td>\n<td>EXW, FOB, CIF, DDU, DDP<\/td>\n<\/tr>\n<tr>\n<td>M\u00e9thodes de payement<\/td>\n<td>T\/T, esp\u00e8ces, PayPal, carte de cr\u00e9dit<\/td>\n<\/tr>\n<\/tbody>\n<\/table>\n<p><span style=\"color: #003366;\">Caract\u00e9ristiques:<\/span><\/p>\n<p>Cette trousse de maquillage est fabriqu\u00e9e en PU de haute qualit\u00e9 et dispose de suffisamment d&#039;espace pour ranger vos accessoires de maquillage et cosm\u00e9tiques, comme le rouge \u00e0 l\u00e8vres, le brillant \u00e0 l\u00e8vres, les pinceaux de maquillage, le fard \u00e0 paupi\u00e8res, les palettes de maquillage, les brosses \u00e0 cheveux, les produits de soins de la peau, le vernis \u00e0 ongles, les outils de nail art, le shampoing. et donc non.<br \/>\nAvec des compartiments et des fentes pour pinceaux de maquillage, vous pouvez garder vos outils de maquillage propres et bien rang\u00e9s. Compartiments r\u00e9glables de conception sp\u00e9ciale, vous pouvez ajuster selon vos besoins. Vous pouvez non seulement stocker vos produits cosm\u00e9tiques essentiels, mais \u00e9galement des bijoux, des accessoires \u00e9lectroniques, un appareil photo, des huiles essentielles, des articles de toilette, un kit de rasage, des objets de valeur, etc.<br \/>\nAchetez-le avec<\/p>","protected":false},"excerpt":{"rendered":"<p>Mod\u00e8le : SC-CM0003<\/p>\n<p>Taille: 20*20*30 cm<\/p>\n<p>Quantit\u00e9 minimale de commande : 100 pi\u00e8ces<\/p>\n<p>D\u00e9lai de livraison : 15-25 jours<\/p>\n<p>\u00c9chantillon\u00a0: Disponible<\/p>","protected":false},"featured_media":19786,"template":"","meta":{"_gspb_post_css":""},"product_cat":[95],"product_tag":[],"featured_image_urls":{"full":["https:\/\/suncasesupply.com\/wp-content\/uploads\/2023\/08\/188-scaled.jpg",2560,2560,false],"thumbnail":["https:\/\/suncasesupply.com\/wp-content\/uploads\/2023\/08\/188-150x150.jpg",150,150,true],"medium":["https:\/\/suncasesupply.com\/wp-content\/uploads\/2023\/08\/188-300x300.jpg",300,300,true],"medium_large":["https:\/\/suncasesupply.com\/wp-content\/uploads\/2023\/08\/188-768x768.jpg",768,768,true],"large":["https:\/\/suncasesupply.com\/wp-content\/uploads\/2023\/08\/188-1024x1024.jpg",1024,1024,true],"1536x1536":["https:\/\/suncasesupply.com\/wp-content\/uploads\/2023\/08\/188-1536x1536.jpg",1536,1536,true],"2048x2048":["https:\/\/suncasesupply.com\/wp-content\/uploads\/2023\/08\/188-2048x2048.jpg",2048,2048,true],"trp-custom-language-flag":["https:\/\/suncasesupply.com\/wp-content\/uploads\/2023\/08\/188-scaled.jpg",12,12,false],"woocommerce_thumbnail":["https:\/\/suncasesupply.com\/wp-content\/uploads\/2023\/08\/188-300x300.jpg",300,300,true],"woocommerce_single":["https:\/\/suncasesupply.com\/wp-content\/uploads\/2023\/08\/188-600x600.jpg",600,600,true],"woocommerce_gallery_thumbnail":["https:\/\/suncasesupply.com\/wp-content\/uploads\/2023\/08\/188-100x100.jpg",100,100,true]},"post_excerpt_stackable":"<p>Model : SC-CM0003<\/p>\n<p>Size: 20*20*30 cm<\/p>\n<p>MOQ: 100pcs<\/p>\n<p>Delivery Time : 15-25 Days<\/p>\n<p>Sample : Available<\/p>\n","category_list":"","author_info":{"name":"","url":""},"comments_num":"0 commentaire","_links":{"self":[{"href":"https:\/\/suncasesupply.com\/fr\/wp-json\/wp\/v2\/product\/19784"}],"collection":[{"href":"https:\/\/suncasesupply.com\/fr\/wp-json\/wp\/v2\/product"}],"about":[{"href":"https:\/\/suncasesupply.com\/fr\/wp-json\/wp\/v2\/types\/product"}],"wp:featuredmedia":[{"embeddable":true,"href":"https:\/\/suncasesupply.com\/fr\/wp-json\/wp\/v2\/media\/19786"}],"wp:attachment":[{"href":"https:\/\/suncasesupply.com\/fr\/wp-json\/wp\/v2\/media?parent=19784"}],"wp:term":[{"taxonomy":"product_cat","embeddable":true,"href":"https:\/\/suncasesupply.com\/fr\/wp-json\/wp\/v2\/product_cat?post=19784"},{"taxonomy":"product_tag","embeddable":true,"href":"https:\/\/suncasesupply.com\/fr\/wp-json\/wp\/v2\/product_tag?post=19784"}],"curies":[{"name":"wp","href":"https:\/\/api.w.org\/{rel}","templated":true}]}}