{"id":19777,"date":"2023-08-21T16:50:10","date_gmt":"2023-08-21T08:50:10","guid":{"rendered":"https:\/\/suncasesupply.com\/?post_type=product&#038;p=19777"},"modified":"2025-02-20T14:50:52","modified_gmt":"2025-02-20T06:50:52","slug":"aluminum-vinyl-record-case-12-lp-case-silver","status":"publish","type":"product","link":"https:\/\/suncasesupply.com\/fr\/product\/aluminum-vinyl-record-case-12-lp-case-silver\/","title":{"rendered":"\u00c9tui pour disque vinyle en aluminium 12\u2033 LP Case argent"},"content":{"rendered":"<p>&nbsp;<\/p>\n<table width=\"774\">\n<tbody>\n<tr>\n<td width=\"177\">Article<\/td>\n<td width=\"597\">Bo\u00eetier en aluminium<\/td>\n<\/tr>\n<tr>\n<td>Dimension<\/td>\n<td>36*36*36 cm ou personnaliser<\/td>\n<\/tr>\n<tr>\n<td>Couleurs<\/td>\n<td>Comme le montrent les images ou personnaliser<\/td>\n<\/tr>\n<tr>\n<td>Mat\u00e9riaux<\/td>\n<td>Aluminium, panneau ABS, panneau MDF, doublure EVA\/mousse\/tissu\/PU, quincaillerie<\/td>\n<\/tr>\n<tr>\n<td>Logo<\/td>\n<td>Logo plaque m\u00e9tallique, logo imprim\u00e9, logo en relief, logo laser<\/td>\n<\/tr>\n<tr>\n<td>Temps d&#039;\u00e9chantillonnage<\/td>\n<td>7 jours<\/td>\n<\/tr>\n<tr>\n<td>Port d&#039;embarquement<\/td>\n<td>Canton, Shenzhen<\/td>\n<\/tr>\n<tr>\n<td>Conditions commerciales<\/td>\n<td>EXW, FOB, CIF, DDU, DDP<\/td>\n<\/tr>\n<tr>\n<td>M\u00e9thodes de payement<\/td>\n<td>T\/T, esp\u00e8ces, PayPal, carte de cr\u00e9dit<\/td>\n<\/tr>\n<\/tbody>\n<\/table>\n<p><span style=\"color: #003366;\">Caract\u00e9ristiques:<\/span><\/p>\n<p>Le porte-disques 12\u2033 offre de la place pour jusqu&#039;\u00e0 100 disques 12\u2033, que vous pouvez transporter et archiver en toute s\u00e9curit\u00e9 dans ce porte-disques. Le couvercle de la mallette pour disque DJ est amovible et peut \u00eatre utilis\u00e9 comme tapis de tri lorsque vous l&#039;enfilez.<\/p>\n<p>Avec la serrure papillon, vous prot\u00e9gez votre collection contre le vol. Malgr\u00e9 sa conception tr\u00e8s stable avec des pi\u00e8ces en aluminium, des panneaux MDF plastifi\u00e9s et des rivets, le coffret pour disque vinyle est facile \u00e0 transporter. La poign\u00e9e stable du bo\u00eetier repose \u00e0 plat.<\/p>","protected":false},"excerpt":{"rendered":"<p>Mod\u00e8le : SC-LP0002<\/p>\n<p>Taille: 36*36*36 cm<\/p>\n<p>Capacit\u00e9 : 100 LP 12\u2033<\/p>\n<p>Quantit\u00e9 minimale de commande : 100 pi\u00e8ces<\/p>\n<p>D\u00e9lai de livraison : 15-25 jours<\/p>\n<p>\u00c9chantillon\u00a0: Disponible<\/p>","protected":false},"featured_media":19792,"template":"","meta":{"_gspb_post_css":""},"product_cat":[42,83],"product_tag":[],"featured_image_urls":{"full":["https:\/\/suncasesupply.com\/wp-content\/uploads\/2023\/08\/16-vinyl-case-12-record-case-100-lps-silver-silver.webp",970,970,false],"thumbnail":["https:\/\/suncasesupply.com\/wp-content\/uploads\/2023\/08\/16-vinyl-case-12-record-case-100-lps-silver-silver-150x150.webp",150,150,true],"medium":["https:\/\/suncasesupply.com\/wp-content\/uploads\/2023\/08\/16-vinyl-case-12-record-case-100-lps-silver-silver-300x300.webp",300,300,true],"medium_large":["https:\/\/suncasesupply.com\/wp-content\/uploads\/2023\/08\/16-vinyl-case-12-record-case-100-lps-silver-silver-768x768.webp",768,768,true],"large":["https:\/\/suncasesupply.com\/wp-content\/uploads\/2023\/08\/16-vinyl-case-12-record-case-100-lps-silver-silver.webp",970,970,false],"1536x1536":["https:\/\/suncasesupply.com\/wp-content\/uploads\/2023\/08\/16-vinyl-case-12-record-case-100-lps-silver-silver.webp",970,970,false],"2048x2048":["https:\/\/suncasesupply.com\/wp-content\/uploads\/2023\/08\/16-vinyl-case-12-record-case-100-lps-silver-silver.webp",970,970,false],"trp-custom-language-flag":["https:\/\/suncasesupply.com\/wp-content\/uploads\/2023\/08\/16-vinyl-case-12-record-case-100-lps-silver-silver.webp",12,12,false],"woocommerce_thumbnail":["https:\/\/suncasesupply.com\/wp-content\/uploads\/2023\/08\/16-vinyl-case-12-record-case-100-lps-silver-silver-300x300.webp",300,300,true],"woocommerce_single":["https:\/\/suncasesupply.com\/wp-content\/uploads\/2023\/08\/16-vinyl-case-12-record-case-100-lps-silver-silver-600x600.webp",600,600,true],"woocommerce_gallery_thumbnail":["https:\/\/suncasesupply.com\/wp-content\/uploads\/2023\/08\/16-vinyl-case-12-record-case-100-lps-silver-silver-100x100.webp",100,100,true]},"post_excerpt_stackable":"<p>Model : SC-LP0002<\/p>\n<p>Size: 36*36*36cm<\/p>\n<p>Capacity: 100 12&#8243; LPs<\/p>\n<p>MOQ: 100pcs<\/p>\n<p>Delivery Time : 15-25 Days<\/p>\n<p>Sample : Available<\/p>\n","category_list":"","author_info":{"name":"","url":""},"comments_num":"0 commentaire","_links":{"self":[{"href":"https:\/\/suncasesupply.com\/fr\/wp-json\/wp\/v2\/product\/19777"}],"collection":[{"href":"https:\/\/suncasesupply.com\/fr\/wp-json\/wp\/v2\/product"}],"about":[{"href":"https:\/\/suncasesupply.com\/fr\/wp-json\/wp\/v2\/types\/product"}],"wp:featuredmedia":[{"embeddable":true,"href":"https:\/\/suncasesupply.com\/fr\/wp-json\/wp\/v2\/media\/19792"}],"wp:attachment":[{"href":"https:\/\/suncasesupply.com\/fr\/wp-json\/wp\/v2\/media?parent=19777"}],"wp:term":[{"taxonomy":"product_cat","embeddable":true,"href":"https:\/\/suncasesupply.com\/fr\/wp-json\/wp\/v2\/product_cat?post=19777"},{"taxonomy":"product_tag","embeddable":true,"href":"https:\/\/suncasesupply.com\/fr\/wp-json\/wp\/v2\/product_tag?post=19777"}],"curies":[{"name":"wp","href":"https:\/\/api.w.org\/{rel}","templated":true}]}}