{"id":19770,"date":"2023-08-21T16:07:55","date_gmt":"2023-08-21T08:07:55","guid":{"rendered":"https:\/\/suncasesupply.com\/?post_type=product&#038;p=19770"},"modified":"2025-02-26T11:51:40","modified_gmt":"2025-02-26T03:51:40","slug":"flight-tv-storage-case-tv-screen-transport-case","status":"publish","type":"product","link":"https:\/\/suncasesupply.com\/fr\/product\/flight-tv-storage-case-tv-screen-transport-case\/","title":{"rendered":"Mallette de rangement Flight TV Mallette de transport pour \u00e9cran TV"},"content":{"rendered":"<p>&nbsp;<\/p>\n<table width=\"774\">\n<tbody>\n<tr>\n<td width=\"177\">Article<\/td>\n<td width=\"597\">Flight-case<\/td>\n<\/tr>\n<tr>\n<td>Dimension<\/td>\n<td>Personnaliser<\/td>\n<\/tr>\n<tr>\n<td>Couleurs<\/td>\n<td>Comme le montrent les images ou personnaliser<\/td>\n<\/tr>\n<tr>\n<td>Mat\u00e9riaux<\/td>\n<td>Aluminium, contreplaqu\u00e9, doublure EVA\/mousse\/tissu\/PU, quincaillerie<\/td>\n<\/tr>\n<tr>\n<td>Logo<\/td>\n<td>Logo plaque m\u00e9tallique, logo imprim\u00e9, logo en relief, logo laser<\/td>\n<\/tr>\n<tr>\n<td>Temps d&#039;\u00e9chantillonnage<\/td>\n<td>7 jours<\/td>\n<\/tr>\n<tr>\n<td>Port d&#039;embarquement<\/td>\n<td>Canton, Shenzhen<\/td>\n<\/tr>\n<tr>\n<td>Conditions commerciales<\/td>\n<td>EXW, FOB, CIF, DDU, DDP<\/td>\n<\/tr>\n<tr>\n<td>M\u00e9thodes de payement<\/td>\n<td>T\/T, esp\u00e8ces, PayPal, carte de cr\u00e9dit<\/td>\n<\/tr>\n<\/tbody>\n<\/table>\n<p><span style=\"color: #003366;\">Caract\u00e9ristiques:<\/span><\/p>\n<p>Cet \u00e9tui universel peut s&#039;adapter \u00e0 la plupart des \u00e9crans plats dot\u00e9s d&#039;\u00e9crans de 48 \u00e0 60 pouces de diagonale. Les s\u00e9parateurs mobiles constituent une solution simple pour diviser et transporter plusieurs \u00e9crans dans un seul \u00e9tui. Ce bo\u00eetier peut ne pas convenir aux t\u00e9l\u00e9viseurs dot\u00e9s de cadres larges ou de bo\u00eetiers profonds. Assurez-vous donc de mesurer les dimensions exactes de vos \u00e9crans plats pour vous assurer que ce bo\u00eetier r\u00e9pondra \u00e0 vos besoins.<\/p>\n<p>Les dimensions int\u00e9rieures d&#039;une mousse \u00e0 l&#039;autre sont : 55\u2033 L x 18\u2033 P x 34\u2033 H. Assurez-vous que tous les t\u00e9l\u00e9viseurs ne mesurent pas plus de 55\u2033 de largeur et 34\u2033 de hauteur. Ce bo\u00eetier est livr\u00e9 avec trois s\u00e9parateurs mobiles, chacun utilisant environ un pouce de profondeur int\u00e9rieure, ou laissant une profondeur totale de 15\u2033 entre un maximum de quatre t\u00e9l\u00e9viseurs (et leurs supports s&#039;ils sont fix\u00e9s). Veuillez nous contacter si vous avez besoin d&#039;aide pour garantir le bon ajustement \u00e0 vos \u00e9crans, nous serons heureux de personnaliser ce design de bo\u00eetier selon vos besoins pr\u00e9cis.<\/p>","protected":false},"excerpt":{"rendered":"<p>Mod\u00e8le : SC-FL0002<\/p>\n<p>Dimensions ext\u00e9rieures \u2013 59\u2033 L x 22\u2033 P x 43\u2033 H (y compris les roues)<\/p>\n<p>Dimensions int\u00e9rieures \u2013 55\u2033 L x 18\u2033 P x 34\u2033 H (mousse \u00e0 mousse)<\/p>\n<p>Quantit\u00e9 minimale de commande : 5 pi\u00e8ces<\/p>\n<p>D\u00e9lai de livraison : 15-25 jours<\/p>\n<p>\u00c9chantillon\u00a0: Disponible<\/p>","protected":false},"featured_media":19771,"template":"","meta":{"_gspb_post_css":""},"product_cat":[39,94],"product_tag":[],"featured_image_urls":{"full":["https:\/\/suncasesupply.com\/wp-content\/uploads\/2023\/08\/082__36156.jpg",1280,1025,false],"thumbnail":["https:\/\/suncasesupply.com\/wp-content\/uploads\/2023\/08\/082__36156-150x150.jpg",150,150,true],"medium":["https:\/\/suncasesupply.com\/wp-content\/uploads\/2023\/08\/082__36156-300x240.jpg",300,240,true],"medium_large":["https:\/\/suncasesupply.com\/wp-content\/uploads\/2023\/08\/082__36156-768x615.jpg",768,615,true],"large":["https:\/\/suncasesupply.com\/wp-content\/uploads\/2023\/08\/082__36156-1024x820.jpg",1024,820,true],"1536x1536":["https:\/\/suncasesupply.com\/wp-content\/uploads\/2023\/08\/082__36156.jpg",1280,1025,false],"2048x2048":["https:\/\/suncasesupply.com\/wp-content\/uploads\/2023\/08\/082__36156.jpg",1280,1025,false],"trp-custom-language-flag":["https:\/\/suncasesupply.com\/wp-content\/uploads\/2023\/08\/082__36156.jpg",15,12,false],"woocommerce_thumbnail":["https:\/\/suncasesupply.com\/wp-content\/uploads\/2023\/08\/082__36156-300x300.jpg",300,300,true],"woocommerce_single":["https:\/\/suncasesupply.com\/wp-content\/uploads\/2023\/08\/082__36156-600x480.jpg",600,480,true],"woocommerce_gallery_thumbnail":["https:\/\/suncasesupply.com\/wp-content\/uploads\/2023\/08\/082__36156-100x100.jpg",100,100,true]},"post_excerpt_stackable":"<p>Model : SC-FL0002<\/p>\n<p>Outside Dimensions &#8211; 59&#8243; W x 22&#8243; D x 43&#8243; H (including wheels)<\/p>\n<p>Inside Dimensions &#8211;\u00a055&#8243; W x 18&#8243; D x 34&#8243; H (foam to foam)<\/p>\n<p>MOQ: 5pcs<\/p>\n<p>Delivery Time : 15-25 Days<\/p>\n<p>Sample : Available<\/p>\n","category_list":"","author_info":{"name":"","url":""},"comments_num":"0 commentaire","_links":{"self":[{"href":"https:\/\/suncasesupply.com\/fr\/wp-json\/wp\/v2\/product\/19770"}],"collection":[{"href":"https:\/\/suncasesupply.com\/fr\/wp-json\/wp\/v2\/product"}],"about":[{"href":"https:\/\/suncasesupply.com\/fr\/wp-json\/wp\/v2\/types\/product"}],"wp:featuredmedia":[{"embeddable":true,"href":"https:\/\/suncasesupply.com\/fr\/wp-json\/wp\/v2\/media\/19771"}],"wp:attachment":[{"href":"https:\/\/suncasesupply.com\/fr\/wp-json\/wp\/v2\/media?parent=19770"}],"wp:term":[{"taxonomy":"product_cat","embeddable":true,"href":"https:\/\/suncasesupply.com\/fr\/wp-json\/wp\/v2\/product_cat?post=19770"},{"taxonomy":"product_tag","embeddable":true,"href":"https:\/\/suncasesupply.com\/fr\/wp-json\/wp\/v2\/product_tag?post=19770"}],"curies":[{"name":"wp","href":"https:\/\/api.w.org\/{rel}","templated":true}]}}