{"id":19750,"date":"2023-08-21T14:57:10","date_gmt":"2023-08-21T06:57:10","guid":{"rendered":"https:\/\/suncasesupply.com\/?post_type=product&#038;p=19750"},"modified":"2025-02-26T11:35:36","modified_gmt":"2025-02-26T03:35:36","slug":"aluminum-flight-cable-case-transport-flight-storage-case","status":"publish","type":"product","link":"https:\/\/suncasesupply.com\/fr\/product\/aluminum-flight-cable-case-transport-flight-storage-case\/","title":{"rendered":"\u00c9tui de rangement pour c\u00e2bles de vol en aluminium, \u00e9tui de transport pour c\u00e2bles de vol"},"content":{"rendered":"<p>&nbsp;<\/p>\n<table width=\"774\">\n<tbody>\n<tr>\n<td width=\"177\">Article<\/td>\n<td width=\"597\">Flight-case<\/td>\n<\/tr>\n<tr>\n<td>Dimension<\/td>\n<td>Personnaliser<\/td>\n<\/tr>\n<tr>\n<td>Couleurs<\/td>\n<td>Comme le montrent les images ou personnaliser<\/td>\n<\/tr>\n<tr>\n<td>Mat\u00e9riaux<\/td>\n<td>Aluminium, contreplaqu\u00e9, doublure EVA\/mousse\/tissu\/PU, quincaillerie<\/td>\n<\/tr>\n<tr>\n<td>Logo<\/td>\n<td>Logo plaque m\u00e9tallique, logo imprim\u00e9, logo en relief, logo laser<\/td>\n<\/tr>\n<tr>\n<td>Temps d&#039;\u00e9chantillonnage<\/td>\n<td>7 jours<\/td>\n<\/tr>\n<tr>\n<td>Port d&#039;embarquement<\/td>\n<td>Canton, Shenzhen<\/td>\n<\/tr>\n<tr>\n<td>Conditions commerciales<\/td>\n<td>EXW, FOB, CIF, DDU, DDP<\/td>\n<\/tr>\n<tr>\n<td>M\u00e9thodes de payement<\/td>\n<td>T\/T, esp\u00e8ces, PayPal, carte de cr\u00e9dit<\/td>\n<\/tr>\n<\/tbody>\n<\/table>\n<p><span style=\"color: #003366;\">Caract\u00e9ristiques:<\/span><\/p>\n<p>Le bo\u00eetier commence par de robustes parois en contreplaqu\u00e9 lamin\u00e9 noir de 3\/8\u2033. Ensuite, des protections de coins sph\u00e9riques empilables robustes sont install\u00e9es avec des loquets et des poign\u00e9es encastr\u00e9s. Enfin, tout est maintenu avec du mat\u00e9riel au fini chrom\u00e9. Cela vous donne la coque la plus protectrice, pr\u00eate pour la route, tout en \u00e9tant \u00e9l\u00e9gante.<\/p>","protected":false},"excerpt":{"rendered":"<p>Mod\u00e8le : SC-FL0001<\/p>\n<p>Dimensions int\u00e9rieures\u00a0: l1164 mm x p564 mm x h564 mm<br \/>\nDim. Ext\u00a0:\u00a0l1185\u00a0mm x p585\u00a0mm x h730\u00a0mm, roulettes comprises<\/p>\n<p>Quantit\u00e9 minimale de commande : 5 pi\u00e8ces<\/p>\n<p>D\u00e9lai de livraison : 15-25 jours<\/p>\n<p>\u00c9chantillon\u00a0: Disponible<\/p>","protected":false},"featured_media":19758,"template":"","meta":{"_gspb_post_css":""},"product_cat":[39,91],"product_tag":[],"featured_image_urls":{"full":["https:\/\/suncasesupply.com\/wp-content\/uploads\/2023\/08\/222.jpg",1338,1500,false],"thumbnail":["https:\/\/suncasesupply.com\/wp-content\/uploads\/2023\/08\/222-150x150.jpg",150,150,true],"medium":["https:\/\/suncasesupply.com\/wp-content\/uploads\/2023\/08\/222-268x300.jpg",268,300,true],"medium_large":["https:\/\/suncasesupply.com\/wp-content\/uploads\/2023\/08\/222-768x861.jpg",768,861,true],"large":["https:\/\/suncasesupply.com\/wp-content\/uploads\/2023\/08\/222-913x1024.jpg",913,1024,true],"1536x1536":["https:\/\/suncasesupply.com\/wp-content\/uploads\/2023\/08\/222.jpg",1338,1500,false],"2048x2048":["https:\/\/suncasesupply.com\/wp-content\/uploads\/2023\/08\/222.jpg",1338,1500,false],"trp-custom-language-flag":["https:\/\/suncasesupply.com\/wp-content\/uploads\/2023\/08\/222.jpg",11,12,false],"woocommerce_thumbnail":["https:\/\/suncasesupply.com\/wp-content\/uploads\/2023\/08\/222-300x300.jpg",300,300,true],"woocommerce_single":["https:\/\/suncasesupply.com\/wp-content\/uploads\/2023\/08\/222-600x673.jpg",600,673,true],"woocommerce_gallery_thumbnail":["https:\/\/suncasesupply.com\/wp-content\/uploads\/2023\/08\/222-100x100.jpg",100,100,true]},"post_excerpt_stackable":"<p>Model : SC-FL0001<\/p>\n<p>Int Dims: w1164mm x d564mm x h564mm<br \/>\nExt Dims: w1185mm x d585mm x h730mm inc castors<\/p>\n<p>MOQ: 5pcs<\/p>\n<p>Delivery Time : 15-25 Days<\/p>\n<p>Sample : Available<\/p>\n","category_list":"","author_info":{"name":"","url":""},"comments_num":"0 commentaire","_links":{"self":[{"href":"https:\/\/suncasesupply.com\/fr\/wp-json\/wp\/v2\/product\/19750"}],"collection":[{"href":"https:\/\/suncasesupply.com\/fr\/wp-json\/wp\/v2\/product"}],"about":[{"href":"https:\/\/suncasesupply.com\/fr\/wp-json\/wp\/v2\/types\/product"}],"wp:featuredmedia":[{"embeddable":true,"href":"https:\/\/suncasesupply.com\/fr\/wp-json\/wp\/v2\/media\/19758"}],"wp:attachment":[{"href":"https:\/\/suncasesupply.com\/fr\/wp-json\/wp\/v2\/media?parent=19750"}],"wp:term":[{"taxonomy":"product_cat","embeddable":true,"href":"https:\/\/suncasesupply.com\/fr\/wp-json\/wp\/v2\/product_cat?post=19750"},{"taxonomy":"product_tag","embeddable":true,"href":"https:\/\/suncasesupply.com\/fr\/wp-json\/wp\/v2\/product_tag?post=19750"}],"curies":[{"name":"wp","href":"https:\/\/api.w.org\/{rel}","templated":true}]}}