{"id":19709,"date":"2023-08-21T11:24:13","date_gmt":"2023-08-21T03:24:13","guid":{"rendered":"https:\/\/suncasesupply.com\/?post_type=product&#038;p=19709"},"modified":"2025-02-26T11:15:02","modified_gmt":"2025-02-26T03:15:02","slug":"3-in-1-rolling-makeup-case-professional-cosmetic-beauty-case","status":"publish","type":"product","link":"https:\/\/suncasesupply.com\/fr\/product\/3-in-1-rolling-makeup-case-professional-cosmetic-beauty-case\/","title":{"rendered":"\u00c9tui \u00e0 cosm\u00e9tiques double diamant, \u00e9tui de beaut\u00e9 pour ongles"},"content":{"rendered":"<p>&nbsp;<\/p>\n<table width=\"774\">\n<tbody>\n<tr>\n<td width=\"177\">Article<\/td>\n<td width=\"597\">Bo\u00eetier en aluminium<\/td>\n<\/tr>\n<tr>\n<td>Dimension<\/td>\n<td>25*35*39cm ou personnaliser<\/td>\n<\/tr>\n<tr>\n<td>Couleurs<\/td>\n<td>Comme le montrent les images ou personnaliser<\/td>\n<\/tr>\n<tr>\n<td>Mat\u00e9riaux<\/td>\n<td>Aluminium, panneau ABS, panneau MDF, doublure EVA\/mousse\/tissu\/PU, quincaillerie<\/td>\n<\/tr>\n<tr>\n<td>Logo<\/td>\n<td>Logo plaque m\u00e9tallique, logo imprim\u00e9, logo en relief, logo laser<\/td>\n<\/tr>\n<tr>\n<td>Temps d&#039;\u00e9chantillonnage<\/td>\n<td>7 jours<\/td>\n<\/tr>\n<tr>\n<td>Port d&#039;embarquement<\/td>\n<td>Canton, Shenzhen<\/td>\n<\/tr>\n<tr>\n<td>Conditions commerciales<\/td>\n<td>EXW, FOB, CIF, DDU, DDP<\/td>\n<\/tr>\n<tr>\n<td>M\u00e9thodes de payement<\/td>\n<td>T\/T, esp\u00e8ces, PayPal, carte de cr\u00e9dit<\/td>\n<\/tr>\n<\/tbody>\n<\/table>\n<p><span style=\"color: #003366;\">Caract\u00e9ristiques:<\/span><\/p>\n<p>Une malle de beaut\u00e9 et de coiffure fonctionnelle en deux parties, id\u00e9ale pour les stylistes d&#039;ongles, les coiffeurs, les esth\u00e9ticiennes, les maquilleurs travaillant sur le terrain ou pour ranger des produits cosm\u00e9tiques \u00e0 la maison.<\/p>\n<p>La taille du coffre solidement fabriqu\u00e9e, pliable et s\u00e9lectionn\u00e9e de mani\u00e8re optimale vous permet d&#039;ins\u00e9rer facilement une lampe UV et LED pleine grandeur \u00e0 l&#039;int\u00e9rieur.<\/p>\n<p>Le coffre double face est dot\u00e9 d&#039;\u00e9tag\u00e8res coulissantes et d&#039;une s\u00e9curit\u00e9 sous la forme de deux serrures avec cl\u00e9.<\/p>\n<p>Id\u00e9al pour les travaux sur le terrain gr\u00e2ce \u00e0 son faible poids.<\/p>\n<p>Une malle \u00e9l\u00e9gante pour pr\u00e9senter des produits lors de r\u00e9unions officielles, par exemple des r\u00e9unions d&#039;affaires.<\/p>\n<p>Cela fonctionnera dans toutes les situations !<\/p>\n<p>EN DEUX PARTIES \u2013 VOUS POUVEZ UTILISER LA ENTI\u00c8REMENT OU UNE SEULE PARTIE D\u00c9TACHABLE !<\/p>","protected":false},"excerpt":{"rendered":"<p>Mod\u00e8le : SC-CM0001<\/p>\n<p>Taille: 250x350x390mm<\/p>\n<p>Quantit\u00e9 minimale de commande : 100 pi\u00e8ces<\/p>\n<p>D\u00e9lai de livraison : 15-25 jours<\/p>\n<p>\u00c9chantillon\u00a0: Disponible<\/p>","protected":false},"featured_media":19718,"template":"","meta":{"_gspb_post_css":""},"product_cat":[34,96],"product_tag":[],"featured_image_urls":{"full":["https:\/\/suncasesupply.com\/wp-content\/uploads\/2023\/08\/716x716_product_media_35001-36000_kuferek_kosmetyczny_xxl_dwuczesciowy_m_3n_bialy_diament_bez_kratki_bez_paska_k107_25ha-j.webp",716,716,false],"thumbnail":["https:\/\/suncasesupply.com\/wp-content\/uploads\/2023\/08\/716x716_product_media_35001-36000_kuferek_kosmetyczny_xxl_dwuczesciowy_m_3n_bialy_diament_bez_kratki_bez_paska_k107_25ha-j-150x150.webp",150,150,true],"medium":["https:\/\/suncasesupply.com\/wp-content\/uploads\/2023\/08\/716x716_product_media_35001-36000_kuferek_kosmetyczny_xxl_dwuczesciowy_m_3n_bialy_diament_bez_kratki_bez_paska_k107_25ha-j-300x300.webp",300,300,true],"medium_large":["https:\/\/suncasesupply.com\/wp-content\/uploads\/2023\/08\/716x716_product_media_35001-36000_kuferek_kosmetyczny_xxl_dwuczesciowy_m_3n_bialy_diament_bez_kratki_bez_paska_k107_25ha-j.webp",716,716,false],"large":["https:\/\/suncasesupply.com\/wp-content\/uploads\/2023\/08\/716x716_product_media_35001-36000_kuferek_kosmetyczny_xxl_dwuczesciowy_m_3n_bialy_diament_bez_kratki_bez_paska_k107_25ha-j.webp",716,716,false],"1536x1536":["https:\/\/suncasesupply.com\/wp-content\/uploads\/2023\/08\/716x716_product_media_35001-36000_kuferek_kosmetyczny_xxl_dwuczesciowy_m_3n_bialy_diament_bez_kratki_bez_paska_k107_25ha-j.webp",716,716,false],"2048x2048":["https:\/\/suncasesupply.com\/wp-content\/uploads\/2023\/08\/716x716_product_media_35001-36000_kuferek_kosmetyczny_xxl_dwuczesciowy_m_3n_bialy_diament_bez_kratki_bez_paska_k107_25ha-j.webp",716,716,false],"trp-custom-language-flag":["https:\/\/suncasesupply.com\/wp-content\/uploads\/2023\/08\/716x716_product_media_35001-36000_kuferek_kosmetyczny_xxl_dwuczesciowy_m_3n_bialy_diament_bez_kratki_bez_paska_k107_25ha-j.webp",12,12,false],"woocommerce_thumbnail":["https:\/\/suncasesupply.com\/wp-content\/uploads\/2023\/08\/716x716_product_media_35001-36000_kuferek_kosmetyczny_xxl_dwuczesciowy_m_3n_bialy_diament_bez_kratki_bez_paska_k107_25ha-j-300x300.webp",300,300,true],"woocommerce_single":["https:\/\/suncasesupply.com\/wp-content\/uploads\/2023\/08\/716x716_product_media_35001-36000_kuferek_kosmetyczny_xxl_dwuczesciowy_m_3n_bialy_diament_bez_kratki_bez_paska_k107_25ha-j-600x600.webp",600,600,true],"woocommerce_gallery_thumbnail":["https:\/\/suncasesupply.com\/wp-content\/uploads\/2023\/08\/716x716_product_media_35001-36000_kuferek_kosmetyczny_xxl_dwuczesciowy_m_3n_bialy_diament_bez_kratki_bez_paska_k107_25ha-j-100x100.webp",100,100,true]},"post_excerpt_stackable":"<p>Model : SC-CM0001<\/p>\n<p>Size: 250x350x390 mm<\/p>\n<p>MOQ: 100pcs<\/p>\n<p>Delivery Time : 15-25 Days<\/p>\n<p>Sample : Available<\/p>\n","category_list":"","author_info":{"name":"","url":""},"comments_num":"0 commentaire","_links":{"self":[{"href":"https:\/\/suncasesupply.com\/fr\/wp-json\/wp\/v2\/product\/19709"}],"collection":[{"href":"https:\/\/suncasesupply.com\/fr\/wp-json\/wp\/v2\/product"}],"about":[{"href":"https:\/\/suncasesupply.com\/fr\/wp-json\/wp\/v2\/types\/product"}],"wp:featuredmedia":[{"embeddable":true,"href":"https:\/\/suncasesupply.com\/fr\/wp-json\/wp\/v2\/media\/19718"}],"wp:attachment":[{"href":"https:\/\/suncasesupply.com\/fr\/wp-json\/wp\/v2\/media?parent=19709"}],"wp:term":[{"taxonomy":"product_cat","embeddable":true,"href":"https:\/\/suncasesupply.com\/fr\/wp-json\/wp\/v2\/product_cat?post=19709"},{"taxonomy":"product_tag","embeddable":true,"href":"https:\/\/suncasesupply.com\/fr\/wp-json\/wp\/v2\/product_tag?post=19709"}],"curies":[{"name":"wp","href":"https:\/\/api.w.org\/{rel}","templated":true}]}}