{"id":19696,"date":"2023-08-21T10:52:29","date_gmt":"2023-08-21T02:52:29","guid":{"rendered":"https:\/\/suncasesupply.com\/?post_type=product&#038;p=19696"},"modified":"2026-03-17T01:03:25","modified_gmt":"2026-03-16T17:03:25","slug":"aluminum-vinyl-record-case-12-lp-case-100-lps","status":"publish","type":"product","link":"https:\/\/suncasesupply.com\/fr\/product\/aluminum-vinyl-record-case-12-lp-case-100-lps\/","title":{"rendered":"\u00c9tui pour disque vinyle en aluminium 12\u2033 LP Case (100 LP)"},"content":{"rendered":"<h4><span style=\"color: #003366;\">Caract\u00e9ristiques:<\/span><\/h4>\n<ul>\n<li><strong>Grande capacit\u00e9<\/strong>: Les dimensions de cette bo\u00eete de rangement en aluminium pour disques vinyle sont de 36*36*36 cm, elle est con\u00e7ue pour 100 disques 12\u2033, permettant de garder la collection organis\u00e9e et prot\u00e9g\u00e9e.<\/li>\n<li><strong>Construction durable<\/strong>Fabriqu\u00e9 avec un cadre robuste en aluminium, des coins m\u00e9talliques, un panneau en MDF, etc., ce coffret de rangement pour disques vinyles LP est d&#039;une construction solide. Vous pouvez y ranger vos disques pour un transport optimal et une conservation en toute s\u00e9curit\u00e9.<\/li>\n<li><strong>Conception raisonnable<\/strong>Ce coffret est \u00e9quip\u00e9 d&#039;un cadenas et d&#039;un couvercle sup\u00e9rieur amovible, tr\u00e8s pratique pour l&#039;affichage et la conservation des documents. Quatre pieds sont install\u00e9s en bas pour \u00e9viter tout dommage d\u00fb au frottement avec la table et le sol.<\/li>\n<\/ul>\n<h4><span style=\"color: #003366;\">D\u00e9tails du produit :<\/span><\/h4>\n<div style=\"display: flex; gap: 20px;\">\n<p><!-- \u7b2c\u4e00\u680f --><\/p>\n<div style=\"flex: 1; text-align: center;\">\n<p><img decoding=\"async\" style=\"max-width: 100%; height: auto; margin-bottom: 10px;\" src=\"https:\/\/suncasesupply.com\/wp-content\/uploads\/2025\/03\/Durable-Construction.png\" alt=\"Construction durable\" \/><\/p>\n<p style=\"font-weight: bold; margin: 5px 0;\">Construction durable<\/p>\n<p style=\"margin: 0;\">Dot\u00e9 d&#039;un cadre en aluminium rigide, de coins m\u00e9talliques, d&#039;un panneau en MDF, etc., cet \u00e9tui pour disques vinyles en aluminium est d&#039;une construction robuste. Tr\u00e8s r\u00e9sistant aux chocs et aux collisions, il prot\u00e8ge efficacement les disques qu&#039;il contient des dommages pendant le transport.<\/p>\n<\/div>\n<p><!-- \u7b2c\u4e8c\u680f --><\/p>\n<div style=\"flex: 1; text-align: center;\">\n<p><img decoding=\"async\" style=\"max-width: 100%; height: auto; margin-bottom: 10px;\" src=\"https:\/\/suncasesupply.com\/wp-content\/uploads\/2025\/03\/Soft-Lining.png\" alt=\"Doublure douce\" \/><\/p>\n<p style=\"font-weight: bold; margin: 5px 0;\">Doublure douce<\/p>\n<p style=\"margin: 0;\">L&#039;int\u00e9rieur est recouvert de mousse EVA souple de 4 mm d&#039;\u00e9paisseur, offrant une excellente r\u00e9sistance aux chocs et prot\u00e9geant les disques. Cet \u00e9tui pour vinyles est non seulement id\u00e9al pour ranger votre collection de vinyles, mais aussi pour transporter vos autres affaires.<\/p>\n<\/div>\n<div style=\"flex: 1; text-align: center;\">\n<p><img decoding=\"async\" style=\"max-width: 100%; height: auto; margin-bottom: 10px;\" src=\"https:\/\/suncasesupply.com\/wp-content\/uploads\/2025\/03\/Strong-Padlock.png\" alt=\"Cadenas solide\" \/><\/p>\n<p style=\"font-weight: bold; margin: 5px 0;\">Cadenas solide<\/p>\n<p style=\"margin: 0;\">Ce coffret de rangement pour vinyles en aluminium est \u00e9quip\u00e9 d&#039;un cadenas m\u00e9tallique, ce qui le rend tr\u00e8s robuste et durable. Vous pouvez \u00e9galement le verrouiller avec un petit cadenas suppl\u00e9mentaire pour une s\u00e9curit\u00e9 optimale de vos disques, faisant de ce coffret un outil de rangement fiable pour les DJ nomades et les collectionneurs avertis.<\/p>\n<\/div>\n<p><!-- \u7b2c\u56db\u680f --><\/p>\n<div style=\"flex: 1; text-align: center;\">\n<p><img decoding=\"async\" style=\"max-width: 100%; height: auto; margin-bottom: 10px;\" src=\"https:\/\/suncasesupply.com\/wp-content\/uploads\/2025\/03\/Sturdy-Handle-1.png\" alt=\"Poign\u00e9e robuste\" \/><\/p>\n<p style=\"font-weight: bold; margin: 5px 0;\">Poign\u00e9e robuste<\/p>\n<p style=\"margin: 0;\">La poign\u00e9e, en m\u00e9tal massif et caoutchouc souple, assure une prise en main confortable et un maintien optimal pour un transport ais\u00e9. La base m\u00e9tallique garantit une capacit\u00e9 de charge fiable, vous permettant de transporter votre \u00e9tui de rangement pour vinyles LP en toute s\u00e9curit\u00e9, o\u00f9 que vous alliez.<\/p>\n<\/div>\n<\/div>\n<div style=\"background-color: #29599a; padding: 40px 20px; text-align: center; color: #ffffff; border-radius: 10px; margin: 40px auto; max-width: 960px;\">\n<h2 style=\"font-size: 22px; margin-bottom: 20px; font-weight: bold;\"><span style=\"color: #ffffff;\">Obtenez des \u00e9tuis de rangement pour disques vinyles en aluminium de qualit\u00e9 sup\u00e9rieure chez Sun Case, \u00e0 partir de 100 pi\u00e8ces !<\/span><\/h2>\n<p><a style=\"display: inline-block; padding: 12px 28px; background-color: #ffffff; color: #29599a; text-decoration: none; border-radius: 6px; font-weight: bold;\" href=\"https:\/\/suncasesupply.com\/fr\/contact-us\/\" target=\"_blank\" rel=\"noopener\">Obtenir un devis<br \/>\n<\/a><\/p>\n<\/div>\n<h4><span style=\"color: #003366;\">Processus de fabrication du bo\u00eetier en aluminium pour LP :<\/span><\/h4>\n<p><img decoding=\"async\" style=\"max-width: 100%; height: auto; margin-bottom: 10px;\" src=\"https:\/\/suncasesupply.com\/wp-content\/uploads\/2025\/07\/Manufacturing-Process.png\" alt=\"Processus de fabrication de Suncase\" \/><\/p>\n<div style=\"display: flex; gap: 20px;\"><\/div>\n<div style=\"display: flex; gap: 20px;\">\n<div style=\"flex: 1; text-align: center;\">\n<p style=\"font-weight: bold; margin: 5px 0;\">\n<\/div>\n<\/div>\n<h4><span style=\"color: #003366;\">Informations utiles pour les acheteurs en gros\u00a0:<\/span><\/h4>\n<ul>\n<li class=\"page-title\" title=\"Bo\u00eetes de rangement pour cartes de sport\u00a0: la meilleure fa\u00e7on de stocker les cartes de sport\"><a href=\"https:\/\/suncasesupply.com\/fr\/blog\/what-vinyl-record-case-made-of\/\">De quoi sont faits les bo\u00eetiers de disques vinyles ?<\/a><\/li>\n<li><a href=\"https:\/\/suncasesupply.com\/fr\/blog\/size-of-the-vinyl-record-case\/\">Quelle est la taille du bo\u00eetier du disque vinyle ?<\/a><\/li>\n<li><a href=\"https:\/\/suncasesupply.com\/fr\/blog\/custom-aluminum-case\/aluminum-storage-box-for-organization\/\">Comment stocker des disques vinyles avec un bo\u00eetier en aluminium ?<\/a><\/li>\n<\/ul>","protected":false},"excerpt":{"rendered":"<p>Mod\u00e8le : SC-LP0001<\/p>\n<p>Taille: 36*36*36 cm<\/p>\n<p>Capacit\u00e9 : 100 LP 12\u2033<\/p>\n<p>Couleurs : Noir ou personnalis\u00e9<\/p>\n<p>Mat\u00e9riaux : Aluminium, panneau ABS, mousse EVA<\/p>\n<p>Logo : Logo en plaque m\u00e9tallique, logo s\u00e9rigraphi\u00e9<\/p>\n<p>Quantit\u00e9 minimale de commande : 100 pi\u00e8ces<\/p>","protected":false},"featured_media":19697,"template":"","meta":{"_gspb_post_css":""},"product_cat":[83],"product_tag":[],"featured_image_urls":{"full":["https:\/\/suncasesupply.com\/wp-content\/uploads\/2023\/08\/1-vinyl-case-12-record-case-100-lps-silver-black.webp",970,970,false],"thumbnail":["https:\/\/suncasesupply.com\/wp-content\/uploads\/2023\/08\/1-vinyl-case-12-record-case-100-lps-silver-black-150x150.webp",150,150,true],"medium":["https:\/\/suncasesupply.com\/wp-content\/uploads\/2023\/08\/1-vinyl-case-12-record-case-100-lps-silver-black-300x300.webp",300,300,true],"medium_large":["https:\/\/suncasesupply.com\/wp-content\/uploads\/2023\/08\/1-vinyl-case-12-record-case-100-lps-silver-black-768x768.webp",768,768,true],"large":["https:\/\/suncasesupply.com\/wp-content\/uploads\/2023\/08\/1-vinyl-case-12-record-case-100-lps-silver-black.webp",970,970,false],"1536x1536":["https:\/\/suncasesupply.com\/wp-content\/uploads\/2023\/08\/1-vinyl-case-12-record-case-100-lps-silver-black.webp",970,970,false],"2048x2048":["https:\/\/suncasesupply.com\/wp-content\/uploads\/2023\/08\/1-vinyl-case-12-record-case-100-lps-silver-black.webp",970,970,false],"trp-custom-language-flag":["https:\/\/suncasesupply.com\/wp-content\/uploads\/2023\/08\/1-vinyl-case-12-record-case-100-lps-silver-black.webp",12,12,false],"woocommerce_thumbnail":["https:\/\/suncasesupply.com\/wp-content\/uploads\/2023\/08\/1-vinyl-case-12-record-case-100-lps-silver-black-300x300.webp",300,300,true],"woocommerce_single":["https:\/\/suncasesupply.com\/wp-content\/uploads\/2023\/08\/1-vinyl-case-12-record-case-100-lps-silver-black-600x600.webp",600,600,true],"woocommerce_gallery_thumbnail":["https:\/\/suncasesupply.com\/wp-content\/uploads\/2023\/08\/1-vinyl-case-12-record-case-100-lps-silver-black-100x100.webp",100,100,true]},"post_excerpt_stackable":"<p>Model : SC-LP0001<\/p>\n<p>Size: 36*36*36cm<\/p>\n<p>Capacity: 100 12&#8243; LPs<\/p>\n<p>Colors: Black or customize<\/p>\n<p>Materials: Aluminum, ABS panel, EVA foam<\/p>\n<p>Logo: Metal plate logo, silk screen logo<\/p>\n<p>MOQ: 100pcs<\/p>\n","category_list":"","author_info":{"name":"","url":""},"comments_num":"0 commentaire","_links":{"self":[{"href":"https:\/\/suncasesupply.com\/fr\/wp-json\/wp\/v2\/product\/19696"}],"collection":[{"href":"https:\/\/suncasesupply.com\/fr\/wp-json\/wp\/v2\/product"}],"about":[{"href":"https:\/\/suncasesupply.com\/fr\/wp-json\/wp\/v2\/types\/product"}],"wp:featuredmedia":[{"embeddable":true,"href":"https:\/\/suncasesupply.com\/fr\/wp-json\/wp\/v2\/media\/19697"}],"wp:attachment":[{"href":"https:\/\/suncasesupply.com\/fr\/wp-json\/wp\/v2\/media?parent=19696"}],"wp:term":[{"taxonomy":"product_cat","embeddable":true,"href":"https:\/\/suncasesupply.com\/fr\/wp-json\/wp\/v2\/product_cat?post=19696"},{"taxonomy":"product_tag","embeddable":true,"href":"https:\/\/suncasesupply.com\/fr\/wp-json\/wp\/v2\/product_tag?post=19696"}],"curies":[{"name":"wp","href":"https:\/\/api.w.org\/{rel}","templated":true}]}}