{"id":19688,"date":"2023-08-21T09:58:58","date_gmt":"2023-08-21T01:58:58","guid":{"rendered":"https:\/\/suncasesupply.com\/?post_type=product&#038;p=19688"},"modified":"2025-07-15T10:50:52","modified_gmt":"2025-07-15T02:50:52","slug":"aluminum-case-with-foam-insert-carry-aluminum-storage-box","status":"publish","type":"product","link":"https:\/\/suncasesupply.com\/fr\/product\/aluminum-case-with-foam-insert-carry-aluminum-storage-box\/","title":{"rendered":"Bo\u00eetier en aluminium avec insert en mousse, bo\u00eete de rangement en aluminium"},"content":{"rendered":"<h4><span style=\"color: #003366;\">Caract\u00e9ristiques:<\/span><\/h4>\n<ul>\n<li><strong><b>Mat\u00e9riaux<\/b><\/strong>Fabriqu\u00e9 avec un cadre en aluminium durable et un panneau en m\u00e9lamine, ce mod\u00e8le robuste et \u00e9l\u00e9gant est largement utilis\u00e9 dans les bo\u00eetes de rangement en aluminium de qualit\u00e9 domestique et industrielle.<\/li>\n<li><strong><b>Mousse \u00e0 l&#039;int\u00e9rieur<\/b><\/strong>Gr\u00e2ce \u00e0 la mousse pr\u00e9d\u00e9coup\u00e9e au fond de la mallette en aluminium, vous pouvez personnaliser la forme souhait\u00e9e et l&#039;adapter sp\u00e9cifiquement \u00e0 votre \u00e9quipement. Id\u00e9al pour les photographes ou les techniciens ayant besoin d&#039;une mallette de transport en aluminium ou d&#039;une mallette de protection en aluminium avec mousse.<\/li>\n<li><strong><b>Mat\u00e9riel<\/b><\/strong>: Cette bo\u00eete de rangement verrouillable en aluminium est \u00e9quip\u00e9e de deux loquets et d&#039;une poign\u00e9e en caoutchouc, ce qui la rend facile \u00e0 transporter. C&#039;est une excellente option parmi les mallette de transport en aluminium.<\/li>\n<li><strong><b>protection<\/b><\/strong>Cet \u00e9tui de protection r\u00e9sistant \u00e0 l&#039;eau prot\u00e8ge vos objets de valeur et fragiles de l&#039;humidit\u00e9. Il est particuli\u00e8rement adapt\u00e9 \u00e0 ceux qui recherchent un \u00e9tui en aluminium pour transporter leur appareil photo ou leurs instruments fragiles.<\/li>\n<\/ul>\n<h4><span style=\"color: #003366;\">D\u00e9tails du produit :<\/span><\/h4>\n<p><!-- \u7b2c\u4e00\u680f --><\/p>\n<div style=\"display: flex; gap: 20px;\">\n<div style=\"flex: 1; text-align: center;\">\n<p><img decoding=\"async\" style=\"max-width: 100%; height: auto; margin-bottom: 10px;\" src=\"https:\/\/suncasesupply.com\/wp-content\/uploads\/2025\/05\/1-Combination-Locks.jpg\" alt=\"Serrures \u00e0 combinaison\" \/><\/p>\n<p style=\"font-weight: bold; margin: 5px 0;\"><strong><b>Serrures \u00e0 combinaison<\/b><\/strong><\/p>\n<p style=\"margin: 0;\">La serrure \u00e0 combinaison offre une protection par mot de passe, une grande flexibilit\u00e9 et une conception sans cl\u00e9. Cette configuration est couramment utilis\u00e9e dans les bo\u00eetes de rangement verrouillables en aluminium, emp\u00eachant ainsi l&#039;ouverture accidentelle des objets contenus dans la bo\u00eete lors de leur d\u00e9placement.<\/p>\n<\/div>\n<p><!-- \u7b2c\u4e8c\u680f --><\/p>\n<div style=\"flex: 1; text-align: center;\">\n<p><img decoding=\"async\" style=\"max-width: 100%; height: auto; margin-bottom: 10px;\" src=\"https:\/\/suncasesupply.com\/wp-content\/uploads\/2025\/05\/2-Support-Hinge.jpg\" alt=\"Charni\u00e8re de support\" \/><\/p>\n<p style=\"font-weight: bold; margin: 5px 0;\"><strong><b>Charni\u00e8re de support<\/b><\/strong><\/p>\n<p style=\"margin: 0;\">Entre les couvercles sup\u00e9rieur et inf\u00e9rieur de ce bo\u00eetier en aluminium, nous avons install\u00e9 deux charni\u00e8res de support m\u00e9talliques. Lors de l&#039;ouverture du couvercle sup\u00e9rieur, la charni\u00e8re de support maintient le couvercle sup\u00e9rieur en position verticale et l&#039;emp\u00eache de tomber accidentellement et de vous blesser les mains.<\/p>\n<\/div>\n<p><!-- \u7b2c\u4e09\u680f --><\/p>\n<div style=\"flex: 1; text-align: center;\">\n<p><img decoding=\"async\" style=\"max-width: 100%; height: auto; margin-bottom: 10px;\" src=\"https:\/\/suncasesupply.com\/wp-content\/uploads\/2025\/05\/3-PickPluck-Foam.jpg\" alt=\"Mousse Pick &amp; Pluck\" \/><\/p>\n<p style=\"font-weight: bold; margin: 5px 0;\"><strong><b>Mousse Pick &amp; Pluck<\/b><\/strong><\/p>\n<p style=\"margin: 0;\">Les principales fonctions de la mousse Pick &amp; Pluck dans la bo\u00eete en aluminium sont l&#039;amortissement et la protection contre les chocs, la fixation et la pr\u00e9vention des d\u00e9placements, l&#039;\u00e9tanch\u00e9it\u00e9 \u00e0 l&#039;humidit\u00e9 et \u00e0 la poussi\u00e8re, et la r\u00e9duction du bruit. Vous pouvez personnaliser la forme pour l&#039;adapter \u00e0 vos produits.<\/p>\n<\/div>\n<p><!-- \u7b2c\u56db\u680f --><\/p>\n<div style=\"flex: 1; text-align: center;\">\n<p><img decoding=\"async\" style=\"max-width: 100%; height: auto; margin-bottom: 10px;\" src=\"https:\/\/suncasesupply.com\/wp-content\/uploads\/2025\/05\/4-Round-Corner.jpg\" alt=\"Coin arrondi\" \/><\/p>\n<p style=\"font-weight: bold; margin: 5px 0;\"><strong><b>Coin arrondi<\/b><\/strong><\/p>\n<p style=\"margin: 0;\">Les bo\u00eetes en aluminium sont g\u00e9n\u00e9ralement fabriqu\u00e9es avec des angles arrondis ou carr\u00e9s. Ces bo\u00eetes en aluminium sont fabriqu\u00e9es avec des angles arrondis, ce qui renforce leur r\u00e9sistance structurelle, am\u00e9liore l&#039;\u00e9tanch\u00e9it\u00e9 et offre une protection anti-collision. Ce design allie fonctionnalit\u00e9 et esth\u00e9tique, que l&#039;on retrouve couramment dans les mod\u00e8les de bo\u00eetes de rangement en aluminium haut de gamme des fabricants professionnels.<\/p>\n<\/div>\n<\/div>\n<div style=\"background-color: #29599a; padding: 40px 20px; text-align: center; color: #ffffff; border-radius: 10px; margin: 40px auto; max-width: 960px;\">\n<h2 style=\"font-size: 22px; margin-bottom: 20px; font-weight: bold;\"><span style=\"color: #ffffff;\">Quantit\u00e9 minimale de commande\u00a0: 100\u00a0$ pour les valises de transport en aluminium\u00a0\u2013\u00a0Demandez votre devis d\u00e8s maintenant.<\/span><\/h2>\n<p><a style=\"display: inline-block; padding: 12px 28px; background-color: #ffffff; color: #29599a; text-decoration: none; border-radius: 6px; font-weight: bold;\" href=\"https:\/\/suncasesupply.com\/fr\/contact-us\/\" target=\"_blank\" rel=\"noopener\">Obtenir un devis<\/a><\/p>\n<\/div>\n<h4><span style=\"color: #003366;\">Processus de fabrication :<\/span><\/h4>\n<p><img decoding=\"async\" style=\"max-width: 100%; height: auto; margin-bottom: 10px;\" src=\"https:\/\/suncasesupply.com\/wp-content\/uploads\/2025\/07\/Manufacturing-Process.png\" alt=\"Processus de fabrication de Suncase\" \/><\/p>\n<h4><span style=\"color: #003366;\">Informations utiles pour les acheteurs en gros\u00a0:<\/span><\/h4>\n<ul>\n<li class=\"page-title\" title=\"Qu\u2019est-ce qui rend les cartes de sport si pr\u00e9cieuses ?\">\n<p class=\"page-title\" title=\"6 raisons pour lesquelles vous devriez organiser votre espace avec une bo\u00eete de rangement en aluminium\"><a href=\"https:\/\/suncasesupply.com\/fr\/blog\/custom-aluminum-case\/6-reasons-to-use-aluminum-storage-box-today\/\">6 raisons pour lesquelles vous devriez organiser votre espace avec des bo\u00eetes de rangement en aluminium &gt;&gt;<\/a><\/p>\n<\/li>\n<li title=\"Qu\u2019est-ce qui rend les cartes de sport si pr\u00e9cieuses ?\">\n<p class=\"page-title\" title=\"Diff\u00e9rents types de valises de transport en aluminium\"><a href=\"https:\/\/suncasesupply.com\/fr\/blog\/custom-aluminum-case\/different-types-of-aluminum-carrying-cases\/\">Diff\u00e9rents types de mallettes de transport en aluminium &gt;&gt;<\/a><\/p>\n<\/li>\n<li title=\"Qu\u2019est-ce qui rend les cartes de sport si pr\u00e9cieuses ?\">\n<p class=\"page-title\" title=\"Tout ce que vous devez savoir sur les bo\u00eetiers en aluminium\"><a href=\"https:\/\/suncasesupply.com\/fr\/blog\/all-you-need-to-know-about-aluminum-cases\/\">Tout ce que vous devez savoir sur les valises en aluminium avec mousse &gt;&gt;<\/a><\/p>\n<\/li>\n<\/ul>\n<p><a href=\"https:\/\/suncasesupply.com\/fr\/contact-us\/\">Demandez un devis maintenant !! &gt;&gt;<\/a><\/p>","protected":false},"excerpt":{"rendered":"<p>Mod\u00e8le : SC-0002<\/p>\n<p>Dimensions : 45 x 32 x 15 cm<\/p>\n<p>Couleurs : Couleur grise<\/p>\n<p>Mat\u00e9riaux : Cadre en aluminium, panneau en m\u00e9lamine, panneau MDF, quincaillerie.<\/p>\n<p>Logo : Logo en plaque m\u00e9tallique\/s\u00e9rigraphie<\/p>\n<p>Quantit\u00e9 minimale de commande : 100 pi\u00e8ces<\/p>\n<p>\u00c9chantillon : Disponible, d\u00e9lai d&#039;\u00e9chantillonnage d&#039;environ 7 jours.<\/p>\n<p>D\u00e9lai de livraison : environ 25 jours<\/p>","protected":false},"featured_media":25287,"template":"","meta":{"_gspb_post_css":""},"product_cat":[42,80],"product_tag":[],"featured_image_urls":{"full":["https:\/\/suncasesupply.com\/wp-content\/uploads\/2023\/08\/aa-5.jpg",800,800,false],"thumbnail":["https:\/\/suncasesupply.com\/wp-content\/uploads\/2023\/08\/aa-5-150x150.jpg",150,150,true],"medium":["https:\/\/suncasesupply.com\/wp-content\/uploads\/2023\/08\/aa-5-300x300.jpg",300,300,true],"medium_large":["https:\/\/suncasesupply.com\/wp-content\/uploads\/2023\/08\/aa-5-768x768.jpg",768,768,true],"large":["https:\/\/suncasesupply.com\/wp-content\/uploads\/2023\/08\/aa-5.jpg",800,800,false],"1536x1536":["https:\/\/suncasesupply.com\/wp-content\/uploads\/2023\/08\/aa-5.jpg",800,800,false],"2048x2048":["https:\/\/suncasesupply.com\/wp-content\/uploads\/2023\/08\/aa-5.jpg",800,800,false],"trp-custom-language-flag":["https:\/\/suncasesupply.com\/wp-content\/uploads\/2023\/08\/aa-5-12x12.jpg",12,12,true],"woocommerce_thumbnail":["https:\/\/suncasesupply.com\/wp-content\/uploads\/2023\/08\/aa-5-300x300.jpg",300,300,true],"woocommerce_single":["https:\/\/suncasesupply.com\/wp-content\/uploads\/2023\/08\/aa-5-600x600.jpg",600,600,true],"woocommerce_gallery_thumbnail":["https:\/\/suncasesupply.com\/wp-content\/uploads\/2023\/08\/aa-5-100x100.jpg",100,100,true]},"post_excerpt_stackable":"<p>Model:SC-0002<\/p>\n<p>Size: 45 x 32 x 15 cm<\/p>\n<p>Colors:\u00a0Grey color<\/p>\n<p>Materials: Aluminum\u00a0frame,\u00a0Melamine Panel,\u00a0MDF Board, Hardware.<\/p>\n<p>Logo: Metal Plate\/Silk Printing logo<\/p>\n<p>MOQ: 100pcs<\/p>\n<p>Sample: Available, sample time about 7 days.<\/p>\n<p>Deliver Time: About 25 days<\/p>\n","category_list":"","author_info":{"name":"","url":""},"comments_num":"0 commentaire","_links":{"self":[{"href":"https:\/\/suncasesupply.com\/fr\/wp-json\/wp\/v2\/product\/19688"}],"collection":[{"href":"https:\/\/suncasesupply.com\/fr\/wp-json\/wp\/v2\/product"}],"about":[{"href":"https:\/\/suncasesupply.com\/fr\/wp-json\/wp\/v2\/types\/product"}],"wp:featuredmedia":[{"embeddable":true,"href":"https:\/\/suncasesupply.com\/fr\/wp-json\/wp\/v2\/media\/25287"}],"wp:attachment":[{"href":"https:\/\/suncasesupply.com\/fr\/wp-json\/wp\/v2\/media?parent=19688"}],"wp:term":[{"taxonomy":"product_cat","embeddable":true,"href":"https:\/\/suncasesupply.com\/fr\/wp-json\/wp\/v2\/product_cat?post=19688"},{"taxonomy":"product_tag","embeddable":true,"href":"https:\/\/suncasesupply.com\/fr\/wp-json\/wp\/v2\/product_tag?post=19688"}],"curies":[{"name":"wp","href":"https:\/\/api.w.org\/{rel}","templated":true}]}}