{"id":19676,"date":"2023-06-16T19:51:32","date_gmt":"2023-06-16T11:51:32","guid":{"rendered":"https:\/\/suncasesupply.com\/?post_type=product&#038;p=19676"},"modified":"2025-02-20T10:18:43","modified_gmt":"2025-02-20T02:18:43","slug":"products-08","status":"publish","type":"product","link":"https:\/\/suncasesupply.com\/fr\/product\/products-08\/","title":{"rendered":"Bo\u00eetier en aluminium avec insert en mousse, mallette de rangement de haute qualit\u00e9 pour instruments"},"content":{"rendered":"<p>&nbsp;<\/p>\n<table width=\"774\">\n<tbody>\n<tr>\n<td width=\"177\">Article<\/td>\n<td width=\"597\">Bo\u00eetier en aluminium<\/td>\n<\/tr>\n<tr>\n<td>Dimension<\/td>\n<td>40*35*12 cm ou personnaliser<\/td>\n<\/tr>\n<tr>\n<td>Couleurs<\/td>\n<td>Comme le montrent les images ou personnaliser<\/td>\n<\/tr>\n<tr>\n<td>Mat\u00e9riaux<\/td>\n<td>Aluminium, panneau ABS, panneau MDF, doublure EVA\/mousse\/tissu\/PU, quincaillerie<\/td>\n<\/tr>\n<tr>\n<td>Logo<\/td>\n<td>Logo plaque m\u00e9tallique, logo imprim\u00e9, logo en relief, logo laser<\/td>\n<\/tr>\n<tr>\n<td>Temps d&#039;\u00e9chantillonnage<\/td>\n<td>7 jours<\/td>\n<\/tr>\n<tr>\n<td>Port d&#039;embarquement<\/td>\n<td>Canton, Shenzhen<\/td>\n<\/tr>\n<tr>\n<td>Conditions commerciales<\/td>\n<td>EXW, FOB, CIF, DDU, DDP<\/td>\n<\/tr>\n<tr>\n<td>M\u00e9thodes de payement<\/td>\n<td>T\/T, esp\u00e8ces, PayPal, carte de cr\u00e9dit<\/td>\n<\/tr>\n<\/tbody>\n<\/table>\n<p><span style=\"color: #003366;\">Caract\u00e9ristiques:<\/span><\/p>\n<p>Structure en aluminium durable avec panneaux en plastique ABS.<\/p>\n<p>Rangement personnalis\u00e9 : chaque coque rigide \u00e9tanche offre de la mousse \u00e0 ramasser et \u00e0 arracher.<\/p>\n<p>Cueillez les cubes pr\u00e9d\u00e9coup\u00e9s pour personnaliser l&#039;ajustement sp\u00e9cifiquement en fonction de votre \u00e9quipement.<\/p>\n<p>\u00c9tui verrouillable avec 2 loquets et une poign\u00e9e en caoutchouc, facile \u00e0 transporter n&#039;importe o\u00f9.<\/p>\n<p>L&#039;\u00e9tui de protection r\u00e9sistant \u00e0 l&#039;eau prot\u00e8ge les objets de valeur et les objets cassables contre une exposition accidentelle \u00e0 l&#039;humidit\u00e9.<\/p>","protected":false},"excerpt":{"rendered":"<p>Mod\u00e8le : SC-0001<\/p>\n<p>Taille: 35*27*13 cm<\/p>\n<p>Quantit\u00e9 minimale de commande : 100 pi\u00e8ces<\/p>\n<p>D\u00e9lai de livraison : 15-25 jours<\/p>\n<p>\u00c9chantillon\u00a0: Disponible<\/p>","protected":false},"featured_media":19707,"template":"","meta":{"_gspb_post_css":""},"product_cat":[42,80],"product_tag":[],"featured_image_urls":{"full":["https:\/\/suncasesupply.com\/wp-content\/uploads\/2023\/06\/11-scaled.jpg",2560,2560,false],"thumbnail":["https:\/\/suncasesupply.com\/wp-content\/uploads\/2023\/06\/11-150x150.jpg",150,150,true],"medium":["https:\/\/suncasesupply.com\/wp-content\/uploads\/2023\/06\/11-300x300.jpg",300,300,true],"medium_large":["https:\/\/suncasesupply.com\/wp-content\/uploads\/2023\/06\/11-768x768.jpg",768,768,true],"large":["https:\/\/suncasesupply.com\/wp-content\/uploads\/2023\/06\/11-1024x1024.jpg",1024,1024,true],"1536x1536":["https:\/\/suncasesupply.com\/wp-content\/uploads\/2023\/06\/11-1536x1536.jpg",1536,1536,true],"2048x2048":["https:\/\/suncasesupply.com\/wp-content\/uploads\/2023\/06\/11-2048x2048.jpg",2048,2048,true],"trp-custom-language-flag":["https:\/\/suncasesupply.com\/wp-content\/uploads\/2023\/06\/11-scaled.jpg",12,12,false],"woocommerce_thumbnail":["https:\/\/suncasesupply.com\/wp-content\/uploads\/2023\/06\/11-300x300.jpg",300,300,true],"woocommerce_single":["https:\/\/suncasesupply.com\/wp-content\/uploads\/2023\/06\/11-600x600.jpg",600,600,true],"woocommerce_gallery_thumbnail":["https:\/\/suncasesupply.com\/wp-content\/uploads\/2023\/06\/11-100x100.jpg",100,100,true]},"post_excerpt_stackable":"<p>Model : SC-0001<\/p>\n<p>Size: 35*27*13cm<\/p>\n<p>MOQ: 100pcs<\/p>\n<p>Delivery Time : 15-25 Days<\/p>\n<p>Sample : Available<\/p>\n","category_list":"","author_info":{"name":"","url":""},"comments_num":"0 commentaire","_links":{"self":[{"href":"https:\/\/suncasesupply.com\/fr\/wp-json\/wp\/v2\/product\/19676"}],"collection":[{"href":"https:\/\/suncasesupply.com\/fr\/wp-json\/wp\/v2\/product"}],"about":[{"href":"https:\/\/suncasesupply.com\/fr\/wp-json\/wp\/v2\/types\/product"}],"wp:featuredmedia":[{"embeddable":true,"href":"https:\/\/suncasesupply.com\/fr\/wp-json\/wp\/v2\/media\/19707"}],"wp:attachment":[{"href":"https:\/\/suncasesupply.com\/fr\/wp-json\/wp\/v2\/media?parent=19676"}],"wp:term":[{"taxonomy":"product_cat","embeddable":true,"href":"https:\/\/suncasesupply.com\/fr\/wp-json\/wp\/v2\/product_cat?post=19676"},{"taxonomy":"product_tag","embeddable":true,"href":"https:\/\/suncasesupply.com\/fr\/wp-json\/wp\/v2\/product_tag?post=19676"}],"curies":[{"name":"wp","href":"https:\/\/api.w.org\/{rel}","templated":true}]}}